{"id":95149,"date":"2023-09-20T09:10:30","date_gmt":"2023-09-20T07:10:30","guid":{"rendered":"https:\/\/univet.hu\/?page_id=95149"},"modified":"2026-03-25T13:32:40","modified_gmt":"2026-03-25T12:32:40","slug":"abteilung-fuer-ausgelagerte-milchforschung-in-mosonmagyarovar","status":"publish","type":"page","link":"https:\/\/univet.hu\/de\/universitaet\/organisationseinheiten\/institute-of-food-chain-science-ifcs\/fachbereich\/abteilung-fuer-ausgelagerte-milchforschung-in-mosonmagyarovar\/","title":{"rendered":"Abteilung f\u00fcr ausgelagerte Milchforschung in Mosonmagyar\u00f3v\u00e1r (MTKI)"},"content":{"rendered":"<p><span style=\"font-size: 18pt;\"><a href=\"https:\/\/www.mtki.hu\/\">MTKIs website<\/a><\/span><\/p>","protected":false},"excerpt":{"rendered":"<p>MTKIs website<\/p>\n","protected":false},"author":3837,"featured_media":0,"parent":204310,"menu_order":34,"comment_status":"open","ping_status":"closed","template":"","meta":{"_acf_changed":false,"footnotes":""},"categories":[59],"tags":[],"class_list":["post-95149","page","type-page","status-publish","hentry","category-abteilungen"],"acf":[],"_links":{"self":[{"href":"https:\/\/univet.hu\/de\/wp-json\/wp\/v2\/pages\/95149","targetHints":{"allow":["GET"]}}],"collection":[{"href":"https:\/\/univet.hu\/de\/wp-json\/wp\/v2\/pages"}],"about":[{"href":"https:\/\/univet.hu\/de\/wp-json\/wp\/v2\/types\/page"}],"author":[{"embeddable":true,"href":"https:\/\/univet.hu\/de\/wp-json\/wp\/v2\/users\/3837"}],"replies":[{"embeddable":true,"href":"https:\/\/univet.hu\/de\/wp-json\/wp\/v2\/comments?post=95149"}],"version-history":[{"count":2,"href":"https:\/\/univet.hu\/de\/wp-json\/wp\/v2\/pages\/95149\/revisions"}],"predecessor-version":[{"id":199241,"href":"https:\/\/univet.hu\/de\/wp-json\/wp\/v2\/pages\/95149\/revisions\/199241"}],"up":[{"embeddable":true,"href":"https:\/\/univet.hu\/de\/wp-json\/wp\/v2\/pages\/204310"}],"wp:attachment":[{"href":"https:\/\/univet.hu\/de\/wp-json\/wp\/v2\/media?parent=95149"}],"wp:term":[{"taxonomy":"category","embeddable":true,"href":"https:\/\/univet.hu\/de\/wp-json\/wp\/v2\/categories?post=95149"},{"taxonomy":"post_tag","embeddable":true,"href":"https:\/\/univet.hu\/de\/wp-json\/wp\/v2\/tags?post=95149"}],"curies":[{"name":"wp","href":"https:\/\/api.w.org\/{rel}","templated":true}]}}