{"id":95412,"date":"2023-09-22T08:57:11","date_gmt":"2023-09-22T06:57:11","guid":{"rendered":"https:\/\/univet.hu\/?page_id=95412"},"modified":"2026-02-10T04:36:25","modified_gmt":"2026-02-10T03:36:25","slug":"kovacs-szilvia","status":"publish","type":"page","link":"https:\/\/univet.hu\/de\/universitaet\/mitarbeiter\/kovacs-szilvia\/","title":{"rendered":"Kov\u00e1cs Szilvia"},"content":{"rendered":"<p>\u00d6ffnungszeiten der B\u00fcro: w\u00e4hrend der Unterrichtszeit jeden Dienstag von 12:00 bis 13:00 Uhr<\/p>","protected":false},"excerpt":{"rendered":"<p>\u00d6ffnungszeiten der B\u00fcro: w\u00e4hrend der Unterrichtszeit jeden Dienstag von 12:00 bis 13:00 Uhr<\/p>\n","protected":false},"author":5824,"featured_media":0,"parent":859,"menu_order":0,"comment_status":"closed","ping_status":"closed","template":"","meta":{"_acf_changed":false,"footnotes":""},"categories":[],"tags":[],"class_list":["post-95412","page","type-page","status-publish","hentry"],"acf":[],"_links":{"self":[{"href":"https:\/\/univet.hu\/de\/wp-json\/wp\/v2\/pages\/95412","targetHints":{"allow":["GET"]}}],"collection":[{"href":"https:\/\/univet.hu\/de\/wp-json\/wp\/v2\/pages"}],"about":[{"href":"https:\/\/univet.hu\/de\/wp-json\/wp\/v2\/types\/page"}],"author":[{"embeddable":true,"href":"https:\/\/univet.hu\/de\/wp-json\/wp\/v2\/users\/5824"}],"replies":[{"embeddable":true,"href":"https:\/\/univet.hu\/de\/wp-json\/wp\/v2\/comments?post=95412"}],"version-history":[{"count":1,"href":"https:\/\/univet.hu\/de\/wp-json\/wp\/v2\/pages\/95412\/revisions"}],"predecessor-version":[{"id":200383,"href":"https:\/\/univet.hu\/de\/wp-json\/wp\/v2\/pages\/95412\/revisions\/200383"}],"up":[{"embeddable":true,"href":"https:\/\/univet.hu\/de\/wp-json\/wp\/v2\/pages\/859"}],"wp:attachment":[{"href":"https:\/\/univet.hu\/de\/wp-json\/wp\/v2\/media?parent=95412"}],"wp:term":[{"taxonomy":"category","embeddable":true,"href":"https:\/\/univet.hu\/de\/wp-json\/wp\/v2\/categories?post=95412"},{"taxonomy":"post_tag","embeddable":true,"href":"https:\/\/univet.hu\/de\/wp-json\/wp\/v2\/tags?post=95412"}],"curies":[{"name":"wp","href":"https:\/\/api.w.org\/{rel}","templated":true}]}}