{"id":98988,"date":"2024-02-26T16:13:52","date_gmt":"2024-02-26T15:13:52","guid":{"rendered":"https:\/\/univet.hu\/dr-schilling-toth-boglarka-maria\/"},"modified":"2026-02-24T10:33:04","modified_gmt":"2026-02-24T09:33:04","slug":"dr-schilling-toth-boglarka-maria","status":"publish","type":"page","link":"https:\/\/univet.hu\/de\/universitaet\/mitarbeiter\/dr-schilling-toth-boglarka-maria\/","title":{"rendered":"Schilling-T\u00f3th Bogl\u00e1rka M\u00e1ria"},"content":{"rendered":"<p><strong>Vorstellung<\/strong><\/p> <p>Ich wurde in Budapest geboren und habe mein Abitur am Szent-Istv\u00e1n-Gymnasium in Esztergom abgeschlossen. Nach meinem Abschluss absolvierte ich als Molekularbiologist an der Fakult\u00e4t f\u00fcr Naturwissenschaften der E\u00f6tv\u00f6s L\u00f3r\u00e1nd Universit\u00e4t. Ich habe als biologist am National Radiobiology and Radiationgesundheits Forschung Institute in der Abteilung f\u00fcr Molekulare Radiobiologie arbeitet. Der hier durchgef\u00fchrten Forschung war die Gundlage meiner Doktoratsthema, die ich als Doktorantenkanditat an der Doctoral School of Pathology der Semmelweis-Universit\u00e4t im Jare 2016 verteidigte. Danach arbeitete ich als Postdoktorand am Institut f\u00fcr Pharmakologie und Pharmakotherapie der Semmelweis-Universit\u00e4t und ab 2019 nahm als MSc-Dozent f\u00fcr Biotechnologie an der Arbeit der Abteilung f\u00fcr Immunologie der Fakult\u00e4t f\u00fcr Naturwissenschaften der E\u00f6tv\u00f6s-L\u00f3r\u00e1nd-Universit\u00e4t teil ein Bildungsorganisator und Forscher.<\/p> <p>&nbsp;<\/p> <p><strong>Forschungsgebiete<\/strong><\/p> <p>Untersuchung der nicht gezielten Wirkung ionisierender Strahlung<\/p> <p>Nachweis neutralisierender Antik\u00f6rper gegen eine SARS-CoV2-Virusinfektion<\/p> <p>&nbsp;<\/p> <table> <tbody> <tr> <td width=\"201\">Jobs<\/td> <td width=\"201\">Name der Institution<\/td> <td width=\"201\"> <p>Position<\/p> <p>&nbsp;<\/td> <\/tr> <tr> <td width=\"201\">2024-<\/td> <td width=\"201\">Universit\u00e4t f\u00fcr Veterin\u00e4rmedizin, Lehrstuhl f\u00fcr Physiologie und Biochemie<\/td> <td width=\"201\">Adjunkt<\/td> <\/tr> <tr> <td width=\"201\">2019-2023<\/td> <td width=\"201\">E\u00f6tv\u00f6s L\u00f3r\u00e1nd Universit\u00e4t, Lehrstuhl f\u00fcr Immunologie<\/td> <td width=\"201\"> <p>Masterlehrer,<\/p> <p>Wissentchaflicher Mitarbeiter<\/td> <\/tr> <tr> <td width=\"201\">2022-2023<\/td> <td width=\"201\">mikrobiologischen Diagnoselabor FIEK<\/td> <td width=\"201\">Stellvertretender Laborleiter<\/td> <\/tr> <tr> <td width=\"201\">2019<\/td> <td width=\"201\">Abteilung f\u00fcr Pharmakologie und Pharmakotherapie der Semmelweis-Universit\u00e4t<\/td> <td width=\"201\">Wissenschaftlicher Mitarbeiter<\/td> <\/tr> <tr> <td width=\"201\">2008\u20132018<\/td> <td width=\"201\"> <p>Nationalen Instituts f\u00fcr Strahlenbiologie und Strahlenhygienie<\/p> <p>&nbsp;<\/td> <td width=\"201\"> <p>Wissenschaftliche Mitarbeiterin<\/p> <p>&nbsp;<\/td> <\/tr> <\/tbody> <\/table> <p>&nbsp;<\/p> <p><strong>Wissentchafltiche Mitgliedschaft:<\/strong><\/p> <p>Ungarische Biophysikalische Gesellschaft<\/p> <p>Internationale Gesellschaft f\u00fcr extrazellul\u00e4re Vesikel<\/p> <p>&nbsp;<\/p> <p>Wissenschaftliche Publikationen:<\/p> <p><a href=\"https:\/\/m2.mtmt.hu\/gui2\/?type=authors&amp;mode=browse&amp;sel=10028984&amp;view=simpleList\">Schilling-T\u00f3th Bogl\u00e1rka (Molekul\u00e1ris biol\u00f3gia) (MTMT)<\/a><\/p>","protected":false},"excerpt":{"rendered":"<p>Vorstellung Ich wurde in Budapest geboren und habe mein Abitur am Szent-Istv\u00e1n-Gymnasium in Esztergom abgeschlossen. Nach meinem Abschluss absolvierte ich als Molekularbiologist an der Fakult\u00e4t f\u00fcr Naturwissenschaften der E\u00f6tv\u00f6s L\u00f3r\u00e1nd Universit\u00e4t. Ich habe als biologist am National Radiobiology and Radiationgesundheits Forschung Institute in der Abteilung f\u00fcr Molekulare Radiobiologie arbeitet. Der hier durchgef\u00fchrten Forschung war die<\/p>\n","protected":false},"author":5824,"featured_media":0,"parent":859,"menu_order":211,"comment_status":"closed","ping_status":"closed","template":"","meta":{"_acf_changed":false,"footnotes":""},"categories":[55],"tags":[],"class_list":["post-98988","page","type-page","status-publish","hentry","category-mitarbeiter"],"acf":[],"_links":{"self":[{"href":"https:\/\/univet.hu\/de\/wp-json\/wp\/v2\/pages\/98988","targetHints":{"allow":["GET"]}}],"collection":[{"href":"https:\/\/univet.hu\/de\/wp-json\/wp\/v2\/pages"}],"about":[{"href":"https:\/\/univet.hu\/de\/wp-json\/wp\/v2\/types\/page"}],"author":[{"embeddable":true,"href":"https:\/\/univet.hu\/de\/wp-json\/wp\/v2\/users\/5824"}],"replies":[{"embeddable":true,"href":"https:\/\/univet.hu\/de\/wp-json\/wp\/v2\/comments?post=98988"}],"version-history":[{"count":5,"href":"https:\/\/univet.hu\/de\/wp-json\/wp\/v2\/pages\/98988\/revisions"}],"predecessor-version":[{"id":201589,"href":"https:\/\/univet.hu\/de\/wp-json\/wp\/v2\/pages\/98988\/revisions\/201589"}],"up":[{"embeddable":true,"href":"https:\/\/univet.hu\/de\/wp-json\/wp\/v2\/pages\/859"}],"wp:attachment":[{"href":"https:\/\/univet.hu\/de\/wp-json\/wp\/v2\/media?parent=98988"}],"wp:term":[{"taxonomy":"category","embeddable":true,"href":"https:\/\/univet.hu\/de\/wp-json\/wp\/v2\/categories?post=98988"},{"taxonomy":"post_tag","embeddable":true,"href":"https:\/\/univet.hu\/de\/wp-json\/wp\/v2\/tags?post=98988"}],"curies":[{"name":"wp","href":"https:\/\/api.w.org\/{rel}","templated":true}]}}