{"id":26655,"date":"2018-09-26T21:20:08","date_gmt":"2018-09-26T19:20:08","guid":{"rendered":"http:\/\/univet.hu\/?page_id=26655"},"modified":"2025-02-04T12:32:20","modified_gmt":"2025-02-04T11:32:20","slug":"informationen-fuer-den-semesterstart","status":"publish","type":"page","link":"https:\/\/univet.hu\/ebt\/de\/ebt\/biochemvet\/informationen-fuer-den-semesterstart\/","title":{"rendered":"Informationen f\u00fcr den Semesterstart"},"content":{"rendered":"<p>Liebe Studentinnen und Studenten,<\/p> <p>Die erste Vorlesung in Bichemie wird am 3. Februar gehalten.<\/p> <p>Wir w\u00fcnschen einen guten Start in das neue Semester!<\/p> <p>Mit freundlichen Gr\u00fc\u00dfen,<br \/> das Biochemie-Team<\/p>","protected":false},"excerpt":{"rendered":"<p>Liebe Studentinnen und Studenten, Die erste Vorlesung in Bichemie wird am 3. Februar gehalten. Wir w\u00fcnschen einen guten Start in das neue Semester! Mit freundlichen Gr\u00fc\u00dfen, das Biochemie-Team<\/p>\n","protected":false},"author":3837,"featured_media":0,"parent":26651,"menu_order":77,"comment_status":"closed","ping_status":"closed","template":"","meta":{"_acf_changed":false,"footnotes":""},"categories":[],"tags":[],"class_list":["post-26655","page","type-page","status-publish","hentry"],"acf":[],"yoast_head":"<!-- This site is optimized with the Yoast SEO plugin v27.2 - https:\/\/yoast.com\/product\/yoast-seo-wordpress\/ -->\n<title>Informationen f\u00fcr den Semesterstart - Lehrstuhl f\u00fcr Physiologie und Biochemie<\/title>\n<meta name=\"robots\" content=\"index, follow, max-snippet:-1, max-image-preview:large, max-video-preview:-1\" \/>\n<link rel=\"canonical\" href=\"https:\/\/univet.hu\/ebt\/de\/ebt\/biochemvet\/informationen-fuer-den-semesterstart\/\" \/>\n<meta property=\"og:locale\" content=\"de_DE\" \/>\n<meta property=\"og:type\" content=\"article\" \/>\n<meta property=\"og:title\" content=\"Informationen f\u00fcr den Semesterstart - Lehrstuhl f\u00fcr Physiologie und Biochemie\" \/>\n<meta property=\"og:description\" content=\"Liebe Studentinnen und Studenten, Die erste Vorlesung in Bichemie wird am 3. Februar gehalten. Wir w\u00fcnschen einen guten Start in das neue Semester! Mit freundlichen Gr\u00fc\u00dfen, das Biochemie-Team\" \/>\n<meta property=\"og:url\" content=\"https:\/\/univet.hu\/ebt\/de\/ebt\/biochemvet\/informationen-fuer-den-semesterstart\/\" \/>\n<meta property=\"og:site_name\" content=\"Lehrstuhl f\u00fcr Physiologie und Biochemie\" \/>\n<meta property=\"article:modified_time\" content=\"2025-02-04T11:32:20+00:00\" \/>\n<meta name=\"twitter:card\" content=\"summary_large_image\" \/>\n<meta name=\"twitter:label1\" content=\"Gesch\u00e4tzte Lesezeit\" \/>\n\t<meta name=\"twitter:data1\" content=\"1\u00a0Minute\" \/>\n<script type=\"application\/ld+json\" class=\"yoast-schema-graph\">{\"@context\":\"https:\/\/schema.org\",\"@graph\":[{\"@type\":\"WebPage\",\"@id\":\"https:\/\/univet.hu\/ebt\/de\/ebt\/biochemvet\/informationen-fuer-den-semesterstart\/\",\"url\":\"https:\/\/univet.hu\/ebt\/de\/ebt\/biochemvet\/informationen-fuer-den-semesterstart\/\",\"name\":\"Informationen f\u00fcr den Semesterstart - Lehrstuhl f\u00fcr Physiologie und Biochemie\",\"isPartOf\":{\"@id\":\"https:\/\/univet.hu\/ebt\/#website\"},\"datePublished\":\"2018-09-26T19:20:08+00:00\",\"dateModified\":\"2025-02-04T11:32:20+00:00\",\"breadcrumb\":{\"@id\":\"https:\/\/univet.hu\/ebt\/de\/ebt\/biochemvet\/informationen-fuer-den-semesterstart\/#breadcrumb\"},\"inLanguage\":\"de\",\"potentialAction\":[{\"@type\":\"ReadAction\",\"target\":[\"https:\/\/univet.hu\/ebt\/de\/ebt\/biochemvet\/informationen-fuer-den-semesterstart\/\"]}]},{\"@type\":\"BreadcrumbList\",\"@id\":\"https:\/\/univet.hu\/ebt\/de\/ebt\/biochemvet\/informationen-fuer-den-semesterstart\/#breadcrumb\",\"itemListElement\":[{\"@type\":\"ListItem\",\"position\":1,\"name\":\"Kezd\u0151lap\",\"item\":\"https:\/\/univet.hu\/ebt\/de\/\"},{\"@type\":\"ListItem\",\"position\":2,\"name\":\"Lehrstuhl f\u00fcr Physiologie und Biochemie\",\"item\":\"https:\/\/univet.hu\/ebt\/de\/\"},{\"@type\":\"ListItem\",\"position\":3,\"name\":\"Abteilung f\u00fcr Biochemie\",\"item\":\"https:\/\/univet.hu\/ebt\/de\/ebt\/biochemvet\/\"},{\"@type\":\"ListItem\",\"position\":4,\"name\":\"Informationen f\u00fcr den Semesterstart\"}]},{\"@type\":\"WebSite\",\"@id\":\"https:\/\/univet.hu\/ebt\/#website\",\"url\":\"https:\/\/univet.hu\/ebt\/\",\"name\":\"\u00c9lettani \u00e9s Biok\u00e9miai Tansz\u00e9k\",\"description\":\"\",\"potentialAction\":[{\"@type\":\"SearchAction\",\"target\":{\"@type\":\"EntryPoint\",\"urlTemplate\":\"https:\/\/univet.hu\/ebt\/?s={search_term_string}\"},\"query-input\":{\"@type\":\"PropertyValueSpecification\",\"valueRequired\":true,\"valueName\":\"search_term_string\"}}],\"inLanguage\":\"de\"}]}<\/script>\n<!-- \/ Yoast SEO plugin. -->","yoast_head_json":{"title":"Informationen f\u00fcr den Semesterstart - Lehrstuhl f\u00fcr Physiologie und Biochemie","robots":{"index":"index","follow":"follow","max-snippet":"max-snippet:-1","max-image-preview":"max-image-preview:large","max-video-preview":"max-video-preview:-1"},"canonical":"https:\/\/univet.hu\/ebt\/de\/ebt\/biochemvet\/informationen-fuer-den-semesterstart\/","og_locale":"de_DE","og_type":"article","og_title":"Informationen f\u00fcr den Semesterstart - Lehrstuhl f\u00fcr Physiologie und Biochemie","og_description":"Liebe Studentinnen und Studenten, Die erste Vorlesung in Bichemie wird am 3. Februar gehalten. Wir w\u00fcnschen einen guten Start in das neue Semester! Mit freundlichen Gr\u00fc\u00dfen, das Biochemie-Team","og_url":"https:\/\/univet.hu\/ebt\/de\/ebt\/biochemvet\/informationen-fuer-den-semesterstart\/","og_site_name":"Lehrstuhl f\u00fcr Physiologie und Biochemie","article_modified_time":"2025-02-04T11:32:20+00:00","twitter_card":"summary_large_image","twitter_misc":{"Gesch\u00e4tzte Lesezeit":"1\u00a0Minute"},"schema":{"@context":"https:\/\/schema.org","@graph":[{"@type":"WebPage","@id":"https:\/\/univet.hu\/ebt\/de\/ebt\/biochemvet\/informationen-fuer-den-semesterstart\/","url":"https:\/\/univet.hu\/ebt\/de\/ebt\/biochemvet\/informationen-fuer-den-semesterstart\/","name":"Informationen f\u00fcr den Semesterstart - Lehrstuhl f\u00fcr Physiologie und Biochemie","isPartOf":{"@id":"https:\/\/univet.hu\/ebt\/#website"},"datePublished":"2018-09-26T19:20:08+00:00","dateModified":"2025-02-04T11:32:20+00:00","breadcrumb":{"@id":"https:\/\/univet.hu\/ebt\/de\/ebt\/biochemvet\/informationen-fuer-den-semesterstart\/#breadcrumb"},"inLanguage":"de","potentialAction":[{"@type":"ReadAction","target":["https:\/\/univet.hu\/ebt\/de\/ebt\/biochemvet\/informationen-fuer-den-semesterstart\/"]}]},{"@type":"BreadcrumbList","@id":"https:\/\/univet.hu\/ebt\/de\/ebt\/biochemvet\/informationen-fuer-den-semesterstart\/#breadcrumb","itemListElement":[{"@type":"ListItem","position":1,"name":"Kezd\u0151lap","item":"https:\/\/univet.hu\/ebt\/de\/"},{"@type":"ListItem","position":2,"name":"Lehrstuhl f\u00fcr Physiologie und Biochemie","item":"https:\/\/univet.hu\/ebt\/de\/"},{"@type":"ListItem","position":3,"name":"Abteilung f\u00fcr Biochemie","item":"https:\/\/univet.hu\/ebt\/de\/ebt\/biochemvet\/"},{"@type":"ListItem","position":4,"name":"Informationen f\u00fcr den Semesterstart"}]},{"@type":"WebSite","@id":"https:\/\/univet.hu\/ebt\/#website","url":"https:\/\/univet.hu\/ebt\/","name":"\u00c9lettani \u00e9s Biok\u00e9miai Tansz\u00e9k","description":"","potentialAction":[{"@type":"SearchAction","target":{"@type":"EntryPoint","urlTemplate":"https:\/\/univet.hu\/ebt\/?s={search_term_string}"},"query-input":{"@type":"PropertyValueSpecification","valueRequired":true,"valueName":"search_term_string"}}],"inLanguage":"de"}]}},"_links":{"self":[{"href":"https:\/\/univet.hu\/ebt\/de\/wp-json\/wp\/v2\/pages\/26655","targetHints":{"allow":["GET"]}}],"collection":[{"href":"https:\/\/univet.hu\/ebt\/de\/wp-json\/wp\/v2\/pages"}],"about":[{"href":"https:\/\/univet.hu\/ebt\/de\/wp-json\/wp\/v2\/types\/page"}],"author":[{"embeddable":true,"href":"https:\/\/univet.hu\/ebt\/de\/wp-json\/wp\/v2\/users\/3837"}],"replies":[{"embeddable":true,"href":"https:\/\/univet.hu\/ebt\/de\/wp-json\/wp\/v2\/comments?post=26655"}],"version-history":[{"count":1,"href":"https:\/\/univet.hu\/ebt\/de\/wp-json\/wp\/v2\/pages\/26655\/revisions"}],"predecessor-version":[{"id":134708,"href":"https:\/\/univet.hu\/ebt\/de\/wp-json\/wp\/v2\/pages\/26655\/revisions\/134708"}],"up":[{"embeddable":true,"href":"https:\/\/univet.hu\/ebt\/de\/wp-json\/wp\/v2\/pages\/26651"}],"wp:attachment":[{"href":"https:\/\/univet.hu\/ebt\/de\/wp-json\/wp\/v2\/media?parent=26655"}],"wp:term":[{"taxonomy":"category","embeddable":true,"href":"https:\/\/univet.hu\/ebt\/de\/wp-json\/wp\/v2\/categories?post=26655"},{"taxonomy":"post_tag","embeddable":true,"href":"https:\/\/univet.hu\/ebt\/de\/wp-json\/wp\/v2\/tags?post=26655"}],"curies":[{"name":"wp","href":"https:\/\/api.w.org\/{rel}","templated":true}]}}