{"id":26673,"date":"2018-09-26T21:23:46","date_gmt":"2018-09-26T19:23:46","guid":{"rendered":"http:\/\/univet.hu\/?page_id=26673"},"modified":"2025-02-04T12:32:20","modified_gmt":"2025-02-04T11:32:20","slug":"informationen-anforderungen","status":"publish","type":"page","link":"https:\/\/univet.hu\/ebt\/de\/ebt\/biochemvet\/unterricht\/veterinaerbiochemie\/informationen-anforderungen\/","title":{"rendered":"Informationen, Anforderungen"},"content":{"rendered":"<p>Bitte w\u00e4hlen Sie aus den folgenden Men\u00fcpunkten:<\/p> <ul> <li> <h4><a href=\"https:\/\/univet.hu\/de\/abteilung-fuer-biochemie\/unterricht\/veterinaerbiochemie\/informationen-anforderungen\/vorlesungen\/\" data-replaced=\"true\">Vorlesungen \u00bb<\/a><\/h4> <\/li> <li> <h4><a href=\"https:\/\/univet.hu\/de\/abteilung-fuer-biochemie\/unterricht\/veterinaerbiochemie\/informationen-anforderungen\/praktika\/\" data-replaced=\"true\">Praktika \u00bb<\/a><\/h4> <\/li> <li> <h4><a href=\"https:\/\/univet.hu\/de\/abteilung-fuer-biochemie\/unterricht\/veterinaerbiochemie\/informationen-anforderungen\/klausur\/\" data-replaced=\"true\">Klausur \u00bb<\/a><\/h4> <\/li> <li> <h4><a href=\"https:\/\/univet.hu\/de\/abteilung-fuer-biochemie\/unterricht\/veterinaerbiochemie\/informationen-anforderungen\/akzeptierung-des-semesters\/\" data-replaced=\"true\">Akzeptierung des Semesters \u00bb<\/a><\/h4> <\/li> <li> <h4><a href=\"https:\/\/univet.hu\/de\/abteilung-fuer-biochemie\/unterricht\/veterinaerbiochemie\/informationen-anforderungen\/abschlusspruefung\/\" data-replaced=\"true\">Abschlusspr\u00fcfung \u00bb<\/a><\/h4> <\/li> <li> <h4><a href=\"https:\/\/univet.hu\/de\/abteilung-fuer-biochemie\/unterricht\/veterinaerbiochemie\/informationen-anforderungen\/biochemie-wettbewerb\/\" data-replaced=\"true\">Biochemie Wettbewerb \u00bb<\/a><\/h4> <\/li> <\/ul>","protected":false},"excerpt":{"rendered":"<p>Bitte w\u00e4hlen Sie aus den folgenden Men\u00fcpunkten: Vorlesungen \u00bb Praktika \u00bb Klausur \u00bb Akzeptierung des Semesters \u00bb Abschlusspr\u00fcfung \u00bb Biochemie Wettbewerb \u00bb<\/p>\n","protected":false},"author":3837,"featured_media":0,"parent":26663,"menu_order":77,"comment_status":"closed","ping_status":"closed","template":"","meta":{"_acf_changed":false,"footnotes":""},"categories":[],"tags":[],"class_list":["post-26673","page","type-page","status-publish","hentry"],"acf":[],"yoast_head":"<!-- This site is optimized with the Yoast SEO plugin v27.2 - https:\/\/yoast.com\/product\/yoast-seo-wordpress\/ -->\n<title>Informationen, Anforderungen - Lehrstuhl f\u00fcr Physiologie und Biochemie<\/title>\n<meta name=\"robots\" content=\"index, follow, max-snippet:-1, max-image-preview:large, max-video-preview:-1\" \/>\n<link rel=\"canonical\" href=\"https:\/\/univet.hu\/ebt\/de\/ebt\/biochemvet\/unterricht\/veterinaerbiochemie\/informationen-anforderungen\/\" \/>\n<meta property=\"og:locale\" content=\"de_DE\" \/>\n<meta property=\"og:type\" content=\"article\" \/>\n<meta property=\"og:title\" content=\"Informationen, Anforderungen - Lehrstuhl f\u00fcr Physiologie und Biochemie\" \/>\n<meta property=\"og:description\" content=\"Bitte w\u00e4hlen Sie aus den folgenden Men\u00fcpunkten: Vorlesungen \u00bb Praktika \u00bb Klausur \u00bb Akzeptierung des Semesters \u00bb Abschlusspr\u00fcfung \u00bb Biochemie Wettbewerb \u00bb\" \/>\n<meta property=\"og:url\" content=\"https:\/\/univet.hu\/ebt\/de\/ebt\/biochemvet\/unterricht\/veterinaerbiochemie\/informationen-anforderungen\/\" \/>\n<meta property=\"og:site_name\" content=\"Lehrstuhl f\u00fcr Physiologie und Biochemie\" \/>\n<meta property=\"article:modified_time\" content=\"2025-02-04T11:32:20+00:00\" \/>\n<meta name=\"twitter:card\" content=\"summary_large_image\" \/>\n<script type=\"application\/ld+json\" class=\"yoast-schema-graph\">{\"@context\":\"https:\/\/schema.org\",\"@graph\":[{\"@type\":\"WebPage\",\"@id\":\"https:\/\/univet.hu\/ebt\/de\/ebt\/biochemvet\/unterricht\/veterinaerbiochemie\/informationen-anforderungen\/\",\"url\":\"https:\/\/univet.hu\/ebt\/de\/ebt\/biochemvet\/unterricht\/veterinaerbiochemie\/informationen-anforderungen\/\",\"name\":\"Informationen, Anforderungen - Lehrstuhl f\u00fcr Physiologie und Biochemie\",\"isPartOf\":{\"@id\":\"https:\/\/univet.hu\/ebt\/#website\"},\"datePublished\":\"2018-09-26T19:23:46+00:00\",\"dateModified\":\"2025-02-04T11:32:20+00:00\",\"breadcrumb\":{\"@id\":\"https:\/\/univet.hu\/ebt\/de\/ebt\/biochemvet\/unterricht\/veterinaerbiochemie\/informationen-anforderungen\/#breadcrumb\"},\"inLanguage\":\"de\",\"potentialAction\":[{\"@type\":\"ReadAction\",\"target\":[\"https:\/\/univet.hu\/ebt\/de\/ebt\/biochemvet\/unterricht\/veterinaerbiochemie\/informationen-anforderungen\/\"]}]},{\"@type\":\"BreadcrumbList\",\"@id\":\"https:\/\/univet.hu\/ebt\/de\/ebt\/biochemvet\/unterricht\/veterinaerbiochemie\/informationen-anforderungen\/#breadcrumb\",\"itemListElement\":[{\"@type\":\"ListItem\",\"position\":1,\"name\":\"Kezd\u0151lap\",\"item\":\"https:\/\/univet.hu\/ebt\/de\/\"},{\"@type\":\"ListItem\",\"position\":2,\"name\":\"Lehrstuhl f\u00fcr Physiologie und Biochemie\",\"item\":\"https:\/\/univet.hu\/ebt\/de\/\"},{\"@type\":\"ListItem\",\"position\":3,\"name\":\"Abteilung f\u00fcr Biochemie\",\"item\":\"https:\/\/univet.hu\/ebt\/de\/ebt\/biochemvet\/\"},{\"@type\":\"ListItem\",\"position\":4,\"name\":\"Unterricht\",\"item\":\"https:\/\/univet.hu\/ebt\/de\/ebt\/biochemvet\/unterricht\/\"},{\"@type\":\"ListItem\",\"position\":5,\"name\":\"Veterin\u00e4rbiochemie\",\"item\":\"https:\/\/univet.hu\/ebt\/de\/ebt\/biochemvet\/unterricht\/veterinaerbiochemie\/\"},{\"@type\":\"ListItem\",\"position\":6,\"name\":\"Informationen, Anforderungen\"}]},{\"@type\":\"WebSite\",\"@id\":\"https:\/\/univet.hu\/ebt\/#website\",\"url\":\"https:\/\/univet.hu\/ebt\/\",\"name\":\"\u00c9lettani \u00e9s Biok\u00e9miai Tansz\u00e9k\",\"description\":\"\",\"potentialAction\":[{\"@type\":\"SearchAction\",\"target\":{\"@type\":\"EntryPoint\",\"urlTemplate\":\"https:\/\/univet.hu\/ebt\/?s={search_term_string}\"},\"query-input\":{\"@type\":\"PropertyValueSpecification\",\"valueRequired\":true,\"valueName\":\"search_term_string\"}}],\"inLanguage\":\"de\"}]}<\/script>\n<!-- \/ Yoast SEO plugin. -->","yoast_head_json":{"title":"Informationen, Anforderungen - Lehrstuhl f\u00fcr Physiologie und Biochemie","robots":{"index":"index","follow":"follow","max-snippet":"max-snippet:-1","max-image-preview":"max-image-preview:large","max-video-preview":"max-video-preview:-1"},"canonical":"https:\/\/univet.hu\/ebt\/de\/ebt\/biochemvet\/unterricht\/veterinaerbiochemie\/informationen-anforderungen\/","og_locale":"de_DE","og_type":"article","og_title":"Informationen, Anforderungen - Lehrstuhl f\u00fcr Physiologie und Biochemie","og_description":"Bitte w\u00e4hlen Sie aus den folgenden Men\u00fcpunkten: Vorlesungen \u00bb Praktika \u00bb Klausur \u00bb Akzeptierung des Semesters \u00bb Abschlusspr\u00fcfung \u00bb Biochemie Wettbewerb \u00bb","og_url":"https:\/\/univet.hu\/ebt\/de\/ebt\/biochemvet\/unterricht\/veterinaerbiochemie\/informationen-anforderungen\/","og_site_name":"Lehrstuhl f\u00fcr Physiologie und Biochemie","article_modified_time":"2025-02-04T11:32:20+00:00","twitter_card":"summary_large_image","schema":{"@context":"https:\/\/schema.org","@graph":[{"@type":"WebPage","@id":"https:\/\/univet.hu\/ebt\/de\/ebt\/biochemvet\/unterricht\/veterinaerbiochemie\/informationen-anforderungen\/","url":"https:\/\/univet.hu\/ebt\/de\/ebt\/biochemvet\/unterricht\/veterinaerbiochemie\/informationen-anforderungen\/","name":"Informationen, Anforderungen - Lehrstuhl f\u00fcr Physiologie und Biochemie","isPartOf":{"@id":"https:\/\/univet.hu\/ebt\/#website"},"datePublished":"2018-09-26T19:23:46+00:00","dateModified":"2025-02-04T11:32:20+00:00","breadcrumb":{"@id":"https:\/\/univet.hu\/ebt\/de\/ebt\/biochemvet\/unterricht\/veterinaerbiochemie\/informationen-anforderungen\/#breadcrumb"},"inLanguage":"de","potentialAction":[{"@type":"ReadAction","target":["https:\/\/univet.hu\/ebt\/de\/ebt\/biochemvet\/unterricht\/veterinaerbiochemie\/informationen-anforderungen\/"]}]},{"@type":"BreadcrumbList","@id":"https:\/\/univet.hu\/ebt\/de\/ebt\/biochemvet\/unterricht\/veterinaerbiochemie\/informationen-anforderungen\/#breadcrumb","itemListElement":[{"@type":"ListItem","position":1,"name":"Kezd\u0151lap","item":"https:\/\/univet.hu\/ebt\/de\/"},{"@type":"ListItem","position":2,"name":"Lehrstuhl f\u00fcr Physiologie und Biochemie","item":"https:\/\/univet.hu\/ebt\/de\/"},{"@type":"ListItem","position":3,"name":"Abteilung f\u00fcr Biochemie","item":"https:\/\/univet.hu\/ebt\/de\/ebt\/biochemvet\/"},{"@type":"ListItem","position":4,"name":"Unterricht","item":"https:\/\/univet.hu\/ebt\/de\/ebt\/biochemvet\/unterricht\/"},{"@type":"ListItem","position":5,"name":"Veterin\u00e4rbiochemie","item":"https:\/\/univet.hu\/ebt\/de\/ebt\/biochemvet\/unterricht\/veterinaerbiochemie\/"},{"@type":"ListItem","position":6,"name":"Informationen, Anforderungen"}]},{"@type":"WebSite","@id":"https:\/\/univet.hu\/ebt\/#website","url":"https:\/\/univet.hu\/ebt\/","name":"\u00c9lettani \u00e9s Biok\u00e9miai Tansz\u00e9k","description":"","potentialAction":[{"@type":"SearchAction","target":{"@type":"EntryPoint","urlTemplate":"https:\/\/univet.hu\/ebt\/?s={search_term_string}"},"query-input":{"@type":"PropertyValueSpecification","valueRequired":true,"valueName":"search_term_string"}}],"inLanguage":"de"}]}},"_links":{"self":[{"href":"https:\/\/univet.hu\/ebt\/de\/wp-json\/wp\/v2\/pages\/26673","targetHints":{"allow":["GET"]}}],"collection":[{"href":"https:\/\/univet.hu\/ebt\/de\/wp-json\/wp\/v2\/pages"}],"about":[{"href":"https:\/\/univet.hu\/ebt\/de\/wp-json\/wp\/v2\/types\/page"}],"author":[{"embeddable":true,"href":"https:\/\/univet.hu\/ebt\/de\/wp-json\/wp\/v2\/users\/3837"}],"replies":[{"embeddable":true,"href":"https:\/\/univet.hu\/ebt\/de\/wp-json\/wp\/v2\/comments?post=26673"}],"version-history":[{"count":1,"href":"https:\/\/univet.hu\/ebt\/de\/wp-json\/wp\/v2\/pages\/26673\/revisions"}],"predecessor-version":[{"id":134712,"href":"https:\/\/univet.hu\/ebt\/de\/wp-json\/wp\/v2\/pages\/26673\/revisions\/134712"}],"up":[{"embeddable":true,"href":"https:\/\/univet.hu\/ebt\/de\/wp-json\/wp\/v2\/pages\/26663"}],"wp:attachment":[{"href":"https:\/\/univet.hu\/ebt\/de\/wp-json\/wp\/v2\/media?parent=26673"}],"wp:term":[{"taxonomy":"category","embeddable":true,"href":"https:\/\/univet.hu\/ebt\/de\/wp-json\/wp\/v2\/categories?post=26673"},{"taxonomy":"post_tag","embeddable":true,"href":"https:\/\/univet.hu\/ebt\/de\/wp-json\/wp\/v2\/tags?post=26673"}],"curies":[{"name":"wp","href":"https:\/\/api.w.org\/{rel}","templated":true}]}}