{"id":26680,"date":"2018-09-26T21:28:12","date_gmt":"2018-09-26T19:28:12","guid":{"rendered":"http:\/\/univet.hu\/?page_id=26680"},"modified":"2025-02-04T12:32:20","modified_gmt":"2025-02-04T11:32:20","slug":"abschlusspruefung","status":"publish","type":"page","link":"https:\/\/univet.hu\/ebt\/de\/ebt\/biochemvet\/unterricht\/veterinaerbiochemie\/informationen-anforderungen\/abschlusspruefung\/","title":{"rendered":"Abschlusspr\u00fcfung"},"content":{"rendered":"<h2><strong><u>Biochemie 2. Pr\u00fcfungsordnung<\/u><\/strong><\/h2> <p>Die <strong>Voraussetzungen der Teilnahme an der Biochemie Abschlusspr\u00fcfung<\/strong> sind die Folgenden:<\/p> <ul> <li>Die Akzeptierung des Semesters sowohl von Biochemie 1., als auch von Biochemie 2.: die Klausur + die Praktika von Biochemie 1+2. m\u00fcssen erfolgreich bestanden sein;<\/li> <li>erfolgreiche Veterin\u00e4r- und Lebensmittelchemie Pr\u00fcfung.<\/li> <\/ul> <p>Die <strong>Endnote <\/strong>der Biochemie Abschlusspr\u00fcfung wird <strong>aus den folgenden Einzelnoten gebildet<\/strong>:<\/p> <ul> <li><strong>Praktische Note: <\/strong>wird aus der Gesamtpunktzahl der Biochemie 2. Praktika und Klausur wie folgt gebildet:<\/li> <\/ul> <p>51 \u2013 55 Punkte:\u00a0\u00a0\u00a0\u00a0\u00a0\u00a0\u00a0\u00a0\u00a0\u00a0\u00a0\u00a0\u00a0\u00a0\u00a0\u00a0\u00a0\u00a0\u00a0\u00a0\u00a0 sehr gut (5)<\/p> <p>45 \u2013 50 Punkte:\u00a0\u00a0\u00a0\u00a0\u00a0\u00a0\u00a0\u00a0\u00a0\u00a0\u00a0\u00a0\u00a0\u00a0\u00a0\u00a0\u00a0\u00a0\u00a0\u00a0\u00a0 gut (4)<\/p> <p>40 \u2013 44 Punkte:\u00a0\u00a0\u00a0\u00a0\u00a0\u00a0\u00a0\u00a0\u00a0\u00a0\u00a0\u00a0\u00a0\u00a0\u00a0\u00a0\u00a0\u00a0\u00a0\u00a0\u00a0 befriedigend (3)<\/p> <p>33 \u2013 39 Punkte:\u00a0\u00a0\u00a0\u00a0\u00a0\u00a0\u00a0\u00a0\u00a0\u00a0\u00a0\u00a0\u00a0\u00a0\u00a0\u00a0\u00a0\u00a0\u00a0\u00a0\u00a0 ausreichend (2)<\/p> <ul> <li>Die Note der<strong> schriftlichen Teilpr\u00fcfung<\/strong><\/li> <li><strong>M\u00fcndliche Pr\u00fcfung: <\/strong>die zwei Noten, die f\u00fcr die zwei Pr\u00fcfungsthemen gegeben werden<\/li> <\/ul> <p>Die Endnote wird am Ende der m\u00fcndlichen Pr\u00fcfung, mit Ber\u00fccksichtigung der vier Einzelnoten (praktische Note, die Note der schriftlichen Teilpr\u00fcfung, die Noten der zwei Themen der m\u00fcndlichen Pr\u00fcfung), von dem Pr\u00fcfer gebildet. (Die Endnote ist nicht automatisch der Durchschnitt der vier Einzelnoten.)<\/p> <p><strong><u>Die schriftliche Teilpr\u00fcfung:<\/u><\/strong><\/p> <p>Die schriftliche Teilpr\u00fcfung soll in der Pr\u00fcfungsperiode, vor der m\u00fcndlichen Pr\u00fcfung abgelegt werden.<\/p> <p><strong>Die schriftliche Teilpr\u00fcfung umfasst die folgenden Themen des theoretischen Lehrstoffs:<\/strong><\/p> <p><strong>Themenbereich \u201eA\u201d:<\/strong><\/p> <ul> <li>Inneres Milieu, Hom\u00f6ostase: Isovol\u00e4mie, Isoosmose, Isoionie. Isohydrie, Puffersysteme.<\/li> <li>Die Struktur der biologischen Membran; Transportmechanismen durch die biologische Membran.<\/li> <li>Die proteinogenen Aminos\u00e4uren.<\/li> <li>Die Peptidbindung; Allgemeine Eigenschaften und Struktur der Proteine; Klassifizierung der Proteine; Denaturierung und Renaturierung der Proteine; Ladung der Proteine, der isoelektrische Punkt; Strukturproteine: Kollagen, Elastin, Keratin.<\/li> <li>Charakterisierung und Struktur der Enzyme; Mechanismus der Enzymwirkung; Beeinflussung der Geschwindigkeit der enzymatischen Reaktionen; Reversibilit\u00e4t der enzymatischen Reaktionen. Regulation der Enzymaktivit\u00e4t; Hemmung der Enzymaktivit\u00e4t; Nomenklatur, Klassifizierung und Lokalisierung der Enzyme.<\/li> <li>Klassifizierung und Funktion der Kohlenhydrate: Monosaccharide, Oligosaccharide, Homo- und Heteropolysaccharide.<\/li> <li>Chemie der Fetts\u00e4uren.<\/li> <li>Chemie der Glycerin-Phosphatide und Sphingomyeline.<\/li> <\/ul> <p><strong>Themenbereich \u201eB\u201d:<\/strong><\/p> <ul> <li>Die Struktur der Nukleotide; die Struktur und Funktion der DNA.<\/li> <li>Die DNA-Replikation bei Prokaryonten und Eukaryonten. Reparatur und Mutation.<\/li> <li>Die Transkription und ihre Regulation bei Prokaryonten und Eukaryonten; Genexpression, epigenetische regulatorische Mechanismen.<\/li> <li>Die Struktur des Ribosoms. Die Aktivierung der Aminos\u00e4uren. Die Schritte der Translation bei Prokaryonten und Eukaryonten; Post-translationelle Modifizierungen.<\/li> <\/ul> <ul> <li>Die Grundlagen der rekombinanten Gentechnologie.<\/li> <\/ul> <p><strong>Themenbereich \u201eC\u201d:<\/strong><\/p> <ul> <li>Die wichtigsten chemischen Strukturen, die auf einer separaten Liste ausgegeben werden. In diesem Teil der schriftlichen Teilpr\u00fcfung soll man 10 Strukturen von der Liste erkennen und benennen.<\/li> <\/ul> <p><strong>Der Aufbau der schriftlichen Teilpr\u00fcfung <\/strong>ist wie folgt:<\/p> <p><strong>\u201eSingle Choice\u201c Testfragen<\/strong>, 1 Punkt\/Frage:<\/p> <ul> <li><strong>Themenbereich \u201eA\u201d: 20 Fragen, 20 Punkte<\/strong><\/li> <li><strong>Themenbereich \u201eB\u201d: 20 Fragen, 20 Punkte<\/strong><\/li> <\/ul> <p><strong>Themenbereich \u201eC\u201d: 10 Strukturen, 10 Punkte<\/strong><\/p> <p>&nbsp;<\/p> <p>Die maximale Arbeitszeit f\u00fcr die schriftliche Teilpr\u00fcfung betr\u00e4gt <strong>75 Minuten<\/strong>. F\u00fcr die schriftliche Teilpr\u00fcfung gelten die gleichen Regelungen wie f\u00fcr die Klausuren. Die schriftliche Teilpr\u00fcfung ist bestanden, wenn der Teilnehmer <strong>mindestens 60% (30 Punkte) der maximalen Gesamtpunktzahl<\/strong> (50 Punkte) und <strong>mindestens 60% der maximalen Punktzahl in jedem Themenbereich<\/strong> (also jeweils 12 Punkte im Themenbereich \u201eA\u201c und \u201eB\u201c, 6 Punkte im Themenbereich \u201eC\u201d) <strong>auch getrennt erreicht hat<\/strong>.<\/p> <p><strong>Die schriftliche Teilpr\u00fcfung wird wie folgt benotet:<\/strong><\/p> <p>45 \u2013 50 Punkte:\u00a0\u00a0\u00a0\u00a0\u00a0\u00a0\u00a0\u00a0\u00a0 sehr gut (5)<\/p> <p>40 \u2013 44 Punkte:\u00a0\u00a0\u00a0\u00a0\u00a0\u00a0\u00a0\u00a0\u00a0 gut (4)<\/p> <p>35 \u2013 39 Punkte:\u00a0\u00a0\u00a0\u00a0\u00a0\u00a0\u00a0\u00a0\u00a0 befriedigend (3)<\/p> <p>30 \u2013 34 Punkte:\u00a0\u00a0\u00a0\u00a0\u00a0\u00a0\u00a0\u00a0\u00a0 ausreichend (2)<\/p> <p>&nbsp;<\/p> <p>Wenn die schriftliche Teilpr\u00fcfung erfolgreich ist, kann der Student zur m\u00fcndlichen Pr\u00fcfung zugelassen werden. Wenn die schriftliche Teilpr\u00fcfung nicht bestanden ist oder der Student die schriftliche Teilpr\u00fcfung nach einer g\u00fcltigen Anmeldung nicht abschlie\u00dft, hat der Student eine schriftliche Pr\u00fcfungsm\u00f6glichkeit verloren, und kann sich f\u00fcr einen sp\u00e4teren schriftlichen Pr\u00fcfungstermin anmelden. Die Studenten k\u00f6nnen den schriftlichen Teil der Pr\u00fcfung bis zu 3-mal in der Mai\/Juni Pr\u00fcfungsperiode, und noch 2-mal am Ende August\/Anfang September) versuchen.<\/p> <p>Die Note einer erfolgreichen schriftlichen Teilpr\u00fcfung verf\u00e4llt nicht und z\u00e4hlt als g\u00fcltige Note f\u00fcr eine sp\u00e4tere m\u00fcndliche Pr\u00fcfung. Eine erfolgreiche schriftliche Teilnote kann einmal durch eine zweite schriftliche Teilpr\u00fcfung verbessert werden, wobei in diesem Fall das Ergebnis der zweiten schriftlichen Teilpr\u00fcfung in die Endnote ber\u00fccksichtigt wird. Eine erfolgreiche schriftliche Teilpr\u00fcfung kann nach der m\u00fcndlichen Pr\u00fcfung nicht mehr verbessert werden.<\/p> <p><strong><u>Die m\u00fcndliche Pr\u00fcfung:<\/u><\/strong><\/p> <p>Zur m\u00fcndlichen Pr\u00fcfung k\u00f6nnen nur die Studenten zugelassen werden, die die schriftliche Teilpr\u00fcfung bestanden haben. Die m\u00fcndliche Pr\u00fcfung wird in Pr\u00e4senzform, in der Abteilung f\u00fcr Biochemie (Lehrstuhl f\u00fcr Physiologie und Biochemie, Geb\u00e4ude \u201eC\u201c, Erdgescho\u00df) gehalten, und beginnt an den angek\u00fcndigten Pr\u00fcfungstagen um 8:00 Uhr. Jeder Student hat mindestens 30 Minuten Vorbereitungszeit, sich f\u00fcr die Pr\u00fcfung vorzubereiten und Notizen zu machen. Wenn das gezogene Thema von einem anderen Studenten bearbeitet wird, muss ein neues Pr\u00fcfungsthema gezogen werden.<\/p> <p>W\u00e4hrend der Pr\u00fcfung soll man seine Kenntnisse \u00fcber die zwei Themen m\u00fcndlich selbst zusammenfassen, dazu werden auch zahlreiche Fragen von dem Pr\u00fcfer gestellt, die man sofort beantworten muss. Das Ziel der m\u00fcndlichen Pr\u00fcfung ist, nicht nur das Kenntnis der Tatsachen, sondern auch ihre Anwendung und das Verstehen der Zusammenh\u00e4nge zu kontrollieren. Dementsprechend werden in der Pr\u00fcfung nicht nur Fragen gestellt, die sich eng auf die beiden behandelten Pr\u00fcfungsthemen beziehen, sondern auch Fragen, die sich aufgrund des breiteren Kontextes auf den gesamten theoretischen Lehrstoff beziehen. W\u00e4hrend der Pr\u00fcfung kann der Pr\u00fcfer den Studenten auffordern, seine Notizen zu zeigen, Stoffwechselvorg\u00e4nge aufzuschreiben oder einige Strukturformeln und Reaktionen zu zeichnen. Die Antworten auf die Sofortfragen sind bei der Bewertung der m\u00fcndlichen Pr\u00fcfung von gro\u00dfer Bedeutung.<\/p> <p>Erh\u00e4lt der Student f\u00fcr ein Thema der m\u00fcndlichen Pr\u00fcfung die Note &#8222;nicht bestanden&#8220; (1), so gilt die Pr\u00fcfung unabh\u00e4ngig von dem anderen m\u00fcndlichen Thema und den anderen Teilnoten als mit &#8222;nicht bestanden&#8220; (1) bewertet. Der Student muss in diesem Fall jedoch nur die m\u00fcndliche Pr\u00fcfung wiederholen, die praktische Note und die Note der schriftlichen Teilpr\u00fcfung werden unver\u00e4ndert in die n\u00e4chste m\u00fcndliche Pr\u00fcfung \u00fcbernommen.<\/p> <p>Die Studenten k\u00f6nnen die m\u00fcndliche Pr\u00fcfung bis zu 3-mal in der Mai\/Juni Pr\u00fcfungsperiode versuchen. Am Ende August\/Anfang September hat man noch 2 weitere Versuchsm\u00f6glichkeiten. Wenn ein Pr\u00fcfling eine g\u00fcltige Anmeldung f\u00fcr einen Pr\u00fcfungstag hat, aber nicht an der Pr\u00fcfung teilnimmt, wird ein &#8222;nicht erschienen ist&#8220;-Ergebnis f\u00fcr die Pr\u00fcfung eingetragen und eine Pr\u00fcfungsm\u00f6glichkeit wird verloren. Eine erneute m\u00fcndliche Pr\u00fcfung kann fr\u00fchestens am 3. Tag nach der nicht bestandenen Pr\u00fcfung abgelegt werden. Im Falle einer erfolgreichen m\u00fcndlichen Pr\u00fcfung kann die erreichte Note durch eine weitere m\u00fcndliche Pr\u00fcfung einmal verbessert werden.<\/p> <p><strong><u>Die Themen der m\u00fcndlichen Pr\u00fcfung<\/u><\/strong><strong><u>:<\/u><\/strong><\/p> <p><strong><u>Themenbereich 1.:<\/u><\/strong><\/p> <ol> <li>Die biologische Oxidation im Allgemeinen. Energiereiche Phosphatverbindungen; Kreatin-Stoffwechsel<\/li> <li>Die Glykogenese und die Glykogenolyse<\/li> <li>Die Glykolyse<\/li> <li>Die Glukoneogenese<\/li> <li>Der Glycerin-3-Phosphat Shuttle; der Pasteur-Effekt und der Cori-Kreis; oxidative Decarboxylierung von Pyruvat zu Acetyl~CoA<\/li> <li>Der Citratzyklus<\/li> <li>Die Atmungskette und die oxidative Phosphorylierung<\/li> <li>Der Pentosephosphat-Weg<\/li> <li>Der Blutzuckerspiegel und seine Regulation<\/li> <li>Der Stoffwechsel der Fruktose und der Galaktose<\/li> <li>Essentielle und nicht-essentielle Aminos\u00e4uren; Transaminierung, oxidative Desaminierung; Abbau der N-freien C-Kette der Aminos\u00e4uren<\/li> <li>Die Decarboxylierung der Aminos\u00e4uren; biogene Amine; Glutathion, Carnosin, Anserin<\/li> <li>Die Ammoniakentgiftung<\/li> <li>Synthese und Abbau der Purinnukleotide<\/li> <li>Synthese und Abbau der Pyrimidinnukleotide<\/li> <li>Struktur, biochemische Rolle und Synthese des H\u00e4moglobins<\/li> <li>Der Porphyrinabbau; Myoglobin, Katalase, Peroxidase, Cytochrome. Eisenstoffwechsel<\/li> <li>Lipidresorption und Transport; die Lipolyse und die Lipogenese<\/li> <li>Die \u00df-Oxidation der Fetts\u00e4uren<\/li> <li>Die Fetts\u00e4uresynthese<\/li> <li>Die Ketogenese und die Ketolyse; die biochemischen Grundlagen der Ketose<\/li> <li>Biochemie des Cholesterins, der Gallens\u00e4uren und der Steroidhormone<\/li> <\/ol> <p><strong><u>Themenbereich 2.:<\/u><\/strong><\/p> <ol> <li>Die Rolle der Leber im Intermedi\u00e4rstoffwechsel<\/li> <li>Die Entgiftungsfunktion der Leber<\/li> <li>Biochemie des Muskels, des Gehirns, des Fettgewebes und der Niere<\/li> <li>Kohlenhydratstoffwechsel beim Wiederk\u00e4uer<\/li> <li>Stickstoffstoffwechsel beim Wiederk\u00e4uer<\/li> <li>Biochemische Grundlagen der Wiederk\u00e4uer-Ketose<\/li> <li>Lipidstoffwechsel beim Wiederk\u00e4uer; Biosynthese der Milch<\/li> <li>Allgemeine Eigenschaften der Vitamine; Provitamine; Antivitamine<\/li> <li>Biochemie des Vitamins A: Struktur, Stoffwechsel, biochemische Rolle, Mangel, \u00dcberdosierung<\/li> <li>Biochemie des Vitamins D: Struktur, Stoffwechsel, biochemische Rolle, Mangel, \u00dcberdosierung<\/li> <li>Biochemie des Vitamins E: Struktur, Stoffwechsel, biochemische Rolle, Mangel<\/li> <li>Biochemie des Vitamins K: Struktur, Stoffwechsel, biochemische Rolle, Mangel<\/li> <li>Biochemie des Thiamins: Struktur, Stoffwechsel, biochemische Rolle, Mangel<\/li> <li>Biochemie des Vitamins Riboflavins: Struktur, Stoffwechsel, biochemische Rolle, Mangel<\/li> <li>Biochemie der Nikotins\u00e4ure: Struktur, Stoffwechsel, biochemische Rolle, Mangel<\/li> <li>Biochemie der Pantothens\u00e4ure: Struktur, Stoffwechsel, biochemische Rolle, Mangel<\/li> <li>Biochemie des Pyridoxins: Struktur, Stoffwechsel, biochemische Rolle, Mangel<\/li> <li>Biochemie des Biotins: Struktur, Stoffwechsel, biochemische Rolle, Mangel<\/li> <li>Biochemie der Fols\u00e4ure: Struktur, Stoffwechsel, biochemische Rolle, Mangel<\/li> <li>Biochemie des Cobalamins: Struktur, Stoffwechsel, biochemische Rolle, Mangel<\/li> <li>Biochemie der Ascorbins\u00e4ure: Struktur, Stoffwechsel, biochemische Rolle, Mangel<\/li> <li>Biochemie der essentiellen Fetts\u00e4uren und der lipotropen Faktoren (Cholin und Inosit)<\/li> <\/ol> <p>&nbsp;<\/p> <p>F\u00fcr Studenten mit Teilbefreiung, die nur eine <strong>zus\u00e4tzliche Pr\u00fcfung in Biochemie der Wiederk\u00e4uer und Vitamine<\/strong> ablegen m\u00fcssen, besteht der Unterschied darin, dass sie nur m\u00fcndliche Pr\u00fcfung haben, und zwei Pr\u00fcfungsthemen <strong>aus den Themen 4-7 und 8-22 vom Themenbereich 2 <\/strong>bekommen.<\/p> <p>Wir bieten Einzel- oder Gruppen-<strong>Online-Konsultationen<\/strong> an, um nach vorheriger Terminabsprache alle anfallenden fachlichen Fragen zu besprechen. Bei Fragen, Problemen oder Beratungsw\u00fcnschen wenden Sie sich bitte an Dr. G\u00e1bor M\u00e1tis (<a class=\"decrypt\" rel=\"Nbujt\/HbcpsAvojwfu\/iv\" href=\"javascript:void(0);\">[Click to see email]<\/a>).<\/p> <p>Abh\u00e4ngig von der epidemiologischen Situation behalten wir uns das Recht vor, den Pr\u00fcfungsplan zu \u00e4ndern, und die Studenten werden unverz\u00fcglich \u00fcber \u00c4nderungen informiert.<\/p> <p>&nbsp;<\/p> <p><em>Wir w\u00fcnschen allen Studenten eine erfolgreiche Pr\u00fcfung und gute Gesundheit!<\/em><\/p>","protected":false},"excerpt":{"rendered":"<p>Biochemie 2. Pr\u00fcfungsordnung Die Voraussetzungen der Teilnahme an der Biochemie Abschlusspr\u00fcfung sind die Folgenden: Die Akzeptierung des Semesters sowohl von Biochemie 1., als auch von Biochemie 2.: die Klausur + die Praktika von Biochemie 1+2. m\u00fcssen erfolgreich bestanden sein; erfolgreiche Veterin\u00e4r- und Lebensmittelchemie Pr\u00fcfung. Die Endnote der Biochemie Abschlusspr\u00fcfung wird aus den folgenden Einzelnoten gebildet:<\/p>\n","protected":false},"author":3837,"featured_media":0,"parent":26673,"menu_order":79,"comment_status":"closed","ping_status":"closed","template":"","meta":{"_acf_changed":false,"footnotes":""},"categories":[],"tags":[],"class_list":["post-26680","page","type-page","status-publish","hentry"],"acf":[],"yoast_head":"<!-- This site is optimized with the Yoast SEO plugin v27.2 - https:\/\/yoast.com\/product\/yoast-seo-wordpress\/ -->\n<title>Abschlusspr\u00fcfung - Lehrstuhl f\u00fcr Physiologie und Biochemie<\/title>\n<meta name=\"robots\" content=\"index, follow, max-snippet:-1, max-image-preview:large, max-video-preview:-1\" \/>\n<link rel=\"canonical\" href=\"https:\/\/univet.hu\/ebt\/de\/ebt\/biochemvet\/unterricht\/veterinaerbiochemie\/informationen-anforderungen\/abschlusspruefung\/\" \/>\n<meta property=\"og:locale\" content=\"de_DE\" \/>\n<meta property=\"og:type\" content=\"article\" \/>\n<meta property=\"og:title\" content=\"Abschlusspr\u00fcfung - Lehrstuhl f\u00fcr Physiologie und Biochemie\" \/>\n<meta property=\"og:description\" content=\"Biochemie 2. Pr\u00fcfungsordnung Die Voraussetzungen der Teilnahme an der Biochemie Abschlusspr\u00fcfung sind die Folgenden: Die Akzeptierung des Semesters sowohl von Biochemie 1., als auch von Biochemie 2.: die Klausur + die Praktika von Biochemie 1+2. m\u00fcssen erfolgreich bestanden sein; erfolgreiche Veterin\u00e4r- und Lebensmittelchemie Pr\u00fcfung. Die Endnote der Biochemie Abschlusspr\u00fcfung wird aus den folgenden Einzelnoten gebildet:\" \/>\n<meta property=\"og:url\" content=\"https:\/\/univet.hu\/ebt\/de\/ebt\/biochemvet\/unterricht\/veterinaerbiochemie\/informationen-anforderungen\/abschlusspruefung\/\" \/>\n<meta property=\"og:site_name\" content=\"Lehrstuhl f\u00fcr Physiologie und Biochemie\" \/>\n<meta property=\"article:modified_time\" content=\"2025-02-04T11:32:20+00:00\" \/>\n<meta name=\"twitter:card\" content=\"summary_large_image\" \/>\n<meta name=\"twitter:label1\" content=\"Gesch\u00e4tzte Lesezeit\" \/>\n\t<meta name=\"twitter:data1\" content=\"8\u00a0Minuten\" \/>\n<script type=\"application\/ld+json\" class=\"yoast-schema-graph\">{\"@context\":\"https:\/\/schema.org\",\"@graph\":[{\"@type\":\"WebPage\",\"@id\":\"https:\/\/univet.hu\/ebt\/de\/ebt\/biochemvet\/unterricht\/veterinaerbiochemie\/informationen-anforderungen\/abschlusspruefung\/\",\"url\":\"https:\/\/univet.hu\/ebt\/de\/ebt\/biochemvet\/unterricht\/veterinaerbiochemie\/informationen-anforderungen\/abschlusspruefung\/\",\"name\":\"Abschlusspr\u00fcfung - Lehrstuhl f\u00fcr Physiologie und Biochemie\",\"isPartOf\":{\"@id\":\"https:\/\/univet.hu\/ebt\/#website\"},\"datePublished\":\"2018-09-26T19:28:12+00:00\",\"dateModified\":\"2025-02-04T11:32:20+00:00\",\"breadcrumb\":{\"@id\":\"https:\/\/univet.hu\/ebt\/de\/ebt\/biochemvet\/unterricht\/veterinaerbiochemie\/informationen-anforderungen\/abschlusspruefung\/#breadcrumb\"},\"inLanguage\":\"de\",\"potentialAction\":[{\"@type\":\"ReadAction\",\"target\":[\"https:\/\/univet.hu\/ebt\/de\/ebt\/biochemvet\/unterricht\/veterinaerbiochemie\/informationen-anforderungen\/abschlusspruefung\/\"]}]},{\"@type\":\"BreadcrumbList\",\"@id\":\"https:\/\/univet.hu\/ebt\/de\/ebt\/biochemvet\/unterricht\/veterinaerbiochemie\/informationen-anforderungen\/abschlusspruefung\/#breadcrumb\",\"itemListElement\":[{\"@type\":\"ListItem\",\"position\":1,\"name\":\"Kezd\u0151lap\",\"item\":\"https:\/\/univet.hu\/ebt\/de\/\"},{\"@type\":\"ListItem\",\"position\":2,\"name\":\"Lehrstuhl f\u00fcr Physiologie und Biochemie\",\"item\":\"https:\/\/univet.hu\/ebt\/de\/\"},{\"@type\":\"ListItem\",\"position\":3,\"name\":\"Abteilung f\u00fcr Biochemie\",\"item\":\"https:\/\/univet.hu\/ebt\/de\/ebt\/biochemvet\/\"},{\"@type\":\"ListItem\",\"position\":4,\"name\":\"Unterricht\",\"item\":\"https:\/\/univet.hu\/ebt\/de\/ebt\/biochemvet\/unterricht\/\"},{\"@type\":\"ListItem\",\"position\":5,\"name\":\"Veterin\u00e4rbiochemie\",\"item\":\"https:\/\/univet.hu\/ebt\/de\/ebt\/biochemvet\/unterricht\/veterinaerbiochemie\/\"},{\"@type\":\"ListItem\",\"position\":6,\"name\":\"Informationen, Anforderungen\",\"item\":\"https:\/\/univet.hu\/ebt\/de\/ebt\/biochemvet\/unterricht\/veterinaerbiochemie\/informationen-anforderungen\/\"},{\"@type\":\"ListItem\",\"position\":7,\"name\":\"Abschlusspr\u00fcfung\"}]},{\"@type\":\"WebSite\",\"@id\":\"https:\/\/univet.hu\/ebt\/#website\",\"url\":\"https:\/\/univet.hu\/ebt\/\",\"name\":\"\u00c9lettani \u00e9s Biok\u00e9miai Tansz\u00e9k\",\"description\":\"\",\"potentialAction\":[{\"@type\":\"SearchAction\",\"target\":{\"@type\":\"EntryPoint\",\"urlTemplate\":\"https:\/\/univet.hu\/ebt\/?s={search_term_string}\"},\"query-input\":{\"@type\":\"PropertyValueSpecification\",\"valueRequired\":true,\"valueName\":\"search_term_string\"}}],\"inLanguage\":\"de\"}]}<\/script>\n<!-- \/ Yoast SEO plugin. -->","yoast_head_json":{"title":"Abschlusspr\u00fcfung - Lehrstuhl f\u00fcr Physiologie und Biochemie","robots":{"index":"index","follow":"follow","max-snippet":"max-snippet:-1","max-image-preview":"max-image-preview:large","max-video-preview":"max-video-preview:-1"},"canonical":"https:\/\/univet.hu\/ebt\/de\/ebt\/biochemvet\/unterricht\/veterinaerbiochemie\/informationen-anforderungen\/abschlusspruefung\/","og_locale":"de_DE","og_type":"article","og_title":"Abschlusspr\u00fcfung - Lehrstuhl f\u00fcr Physiologie und Biochemie","og_description":"Biochemie 2. Pr\u00fcfungsordnung Die Voraussetzungen der Teilnahme an der Biochemie Abschlusspr\u00fcfung sind die Folgenden: Die Akzeptierung des Semesters sowohl von Biochemie 1., als auch von Biochemie 2.: die Klausur + die Praktika von Biochemie 1+2. m\u00fcssen erfolgreich bestanden sein; erfolgreiche Veterin\u00e4r- und Lebensmittelchemie Pr\u00fcfung. Die Endnote der Biochemie Abschlusspr\u00fcfung wird aus den folgenden Einzelnoten gebildet:","og_url":"https:\/\/univet.hu\/ebt\/de\/ebt\/biochemvet\/unterricht\/veterinaerbiochemie\/informationen-anforderungen\/abschlusspruefung\/","og_site_name":"Lehrstuhl f\u00fcr Physiologie und Biochemie","article_modified_time":"2025-02-04T11:32:20+00:00","twitter_card":"summary_large_image","twitter_misc":{"Gesch\u00e4tzte Lesezeit":"8\u00a0Minuten"},"schema":{"@context":"https:\/\/schema.org","@graph":[{"@type":"WebPage","@id":"https:\/\/univet.hu\/ebt\/de\/ebt\/biochemvet\/unterricht\/veterinaerbiochemie\/informationen-anforderungen\/abschlusspruefung\/","url":"https:\/\/univet.hu\/ebt\/de\/ebt\/biochemvet\/unterricht\/veterinaerbiochemie\/informationen-anforderungen\/abschlusspruefung\/","name":"Abschlusspr\u00fcfung - Lehrstuhl f\u00fcr Physiologie und Biochemie","isPartOf":{"@id":"https:\/\/univet.hu\/ebt\/#website"},"datePublished":"2018-09-26T19:28:12+00:00","dateModified":"2025-02-04T11:32:20+00:00","breadcrumb":{"@id":"https:\/\/univet.hu\/ebt\/de\/ebt\/biochemvet\/unterricht\/veterinaerbiochemie\/informationen-anforderungen\/abschlusspruefung\/#breadcrumb"},"inLanguage":"de","potentialAction":[{"@type":"ReadAction","target":["https:\/\/univet.hu\/ebt\/de\/ebt\/biochemvet\/unterricht\/veterinaerbiochemie\/informationen-anforderungen\/abschlusspruefung\/"]}]},{"@type":"BreadcrumbList","@id":"https:\/\/univet.hu\/ebt\/de\/ebt\/biochemvet\/unterricht\/veterinaerbiochemie\/informationen-anforderungen\/abschlusspruefung\/#breadcrumb","itemListElement":[{"@type":"ListItem","position":1,"name":"Kezd\u0151lap","item":"https:\/\/univet.hu\/ebt\/de\/"},{"@type":"ListItem","position":2,"name":"Lehrstuhl f\u00fcr Physiologie und Biochemie","item":"https:\/\/univet.hu\/ebt\/de\/"},{"@type":"ListItem","position":3,"name":"Abteilung f\u00fcr Biochemie","item":"https:\/\/univet.hu\/ebt\/de\/ebt\/biochemvet\/"},{"@type":"ListItem","position":4,"name":"Unterricht","item":"https:\/\/univet.hu\/ebt\/de\/ebt\/biochemvet\/unterricht\/"},{"@type":"ListItem","position":5,"name":"Veterin\u00e4rbiochemie","item":"https:\/\/univet.hu\/ebt\/de\/ebt\/biochemvet\/unterricht\/veterinaerbiochemie\/"},{"@type":"ListItem","position":6,"name":"Informationen, Anforderungen","item":"https:\/\/univet.hu\/ebt\/de\/ebt\/biochemvet\/unterricht\/veterinaerbiochemie\/informationen-anforderungen\/"},{"@type":"ListItem","position":7,"name":"Abschlusspr\u00fcfung"}]},{"@type":"WebSite","@id":"https:\/\/univet.hu\/ebt\/#website","url":"https:\/\/univet.hu\/ebt\/","name":"\u00c9lettani \u00e9s Biok\u00e9miai Tansz\u00e9k","description":"","potentialAction":[{"@type":"SearchAction","target":{"@type":"EntryPoint","urlTemplate":"https:\/\/univet.hu\/ebt\/?s={search_term_string}"},"query-input":{"@type":"PropertyValueSpecification","valueRequired":true,"valueName":"search_term_string"}}],"inLanguage":"de"}]}},"_links":{"self":[{"href":"https:\/\/univet.hu\/ebt\/de\/wp-json\/wp\/v2\/pages\/26680","targetHints":{"allow":["GET"]}}],"collection":[{"href":"https:\/\/univet.hu\/ebt\/de\/wp-json\/wp\/v2\/pages"}],"about":[{"href":"https:\/\/univet.hu\/ebt\/de\/wp-json\/wp\/v2\/types\/page"}],"author":[{"embeddable":true,"href":"https:\/\/univet.hu\/ebt\/de\/wp-json\/wp\/v2\/users\/3837"}],"replies":[{"embeddable":true,"href":"https:\/\/univet.hu\/ebt\/de\/wp-json\/wp\/v2\/comments?post=26680"}],"version-history":[{"count":1,"href":"https:\/\/univet.hu\/ebt\/de\/wp-json\/wp\/v2\/pages\/26680\/revisions"}],"predecessor-version":[{"id":134715,"href":"https:\/\/univet.hu\/ebt\/de\/wp-json\/wp\/v2\/pages\/26680\/revisions\/134715"}],"up":[{"embeddable":true,"href":"https:\/\/univet.hu\/ebt\/de\/wp-json\/wp\/v2\/pages\/26673"}],"wp:attachment":[{"href":"https:\/\/univet.hu\/ebt\/de\/wp-json\/wp\/v2\/media?parent=26680"}],"wp:term":[{"taxonomy":"category","embeddable":true,"href":"https:\/\/univet.hu\/ebt\/de\/wp-json\/wp\/v2\/categories?post=26680"},{"taxonomy":"post_tag","embeddable":true,"href":"https:\/\/univet.hu\/ebt\/de\/wp-json\/wp\/v2\/tags?post=26680"}],"curies":[{"name":"wp","href":"https:\/\/api.w.org\/{rel}","templated":true}]}}