{"id":26688,"date":"2018-09-26T21:35:24","date_gmt":"2018-09-26T19:35:24","guid":{"rendered":"http:\/\/univet.hu\/?page_id=26688"},"modified":"2025-02-04T12:32:21","modified_gmt":"2025-02-04T11:32:21","slug":"pathobiochemie","status":"publish","type":"page","link":"https:\/\/univet.hu\/ebt\/de\/ebt\/biochemvet\/unterricht\/wahlpflichtfaecher\/pathobiochemie\/","title":{"rendered":"Pathobiochemie"},"content":{"rendered":"<h2>Akademisches Jahr 2016\/2017, Fr\u00fchjahrsemester<\/h2> <p><a href=\"https:\/\/univet.hu\/de\/abteilung-fuer-biochemie\/unterricht\/wahlpflichtfaecher\/pathobiochemie\/pathobiochemie-materialien-zum-herunterladen\/\" data-replaced=\"true\">Pathobiochemie: Materialien zum Herunterladen \u00bb<\/a><\/p> <ul> <li><strong>Kurstyp, Kreditpunkte<\/strong>: Wahlpflicht (B), 2 Kreditpunkte<\/li> <li><strong>Vortragende(r)<\/strong>: Doz. Dr. Zsuzsanna Neogr\u00e1dy, Dr. G\u00e1bor M\u00e1tis<\/li> <li><strong>Zeitpunkt: Donnerstags, 16:15 \u2013 17:45<\/strong><\/li> <li><strong>Ort: H\u00f6rsaal \u201eKem\u00e9ny Armand\u201c<\/strong><\/li> <li><strong>Pr\u00fcfung<\/strong>: schriftlich<\/li> <\/ul> <h3>Themen der Vorlesungen:<\/h3> <table> <thead> <tr> <th><strong>Datum<\/strong><\/th> <th><strong>Thema<\/strong><\/th> <th><strong>Vortragende(r)<\/strong><\/th> <\/tr> <\/thead> <tbody> <tr> <td>23. Februar<\/td> <td>Einleitung. Pathobiochemie des Kohlenhydratstoffwechsels I.: Diabetes Mellitus, Kreuzverschlag. Vererbliche Enzymm\u00e4ngel im Allgemeinen.<\/td> <td>Dr. Neogr\u00e1dy Zsuzsanna<\/td> <\/tr> <tr> <td>2. M\u00e4rz<\/td> <td>Pathobiochemie des Kohlenhydratstoffwechsels II.: vererbliche Enzymm\u00e4ngel im Kohlenhydratstoffwechsel<\/td> <td>Dr. Neogr\u00e1dy Zsuzsanna<\/td> <\/tr> <tr> <td>9. M\u00e4rz<\/td> <td>Pathobiochemie des Stickstoffstoffwechsels. Metabolische Erkrankungen beim Wiederk\u00e4uer I.<\/td> <td>Dr. M\u00e1tis G\u00e1bor<\/td> <\/tr> <tr> <td>16. M\u00e4rz<\/td> <td>KEINE VORLESUNG<\/td> <td><\/td> <\/tr> <tr> <td>23. M\u00e4rz<\/td> <td>Metabolische Erkrankungen beim Wiederk\u00e4uer II. Biochemische und pathobiochemische Eigenschaften des Intermedi\u00e4rstoffwechsels beim Vogel.<\/td> <td>Dr. M\u00e1tis G\u00e1bor<\/td> <\/tr> <tr> <td>30. M\u00e4rz<\/td> <td>Biochemische Grundlagen der klinischen Laboruntersuchungen<\/td> <td>Dr. M\u00e1tis G\u00e1bor<\/td> <\/tr> <tr> <td>6. April<\/td> <td>Pathobiochemie des Lipidstoffwechsels; Bedeutung der essentiellen Fetts\u00e4uren.<\/td> <td>Dr. Neogr\u00e1dy Zsuzsanna<\/td> <\/tr> <tr> <td>13. April<\/td> <td>KEINE VORLESUNG<\/td> <td><\/td> <\/tr> <tr> <td>20. April<\/td> <td>OSTERFERIEN, KEINE VORLESUNG<\/td> <td><\/td> <\/tr> <tr> <td>27. April<\/td> <td>Intrazellul\u00e4re Signalwege und deren pathobiochemische Relevanz.<\/td> <td>Dr. M\u00e1tis G\u00e1bor<\/td> <\/tr> <tr> <td>4 Mai<\/td> <td>Schriftliche Pr\u00fcfung<\/td> <td><\/td> <\/tr> <\/thead> <\/table> <p><strong>Weitere Informationen:<\/strong> <a href=\"mailto:Matis.Gabor[[PUT_AT_HERE]univet.hu\" data-replaced=\"true\"><a class=\"decrypt\" rel=\"Nbujt\/HbcpsAvojwfu\/iv\" href=\"javascript:void(0);\">[Click to see email]<\/a><\/a><\/p>","protected":false},"excerpt":{"rendered":"<p>Akademisches Jahr 2016\/2017, Fr\u00fchjahrsemester Pathobiochemie: Materialien zum Herunterladen \u00bb Kurstyp, Kreditpunkte: Wahlpflicht (B), 2 Kreditpunkte Vortragende(r): Doz. Dr. Zsuzsanna Neogr\u00e1dy, Dr. G\u00e1bor M\u00e1tis Zeitpunkt: Donnerstags, 16:15 \u2013 17:45 Ort: H\u00f6rsaal \u201eKem\u00e9ny Armand\u201c Pr\u00fcfung: schriftlich Themen der Vorlesungen: Datum Thema Vortragende(r) 23. Februar Einleitung. Pathobiochemie des Kohlenhydratstoffwechsels I.: Diabetes Mellitus, Kreuzverschlag. Vererbliche Enzymm\u00e4ngel im Allgemeinen. Dr.<\/p>\n","protected":false},"author":3837,"featured_media":0,"parent":26665,"menu_order":77,"comment_status":"closed","ping_status":"closed","template":"","meta":{"_acf_changed":false,"footnotes":""},"categories":[],"tags":[],"class_list":["post-26688","page","type-page","status-publish","hentry"],"acf":[],"yoast_head":"<!-- This site is optimized with the Yoast SEO plugin v27.2 - https:\/\/yoast.com\/product\/yoast-seo-wordpress\/ -->\n<title>Pathobiochemie - Lehrstuhl f\u00fcr Physiologie und Biochemie<\/title>\n<meta name=\"robots\" content=\"index, follow, max-snippet:-1, max-image-preview:large, max-video-preview:-1\" \/>\n<link rel=\"canonical\" href=\"https:\/\/univet.hu\/ebt\/de\/ebt\/biochemvet\/unterricht\/wahlpflichtfaecher\/pathobiochemie\/\" \/>\n<meta property=\"og:locale\" content=\"de_DE\" \/>\n<meta property=\"og:type\" content=\"article\" \/>\n<meta property=\"og:title\" content=\"Pathobiochemie - Lehrstuhl f\u00fcr Physiologie und Biochemie\" \/>\n<meta property=\"og:description\" content=\"Akademisches Jahr 2016\/2017, Fr\u00fchjahrsemester Pathobiochemie: Materialien zum Herunterladen \u00bb Kurstyp, Kreditpunkte: Wahlpflicht (B), 2 Kreditpunkte Vortragende(r): Doz. Dr. Zsuzsanna Neogr\u00e1dy, Dr. G\u00e1bor M\u00e1tis Zeitpunkt: Donnerstags, 16:15 \u2013 17:45 Ort: H\u00f6rsaal \u201eKem\u00e9ny Armand\u201c Pr\u00fcfung: schriftlich Themen der Vorlesungen: Datum Thema Vortragende(r) 23. Februar Einleitung. Pathobiochemie des Kohlenhydratstoffwechsels I.: Diabetes Mellitus, Kreuzverschlag. Vererbliche Enzymm\u00e4ngel im Allgemeinen. Dr.\" \/>\n<meta property=\"og:url\" content=\"https:\/\/univet.hu\/ebt\/de\/ebt\/biochemvet\/unterricht\/wahlpflichtfaecher\/pathobiochemie\/\" \/>\n<meta property=\"og:site_name\" content=\"Lehrstuhl f\u00fcr Physiologie und Biochemie\" \/>\n<meta property=\"article:modified_time\" content=\"2025-02-04T11:32:21+00:00\" \/>\n<meta name=\"twitter:card\" content=\"summary_large_image\" \/>\n<meta name=\"twitter:label1\" content=\"Gesch\u00e4tzte Lesezeit\" \/>\n\t<meta name=\"twitter:data1\" content=\"1\u00a0Minute\" \/>\n<script type=\"application\/ld+json\" class=\"yoast-schema-graph\">{\"@context\":\"https:\/\/schema.org\",\"@graph\":[{\"@type\":\"WebPage\",\"@id\":\"https:\/\/univet.hu\/ebt\/de\/ebt\/biochemvet\/unterricht\/wahlpflichtfaecher\/pathobiochemie\/\",\"url\":\"https:\/\/univet.hu\/ebt\/de\/ebt\/biochemvet\/unterricht\/wahlpflichtfaecher\/pathobiochemie\/\",\"name\":\"Pathobiochemie - Lehrstuhl f\u00fcr Physiologie und Biochemie\",\"isPartOf\":{\"@id\":\"https:\/\/univet.hu\/ebt\/#website\"},\"datePublished\":\"2018-09-26T19:35:24+00:00\",\"dateModified\":\"2025-02-04T11:32:21+00:00\",\"breadcrumb\":{\"@id\":\"https:\/\/univet.hu\/ebt\/de\/ebt\/biochemvet\/unterricht\/wahlpflichtfaecher\/pathobiochemie\/#breadcrumb\"},\"inLanguage\":\"de\",\"potentialAction\":[{\"@type\":\"ReadAction\",\"target\":[\"https:\/\/univet.hu\/ebt\/de\/ebt\/biochemvet\/unterricht\/wahlpflichtfaecher\/pathobiochemie\/\"]}]},{\"@type\":\"BreadcrumbList\",\"@id\":\"https:\/\/univet.hu\/ebt\/de\/ebt\/biochemvet\/unterricht\/wahlpflichtfaecher\/pathobiochemie\/#breadcrumb\",\"itemListElement\":[{\"@type\":\"ListItem\",\"position\":1,\"name\":\"Kezd\u0151lap\",\"item\":\"https:\/\/univet.hu\/ebt\/de\/\"},{\"@type\":\"ListItem\",\"position\":2,\"name\":\"Lehrstuhl f\u00fcr Physiologie und Biochemie\",\"item\":\"https:\/\/univet.hu\/ebt\/de\/\"},{\"@type\":\"ListItem\",\"position\":3,\"name\":\"Abteilung f\u00fcr Biochemie\",\"item\":\"https:\/\/univet.hu\/ebt\/de\/ebt\/biochemvet\/\"},{\"@type\":\"ListItem\",\"position\":4,\"name\":\"Unterricht\",\"item\":\"https:\/\/univet.hu\/ebt\/de\/ebt\/biochemvet\/unterricht\/\"},{\"@type\":\"ListItem\",\"position\":5,\"name\":\"Wahlpflichtf\u00e4cher\",\"item\":\"https:\/\/univet.hu\/ebt\/de\/ebt\/biochemvet\/unterricht\/wahlpflichtfaecher\/\"},{\"@type\":\"ListItem\",\"position\":6,\"name\":\"Pathobiochemie\"}]},{\"@type\":\"WebSite\",\"@id\":\"https:\/\/univet.hu\/ebt\/#website\",\"url\":\"https:\/\/univet.hu\/ebt\/\",\"name\":\"\u00c9lettani \u00e9s Biok\u00e9miai Tansz\u00e9k\",\"description\":\"\",\"potentialAction\":[{\"@type\":\"SearchAction\",\"target\":{\"@type\":\"EntryPoint\",\"urlTemplate\":\"https:\/\/univet.hu\/ebt\/?s={search_term_string}\"},\"query-input\":{\"@type\":\"PropertyValueSpecification\",\"valueRequired\":true,\"valueName\":\"search_term_string\"}}],\"inLanguage\":\"de\"}]}<\/script>\n<!-- \/ Yoast SEO plugin. -->","yoast_head_json":{"title":"Pathobiochemie - Lehrstuhl f\u00fcr Physiologie und Biochemie","robots":{"index":"index","follow":"follow","max-snippet":"max-snippet:-1","max-image-preview":"max-image-preview:large","max-video-preview":"max-video-preview:-1"},"canonical":"https:\/\/univet.hu\/ebt\/de\/ebt\/biochemvet\/unterricht\/wahlpflichtfaecher\/pathobiochemie\/","og_locale":"de_DE","og_type":"article","og_title":"Pathobiochemie - Lehrstuhl f\u00fcr Physiologie und Biochemie","og_description":"Akademisches Jahr 2016\/2017, Fr\u00fchjahrsemester Pathobiochemie: Materialien zum Herunterladen \u00bb Kurstyp, Kreditpunkte: Wahlpflicht (B), 2 Kreditpunkte Vortragende(r): Doz. Dr. Zsuzsanna Neogr\u00e1dy, Dr. G\u00e1bor M\u00e1tis Zeitpunkt: Donnerstags, 16:15 \u2013 17:45 Ort: H\u00f6rsaal \u201eKem\u00e9ny Armand\u201c Pr\u00fcfung: schriftlich Themen der Vorlesungen: Datum Thema Vortragende(r) 23. Februar Einleitung. Pathobiochemie des Kohlenhydratstoffwechsels I.: Diabetes Mellitus, Kreuzverschlag. Vererbliche Enzymm\u00e4ngel im Allgemeinen. Dr.","og_url":"https:\/\/univet.hu\/ebt\/de\/ebt\/biochemvet\/unterricht\/wahlpflichtfaecher\/pathobiochemie\/","og_site_name":"Lehrstuhl f\u00fcr Physiologie und Biochemie","article_modified_time":"2025-02-04T11:32:21+00:00","twitter_card":"summary_large_image","twitter_misc":{"Gesch\u00e4tzte Lesezeit":"1\u00a0Minute"},"schema":{"@context":"https:\/\/schema.org","@graph":[{"@type":"WebPage","@id":"https:\/\/univet.hu\/ebt\/de\/ebt\/biochemvet\/unterricht\/wahlpflichtfaecher\/pathobiochemie\/","url":"https:\/\/univet.hu\/ebt\/de\/ebt\/biochemvet\/unterricht\/wahlpflichtfaecher\/pathobiochemie\/","name":"Pathobiochemie - Lehrstuhl f\u00fcr Physiologie und Biochemie","isPartOf":{"@id":"https:\/\/univet.hu\/ebt\/#website"},"datePublished":"2018-09-26T19:35:24+00:00","dateModified":"2025-02-04T11:32:21+00:00","breadcrumb":{"@id":"https:\/\/univet.hu\/ebt\/de\/ebt\/biochemvet\/unterricht\/wahlpflichtfaecher\/pathobiochemie\/#breadcrumb"},"inLanguage":"de","potentialAction":[{"@type":"ReadAction","target":["https:\/\/univet.hu\/ebt\/de\/ebt\/biochemvet\/unterricht\/wahlpflichtfaecher\/pathobiochemie\/"]}]},{"@type":"BreadcrumbList","@id":"https:\/\/univet.hu\/ebt\/de\/ebt\/biochemvet\/unterricht\/wahlpflichtfaecher\/pathobiochemie\/#breadcrumb","itemListElement":[{"@type":"ListItem","position":1,"name":"Kezd\u0151lap","item":"https:\/\/univet.hu\/ebt\/de\/"},{"@type":"ListItem","position":2,"name":"Lehrstuhl f\u00fcr Physiologie und Biochemie","item":"https:\/\/univet.hu\/ebt\/de\/"},{"@type":"ListItem","position":3,"name":"Abteilung f\u00fcr Biochemie","item":"https:\/\/univet.hu\/ebt\/de\/ebt\/biochemvet\/"},{"@type":"ListItem","position":4,"name":"Unterricht","item":"https:\/\/univet.hu\/ebt\/de\/ebt\/biochemvet\/unterricht\/"},{"@type":"ListItem","position":5,"name":"Wahlpflichtf\u00e4cher","item":"https:\/\/univet.hu\/ebt\/de\/ebt\/biochemvet\/unterricht\/wahlpflichtfaecher\/"},{"@type":"ListItem","position":6,"name":"Pathobiochemie"}]},{"@type":"WebSite","@id":"https:\/\/univet.hu\/ebt\/#website","url":"https:\/\/univet.hu\/ebt\/","name":"\u00c9lettani \u00e9s Biok\u00e9miai Tansz\u00e9k","description":"","potentialAction":[{"@type":"SearchAction","target":{"@type":"EntryPoint","urlTemplate":"https:\/\/univet.hu\/ebt\/?s={search_term_string}"},"query-input":{"@type":"PropertyValueSpecification","valueRequired":true,"valueName":"search_term_string"}}],"inLanguage":"de"}]}},"_links":{"self":[{"href":"https:\/\/univet.hu\/ebt\/de\/wp-json\/wp\/v2\/pages\/26688","targetHints":{"allow":["GET"]}}],"collection":[{"href":"https:\/\/univet.hu\/ebt\/de\/wp-json\/wp\/v2\/pages"}],"about":[{"href":"https:\/\/univet.hu\/ebt\/de\/wp-json\/wp\/v2\/types\/page"}],"author":[{"embeddable":true,"href":"https:\/\/univet.hu\/ebt\/de\/wp-json\/wp\/v2\/users\/3837"}],"replies":[{"embeddable":true,"href":"https:\/\/univet.hu\/ebt\/de\/wp-json\/wp\/v2\/comments?post=26688"}],"version-history":[{"count":1,"href":"https:\/\/univet.hu\/ebt\/de\/wp-json\/wp\/v2\/pages\/26688\/revisions"}],"predecessor-version":[{"id":134722,"href":"https:\/\/univet.hu\/ebt\/de\/wp-json\/wp\/v2\/pages\/26688\/revisions\/134722"}],"up":[{"embeddable":true,"href":"https:\/\/univet.hu\/ebt\/de\/wp-json\/wp\/v2\/pages\/26665"}],"wp:attachment":[{"href":"https:\/\/univet.hu\/ebt\/de\/wp-json\/wp\/v2\/media?parent=26688"}],"wp:term":[{"taxonomy":"category","embeddable":true,"href":"https:\/\/univet.hu\/ebt\/de\/wp-json\/wp\/v2\/categories?post=26688"},{"taxonomy":"post_tag","embeddable":true,"href":"https:\/\/univet.hu\/ebt\/de\/wp-json\/wp\/v2\/tags?post=26688"}],"curies":[{"name":"wp","href":"https:\/\/api.w.org\/{rel}","templated":true}]}}