{"id":26690,"date":"2018-09-26T21:35:40","date_gmt":"2018-09-26T19:35:40","guid":{"rendered":"http:\/\/univet.hu\/?page_id=26690"},"modified":"2025-02-04T12:32:21","modified_gmt":"2025-02-04T11:32:21","slug":"gentechnologie","status":"publish","type":"page","link":"https:\/\/univet.hu\/ebt\/de\/ebt\/biochemvet\/unterricht\/wahlpflichtfaecher\/gentechnologie\/","title":{"rendered":"Gentechnologie"},"content":{"rendered":"<p><strong>Akademisches Jahr 2023\/2024, <\/strong><strong>Fr\u00fchlingssemester<\/strong><\/p> <p><strong>Kurstyp<\/strong>: Wahlfach \u201eB\u201d<\/p> <p><strong>Ort:<\/strong> Donnerstag, 10:15-11:45 Uhr, online<\/p> <p><strong>Pr\u00fcfung:<\/strong><\/p> <p><strong><u>Zeiteinteilung und Themen der Vorlesungen:<\/u><\/strong><\/p> <table width=\"675\"> <tbody> <tr> <td width=\"83\"><\/td> <td width=\"496\"><strong>Thema<\/strong><\/td> <td width=\"97\"><strong>Vortragender<\/strong><\/td> <\/tr> <tr> <td width=\"83\">14. Februar<\/td> <td width=\"496\">Einleitung. \u00dcbersicht der Grundlagen der Molekularbiologie. Werkzeuge der rekombinanten Gentechnik: Klonierungs- und Expressionsvektoren, Restriktionsendonukleasen, DNA-Ligase, Reverse Transkriptase.<\/td> <td width=\"97\">Dr. M\u00e1tis G\u00e1bor<\/td> <\/tr> <tr> <td width=\"83\">21. Februar<\/td> <td width=\"496\">Der komplette Vorgang der rekombinanten Gentechnik (Gentransfer, Klonierung): Genisolierung, Herstellung der rekombinanten DNA, Markierung der transformierten Wirtszellen, Herstellung der rekombinanten Proteine.<\/td> <td width=\"97\">Dr. M\u00e1tis G\u00e1bor<\/td> <\/tr> <tr> <td width=\"83\">28. Februar<\/td> <td width=\"496\">Praktische Anwendungen der rekombinanten Gentechnik in der Tier- und Humanmedizin. Regulation der Genexpression. Epigenetische regulatorische Mechanismen.<\/td> <td width=\"97\">Dr. Mackei M\u00e1t\u00e9<\/td> <\/tr> <tr> <td width=\"83\">6. M\u00e4rz<\/td> <td width=\"496\">Untersuchungsmethoden in der Molekularbiologie: Western blot, ELISA.<\/td> <td width=\"97\">Dr. Mackei M\u00e1t\u00e9<\/td> <\/tr> <tr> <td width=\"83\">13. M\u00e4rz<\/td> <td width=\"496\">Zellkulturen und deren Anwendungen in der Molekularbiologie I.: theoretische Grundlagen.<\/td> <td width=\"97\">Dr. Mackei M\u00e1t\u00e9<\/td> <\/tr> <tr> <td width=\"83\">20. M\u00e4rz<\/td> <td width=\"496\">Zellkulturen und deren Anwendungen in der Molekularbiologie II.: praktische Anwendungen.<\/td> <td width=\"97\">Dr. M\u00e1tis G\u00e1bor<\/td> <\/tr> <tr> <td width=\"83\">27. M\u00e4rz<\/td> <td width=\"496\">OSTERFERIEN, KEINE VORLESUNG<\/td> <td width=\"97\">&nbsp;<\/td> <\/tr> <tr> <td width=\"83\">3. April<\/td> <td width=\"496\">Einleitung in die Systembiologie (\u201eomics approach\u201d): Genomik, Transkriptomik, Proteomik, Metabolomik. Neue moderne Methoden in der Molekularbiologie.<\/td> <td width=\"97\">Dr. Papp M\u00e1rton<\/td> <\/tr> <\/tbody> <\/table> <p><strong>Weitere Informationen:<\/strong> <a class=\"decrypt\" rel=\"Nbujt\/HbcpsAvojwfu\/iv\" href=\"javascript:void(0);\">[Click to see email]<\/a><\/p>","protected":false},"excerpt":{"rendered":"<p>Akademisches Jahr 2023\/2024, Fr\u00fchlingssemester Kurstyp: Wahlfach \u201eB\u201d Ort: Donnerstag, 10:15-11:45 Uhr, online Pr\u00fcfung: Zeiteinteilung und Themen der Vorlesungen: Thema Vortragender 14. Februar Einleitung. \u00dcbersicht der Grundlagen der Molekularbiologie. Werkzeuge der rekombinanten Gentechnik: Klonierungs- und Expressionsvektoren, Restriktionsendonukleasen, DNA-Ligase, Reverse Transkriptase. Dr. M\u00e1tis G\u00e1bor 21. Februar Der komplette Vorgang der rekombinanten Gentechnik (Gentransfer, Klonierung): Genisolierung, Herstellung der<\/p>\n","protected":false},"author":3837,"featured_media":0,"parent":26665,"menu_order":77,"comment_status":"closed","ping_status":"closed","template":"","meta":{"_acf_changed":false,"footnotes":""},"categories":[],"tags":[],"class_list":["post-26690","page","type-page","status-publish","hentry"],"acf":[],"yoast_head":"<!-- This site is optimized with the Yoast SEO plugin v27.2 - https:\/\/yoast.com\/product\/yoast-seo-wordpress\/ -->\n<title>Gentechnologie - Lehrstuhl f\u00fcr Physiologie und Biochemie<\/title>\n<meta name=\"robots\" content=\"index, follow, max-snippet:-1, max-image-preview:large, max-video-preview:-1\" \/>\n<link rel=\"canonical\" href=\"https:\/\/univet.hu\/ebt\/de\/ebt\/biochemvet\/unterricht\/wahlpflichtfaecher\/gentechnologie\/\" \/>\n<meta property=\"og:locale\" content=\"de_DE\" \/>\n<meta property=\"og:type\" content=\"article\" \/>\n<meta property=\"og:title\" content=\"Gentechnologie - Lehrstuhl f\u00fcr Physiologie und Biochemie\" \/>\n<meta property=\"og:description\" content=\"Akademisches Jahr 2023\/2024, Fr\u00fchlingssemester Kurstyp: Wahlfach \u201eB\u201d Ort: Donnerstag, 10:15-11:45 Uhr, online Pr\u00fcfung: Zeiteinteilung und Themen der Vorlesungen: Thema Vortragender 14. Februar Einleitung. \u00dcbersicht der Grundlagen der Molekularbiologie. Werkzeuge der rekombinanten Gentechnik: Klonierungs- und Expressionsvektoren, Restriktionsendonukleasen, DNA-Ligase, Reverse Transkriptase. Dr. M\u00e1tis G\u00e1bor 21. Februar Der komplette Vorgang der rekombinanten Gentechnik (Gentransfer, Klonierung): Genisolierung, Herstellung der\" \/>\n<meta property=\"og:url\" content=\"https:\/\/univet.hu\/ebt\/de\/ebt\/biochemvet\/unterricht\/wahlpflichtfaecher\/gentechnologie\/\" \/>\n<meta property=\"og:site_name\" content=\"Lehrstuhl f\u00fcr Physiologie und Biochemie\" \/>\n<meta property=\"article:modified_time\" content=\"2025-02-04T11:32:21+00:00\" \/>\n<meta name=\"twitter:card\" content=\"summary_large_image\" \/>\n<meta name=\"twitter:label1\" content=\"Gesch\u00e4tzte Lesezeit\" \/>\n\t<meta name=\"twitter:data1\" content=\"1\u00a0Minute\" \/>\n<script type=\"application\/ld+json\" class=\"yoast-schema-graph\">{\"@context\":\"https:\/\/schema.org\",\"@graph\":[{\"@type\":\"WebPage\",\"@id\":\"https:\/\/univet.hu\/ebt\/de\/ebt\/biochemvet\/unterricht\/wahlpflichtfaecher\/gentechnologie\/\",\"url\":\"https:\/\/univet.hu\/ebt\/de\/ebt\/biochemvet\/unterricht\/wahlpflichtfaecher\/gentechnologie\/\",\"name\":\"Gentechnologie - Lehrstuhl f\u00fcr Physiologie und Biochemie\",\"isPartOf\":{\"@id\":\"https:\/\/univet.hu\/ebt\/#website\"},\"datePublished\":\"2018-09-26T19:35:40+00:00\",\"dateModified\":\"2025-02-04T11:32:21+00:00\",\"breadcrumb\":{\"@id\":\"https:\/\/univet.hu\/ebt\/de\/ebt\/biochemvet\/unterricht\/wahlpflichtfaecher\/gentechnologie\/#breadcrumb\"},\"inLanguage\":\"de\",\"potentialAction\":[{\"@type\":\"ReadAction\",\"target\":[\"https:\/\/univet.hu\/ebt\/de\/ebt\/biochemvet\/unterricht\/wahlpflichtfaecher\/gentechnologie\/\"]}]},{\"@type\":\"BreadcrumbList\",\"@id\":\"https:\/\/univet.hu\/ebt\/de\/ebt\/biochemvet\/unterricht\/wahlpflichtfaecher\/gentechnologie\/#breadcrumb\",\"itemListElement\":[{\"@type\":\"ListItem\",\"position\":1,\"name\":\"Kezd\u0151lap\",\"item\":\"https:\/\/univet.hu\/ebt\/de\/\"},{\"@type\":\"ListItem\",\"position\":2,\"name\":\"Lehrstuhl f\u00fcr Physiologie und Biochemie\",\"item\":\"https:\/\/univet.hu\/ebt\/de\/\"},{\"@type\":\"ListItem\",\"position\":3,\"name\":\"Abteilung f\u00fcr Biochemie\",\"item\":\"https:\/\/univet.hu\/ebt\/de\/ebt\/biochemvet\/\"},{\"@type\":\"ListItem\",\"position\":4,\"name\":\"Unterricht\",\"item\":\"https:\/\/univet.hu\/ebt\/de\/ebt\/biochemvet\/unterricht\/\"},{\"@type\":\"ListItem\",\"position\":5,\"name\":\"Wahlpflichtf\u00e4cher\",\"item\":\"https:\/\/univet.hu\/ebt\/de\/ebt\/biochemvet\/unterricht\/wahlpflichtfaecher\/\"},{\"@type\":\"ListItem\",\"position\":6,\"name\":\"Gentechnologie\"}]},{\"@type\":\"WebSite\",\"@id\":\"https:\/\/univet.hu\/ebt\/#website\",\"url\":\"https:\/\/univet.hu\/ebt\/\",\"name\":\"\u00c9lettani \u00e9s Biok\u00e9miai Tansz\u00e9k\",\"description\":\"\",\"potentialAction\":[{\"@type\":\"SearchAction\",\"target\":{\"@type\":\"EntryPoint\",\"urlTemplate\":\"https:\/\/univet.hu\/ebt\/?s={search_term_string}\"},\"query-input\":{\"@type\":\"PropertyValueSpecification\",\"valueRequired\":true,\"valueName\":\"search_term_string\"}}],\"inLanguage\":\"de\"}]}<\/script>\n<!-- \/ Yoast SEO plugin. -->","yoast_head_json":{"title":"Gentechnologie - Lehrstuhl f\u00fcr Physiologie und Biochemie","robots":{"index":"index","follow":"follow","max-snippet":"max-snippet:-1","max-image-preview":"max-image-preview:large","max-video-preview":"max-video-preview:-1"},"canonical":"https:\/\/univet.hu\/ebt\/de\/ebt\/biochemvet\/unterricht\/wahlpflichtfaecher\/gentechnologie\/","og_locale":"de_DE","og_type":"article","og_title":"Gentechnologie - Lehrstuhl f\u00fcr Physiologie und Biochemie","og_description":"Akademisches Jahr 2023\/2024, Fr\u00fchlingssemester Kurstyp: Wahlfach \u201eB\u201d Ort: Donnerstag, 10:15-11:45 Uhr, online Pr\u00fcfung: Zeiteinteilung und Themen der Vorlesungen: Thema Vortragender 14. Februar Einleitung. \u00dcbersicht der Grundlagen der Molekularbiologie. Werkzeuge der rekombinanten Gentechnik: Klonierungs- und Expressionsvektoren, Restriktionsendonukleasen, DNA-Ligase, Reverse Transkriptase. Dr. M\u00e1tis G\u00e1bor 21. Februar Der komplette Vorgang der rekombinanten Gentechnik (Gentransfer, Klonierung): Genisolierung, Herstellung der","og_url":"https:\/\/univet.hu\/ebt\/de\/ebt\/biochemvet\/unterricht\/wahlpflichtfaecher\/gentechnologie\/","og_site_name":"Lehrstuhl f\u00fcr Physiologie und Biochemie","article_modified_time":"2025-02-04T11:32:21+00:00","twitter_card":"summary_large_image","twitter_misc":{"Gesch\u00e4tzte Lesezeit":"1\u00a0Minute"},"schema":{"@context":"https:\/\/schema.org","@graph":[{"@type":"WebPage","@id":"https:\/\/univet.hu\/ebt\/de\/ebt\/biochemvet\/unterricht\/wahlpflichtfaecher\/gentechnologie\/","url":"https:\/\/univet.hu\/ebt\/de\/ebt\/biochemvet\/unterricht\/wahlpflichtfaecher\/gentechnologie\/","name":"Gentechnologie - Lehrstuhl f\u00fcr Physiologie und Biochemie","isPartOf":{"@id":"https:\/\/univet.hu\/ebt\/#website"},"datePublished":"2018-09-26T19:35:40+00:00","dateModified":"2025-02-04T11:32:21+00:00","breadcrumb":{"@id":"https:\/\/univet.hu\/ebt\/de\/ebt\/biochemvet\/unterricht\/wahlpflichtfaecher\/gentechnologie\/#breadcrumb"},"inLanguage":"de","potentialAction":[{"@type":"ReadAction","target":["https:\/\/univet.hu\/ebt\/de\/ebt\/biochemvet\/unterricht\/wahlpflichtfaecher\/gentechnologie\/"]}]},{"@type":"BreadcrumbList","@id":"https:\/\/univet.hu\/ebt\/de\/ebt\/biochemvet\/unterricht\/wahlpflichtfaecher\/gentechnologie\/#breadcrumb","itemListElement":[{"@type":"ListItem","position":1,"name":"Kezd\u0151lap","item":"https:\/\/univet.hu\/ebt\/de\/"},{"@type":"ListItem","position":2,"name":"Lehrstuhl f\u00fcr Physiologie und Biochemie","item":"https:\/\/univet.hu\/ebt\/de\/"},{"@type":"ListItem","position":3,"name":"Abteilung f\u00fcr Biochemie","item":"https:\/\/univet.hu\/ebt\/de\/ebt\/biochemvet\/"},{"@type":"ListItem","position":4,"name":"Unterricht","item":"https:\/\/univet.hu\/ebt\/de\/ebt\/biochemvet\/unterricht\/"},{"@type":"ListItem","position":5,"name":"Wahlpflichtf\u00e4cher","item":"https:\/\/univet.hu\/ebt\/de\/ebt\/biochemvet\/unterricht\/wahlpflichtfaecher\/"},{"@type":"ListItem","position":6,"name":"Gentechnologie"}]},{"@type":"WebSite","@id":"https:\/\/univet.hu\/ebt\/#website","url":"https:\/\/univet.hu\/ebt\/","name":"\u00c9lettani \u00e9s Biok\u00e9miai Tansz\u00e9k","description":"","potentialAction":[{"@type":"SearchAction","target":{"@type":"EntryPoint","urlTemplate":"https:\/\/univet.hu\/ebt\/?s={search_term_string}"},"query-input":{"@type":"PropertyValueSpecification","valueRequired":true,"valueName":"search_term_string"}}],"inLanguage":"de"}]}},"_links":{"self":[{"href":"https:\/\/univet.hu\/ebt\/de\/wp-json\/wp\/v2\/pages\/26690","targetHints":{"allow":["GET"]}}],"collection":[{"href":"https:\/\/univet.hu\/ebt\/de\/wp-json\/wp\/v2\/pages"}],"about":[{"href":"https:\/\/univet.hu\/ebt\/de\/wp-json\/wp\/v2\/types\/page"}],"author":[{"embeddable":true,"href":"https:\/\/univet.hu\/ebt\/de\/wp-json\/wp\/v2\/users\/3837"}],"replies":[{"embeddable":true,"href":"https:\/\/univet.hu\/ebt\/de\/wp-json\/wp\/v2\/comments?post=26690"}],"version-history":[{"count":1,"href":"https:\/\/univet.hu\/ebt\/de\/wp-json\/wp\/v2\/pages\/26690\/revisions"}],"predecessor-version":[{"id":134720,"href":"https:\/\/univet.hu\/ebt\/de\/wp-json\/wp\/v2\/pages\/26690\/revisions\/134720"}],"up":[{"embeddable":true,"href":"https:\/\/univet.hu\/ebt\/de\/wp-json\/wp\/v2\/pages\/26665"}],"wp:attachment":[{"href":"https:\/\/univet.hu\/ebt\/de\/wp-json\/wp\/v2\/media?parent=26690"}],"wp:term":[{"taxonomy":"category","embeddable":true,"href":"https:\/\/univet.hu\/ebt\/de\/wp-json\/wp\/v2\/categories?post=26690"},{"taxonomy":"post_tag","embeddable":true,"href":"https:\/\/univet.hu\/ebt\/de\/wp-json\/wp\/v2\/tags?post=26690"}],"curies":[{"name":"wp","href":"https:\/\/api.w.org\/{rel}","templated":true}]}}