{"id":72895,"date":"2018-10-02T20:39:46","date_gmt":"2018-10-02T18:39:46","guid":{"rendered":"https:\/\/univet.hu\/ebt\/"},"modified":"2025-03-20T13:19:56","modified_gmt":"2025-03-20T12:19:56","slug":"ebt","status":"publish","type":"page","link":"https:\/\/univet.hu\/ebt\/de\/","title":{"rendered":"Lehrstuhl f\u00fcr Physiologie und Biochemie"},"content":{"rendered":"<h2>Geschichte des Lehrstuhls f\u00fcr Physiologie<\/h2> <div> <p>1872 wurde ein selbst\u00e4ndiger Lehrstuhl f\u00fcr Physiologie eingerichtet, an dessen Spitze Lajos Tanhoffer (1943-1919), Doktor der Medizin, gestellt wurde.<br \/> Tanhoffer brachte die experimentelle Richtung in die veterin\u00e4rmedizinische Physiologie und dadurch in die einheimische Tiermedizin. Sein vergleichendes Physiologie-Buch von 700 Seiten mit seinen wundersch\u00f6nen Illustrationen wurde sowohl auf Ungarisch (1883) als auch auf Deutsch ver\u00f6ffentlicht, mit gro\u00dfem Erfolg.<br \/> Er stand bis 1890 an der Spitze des Lehrstuhls.<\/p> <p>Darauffolgend unterrichteten Imre Reg\u00e9czy Nagy, Doktor der Medizin, dann S\u00e1ndor Kor\u00e1nyi, Doktor der Medizin, (1891-1892) das Fach Physiologie, sp\u00e4ter, 1892, \u00fcbernahm Ferenc Tangl, Doktor der Medizin, die Leitung des Lehrstuhls. Zu seiner Zeit wurden die Forschungen am Lehrstuhl intensiviert.<\/p> <p>1908 folgte ihm G\u00e9za Farkas an der Spitze des Lehrstuhls. Im gleichen Jahr wurde das Geb\u00e4ude umgebaut, es erhielt ein zus\u00e4tzliches Stockwerk.<\/p> <p>Sein Nachfolger wurde Professor Dezs\u0151 Dese\u0151 1922, der den Unterricht der Histologie in den Mittelpunkt stellte.<\/p> <p>1948 wurde Professor P\u00e9ter B\u00e1lint, Doktor der Medizin, zum Lehrstuhlleiter ernannt. In dieser Zeit wurde der Unterricht der Histologie und der Physiologie voneinander getrennt. Die physiologische Chemie erhielt einen besonderen Stellenwert.<br \/> 1950 wurde er zum Leiter des Physiologischen Instituts der Universit\u00e4t f\u00fcr Medizin ernannt.<\/p> <p>Von 1950 bis 1952 war Ern\u0151 Gyarmati, Doktor der Medizin und der Tiermedizin, Leiter des Physiologischen Instituts.<\/p> <p>1952 trat in Person von Armand Kem\u00e9ny zum ersten Mal ein Doktor der Tiermedizin an die Spitze des Instituts. Er leitete den Lehrstuhl bis 1973. Mit seinem Namen ist das Lehrbuch \u201ePhysiologie \u2013 f\u00fcr Studenten der Veterin\u00e4rmedizin und f\u00fcr Tier\u00e4rzte\u201c verbunden, das 1966 ver\u00f6ffentlicht wurde. Er erkannte, dass die Biochemie als selbst\u00e4ndige Disziplin behandelt werden muss. In diesem Sinne schrieb er sein Buch in vollkommenem Einklang mit seinem Lehrbuch f\u00fcr Biochemie (Zsuzsa N.G\u00e1sp\u00e1r), das ebenfalls am Lehrstuhl geschrieben wurde. Das Fach Biochemie wurde von B\u00e9la Lajos T\u00f3th bis 1973 unterrichtet, dann \u00fcbernahm Professor Ferenc Kutas diese Aufgabe bis 1996, und ab 1996 bis 2012 unterrichtete Tam\u00e1s Veresegyh\u00e1zy das Fach auf hohem Niveau. In unserer Zeit unterrichten Zsuzsanna Neogr\u00e1dy und G\u00e1bor M\u00e1tis das Fach Biochemie.<\/p> <p>Von 1973-1990 leitete Gy\u00f6rgy Pethes den Lehrstuhl. Er baute in Europa das erste veterin\u00e4rmedizinische Radioisotopen-Forschungslabor der Stufe B auf. Er f\u00fchrte moderne radioimmuno-analytische Methoden ein.<\/p> <p>Von 1990-2006 stand Professor P\u00e9ter Rudas an der Spitze des Lehrstuhls. Er war ein herausragender Professor in der Fakult\u00e4t, eine Koryph\u00e4e des Fachs, ein sowohl in Ungarn als auch international anerkannter Lehrer auf seinem wissenschaftlichen Gebiet, eine Pers\u00f6nlichkeit, die auch eine Schule gr\u00fcndete. Er erntete auch auf internationalem Niveau gro\u00dfe Anerkennung durch die Einf\u00fchrung des Fachs Physiologie im Multimedia-System und durch die Erstellung der damit verbundenen CDs.<\/p> <p>Seit 2006 bis heute leitet L\u00e1szl\u00f3 Freny\u00f3 Vilmos den Lehrstuhl. Er legt beim Unterricht des Fachs gro\u00dfen Wert darauf, dass von der konventionellen \u00dcbertragung des Wissens mit digitalen L\u00f6sungen immer mehr zu Interaktivit\u00e4t \u00fcbergangen wird. Er war mehrere Jahre lang Rektor der Universit\u00e4t f\u00fcr Veterin\u00e4rmedizin.<br \/> Er bekleidet \u00c4mter in zahlreichen hochrangigen ausl\u00e4ndischen und einheimischen wissenschaftlichen, beruflichen und gesellschaftlichen Organisationen (Ungarische Rektorenkonferenz, UNESCO, Seminar Salzburg).<\/p> <p>Obwohl zur Zeit des Wirkens von Lajos Hoffner (1826-1841) auf dem Lehrplan die Anatomie und Physiologie aufgef\u00fchrt sind, von einem tats\u00e4chlichen Unterricht der Physiologie k\u00f6nnen wir erst in sp\u00e4teren Zeiten sprechen.<\/p> <\/div> <p>&nbsp;<\/p> <p>&nbsp;<\/p> <p>Lehrstuhlleiter, Dozenten<\/p> <p>Physiologie:<br \/> J\u00f3zsef Hoffner 1826-1841<br \/> Vilmos Zlam\u00e1l 1841-1846<br \/> Alajos Szab\u00f3 1846-1872<br \/> Lajos Thanhoffer 1872-1890<br \/> Imre Reg\u00e9czy Nagy 1890<br \/> S\u00e1ndor Kor\u00e1nyi 1891<br \/> Ferenc Tangl 1892-1903<br \/> G\u00e9za Farkas 1903-1922<br \/> Dezs\u0151 Dese\u0151 1922-1948<br \/> P\u00e9ter B\u00e1lint 1948-1950<br \/> Gyarmati Ern\u0151 1950-1952<br \/> Armand Kem\u00e9ny 1951-1973<br \/> Gy\u00f6rgy Pethes 1973-1990<br \/> P\u00e9ter Rudas 1990-2006<br \/> L\u00e1szl\u00f3 Freny\u00f3 V. 2006-<\/p> <p>Biochemie:<br \/> Bal\u00e1zs Juh\u00e1sz 1951-1953<br \/> Zsuzsa N. G\u00e1sp\u00e1r 1953-1965<br \/> B\u00e9la Lajos T\u00f3th 1965-1973<br \/> Ferenc Kutas 1973-1996<br \/> Tam\u00e1s Veresegyh\u00e1zy 1996-2012<br \/> Zsuzsanna Neogr\u00e1dy 2012-<\/p>","protected":false},"excerpt":{"rendered":"<p>Geschichte des Lehrstuhls f\u00fcr Physiologie 1872 wurde ein selbst\u00e4ndiger Lehrstuhl f\u00fcr Physiologie eingerichtet, an dessen Spitze Lajos Tanhoffer (1943-1919), Doktor der Medizin, gestellt wurde. Tanhoffer brachte die experimentelle Richtung in die veterin\u00e4rmedizinische Physiologie und dadurch in die einheimische Tiermedizin. Sein vergleichendes Physiologie-Buch von 700 Seiten mit seinen wundersch\u00f6nen Illustrationen wurde sowohl auf Ungarisch (1883) als<\/p>\n","protected":false},"author":3837,"featured_media":0,"parent":0,"menu_order":77,"comment_status":"closed","ping_status":"closed","template":"","meta":{"_acf_changed":false,"footnotes":""},"categories":[],"tags":[],"class_list":["post-72895","page","type-page","status-publish","hentry"],"acf":[],"yoast_head":"<!-- This site is optimized with the Yoast SEO plugin v27.2 - https:\/\/yoast.com\/product\/yoast-seo-wordpress\/ -->\n<title>Lehrstuhl f\u00fcr Physiologie und Biochemie - Lehrstuhl f\u00fcr Physiologie und Biochemie<\/title>\n<meta name=\"robots\" content=\"index, follow, max-snippet:-1, max-image-preview:large, max-video-preview:-1\" \/>\n<link rel=\"canonical\" href=\"https:\/\/univet.hu\/ebt\/de\/\" \/>\n<meta property=\"og:locale\" content=\"de_DE\" \/>\n<meta property=\"og:type\" content=\"article\" \/>\n<meta property=\"og:title\" content=\"Lehrstuhl f\u00fcr Physiologie und Biochemie - Lehrstuhl f\u00fcr Physiologie und Biochemie\" \/>\n<meta property=\"og:description\" content=\"Geschichte des Lehrstuhls f\u00fcr Physiologie 1872 wurde ein selbst\u00e4ndiger Lehrstuhl f\u00fcr Physiologie eingerichtet, an dessen Spitze Lajos Tanhoffer (1943-1919), Doktor der Medizin, gestellt wurde. Tanhoffer brachte die experimentelle Richtung in die veterin\u00e4rmedizinische Physiologie und dadurch in die einheimische Tiermedizin. Sein vergleichendes Physiologie-Buch von 700 Seiten mit seinen wundersch\u00f6nen Illustrationen wurde sowohl auf Ungarisch (1883) als\" \/>\n<meta property=\"og:url\" content=\"https:\/\/univet.hu\/ebt\/de\/\" \/>\n<meta property=\"og:site_name\" content=\"Lehrstuhl f\u00fcr Physiologie und Biochemie\" \/>\n<meta property=\"article:modified_time\" content=\"2025-03-20T12:19:56+00:00\" \/>\n<meta name=\"twitter:card\" content=\"summary_large_image\" \/>\n<meta name=\"twitter:label1\" content=\"Gesch\u00e4tzte Lesezeit\" \/>\n\t<meta name=\"twitter:data1\" content=\"4\u00a0Minuten\" \/>\n<script type=\"application\/ld+json\" class=\"yoast-schema-graph\">{\"@context\":\"https:\/\/schema.org\",\"@graph\":[{\"@type\":\"WebPage\",\"@id\":\"https:\/\/univet.hu\/ebt\/de\/\",\"url\":\"https:\/\/univet.hu\/ebt\/de\/\",\"name\":\"Lehrstuhl f\u00fcr Physiologie und Biochemie - Lehrstuhl f\u00fcr Physiologie und Biochemie\",\"isPartOf\":{\"@id\":\"https:\/\/univet.hu\/ebt\/#website\"},\"datePublished\":\"2018-10-02T18:39:46+00:00\",\"dateModified\":\"2025-03-20T12:19:56+00:00\",\"breadcrumb\":{\"@id\":\"https:\/\/univet.hu\/ebt\/de\/#breadcrumb\"},\"inLanguage\":\"de\",\"potentialAction\":[{\"@type\":\"ReadAction\",\"target\":[\"https:\/\/univet.hu\/ebt\/de\/\"]}]},{\"@type\":\"BreadcrumbList\",\"@id\":\"https:\/\/univet.hu\/ebt\/de\/#breadcrumb\",\"itemListElement\":[{\"@type\":\"ListItem\",\"position\":1,\"name\":\"Kezd\u0151lap\",\"item\":\"https:\/\/univet.hu\/ebt\/de\/\"},{\"@type\":\"ListItem\",\"position\":2,\"name\":\"Lehrstuhl f\u00fcr Physiologie und Biochemie\"}]},{\"@type\":\"WebSite\",\"@id\":\"https:\/\/univet.hu\/ebt\/#website\",\"url\":\"https:\/\/univet.hu\/ebt\/\",\"name\":\"\u00c9lettani \u00e9s Biok\u00e9miai Tansz\u00e9k\",\"description\":\"\",\"potentialAction\":[{\"@type\":\"SearchAction\",\"target\":{\"@type\":\"EntryPoint\",\"urlTemplate\":\"https:\/\/univet.hu\/ebt\/?s={search_term_string}\"},\"query-input\":{\"@type\":\"PropertyValueSpecification\",\"valueRequired\":true,\"valueName\":\"search_term_string\"}}],\"inLanguage\":\"de\"}]}<\/script>\n<!-- \/ Yoast SEO plugin. -->","yoast_head_json":{"title":"Lehrstuhl f\u00fcr Physiologie und Biochemie - Lehrstuhl f\u00fcr Physiologie und Biochemie","robots":{"index":"index","follow":"follow","max-snippet":"max-snippet:-1","max-image-preview":"max-image-preview:large","max-video-preview":"max-video-preview:-1"},"canonical":"https:\/\/univet.hu\/ebt\/de\/","og_locale":"de_DE","og_type":"article","og_title":"Lehrstuhl f\u00fcr Physiologie und Biochemie - Lehrstuhl f\u00fcr Physiologie und Biochemie","og_description":"Geschichte des Lehrstuhls f\u00fcr Physiologie 1872 wurde ein selbst\u00e4ndiger Lehrstuhl f\u00fcr Physiologie eingerichtet, an dessen Spitze Lajos Tanhoffer (1943-1919), Doktor der Medizin, gestellt wurde. Tanhoffer brachte die experimentelle Richtung in die veterin\u00e4rmedizinische Physiologie und dadurch in die einheimische Tiermedizin. Sein vergleichendes Physiologie-Buch von 700 Seiten mit seinen wundersch\u00f6nen Illustrationen wurde sowohl auf Ungarisch (1883) als","og_url":"https:\/\/univet.hu\/ebt\/de\/","og_site_name":"Lehrstuhl f\u00fcr Physiologie und Biochemie","article_modified_time":"2025-03-20T12:19:56+00:00","twitter_card":"summary_large_image","twitter_misc":{"Gesch\u00e4tzte Lesezeit":"4\u00a0Minuten"},"schema":{"@context":"https:\/\/schema.org","@graph":[{"@type":"WebPage","@id":"https:\/\/univet.hu\/ebt\/de\/","url":"https:\/\/univet.hu\/ebt\/de\/","name":"Lehrstuhl f\u00fcr Physiologie und Biochemie - Lehrstuhl f\u00fcr Physiologie und Biochemie","isPartOf":{"@id":"https:\/\/univet.hu\/ebt\/#website"},"datePublished":"2018-10-02T18:39:46+00:00","dateModified":"2025-03-20T12:19:56+00:00","breadcrumb":{"@id":"https:\/\/univet.hu\/ebt\/de\/#breadcrumb"},"inLanguage":"de","potentialAction":[{"@type":"ReadAction","target":["https:\/\/univet.hu\/ebt\/de\/"]}]},{"@type":"BreadcrumbList","@id":"https:\/\/univet.hu\/ebt\/de\/#breadcrumb","itemListElement":[{"@type":"ListItem","position":1,"name":"Kezd\u0151lap","item":"https:\/\/univet.hu\/ebt\/de\/"},{"@type":"ListItem","position":2,"name":"Lehrstuhl f\u00fcr Physiologie und Biochemie"}]},{"@type":"WebSite","@id":"https:\/\/univet.hu\/ebt\/#website","url":"https:\/\/univet.hu\/ebt\/","name":"\u00c9lettani \u00e9s Biok\u00e9miai Tansz\u00e9k","description":"","potentialAction":[{"@type":"SearchAction","target":{"@type":"EntryPoint","urlTemplate":"https:\/\/univet.hu\/ebt\/?s={search_term_string}"},"query-input":{"@type":"PropertyValueSpecification","valueRequired":true,"valueName":"search_term_string"}}],"inLanguage":"de"}]}},"_links":{"self":[{"href":"https:\/\/univet.hu\/ebt\/de\/wp-json\/wp\/v2\/pages\/72895","targetHints":{"allow":["GET"]}}],"collection":[{"href":"https:\/\/univet.hu\/ebt\/de\/wp-json\/wp\/v2\/pages"}],"about":[{"href":"https:\/\/univet.hu\/ebt\/de\/wp-json\/wp\/v2\/types\/page"}],"author":[{"embeddable":true,"href":"https:\/\/univet.hu\/ebt\/de\/wp-json\/wp\/v2\/users\/3837"}],"replies":[{"embeddable":true,"href":"https:\/\/univet.hu\/ebt\/de\/wp-json\/wp\/v2\/comments?post=72895"}],"version-history":[{"count":5,"href":"https:\/\/univet.hu\/ebt\/de\/wp-json\/wp\/v2\/pages\/72895\/revisions"}],"predecessor-version":[{"id":134982,"href":"https:\/\/univet.hu\/ebt\/de\/wp-json\/wp\/v2\/pages\/72895\/revisions\/134982"}],"wp:attachment":[{"href":"https:\/\/univet.hu\/ebt\/de\/wp-json\/wp\/v2\/media?parent=72895"}],"wp:term":[{"taxonomy":"category","embeddable":true,"href":"https:\/\/univet.hu\/ebt\/de\/wp-json\/wp\/v2\/categories?post=72895"},{"taxonomy":"post_tag","embeddable":true,"href":"https:\/\/univet.hu\/ebt\/de\/wp-json\/wp\/v2\/tags?post=72895"}],"curies":[{"name":"wp","href":"https:\/\/api.w.org\/{rel}","templated":true}]}}