{"id":84043,"date":"2018-10-01T22:50:26","date_gmt":"2018-10-01T20:50:26","guid":{"rendered":"https:\/\/univet.hu\/ebt\/division-of-physiology\/research\/publikaciok\/"},"modified":"2025-03-28T10:31:54","modified_gmt":"2025-03-28T09:31:54","slug":"publikaciok","status":"publish","type":"page","link":"https:\/\/univet.hu\/ebt\/en\/ebt\/division-of-physiology\/research\/publikaciok\/","title":{"rendered":"Publications"},"content":{"rendered":"<p><span class=\"HwtZe\" lang=\"en\"><span class=\"jCAhz ChMk0b\"><span class=\"ryNqvb\">Our most important publications published in national and international journals in chronological order:<\/span><\/span><\/span><\/p> <p>&nbsp;<\/p> <h3>2007<\/h3> <ul> <li>Zsarnovszky A., Foldvari EG., Ronai Zs., Bartha T., Frenyo VL.: <strong>Oestrogens in the mammalian brain: from conception to adulthood<\/strong>, <em>Acta Vet. Hung.<\/em>. 55(3):333-347, 2007. (IF: 0.646)<\/li> <\/ul> <h3>2008<\/h3> <ul> <li>Vilagi I., Kiss DS., Farkas A., Borbely S., Halasy K., Banoczi Z., Hudecz F., Friedrich P.: <strong>Synthetic calpain activator boosts neuronal excitability without extra Ca<sup>2+<\/sup>,<\/strong> <em>Molecular and Cellular Neurosci<\/em>., 38(4):629-36, 2008. (IF: 3,840)<\/li> <\/ul> <h3>2009<\/h3> <ul> <li>Zsarnovszky A., Bartha T., Frenyo VL., Diano S.:<strong>NTPDases in the neuroendocrine hypothalamus: possible energy regulators of the positive gonadotrophin feedback<\/strong>, <em>Reprod Biol. Endocrinol<\/em>., 7:63, 2009. (IF: 2.147)<br \/> <hr \/> <\/li> <li>Gyorffy A., Sayed-Ahmed A., Zsarnovszky A., Frenyo VL., Decuypere E., Bartha T.: <strong>Effects of energy restriction on thyroid hormone metabolism in chickens<\/strong>, <em>Acta Vet. Hung., <\/em>57(2):319-30, 2009. (IF: 0.646)<br \/> <hr \/> <\/li> <li>Gyorffy A., Keresztes M., Faigl V., Frenyo VL., Kulcsar M., Gaal T., Mezes M., Zsarnovszky A., Huszenicza G., Bartha T.: <strong>Glycogenic induction of thyroid hormone conversion and leptin system activation in the liver of postpartum dairy cows<\/strong>, <em>Acta Vet. Hung.,<\/em> 57(1):139-46, 2009. (IF: 0.646)<br \/> <hr \/> <\/li> <li>Kiss DS., Zsarnovszky A., Horvath K., Gyorffy A., Bartha T., Hazai D., Sotonyi P., Somogyi V., Frenyo VL., Diano S.: <strong>Ecto-nucleoside triphosphate diphosphohydrolase 3 in the ventral and lateral hypothalamic area of female rats: morphological characterization and functional implications<\/strong>, <em>Repr. Biology and Endocr.,<\/em> 7:31, doi: 10.1186\/1477-7827-7-31, 2009. (IF: 2.226)<br \/> <hr \/> <\/li> <li>Horvath K., Gyorffy A., Ronai Zs., Aprily Sz., Zsarnovszky A., Somogyi V., Kiss D., Frenyo VL., Bogenfurst F., Rudas P., * T.: <strong>Hormonal aspects of fatty liver production<\/strong>, <em>Acta Phys. Hung., <\/em>96. 84-85, 2009. (IF: 0.734)<br \/> <hr \/> <\/li> <li>Somogyi V., Gyorffy A., Horvath K., Kiss DS., Zsarnovszky A., Frenyo VL., Bartha T.: <strong>Specificities of liver deiodination in chicken<\/strong>,<em> Acta Phys. Hung.,<\/em> 96(1):126, 2009. (IF: 0.734)<\/li> <\/ul> <h3>2011<\/h3> <ul> <li>Somogyi V., Gyorffy A., Scalise TJ., Kiss DS., Goszleth G., Bartha T., Frenyo VL., Zsarnovszky A.: <strong>Endocrine factors in the hypothalamic regulation of food-intake in females: a review of the physiological roles and interactions of ghrelin, leptin, thyroid hormones, estrogen and insulin<\/strong>, <em>Nutr. Res. Reviews,<\/em> 24(1):132-54, 2011. (IF: 3.912)<br \/> <hr \/> <\/li> <li>M\u00e1ndoki M.: <strong>NOVICE:<\/strong> <strong>observations during the development of an international professional veterinary network<\/strong>, <em>Magyar \u00c1llatorvosok Lapja\/Hungarian Veterinary Journal,<\/em> 133(5):307-314 2011. (IF: 0.646).<br \/> <hr \/> <\/li> <li>Baillie S., Kinnison T., Forrest N., Dale V., Ehlers J., Koch M., M\u00e1ndoki M., Ciobotaru M., de Groot E., Boerboom T., van Beukelen P.: <strong>Developing an online professional network of veterinary education: The NOVICE Project<\/strong>, <em>Journal of Veterinary Medical Education<\/em> 38(4):395-403, 2011. (IF: 1.228)<\/li> <\/ul> <h3>2012<\/h3> <ul> <li>Scalise TJ., Gyorffy A., Toth I., Kiss DS., Somogyi V., Goszleth G., Bartha T., Frenyo VL., Zsarnovszky A.: <strong>Ligand-induced changes in oestrogen and thyroid hormone receptor expression in the developing rat cerebellum: A comparative quantitative PCR and Western blot study<\/strong>, <em>Acta Vet. Hung.,<\/em> 60(2):263-284, 2012. (IF: 0.646)<br \/> <hr \/> <\/li> <li>Kiss DS., Jocsak G., Zsarnovszky A.: <strong>Az inzulin szerepe a t\u00e1pl\u00e1l\u00e9kf\u00f6lv\u00e9tel k\u00f6zponti idegrendszeri szab\u00e1lyoz\u00e1s\u00e1ban<\/strong>, <em>Magyar \u00c1llatorvosok Lapja\/Hungarian Veterinary Journal,<\/em> 134(10):635\u2013640, 2012. (IF: 0.185)<br \/> <hr \/> <\/li> <li>Toth I., Goszleth G., Frenyo VL.: <strong>A t\u00e1pl\u00e1l\u00e9kf\u00f6lv\u00e9tel f\u0151 szab\u00e1lyz\u00f3 molekul\u00e1i: grelin, leptin \u00e9s interakci\u00f3juk<\/strong>, <em>Magyar \u00c1llatorvosok Lapja\/Hungarian Veterinary Journal,<\/em>134(8):504-512, 2012. (IF: 0.185)<\/li> <\/ul> <h3>2014<\/h3> <ul> <li>Toth I., Kiss DS., Goszleth G., Bartha T., Frenyo VL., Naftolin F., Horvath TL., Zsarnovszky A.: <strong>Hypothalamic Sidedness in Mitochondrial Metabolism: New Perspectives<\/strong>, <em>Reprod Sci.<\/em> 21(12):1492-8, 2014. (IF: 2.230)<\/li> <\/ul> <h3>2015<\/h3> <ul> <li>Toth I., Kiss DS., Jocsak G., Somogyi V., Toronyi E., Bartha T., Frenyo VL., Horvath TL., Zsarnovszky A.: <strong>Estrogen- and Satiety State-Dependent Metabolic Lateralization in the Hypothalamus of Female Rats<\/strong>, <em>PLoSONE<\/em>, 10(9):e0137462, 2015. (IF: 3.234)<\/li> <\/ul> <h3>2016<\/h3> <ul> <li>Kiss DS., Toth I., Jocsak G., Sterczer A., Bartha T., Frenyo VL., Zsarnovszky A.: <strong>Preparation of purified perikaryal and synaptosomal mitochondrial fractions from relatively small hypothalamic brain samples<\/strong>, <em>MethodsX, <\/em>3:417\u2013429, 2016. (IF: 1.34)<br \/> <hr \/> <\/li> <li>Jocsak G., Kiss DS., Toth I., Goszleth G., Bartha T., Frenyo LV., Horvath TL., Zsarnovszky A.: <strong>Comparison of Individual and Combined Effects of Four Endocrine Disruptors on Estrogen Receptor Beta Transcription in Cerebellar Cell Culture: The Modulatory Role of Estradiol and Triiodo-Thyronine<\/strong>, <em>Int J Environ Res Public Health<\/em>, 13(6). pii: E619. doi: 10.3390\/ijerph13060619., 2016. (IF: 2.035)<br \/> <hr \/> <\/li> <li>Gyorffy A., Frenyo LV., Nour A.: <strong>New Challenges of Knowledge Transfer in Veterinary Physiology in a Changing Educational Environment: An Overview of Physiology Teaching in USA and Non-USA Colleges and Schools<\/strong>, <em>World Vet J<\/em>, 6(3):166-184, 2016. (IF: 0.57)<br \/> <hr \/> <\/li> <li>Somogyi V., Horvath TL., Toth I., Bartha T., Frenyo VL., Kiss DS., Jocsak G., Kerti A., Naftolin F., Zsarnovszky A.: <strong>Bisphenol A influences oestrogen- and thyroid hormone-regulated thyroid hormone receptor expression in rat cerebellar cell culture<\/strong>, <em>Acta Vet Hung, <\/em>64(4):497-513, 2016. (IF: 0.871)<\/li> <\/ul> <h3>2017<\/h3> <ul> <li>Jocsak G., Kiss DS., Toth I., Barany Z., Zsarnovszky A., Frenyo VL.: <strong>A zearalenon, mint mikotoxin k\u00e1ros hat\u00e1sai az eml\u0151s szervezetben: az ut\u00f3bbi \u00e9vtizedek eredm\u00e9nyeinek r\u00f6vid \u00e1ttekint\u00e9se (Adverse biological effects of the mycotoxin zearalenone in mammals: a review)<\/strong>, <em>Magyar \u00c1llatorvosok Lapja\/Hungarian Veterinary Journal, <\/em>139(1):55-63, 2017<em>.<\/em> (IF: 0.185)<br \/> <hr \/> <\/li> <li>Barany Z., Sterczer A., Jocsak G., Frenyo VL., Kiss DS.: <strong>A hepaticus encephalopathia k\u00f3roktana, k\u00f3rfejl\u0151d\u00e9s\u00e9nek \u00fajabb szempontjai (The etiology and some new pathophysiological aspects of hepatic encephalopathy)<\/strong>, <em>Magyar \u00c1llatorvosok Lapj\/Hungarian Veterinary Journal, <\/em>139(3):157-168, 2017<em>. <\/em>(IF: 0.185)<br \/> <hr \/> <\/li> <li>Toth I., Kiss DS., Frenyo VL., Zsarnovszky A.: <strong>A reprodukci\u00f3 \u00e9s t\u00e1pl\u00e1l\u00e9kfelv\u00e9tel centr\u00e1lis ir\u00e1ny\u00edt\u00e1sa: a hipotalamusz aszimmetrikus m\u0171k\u00f6d\u00e9se (Central regulation of reproduction and food-intake: asymmetry of the hypothalamus)<\/strong>, <em>Magyar \u00c1llatorvosok Lapja\/Hungarian Veterinary Journal, <\/em>139(4):681-693, 2017<em>.<\/em> (IF: 0.185)<br \/> <hr \/> <\/li> <li>Duijn C.C.M.A., Welink L.S., Mandoki M., Cate O.T.J.T, Kremer W.D.J., Bok H.G.J.: <strong>Am I ready for it? Students\u2019 perceptions of meaningful feedback on entrustable professional activities<\/strong>, <em>Perspect Med. Educ.<\/em>, 6(4):256-264, 2017. (IF: 2.27)<br \/> <hr \/> <\/li> <li>Kleinsorgen C., Kankofer M., Gradzki Z., Mandoki M., Bartha T., von K\u00f6ckritz-Blickwede M., Naim H.Y., Beyerbach M., Tipold A., Ehlers J.P.: <strong>Utilization and acceptance of virtual patients in veterinary basic sciences &#8211; the vetVIP-project<\/strong>; <em>GMS Journal for Medical Education<\/em> 34(2):Doc19. doi: 10.3205\/zma001096, 2017. (IF: 6.251)<\/li> <\/ul> <h3>2018<\/h3> <ul> <li>Zsarnovszky A., Kiss DS., Jocsak G., Nemeth G.; Toth I., Horvath TL.: <strong>Thyroid hormone- and estrogen receptor interactions with natural ligands and endocrine disruptors in the cerebellum<\/strong>, <em>Frontiers in Neuroendocrinology,<\/em> 48:23-36, 2018. (IF: 9.425)<br \/> <hr \/> <\/li> <li>Kiss DS., Ioja E., Toth I., Barany Z., Jocsak G., Bartha T., Horvath TL., Zsarnovszky A.: <strong>Comparative analysis of zearalenone effects on thyroid receptor alpha (TR\u03b1) and beta (TR\u03b2) expression in rat primary cerebellar cell cultures<\/strong>, <em>International Journal of Molecular Sciences, <\/em>19(5). pii: E1440. doi: 10.3390\/ijms19051440, 2018. (IF: 3.226)<br \/> <hr \/> <\/li> <li>Toth I., Jocsak G., Szilasi A., Kiss DS., Barany Z., Bartha T., Mandoki M.: <strong>\u00c1llatorvostudom\u00e1nyok oktat\u00e1sa a digit\u00e1lis korszakban (Teaching veterinary medicine in the digital age)<\/strong>, <em>Magyar \u00c1llatorvosok Lapja\/Hungarian Veterinary Journal, <\/em>140(4):697-703, 2018. (IF: 0.185)<\/li> <\/ul> <h3>2019<\/h3> <ul> <li>Gyorffy A., Frenyo VL., Nour A.: <strong>A Review of Some Innovative Teaching Concepts and Methods Used in the Field of Veterinary Medical Education<\/strong>, <em>Dairy and Vet Sci J.,<\/em> 8(5): 555749. DOI: 10.19080\/JDVS.2019.08.555749, 2019. (IF: 0.573)<br \/> <hr \/> <\/li> <li>Jocsak G., Ioja E, Kiss DS., Toth I., Barany Z., Bartha T., Frenyo VL., Zsarnovszky A.: <strong>Endocrine Disruptors Induced Distinct Expression of Thyroid and Estrogen Receptors in Rat versus Mouse Primary Cerebellar Cell Cultures<\/strong>, <em>Brain Sci., <\/em>9(12): 359, 2019. (IF: 2.786)<\/li> <\/ul> <h3>2020<\/h3> <ul> <li>Kiss DS., Toth I., Jocsak G., Bartha T., Frenyo VL., Barany Z., Horvath TL., Zsarnovszky A.: <strong>Metabolic lateralization in the hypothalamus of male rats related to reproductive and satiety states<\/strong>. <em>Reprod Sci.,<\/em> 27(5): 1197\u20131205, DOI: 10.1007\/s43032-019-00131-3, 2020. (IF: 2.559)<br \/> <hr \/> <\/li> <li>Kiss DS., Toth I., Jocsak G., Barany Z., Barha T., Frenyo VL., Horvath TL., Zsarnovszky A..: <strong>Functional aspects of hypothalamic asymmetry<\/strong>. <em>Brain Sci.,<\/em> 10(6): 389, DOI: 10.3390\/brainsci10060389, 2020. (IF: 3.332)<\/li> <\/ul> <h3>2021<\/h3> <ul> <li>Barany Z., Toth I., J\u00f3cs\u00e1k G., Freny\u00f3 VL., Bartha T., Sterczer A., Kiss DS.:<strong> Differential production of interleukin-6 and tumor necrosis factor-\u03b1 in primary rat astrocyte cultures using two distinct methods of microglia elimination<\/strong>, <em>Clinical and Experimental Neuroimmunology<\/em>, 12(5), DOI:10.1111\/cen3.12650, 2021. (IF: 0.673)<\/li> <\/ul> <h3>2022<\/h3> <ul> <li>Zigo F., Farka\u0161ov\u00e1 Z., V\u00fdrostkov\u00e1 J., Regecov\u00e1 I., Ondra\u0161ovi\u010dov\u00e1 S., Vargov\u00e1 M., Sas\u00e1kov\u00e1 N., Pecka-Kielb E., Bursov\u00e1 \u0160., Kiss DS.: <strong>Dairy cows\u2019 udder pathogens and occurrence of virulence factors in Staphylococci, <\/strong><em>Animals<\/em> 12(4): 470, DOI:10.3390\/ani12040470, 2022. (IF: 1.654)<br \/> <hr \/> <\/li> <li>Zigo F., Farka\u0161ov\u00e1 Z., Ondra\u0161ovi\u010dov\u00e1 S., Pecka-Kielb E., Kiss DS.: <strong>Occurrence and prevention of mastitis in dairy farms situated in marginal regions<\/strong>, <em>published by ElivaPress<\/em>, Chi\u0219in\u0103u, Moldova, ISBN: 978-1636486369, p. 147, 2022.<br \/> <hr \/> <\/li> <li>Zsarnovszky A., Szabo Cs., Yersain K., Kiss DS.: <strong>A m\u00e1gness\u00e9g \u00e9s az elektrom\u00e1gneses mez\u0151 \u00e1llati sejtekre kifejtett hat\u00e1sai: R\u00f6vid \u00e1ttekint\u00e9s\/<\/strong><strong> Effects of magnetism and electromagnetic fields on animals: A short review<\/strong>, <em>Magyar \u00c1llatorvosok Lapja\/Hungarian Veterinary Journal<\/em>, 2022(12): 747-767, 2022. (IF: 0.236, <strong>Q4<\/strong>)<\/li> <\/ul> <h3>2024<\/h3> <ul> <li>Nemeth K., Sterczer A.*, Kiss DS., Lanyi RK., Hemzo V., Vamos K., Bartha T., Buzas A., Lanyi K.: <strong>Determination of bile acids in canine biological samples: diagnostic significance, <\/strong><em>Metabolite,<\/em> 14(4): 178, DOI: 10.3390\/metabo14040178, 2024. (IF: 4.932, <strong>Q2<\/strong>)<br \/> <hr \/> <\/li> <li>Alymbaeva D., Szabo Cs., Jocsak G.*, Bartha T., Zsarnovszky A., Kovago Cs., Ondrasovicova S., Kiss DS.: <strong>Analysis of arsenic-modulated expression of hypothalamic estrogen receptor, thyroid receptor, and peroxisome proliferator-activated receptor gamma mRNA and simultaneous mitochondrial morphology and respiration rates in the mouse, <\/strong><em>PLoSONE<\/em>, 19(5): e0303528, DOI: 10.1371\/journal.pone.0303528, 2024. (IF: 3.700, <strong>Q1<\/strong>)<br \/> <hr \/> <\/li> <li>Schilling-Toth BM., Belcher SM., Knotz J., Ondra\u0161ovi\u010dova S., Bartha T., Toth I., Zsarnovszky A.*, Kiss DS.: <strong>Temperature-dependent sex determination in crocodilians and climate challenges, <\/strong><em>Animals,<\/em> 14(13), 2015, DOI: 10.3390\/ani14132015, 2024. (IF: 3.000, <strong>Q1<\/strong>)<br \/> <hr \/> <\/li> <li>Kiss, D.S., Toth, I.*, Bartha, T., Jerzsele A., Zsarnovszky A., Pasztine Gere E., Ondrasovicova S., Varro P., Kovago Cs.: <strong>Effects of metal oxide inhalation on the transcription of some hormone receptors in the brain, examined in an in vivo mouse model, <\/strong><em>Environ Sci Pollut Res., 31, 51834\u201351843<\/em>, DOI: 10.1007\/s11356-024-34425-0, 2024. (IF: 5.800, <strong>Q1<\/strong>)<br \/> <hr \/> <\/li> <li>Lanyi K., Kiss DS.*, Suth M., Nemeth K., Sterczer A.: <strong>A novel approach to quantitative profiling of bile acids in dog blood serum by means triple quadruple LC-MS\/MS: a step-by-step method optimization, <\/strong><em>Microchemical Journal<\/em>, 208:112495, DOI: 10.1016\/j.microc.2024.112495, 2024. (IF:4.9, <strong>Q1<\/strong>)<br \/> <hr \/> <\/li> <li>Zsarnovszky A.*, Alymbaeva D., Jocsak G., Szabo C., Schilling-Toth B.M., Kiss D.S.: <strong>Endocrine disrupting effects on morphological synaptic plasticity<\/strong>.<em> Front Neuroendocrinol, <\/em>75:101157, DOI: 10.1016\/j.yfrne.2024.101157, 2024. (IF: 6.5, <strong>D1<\/strong>)<\/li> <\/ul> <h3>2025<\/h3> <ul> <li>Zsarnovszky A.*, Kiss D.S., Alymbaeva D.: <strong>Estrogenic and thyroid regulations in mammals are under chemical attack in the third millennium<\/strong>.<em> Generis Publishing,<\/em> ISBN: 979-8-89248-847-1, 186p, 2025<br \/> <hr \/> <\/li> <li>Nemeth K.,Sterczer A., Lanyi K., Kiss D.S.: <strong>Kuty\u00e1k epesavprofil-meghat\u00e1roz\u00e1s\u00e1nak diagnosztikai \u00e9s ter\u00e1pi\u00e1s vonatkoz\u00e1sai I. (Diagnostic and therapeutic relevance of canine bile acid profile determination),<\/strong> <em>Magyar \u00c1llatorvosok Lapja\/Hungarian Veterinary Journal,<\/em>147(1):11-30, DOI:10.56385\/magyallorv.2025.01.11-30, 2025 (IF: 0.3, <strong>Q4<\/strong>)<\/li> <\/ul>","protected":false},"excerpt":{"rendered":"<p>Our most important publications published in national and international journals in chronological order: &nbsp; 2007 Zsarnovszky A., Foldvari EG., Ronai Zs., Bartha T., Frenyo VL.: Oestrogens in the mammalian brain: from conception to adulthood, Acta Vet. Hung.. 55(3):333-347, 2007. (IF: 0.646) 2008 Vilagi I., Kiss DS., Farkas A., Borbely S., Halasy K., Banoczi Z., Hudecz<\/p>\n","protected":false},"author":3837,"featured_media":0,"parent":69946,"menu_order":77,"comment_status":"closed","ping_status":"closed","template":"","meta":{"_acf_changed":false,"footnotes":""},"categories":[],"tags":[],"class_list":["post-84043","page","type-page","status-publish","hentry"],"acf":[],"yoast_head":"<!-- This site is optimized with the Yoast SEO plugin v27.2 - https:\/\/yoast.com\/product\/yoast-seo-wordpress\/ -->\n<title>Publications - Department of Physiology and Biochemistry<\/title>\n<meta name=\"robots\" content=\"index, follow, max-snippet:-1, max-image-preview:large, max-video-preview:-1\" \/>\n<link rel=\"canonical\" href=\"https:\/\/univet.hu\/ebt\/en\/ebt\/division-of-physiology\/research\/publikaciok\/\" \/>\n<meta property=\"og:locale\" content=\"en_US\" \/>\n<meta property=\"og:type\" content=\"article\" \/>\n<meta property=\"og:title\" content=\"Publications - Department of Physiology and Biochemistry\" \/>\n<meta property=\"og:description\" content=\"Our most important publications published in national and international journals in chronological order: &nbsp; 2007 Zsarnovszky A., Foldvari EG., Ronai Zs., Bartha T., Frenyo VL.: Oestrogens in the mammalian brain: from conception to adulthood, Acta Vet. Hung.. 55(3):333-347, 2007. (IF: 0.646) 2008 Vilagi I., Kiss DS., Farkas A., Borbely S., Halasy K., Banoczi Z., Hudecz\" \/>\n<meta property=\"og:url\" content=\"https:\/\/univet.hu\/ebt\/en\/ebt\/division-of-physiology\/research\/publikaciok\/\" \/>\n<meta property=\"og:site_name\" content=\"Department of Physiology and Biochemistry\" \/>\n<meta property=\"article:modified_time\" content=\"2025-03-28T09:31:54+00:00\" \/>\n<meta name=\"twitter:card\" content=\"summary_large_image\" \/>\n<meta name=\"twitter:label1\" content=\"Est. reading time\" \/>\n\t<meta name=\"twitter:data1\" content=\"10 minutes\" \/>\n<script type=\"application\/ld+json\" class=\"yoast-schema-graph\">{\"@context\":\"https:\/\/schema.org\",\"@graph\":[{\"@type\":\"WebPage\",\"@id\":\"https:\/\/univet.hu\/ebt\/en\/ebt\/division-of-physiology\/research\/publikaciok\/\",\"url\":\"https:\/\/univet.hu\/ebt\/en\/ebt\/division-of-physiology\/research\/publikaciok\/\",\"name\":\"Publications - Department of Physiology and Biochemistry\",\"isPartOf\":{\"@id\":\"https:\/\/univet.hu\/ebt\/#website\"},\"datePublished\":\"2018-10-01T20:50:26+00:00\",\"dateModified\":\"2025-03-28T09:31:54+00:00\",\"breadcrumb\":{\"@id\":\"https:\/\/univet.hu\/ebt\/en\/ebt\/division-of-physiology\/research\/publikaciok\/#breadcrumb\"},\"inLanguage\":\"en-US\",\"potentialAction\":[{\"@type\":\"ReadAction\",\"target\":[\"https:\/\/univet.hu\/ebt\/en\/ebt\/division-of-physiology\/research\/publikaciok\/\"]}]},{\"@type\":\"BreadcrumbList\",\"@id\":\"https:\/\/univet.hu\/ebt\/en\/ebt\/division-of-physiology\/research\/publikaciok\/#breadcrumb\",\"itemListElement\":[{\"@type\":\"ListItem\",\"position\":1,\"name\":\"Kezd\u0151lap\",\"item\":\"https:\/\/univet.hu\/ebt\/en\/\"},{\"@type\":\"ListItem\",\"position\":2,\"name\":\"Departmen of Physiology and Biochemistry\",\"item\":\"https:\/\/univet.hu\/ebt\/en\/\"},{\"@type\":\"ListItem\",\"position\":3,\"name\":\"Division of Physiology\",\"item\":\"https:\/\/univet.hu\/ebt\/en\/ebt\/division-of-physiology\/\"},{\"@type\":\"ListItem\",\"position\":4,\"name\":\"Research\",\"item\":\"https:\/\/univet.hu\/ebt\/en\/ebt\/division-of-physiology\/research\/\"},{\"@type\":\"ListItem\",\"position\":5,\"name\":\"Publications\"}]},{\"@type\":\"WebSite\",\"@id\":\"https:\/\/univet.hu\/ebt\/#website\",\"url\":\"https:\/\/univet.hu\/ebt\/\",\"name\":\"\u00c9lettani \u00e9s Biok\u00e9miai Tansz\u00e9k\",\"description\":\"\",\"potentialAction\":[{\"@type\":\"SearchAction\",\"target\":{\"@type\":\"EntryPoint\",\"urlTemplate\":\"https:\/\/univet.hu\/ebt\/?s={search_term_string}\"},\"query-input\":{\"@type\":\"PropertyValueSpecification\",\"valueRequired\":true,\"valueName\":\"search_term_string\"}}],\"inLanguage\":\"en-US\"}]}<\/script>\n<!-- \/ Yoast SEO plugin. -->","yoast_head_json":{"title":"Publications - Department of Physiology and Biochemistry","robots":{"index":"index","follow":"follow","max-snippet":"max-snippet:-1","max-image-preview":"max-image-preview:large","max-video-preview":"max-video-preview:-1"},"canonical":"https:\/\/univet.hu\/ebt\/en\/ebt\/division-of-physiology\/research\/publikaciok\/","og_locale":"en_US","og_type":"article","og_title":"Publications - Department of Physiology and Biochemistry","og_description":"Our most important publications published in national and international journals in chronological order: &nbsp; 2007 Zsarnovszky A., Foldvari EG., Ronai Zs., Bartha T., Frenyo VL.: Oestrogens in the mammalian brain: from conception to adulthood, Acta Vet. Hung.. 55(3):333-347, 2007. (IF: 0.646) 2008 Vilagi I., Kiss DS., Farkas A., Borbely S., Halasy K., Banoczi Z., Hudecz","og_url":"https:\/\/univet.hu\/ebt\/en\/ebt\/division-of-physiology\/research\/publikaciok\/","og_site_name":"Department of Physiology and Biochemistry","article_modified_time":"2025-03-28T09:31:54+00:00","twitter_card":"summary_large_image","twitter_misc":{"Est. reading time":"10 minutes"},"schema":{"@context":"https:\/\/schema.org","@graph":[{"@type":"WebPage","@id":"https:\/\/univet.hu\/ebt\/en\/ebt\/division-of-physiology\/research\/publikaciok\/","url":"https:\/\/univet.hu\/ebt\/en\/ebt\/division-of-physiology\/research\/publikaciok\/","name":"Publications - Department of Physiology and Biochemistry","isPartOf":{"@id":"https:\/\/univet.hu\/ebt\/#website"},"datePublished":"2018-10-01T20:50:26+00:00","dateModified":"2025-03-28T09:31:54+00:00","breadcrumb":{"@id":"https:\/\/univet.hu\/ebt\/en\/ebt\/division-of-physiology\/research\/publikaciok\/#breadcrumb"},"inLanguage":"en-US","potentialAction":[{"@type":"ReadAction","target":["https:\/\/univet.hu\/ebt\/en\/ebt\/division-of-physiology\/research\/publikaciok\/"]}]},{"@type":"BreadcrumbList","@id":"https:\/\/univet.hu\/ebt\/en\/ebt\/division-of-physiology\/research\/publikaciok\/#breadcrumb","itemListElement":[{"@type":"ListItem","position":1,"name":"Kezd\u0151lap","item":"https:\/\/univet.hu\/ebt\/en\/"},{"@type":"ListItem","position":2,"name":"Departmen of Physiology and Biochemistry","item":"https:\/\/univet.hu\/ebt\/en\/"},{"@type":"ListItem","position":3,"name":"Division of Physiology","item":"https:\/\/univet.hu\/ebt\/en\/ebt\/division-of-physiology\/"},{"@type":"ListItem","position":4,"name":"Research","item":"https:\/\/univet.hu\/ebt\/en\/ebt\/division-of-physiology\/research\/"},{"@type":"ListItem","position":5,"name":"Publications"}]},{"@type":"WebSite","@id":"https:\/\/univet.hu\/ebt\/#website","url":"https:\/\/univet.hu\/ebt\/","name":"\u00c9lettani \u00e9s Biok\u00e9miai Tansz\u00e9k","description":"","potentialAction":[{"@type":"SearchAction","target":{"@type":"EntryPoint","urlTemplate":"https:\/\/univet.hu\/ebt\/?s={search_term_string}"},"query-input":{"@type":"PropertyValueSpecification","valueRequired":true,"valueName":"search_term_string"}}],"inLanguage":"en-US"}]}},"_links":{"self":[{"href":"https:\/\/univet.hu\/ebt\/en\/wp-json\/wp\/v2\/pages\/84043","targetHints":{"allow":["GET"]}}],"collection":[{"href":"https:\/\/univet.hu\/ebt\/en\/wp-json\/wp\/v2\/pages"}],"about":[{"href":"https:\/\/univet.hu\/ebt\/en\/wp-json\/wp\/v2\/types\/page"}],"author":[{"embeddable":true,"href":"https:\/\/univet.hu\/ebt\/en\/wp-json\/wp\/v2\/users\/3837"}],"replies":[{"embeddable":true,"href":"https:\/\/univet.hu\/ebt\/en\/wp-json\/wp\/v2\/comments?post=84043"}],"version-history":[{"count":2,"href":"https:\/\/univet.hu\/ebt\/en\/wp-json\/wp\/v2\/pages\/84043\/revisions"}],"predecessor-version":[{"id":135061,"href":"https:\/\/univet.hu\/ebt\/en\/wp-json\/wp\/v2\/pages\/84043\/revisions\/135061"}],"up":[{"embeddable":true,"href":"https:\/\/univet.hu\/ebt\/en\/wp-json\/wp\/v2\/pages\/69946"}],"wp:attachment":[{"href":"https:\/\/univet.hu\/ebt\/en\/wp-json\/wp\/v2\/media?parent=84043"}],"wp:term":[{"taxonomy":"category","embeddable":true,"href":"https:\/\/univet.hu\/ebt\/en\/wp-json\/wp\/v2\/categories?post=84043"},{"taxonomy":"post_tag","embeddable":true,"href":"https:\/\/univet.hu\/ebt\/en\/wp-json\/wp\/v2\/tags?post=84043"}],"curies":[{"name":"wp","href":"https:\/\/api.w.org\/{rel}","templated":true}]}}