{"id":134925,"date":"2025-02-04T13:48:19","date_gmt":"2025-02-04T12:48:19","guid":{"rendered":"https:\/\/univet.hu\/ebt\/?page_id=134925"},"modified":"2025-02-04T13:57:38","modified_gmt":"2025-02-04T12:57:38","slug":"bemutatkozas","status":"publish","type":"page","link":"https:\/\/univet.hu\/ebt\/bemutatkozas\/","title":{"rendered":"Bemutatkoz\u00e1s"},"content":{"rendered":"<h2>Az egys\u00e9g t\u00f6rt\u00e9nete<\/h2> <p>AZ \u00c9LETTANI \u00c9S BIOK\u00c9MIAI TANSZ\u00c9K T\u00d6RT\u00c9NETE<\/p> <p>Tansz\u00e9kvezet\u0151k, el\u0151ad\u00f3k<\/p> <p>\u00c9lettan:<br \/> Hoffner J\u00f3zsef 1826-1841<br \/> Zlam\u00e1l Vilmos 1841-1846<br \/> Szab\u00f3 Alajos 1846-1872<br \/> Thanhoffer Lajos 1872-1890<br \/> Reg\u00e9czy Nagy Imre 1890<br \/> Kor\u00e1nyi S\u00e1ndor 1891<br \/> Tangl Ferenc 1892-1903<br \/> Farkas G\u00e9za 1903-1922<br \/> Dese\u0151 Dezs\u0151 1922-1948<br \/> B\u00e1lint P\u00e9ter 1948-1950<br \/> Gyarmati Ern\u0151 1950-1952<br \/> Kem\u00e9ny Armand 1951-1973<br \/> Pethes Gy\u00f6rgy 1973-1990<br \/> Rudas P\u00e9ter 1990-2006<br \/> Freny\u00f3 V. L\u00e1szl\u00f3 2006-<\/p> <p>Biok\u00e9mia:<br \/> Juh\u00e1sz Bal\u00e1zs 1951-1953<br \/> N. G\u00e1sp\u00e1r Zsuzsa 1953-1965<br \/> T\u00f3th B\u00e9la Lajos 1965-1973<br \/> Kutas Ferenc 1973-1996<br \/> Veresegyh\u00e1zy Tam\u00e1s 1996-2012<br \/> Neogr\u00e1dy Zsuzsanna 2012-<\/p> <p>Az \u00c9lettani tansz\u00e9k t\u00f6rt\u00e9nete<\/p> <p>1872-ben szerveztek \u00f6n\u00e1ll\u00f3 tansz\u00e9ket a physiologia sz\u00e1m\u00e1ra, \u00e9s annak \u00e9l\u00e9re Tanhoffer Lajos (1943-1919) orvosdoktort nevezt\u00e9k ki.<br \/> Tanhoffer a k\u00eds\u00e9rletes ir\u00e1nyt hozta az \u00e1llatorvosi \u00e9lettanba \u00e9s ezen kereszt\u00fcl a hazai \u00e1llatorvos-tudom\u00e1nyba. Gy\u00f6ny\u00f6r\u0171 rajzaival illusztr\u00e1lt 700 oldalas \u00f6sszehasonl\u00edt\u00f3 \u00e9lettan k\u00f6nyve magyar nyelven (1883) \u00e9s n\u00e9met nyelven is megjelent nagy sikert aratva.<br \/> 1890-ig \u00e1llt a tansz\u00e9k \u00e9l\u00e9n.<\/p> <p>Ezt k\u00f6vet\u0151en Reg\u00e9czy Nagy Imre orvosdoktor, majd Kor\u00e1nyi S\u00e1ndor orvosdoktor, (1891-1892) oktatta a fiziol\u00f3gi\u00e1t, majd 1892-ben Tangl Ferenc orvosdoktor vette \u00e1t a tansz\u00e9k vezet\u00e9s\u00e9t. Az \u0150 idej\u00e9ben v\u00e1ltak intenz\u00edvv\u00e9 a tansz\u00e9ki kutat\u00e1sok.<\/p> <p>1908-ban Farkas G\u00e9za k\u00f6vette a tansz\u00e9k \u00e9l\u00e9n. Ugyanebben az \u00e9p\u00fcletet \u00e1t\u00e9p\u00edtett\u00e9k, a tetej\u00e9re emeletet h\u00faztak.<\/p> <p>Ut\u00f3da Dese\u0151 Dezs\u0151 professzor lett 1922-ben, aki a sz\u00f6vettanai oktat\u00e1sra helyezett nagyobb hangs\u00falyt.<\/p> <p>1948-ban B\u00e1lint P\u00e9ter orvosprofesszor kapott kinevez\u00e9st a tansz\u00e9k \u00e9l\u00e9re. Ez id\u0151 sor\u00e1n v\u00e1lt kett\u00e9 a sz\u00f6vettan \u00e9s a fiziol\u00f3gia oktat\u00e1sa. A fiziol\u00f3giai k\u00e9mia k\u00fcl\u00f6n s\u00falyt kapott.<br \/> 1950-ben kinevezt\u00e9k az Orvostudom\u00e1nyi Egyetem \u00c9lettani Int\u00e9zet\u00e9nek vezet\u0151j\u00e9v\u00e9.<\/p> <p>1950-1952-ig Gyarmati Ern\u0151 orvos-\u00e9s \u00e1llatorvosdoktor volt az \u00c9lettani Tansz\u00e9k vezet\u0151je.<\/p> <p>1952-ben els\u0151 \u00edzben Kem\u00e9ny Armand szem\u00e9ly\u00e9ben ker\u00fclt \u00e1llatorvosdoktor az int\u00e9zm\u00e9ny \u00e9l\u00e9re. A tansz\u00e9ket 1973-ig vezette. Nev\u00e9hez f\u0171z\u0151dik az ?\u00c9lettan &#8211; \u00e1llatorvostan hallgat\u00f3k \u00e9s \u00e1llatorvosok r\u00e9sz\u00e9re? c. tank\u00f6nyv meg\u00edr\u00e1sa, amely 1966-ban jelent meg. Felismerte, hogy a biok\u00e9mi\u00e1t \u00f6n\u00e1ll\u00f3 diszciplinak\u00e9nt kell kezelni, e szellemben \u00edrta meg k\u00f6nyv\u00e9t t\u00f6k\u00e9letes harm\u00f3ni\u00e1ban az ugyancsak a tansz\u00e9ken sz\u00fcletett biok\u00e9mia (N.G\u00e1sp\u00e1r Zsuzsa) tank\u00f6nyv\u00e9vel. A Biok\u00e9mia t\u00e1rgy oktat\u00e1s\u00e1t 1973-ig T\u00f3th B\u00e9la Lajos, majd 1996-ig Kutas Ferenc professzor, 1996-2012 k\u00f6z\u00f6tt pedig Veresegyh\u00e1zy Tam\u00e1s l\u00e1tta el magas szinten. Napjainkban Neogr\u00e1dy Zsuzsanna \u00e9s M\u00e1tis G\u00e1bor viszi tov\u00e1bb e t\u00e1rgy oktat\u00e1s\u00e1t.<\/p> <p>1973-1990-ig Pethes Gy\u00f6rgy \u00e1llatorvosdoktor vezette a tansz\u00e9ket. Eur\u00f3p\u00e1ban \u0150 \u00e9p\u00edtette fel az els\u0151 B-szint\u0171 \u00e1llatorvosi kutat\u00f3 radioizot\u00f3p laborat\u00f3riumot. Korszer\u0171 radioimmunanalitikai m\u00f3dszereket vezetett be.<\/p> <p>1990-2006-ig Rudas P\u00e9ter professzor \u00e1llt a tansz\u00e9k \u00e9l\u00e9n. A Kar kiv\u00e1l\u00f3 professzora, kiemelked\u0151 szakmai alakja, tudom\u00e1nyter\u00fclet\u00e9nek hazai \u00e9s nemzetk\u00f6zi szinten elismert oktat\u00f3ja, iskolateremt\u0151 egy\u00e9nis\u00e9g. Nemzetk\u00f6zi szinten is nagy elismer\u00e9st v\u00edvott ki az \u00c9lettan tant\u00e1rgy multim\u00e9dia rendszerben t\u00f6rt\u00e9n\u0151 bevezet\u00e9se \u00e9s az ezt szolg\u00e1l\u00f3 CD megalkot\u00e1sa r\u00e9v\u00e9n.<\/p> <p>2006- napjainkig Freny\u00f3 Vilmos L\u00e1szl\u00f3 vezeti a tansz\u00e9ket. A t\u00e1rgy oktat\u00e1s\u00e1ban nagy szerepet tulajdon\u00edt a konvencion\u00e1lis tud\u00e1sk\u00f6zvet\u00edt\u00e9si form\u00e1r\u00f3l a digit\u00e1lis megold\u00e1son \u00e1t mindink\u00e1bb az interaktivit\u00e1sra t\u00f6rt\u00e9n\u0151 \u00e1tt\u00e9r\u00e9sre. T\u00f6bb \u00e9ven \u00e1t volt az \u00c1llatorvos-tudom\u00e1nyi Egyetem rektora.<br \/> Nagy sz\u00e1m\u00fa, rangos k\u00fclf\u00f6ldi \u00e9s hazai tudom\u00e1nyos, szakmai \u00e9s t\u00e1rsadalmi szervezet tiszts\u00e9gvisel\u0151je (Magyar Rektori Konferencia, UNESCO, Salzburg Semin\u00e4r).<\/p> <p>Az \u00c9lettan t\u00f6rt\u00e9nete 1990-ig<\/p> <p>B\u00e1r Hoffner Lajos m\u0171k\u00f6d\u00e9se idej\u00e9n (1826-1841) szerepel a tanrendben a boncz- \u00e9s \u00e9lettudom\u00e1ny, m\u00e9gis val\u00f3s\u00e1gos \u00e9lettani oktat\u00e1sr\u00f3l csak a k\u00e9s\u0151bbi id\u0151kben eshet sz\u00f3.<\/p> <p>A Kunewalder-h\u00e1z, amelyben 1858-t\u00f3<\/p> <p>&nbsp;<\/p>","protected":false},"excerpt":{"rendered":"<p>Az egys\u00e9g t\u00f6rt\u00e9nete AZ \u00c9LETTANI \u00c9S BIOK\u00c9MIAI TANSZ\u00c9K T\u00d6RT\u00c9NETE Tansz\u00e9kvezet\u0151k, el\u0151ad\u00f3k \u00c9lettan: Hoffner J\u00f3zsef 1826-1841 Zlam\u00e1l Vilmos 1841-1846 Szab\u00f3 Alajos 1846-1872 Thanhoffer Lajos 1872-1890 Reg\u00e9czy Nagy Imre 1890 Kor\u00e1nyi S\u00e1ndor 1891 Tangl Ferenc 1892-1903 Farkas G\u00e9za 1903-1922 Dese\u0151 Dezs\u0151 1922-1948 B\u00e1lint P\u00e9ter 1948-1950 Gyarmati Ern\u0151 1950-1952 Kem\u00e9ny Armand 1951-1973 Pethes Gy\u00f6rgy 1973-1990 Rudas P\u00e9ter 1990-2006<\/p>\n","protected":false},"author":4844,"featured_media":0,"parent":0,"menu_order":0,"comment_status":"closed","ping_status":"closed","template":"","meta":{"_acf_changed":false,"footnotes":""},"categories":[],"tags":[],"class_list":["post-134925","page","type-page","status-publish","hentry"],"acf":[],"yoast_head":"<!-- This site is optimized with the Yoast SEO plugin v27.2 - https:\/\/yoast.com\/product\/yoast-seo-wordpress\/ -->\n<title>Bemutatkoz\u00e1s - \u00c9lettani \u00e9s Biok\u00e9miai Tansz\u00e9k<\/title>\n<meta name=\"robots\" content=\"index, follow, max-snippet:-1, max-image-preview:large, max-video-preview:-1\" \/>\n<link rel=\"canonical\" href=\"https:\/\/univet.hu\/ebt\/bemutatkozas\/\" \/>\n<meta property=\"og:locale\" content=\"hu_HU\" \/>\n<meta property=\"og:type\" content=\"article\" \/>\n<meta property=\"og:title\" content=\"Bemutatkoz\u00e1s - \u00c9lettani \u00e9s Biok\u00e9miai Tansz\u00e9k\" \/>\n<meta property=\"og:description\" content=\"Az egys\u00e9g t\u00f6rt\u00e9nete AZ \u00c9LETTANI \u00c9S BIOK\u00c9MIAI TANSZ\u00c9K T\u00d6RT\u00c9NETE Tansz\u00e9kvezet\u0151k, el\u0151ad\u00f3k \u00c9lettan: Hoffner J\u00f3zsef 1826-1841 Zlam\u00e1l Vilmos 1841-1846 Szab\u00f3 Alajos 1846-1872 Thanhoffer Lajos 1872-1890 Reg\u00e9czy Nagy Imre 1890 Kor\u00e1nyi S\u00e1ndor 1891 Tangl Ferenc 1892-1903 Farkas G\u00e9za 1903-1922 Dese\u0151 Dezs\u0151 1922-1948 B\u00e1lint P\u00e9ter 1948-1950 Gyarmati Ern\u0151 1950-1952 Kem\u00e9ny Armand 1951-1973 Pethes Gy\u00f6rgy 1973-1990 Rudas P\u00e9ter 1990-2006\" \/>\n<meta property=\"og:url\" content=\"https:\/\/univet.hu\/ebt\/bemutatkozas\/\" \/>\n<meta property=\"og:site_name\" content=\"\u00c9lettani \u00e9s Biok\u00e9miai Tansz\u00e9k\" \/>\n<meta property=\"article:modified_time\" content=\"2025-02-04T12:57:38+00:00\" \/>\n<meta name=\"twitter:card\" content=\"summary_large_image\" \/>\n<meta name=\"twitter:label1\" content=\"Becs\u00fclt olvas\u00e1si id\u0151\" \/>\n\t<meta name=\"twitter:data1\" content=\"3 perc\" \/>\n<script type=\"application\/ld+json\" class=\"yoast-schema-graph\">{\"@context\":\"https:\/\/schema.org\",\"@graph\":[{\"@type\":\"WebPage\",\"@id\":\"https:\/\/univet.hu\/ebt\/bemutatkozas\/\",\"url\":\"https:\/\/univet.hu\/ebt\/bemutatkozas\/\",\"name\":\"Bemutatkoz\u00e1s - \u00c9lettani \u00e9s Biok\u00e9miai Tansz\u00e9k\",\"isPartOf\":{\"@id\":\"https:\/\/univet.hu\/ebt\/#website\"},\"datePublished\":\"2025-02-04T12:48:19+00:00\",\"dateModified\":\"2025-02-04T12:57:38+00:00\",\"breadcrumb\":{\"@id\":\"https:\/\/univet.hu\/ebt\/bemutatkozas\/#breadcrumb\"},\"inLanguage\":\"hu\",\"potentialAction\":[{\"@type\":\"ReadAction\",\"target\":[\"https:\/\/univet.hu\/ebt\/bemutatkozas\/\"]}]},{\"@type\":\"BreadcrumbList\",\"@id\":\"https:\/\/univet.hu\/ebt\/bemutatkozas\/#breadcrumb\",\"itemListElement\":[{\"@type\":\"ListItem\",\"position\":1,\"name\":\"Kezd\u0151lap\",\"item\":\"https:\/\/univet.hu\/ebt\/\"},{\"@type\":\"ListItem\",\"position\":2,\"name\":\"Bemutatkoz\u00e1s\"}]},{\"@type\":\"WebSite\",\"@id\":\"https:\/\/univet.hu\/ebt\/#website\",\"url\":\"https:\/\/univet.hu\/ebt\/\",\"name\":\"\u00c9lettani \u00e9s Biok\u00e9miai Tansz\u00e9k\",\"description\":\"\",\"potentialAction\":[{\"@type\":\"SearchAction\",\"target\":{\"@type\":\"EntryPoint\",\"urlTemplate\":\"https:\/\/univet.hu\/ebt\/?s={search_term_string}\"},\"query-input\":{\"@type\":\"PropertyValueSpecification\",\"valueRequired\":true,\"valueName\":\"search_term_string\"}}],\"inLanguage\":\"hu\"}]}<\/script>\n<!-- \/ Yoast SEO plugin. -->","yoast_head_json":{"title":"Bemutatkoz\u00e1s - \u00c9lettani \u00e9s Biok\u00e9miai Tansz\u00e9k","robots":{"index":"index","follow":"follow","max-snippet":"max-snippet:-1","max-image-preview":"max-image-preview:large","max-video-preview":"max-video-preview:-1"},"canonical":"https:\/\/univet.hu\/ebt\/bemutatkozas\/","og_locale":"hu_HU","og_type":"article","og_title":"Bemutatkoz\u00e1s - \u00c9lettani \u00e9s Biok\u00e9miai Tansz\u00e9k","og_description":"Az egys\u00e9g t\u00f6rt\u00e9nete AZ \u00c9LETTANI \u00c9S BIOK\u00c9MIAI TANSZ\u00c9K T\u00d6RT\u00c9NETE Tansz\u00e9kvezet\u0151k, el\u0151ad\u00f3k \u00c9lettan: Hoffner J\u00f3zsef 1826-1841 Zlam\u00e1l Vilmos 1841-1846 Szab\u00f3 Alajos 1846-1872 Thanhoffer Lajos 1872-1890 Reg\u00e9czy Nagy Imre 1890 Kor\u00e1nyi S\u00e1ndor 1891 Tangl Ferenc 1892-1903 Farkas G\u00e9za 1903-1922 Dese\u0151 Dezs\u0151 1922-1948 B\u00e1lint P\u00e9ter 1948-1950 Gyarmati Ern\u0151 1950-1952 Kem\u00e9ny Armand 1951-1973 Pethes Gy\u00f6rgy 1973-1990 Rudas P\u00e9ter 1990-2006","og_url":"https:\/\/univet.hu\/ebt\/bemutatkozas\/","og_site_name":"\u00c9lettani \u00e9s Biok\u00e9miai Tansz\u00e9k","article_modified_time":"2025-02-04T12:57:38+00:00","twitter_card":"summary_large_image","twitter_misc":{"Becs\u00fclt olvas\u00e1si id\u0151":"3 perc"},"schema":{"@context":"https:\/\/schema.org","@graph":[{"@type":"WebPage","@id":"https:\/\/univet.hu\/ebt\/bemutatkozas\/","url":"https:\/\/univet.hu\/ebt\/bemutatkozas\/","name":"Bemutatkoz\u00e1s - \u00c9lettani \u00e9s Biok\u00e9miai Tansz\u00e9k","isPartOf":{"@id":"https:\/\/univet.hu\/ebt\/#website"},"datePublished":"2025-02-04T12:48:19+00:00","dateModified":"2025-02-04T12:57:38+00:00","breadcrumb":{"@id":"https:\/\/univet.hu\/ebt\/bemutatkozas\/#breadcrumb"},"inLanguage":"hu","potentialAction":[{"@type":"ReadAction","target":["https:\/\/univet.hu\/ebt\/bemutatkozas\/"]}]},{"@type":"BreadcrumbList","@id":"https:\/\/univet.hu\/ebt\/bemutatkozas\/#breadcrumb","itemListElement":[{"@type":"ListItem","position":1,"name":"Kezd\u0151lap","item":"https:\/\/univet.hu\/ebt\/"},{"@type":"ListItem","position":2,"name":"Bemutatkoz\u00e1s"}]},{"@type":"WebSite","@id":"https:\/\/univet.hu\/ebt\/#website","url":"https:\/\/univet.hu\/ebt\/","name":"\u00c9lettani \u00e9s Biok\u00e9miai Tansz\u00e9k","description":"","potentialAction":[{"@type":"SearchAction","target":{"@type":"EntryPoint","urlTemplate":"https:\/\/univet.hu\/ebt\/?s={search_term_string}"},"query-input":{"@type":"PropertyValueSpecification","valueRequired":true,"valueName":"search_term_string"}}],"inLanguage":"hu"}]}},"_links":{"self":[{"href":"https:\/\/univet.hu\/ebt\/wp-json\/wp\/v2\/pages\/134925","targetHints":{"allow":["GET"]}}],"collection":[{"href":"https:\/\/univet.hu\/ebt\/wp-json\/wp\/v2\/pages"}],"about":[{"href":"https:\/\/univet.hu\/ebt\/wp-json\/wp\/v2\/types\/page"}],"author":[{"embeddable":true,"href":"https:\/\/univet.hu\/ebt\/wp-json\/wp\/v2\/users\/4844"}],"replies":[{"embeddable":true,"href":"https:\/\/univet.hu\/ebt\/wp-json\/wp\/v2\/comments?post=134925"}],"version-history":[{"count":3,"href":"https:\/\/univet.hu\/ebt\/wp-json\/wp\/v2\/pages\/134925\/revisions"}],"predecessor-version":[{"id":134929,"href":"https:\/\/univet.hu\/ebt\/wp-json\/wp\/v2\/pages\/134925\/revisions\/134929"}],"wp:attachment":[{"href":"https:\/\/univet.hu\/ebt\/wp-json\/wp\/v2\/media?parent=134925"}],"wp:term":[{"taxonomy":"category","embeddable":true,"href":"https:\/\/univet.hu\/ebt\/wp-json\/wp\/v2\/categories?post=134925"},{"taxonomy":"post_tag","embeddable":true,"href":"https:\/\/univet.hu\/ebt\/wp-json\/wp\/v2\/tags?post=134925"}],"curies":[{"name":"wp","href":"https:\/\/api.w.org\/{rel}","templated":true}]}}