{"id":26561,"date":"2018-09-26T21:20:08","date_gmt":"2018-09-26T19:20:08","guid":{"rendered":"http:\/\/univet.hu\/?page_id=26561"},"modified":"2025-02-04T12:32:15","modified_gmt":"2025-02-04T11:32:15","slug":"felevkezdesi-informaciok","status":"publish","type":"page","link":"https:\/\/univet.hu\/ebt\/ebt\/biochemvet\/felevkezdesi-informaciok\/","title":{"rendered":"F\u00e9l\u00e9vkezd\u00e9si inform\u00e1ci\u00f3k"},"content":{"rendered":"<h2>Kedves Hallgat\u00f3ink!<\/h2> <p>A f\u00e9l\u00e9v els\u0151 het\u00e9ben febru\u00e1r<strong> 6-\u00e1n (cs\u00fct\u00f6rt\u00f6k\u00f6n) 8:15-t\u0151l \u00e9s 10:15-t\u0151l<\/strong> tartjuk az <strong>els\u0151 el\u0151ad\u00e1st<\/strong> a Kem\u00e9ny Armand (Biok\u00e9mia-\u00c9lettan) el\u0151ad\u00f3ban. Szeretettel v\u00e1runk minden hallgat\u00f3t!<\/p> <p>A Biok\u00e9mia csapata<\/p>","protected":false},"excerpt":{"rendered":"<p>Kedves Hallgat\u00f3ink! A f\u00e9l\u00e9v els\u0151 het\u00e9ben febru\u00e1r 6-\u00e1n (cs\u00fct\u00f6rt\u00f6k\u00f6n) 8:15-t\u0151l \u00e9s 10:15-t\u0151l tartjuk az els\u0151 el\u0151ad\u00e1st a Kem\u00e9ny Armand (Biok\u00e9mia-\u00c9lettan) el\u0151ad\u00f3ban. Szeretettel v\u00e1runk minden hallgat\u00f3t! A Biok\u00e9mia csapata<\/p>\n","protected":false},"author":3837,"featured_media":0,"parent":26550,"menu_order":77,"comment_status":"closed","ping_status":"closed","template":"","meta":{"_acf_changed":false,"footnotes":""},"categories":[],"tags":[],"class_list":["post-26561","page","type-page","status-publish","hentry"],"acf":[],"yoast_head":"<!-- This site is optimized with the Yoast SEO plugin v27.2 - https:\/\/yoast.com\/product\/yoast-seo-wordpress\/ -->\n<title>F\u00e9l\u00e9vkezd\u00e9si inform\u00e1ci\u00f3k - \u00c9lettani \u00e9s Biok\u00e9miai Tansz\u00e9k<\/title>\n<meta name=\"robots\" content=\"index, follow, max-snippet:-1, max-image-preview:large, max-video-preview:-1\" \/>\n<link rel=\"canonical\" href=\"https:\/\/univet.hu\/ebt\/ebt\/biochemvet\/felevkezdesi-informaciok\/\" \/>\n<meta property=\"og:locale\" content=\"hu_HU\" \/>\n<meta property=\"og:type\" content=\"article\" \/>\n<meta property=\"og:title\" content=\"F\u00e9l\u00e9vkezd\u00e9si inform\u00e1ci\u00f3k - \u00c9lettani \u00e9s Biok\u00e9miai Tansz\u00e9k\" \/>\n<meta property=\"og:description\" content=\"Kedves Hallgat\u00f3ink! A f\u00e9l\u00e9v els\u0151 het\u00e9ben febru\u00e1r 6-\u00e1n (cs\u00fct\u00f6rt\u00f6k\u00f6n) 8:15-t\u0151l \u00e9s 10:15-t\u0151l tartjuk az els\u0151 el\u0151ad\u00e1st a Kem\u00e9ny Armand (Biok\u00e9mia-\u00c9lettan) el\u0151ad\u00f3ban. Szeretettel v\u00e1runk minden hallgat\u00f3t! A Biok\u00e9mia csapata\" \/>\n<meta property=\"og:url\" content=\"https:\/\/univet.hu\/ebt\/ebt\/biochemvet\/felevkezdesi-informaciok\/\" \/>\n<meta property=\"og:site_name\" content=\"\u00c9lettani \u00e9s Biok\u00e9miai Tansz\u00e9k\" \/>\n<meta property=\"article:modified_time\" content=\"2025-02-04T11:32:15+00:00\" \/>\n<meta name=\"twitter:card\" content=\"summary_large_image\" \/>\n<meta name=\"twitter:label1\" content=\"Becs\u00fclt olvas\u00e1si id\u0151\" \/>\n\t<meta name=\"twitter:data1\" content=\"1 perc\" \/>\n<script type=\"application\/ld+json\" class=\"yoast-schema-graph\">{\"@context\":\"https:\/\/schema.org\",\"@graph\":[{\"@type\":\"WebPage\",\"@id\":\"https:\/\/univet.hu\/ebt\/ebt\/biochemvet\/felevkezdesi-informaciok\/\",\"url\":\"https:\/\/univet.hu\/ebt\/ebt\/biochemvet\/felevkezdesi-informaciok\/\",\"name\":\"F\u00e9l\u00e9vkezd\u00e9si inform\u00e1ci\u00f3k - \u00c9lettani \u00e9s Biok\u00e9miai Tansz\u00e9k\",\"isPartOf\":{\"@id\":\"https:\/\/univet.hu\/ebt\/#website\"},\"datePublished\":\"2018-09-26T19:20:08+00:00\",\"dateModified\":\"2025-02-04T11:32:15+00:00\",\"breadcrumb\":{\"@id\":\"https:\/\/univet.hu\/ebt\/ebt\/biochemvet\/felevkezdesi-informaciok\/#breadcrumb\"},\"inLanguage\":\"hu\",\"potentialAction\":[{\"@type\":\"ReadAction\",\"target\":[\"https:\/\/univet.hu\/ebt\/ebt\/biochemvet\/felevkezdesi-informaciok\/\"]}]},{\"@type\":\"BreadcrumbList\",\"@id\":\"https:\/\/univet.hu\/ebt\/ebt\/biochemvet\/felevkezdesi-informaciok\/#breadcrumb\",\"itemListElement\":[{\"@type\":\"ListItem\",\"position\":1,\"name\":\"Kezd\u0151lap\",\"item\":\"https:\/\/univet.hu\/ebt\/\"},{\"@type\":\"ListItem\",\"position\":2,\"name\":\"\u00c9lettani \u00e9s Biok\u00e9miai Tansz\u00e9k\",\"item\":\"https:\/\/univet.hu\/ebt\/\"},{\"@type\":\"ListItem\",\"position\":3,\"name\":\"Biok\u00e9miai Oszt\u00e1ly\",\"item\":\"https:\/\/univet.hu\/ebt\/ebt\/biochemvet\/\"},{\"@type\":\"ListItem\",\"position\":4,\"name\":\"F\u00e9l\u00e9vkezd\u00e9si inform\u00e1ci\u00f3k\"}]},{\"@type\":\"WebSite\",\"@id\":\"https:\/\/univet.hu\/ebt\/#website\",\"url\":\"https:\/\/univet.hu\/ebt\/\",\"name\":\"\u00c9lettani \u00e9s Biok\u00e9miai Tansz\u00e9k\",\"description\":\"\",\"potentialAction\":[{\"@type\":\"SearchAction\",\"target\":{\"@type\":\"EntryPoint\",\"urlTemplate\":\"https:\/\/univet.hu\/ebt\/?s={search_term_string}\"},\"query-input\":{\"@type\":\"PropertyValueSpecification\",\"valueRequired\":true,\"valueName\":\"search_term_string\"}}],\"inLanguage\":\"hu\"}]}<\/script>\n<!-- \/ Yoast SEO plugin. -->","yoast_head_json":{"title":"F\u00e9l\u00e9vkezd\u00e9si inform\u00e1ci\u00f3k - \u00c9lettani \u00e9s Biok\u00e9miai Tansz\u00e9k","robots":{"index":"index","follow":"follow","max-snippet":"max-snippet:-1","max-image-preview":"max-image-preview:large","max-video-preview":"max-video-preview:-1"},"canonical":"https:\/\/univet.hu\/ebt\/ebt\/biochemvet\/felevkezdesi-informaciok\/","og_locale":"hu_HU","og_type":"article","og_title":"F\u00e9l\u00e9vkezd\u00e9si inform\u00e1ci\u00f3k - \u00c9lettani \u00e9s Biok\u00e9miai Tansz\u00e9k","og_description":"Kedves Hallgat\u00f3ink! A f\u00e9l\u00e9v els\u0151 het\u00e9ben febru\u00e1r 6-\u00e1n (cs\u00fct\u00f6rt\u00f6k\u00f6n) 8:15-t\u0151l \u00e9s 10:15-t\u0151l tartjuk az els\u0151 el\u0151ad\u00e1st a Kem\u00e9ny Armand (Biok\u00e9mia-\u00c9lettan) el\u0151ad\u00f3ban. Szeretettel v\u00e1runk minden hallgat\u00f3t! A Biok\u00e9mia csapata","og_url":"https:\/\/univet.hu\/ebt\/ebt\/biochemvet\/felevkezdesi-informaciok\/","og_site_name":"\u00c9lettani \u00e9s Biok\u00e9miai Tansz\u00e9k","article_modified_time":"2025-02-04T11:32:15+00:00","twitter_card":"summary_large_image","twitter_misc":{"Becs\u00fclt olvas\u00e1si id\u0151":"1 perc"},"schema":{"@context":"https:\/\/schema.org","@graph":[{"@type":"WebPage","@id":"https:\/\/univet.hu\/ebt\/ebt\/biochemvet\/felevkezdesi-informaciok\/","url":"https:\/\/univet.hu\/ebt\/ebt\/biochemvet\/felevkezdesi-informaciok\/","name":"F\u00e9l\u00e9vkezd\u00e9si inform\u00e1ci\u00f3k - \u00c9lettani \u00e9s Biok\u00e9miai Tansz\u00e9k","isPartOf":{"@id":"https:\/\/univet.hu\/ebt\/#website"},"datePublished":"2018-09-26T19:20:08+00:00","dateModified":"2025-02-04T11:32:15+00:00","breadcrumb":{"@id":"https:\/\/univet.hu\/ebt\/ebt\/biochemvet\/felevkezdesi-informaciok\/#breadcrumb"},"inLanguage":"hu","potentialAction":[{"@type":"ReadAction","target":["https:\/\/univet.hu\/ebt\/ebt\/biochemvet\/felevkezdesi-informaciok\/"]}]},{"@type":"BreadcrumbList","@id":"https:\/\/univet.hu\/ebt\/ebt\/biochemvet\/felevkezdesi-informaciok\/#breadcrumb","itemListElement":[{"@type":"ListItem","position":1,"name":"Kezd\u0151lap","item":"https:\/\/univet.hu\/ebt\/"},{"@type":"ListItem","position":2,"name":"\u00c9lettani \u00e9s Biok\u00e9miai Tansz\u00e9k","item":"https:\/\/univet.hu\/ebt\/"},{"@type":"ListItem","position":3,"name":"Biok\u00e9miai Oszt\u00e1ly","item":"https:\/\/univet.hu\/ebt\/ebt\/biochemvet\/"},{"@type":"ListItem","position":4,"name":"F\u00e9l\u00e9vkezd\u00e9si inform\u00e1ci\u00f3k"}]},{"@type":"WebSite","@id":"https:\/\/univet.hu\/ebt\/#website","url":"https:\/\/univet.hu\/ebt\/","name":"\u00c9lettani \u00e9s Biok\u00e9miai Tansz\u00e9k","description":"","potentialAction":[{"@type":"SearchAction","target":{"@type":"EntryPoint","urlTemplate":"https:\/\/univet.hu\/ebt\/?s={search_term_string}"},"query-input":{"@type":"PropertyValueSpecification","valueRequired":true,"valueName":"search_term_string"}}],"inLanguage":"hu"}]}},"_links":{"self":[{"href":"https:\/\/univet.hu\/ebt\/wp-json\/wp\/v2\/pages\/26561","targetHints":{"allow":["GET"]}}],"collection":[{"href":"https:\/\/univet.hu\/ebt\/wp-json\/wp\/v2\/pages"}],"about":[{"href":"https:\/\/univet.hu\/ebt\/wp-json\/wp\/v2\/types\/page"}],"author":[{"embeddable":true,"href":"https:\/\/univet.hu\/ebt\/wp-json\/wp\/v2\/users\/3837"}],"replies":[{"embeddable":true,"href":"https:\/\/univet.hu\/ebt\/wp-json\/wp\/v2\/comments?post=26561"}],"version-history":[{"count":1,"href":"https:\/\/univet.hu\/ebt\/wp-json\/wp\/v2\/pages\/26561\/revisions"}],"predecessor-version":[{"id":134662,"href":"https:\/\/univet.hu\/ebt\/wp-json\/wp\/v2\/pages\/26561\/revisions\/134662"}],"up":[{"embeddable":true,"href":"https:\/\/univet.hu\/ebt\/wp-json\/wp\/v2\/pages\/26550"}],"wp:attachment":[{"href":"https:\/\/univet.hu\/ebt\/wp-json\/wp\/v2\/media?parent=26561"}],"wp:term":[{"taxonomy":"category","embeddable":true,"href":"https:\/\/univet.hu\/ebt\/wp-json\/wp\/v2\/categories?post=26561"},{"taxonomy":"post_tag","embeddable":true,"href":"https:\/\/univet.hu\/ebt\/wp-json\/wp\/v2\/tags?post=26561"}],"curies":[{"name":"wp","href":"https:\/\/api.w.org\/{rel}","templated":true}]}}