{"id":26588,"date":"2018-09-26T21:27:46","date_gmt":"2018-09-26T19:27:46","guid":{"rendered":"http:\/\/univet.hu\/?page_id=26588"},"modified":"2025-02-04T12:32:16","modified_gmt":"2025-02-04T11:32:16","slug":"a-felev-elfogadasa","status":"publish","type":"page","link":"https:\/\/univet.hu\/ebt\/ebt\/biochemvet\/oktatas\/allatorvosi-biokemia\/kovetelmenyrendszer\/a-felev-elfogadasa\/","title":{"rendered":"A f\u00e9l\u00e9v elfogad\u00e1sa"},"content":{"rendered":"<h2>Az \u00c1llatorvosi biok\u00e9mia 1. tanulm\u00e1nyi k\u00f6vetelm\u00e9nyei:<\/h2> <h3>A f\u00e9l\u00e9v elfogad\u00e1s\u00e1nak (a f\u00e9l\u00e9vv\u00e9gi al\u00e1\u00edr\u00e1s megszerz\u00e9s\u00e9nek) felt\u00e9telei:<\/h3> <ul> <li>A tantermi el\u0151ad\u00e1sok rendszeres l\u00e1togat\u00e1sa, a f\u00e9l\u00e9v sor\u00e1n max. 3 igazolatlan hi\u00e1nyz\u00e1s.<\/li> <li>A f\u00e9l\u00e9v sor\u00e1n minden gyakorlat eredm\u00e9nyes teljes\u00edt\u00e9se.<\/li> <li>A gyakorlatokon megszerezhet\u0151 \u00f6sszpontsz\u00e1m (25 pont) legal\u00e1bb 60%-\u00e1nak (15 pont) megszerz\u00e9se.<\/li> <li>A f\u00e9l\u00e9v sor\u00e1n \u00edrt z\u00e1rthelyi dolgozaton (ZH), p\u00f3tz\u00e1rthelyi dolgozaton (p\u00f3t ZH) vagy p\u00f3t-p\u00f3t ZH-n a maxim\u00e1lisan megszerezhet\u0151 \u00f6sszpontsz\u00e1m legal\u00e1bb 60%-\u00e1nak megszerz\u00e9se.<\/li> <\/ul> <p>Ha a hallgat\u00f3 amiatt nem kap f\u00e9l\u00e9vv\u00e9gi al\u00e1\u00edr\u00e1st, mert a ZH-n vagy annak b\u00e1rmely p\u00f3tl\u00e1si lehet\u0151s\u00e9ge sor\u00e1n nem \u00e9ri el a maxim\u00e1lisan megszerezhet\u0151 \u00f6sszpontsz\u00e1m legal\u00e1bb 60%-\u00e1t, de sikeresen teljes\u00edt minden gyakorlatot, \u00e9s megszerzi a gyakorlatokon el\u00e9rhet\u0151 \u00f6sszpontsz\u00e1m legal\u00e1bb 60%-\u00e1t, a tant\u00e1rgy \u00fajb\u00f3li felv\u00e9tele sor\u00e1n a gyakorlatokat nem kell megism\u00e9telnie. Ehhez hasonl\u00f3an, amennyiben a hallgat\u00f3 a gyakorlati k\u00f6vetelm\u00e9nyeknek nem tesz eleget, de a ZH-t (vagy p\u00f3t ZH-t, p\u00f3t-p\u00f3t ZH-t) sikeresen meg\u00edrja, \u00fajb\u00f3li t\u00e1rgyfelv\u00e9tel eset\u00e9n csak a gyakorlatokat kell megism\u00e9telnie.<\/p> <h2><span style=\"font-size: 16px\">Az \u00c1llatorvosi biok\u00e9mia 2. tanulm\u00e1nyi k\u00f6vetelm\u00e9nyei:<\/span><\/h2> <h3>A f\u00e9l\u00e9v elfogad\u00e1s\u00e1nak (a f\u00e9l\u00e9vv\u00e9gi al\u00e1\u00edr\u00e1s megszerz\u00e9s\u00e9nek) felt\u00e9telei:<\/h3> <ul> <li>A tantermi el\u0151ad\u00e1sok rendszeres l\u00e1togat\u00e1sa, a f\u00e9l\u00e9v sor\u00e1n max. 3 igazolatlan hi\u00e1nyz\u00e1s.<\/li> <li>A f\u00e9l\u00e9v sor\u00e1n minden gyakorlat eredm\u00e9nyes teljes\u00edt\u00e9se.<\/li> <li>A gyakorlatokon megszerezhet\u0151 \u00f6sszpontsz\u00e1m (25 pont) legal\u00e1bb 60%-\u00e1nak (15 pont) megszerz\u00e9se.<\/li> <li>A f\u00e9l\u00e9v sor\u00e1n \u00edrt z\u00e1rthelyi dolgozaton (ZH), p\u00f3tz\u00e1rthelyi dolgozaton (p\u00f3t ZH) vagy p\u00f3t-p\u00f3t ZH-n a maxim\u00e1lisan megszerezhet\u0151 \u00f6sszpontsz\u00e1m (30 pont) legal\u00e1bb 60%-\u00e1nak (18 pont) megszerz\u00e9se.<\/li> <\/ul> <p>Ha a hallgat\u00f3 amiatt nem kap f\u00e9l\u00e9vv\u00e9gi al\u00e1\u00edr\u00e1st, mert a ZH-n vagy annak b\u00e1rmely p\u00f3tl\u00e1si lehet\u0151s\u00e9ge sor\u00e1n nem \u00e9ri el a maxim\u00e1lisan megszerezhet\u0151 \u00f6sszpontsz\u00e1m (30 pont) legal\u00e1bb 60%-\u00e1t (18 pont), de sikeresen teljes\u00edt minden gyakorlatot, \u00e9s megszerzi a gyakorlatokon el\u00e9rhet\u0151 \u00f6sszpontsz\u00e1m (25 pont) legal\u00e1bb 60%-\u00e1t (15 pont), a tant\u00e1rgy \u00fajb\u00f3li felv\u00e9tele sor\u00e1n a gyakorlatokat nem kell megism\u00e9telnie. Ehhez hasonl\u00f3an, amennyiben a hallgat\u00f3 a gyakorlati k\u00f6vetelm\u00e9nyeknek nem tesz eleget, de a ZH-t (vagy p\u00f3t ZH-t, p\u00f3t-p\u00f3t ZH-t) sikeresen meg\u00edrja, \u00fajb\u00f3li t\u00e1rgyfelv\u00e9tel eset\u00e9n csak a gyakorlatokat kell megism\u00e9telnie.<\/p> <h3>A 2. f\u00e9l\u00e9v v\u00e9gi \u00e9rdemjegy kialak\u00edt\u00e1s\u00e1nak m\u00f3dja:<\/h3> <p>A tant\u00e1rgy az \u00c1llatorvosi biok\u00e9mia 2. f\u00e9l\u00e9v\u00e9nek sikeres teljes\u00edt\u00e9s\u00e9t k\u00f6vet\u0151en <strong>kollokvium<\/strong>mal z\u00e1rul (6 kredit \u00e9rt\u00e9kben), a vizsg\u00e1ra bocs\u00e1t\u00e1s felt\u00e9tele az \u00c1llatorvosi biok\u00e9mia 2. f\u00e9l\u00e9vv\u00e9gi al\u00e1\u00edr\u00e1s megszerz\u00e9se.<\/p>","protected":false},"excerpt":{"rendered":"<p>Az \u00c1llatorvosi biok\u00e9mia 1. tanulm\u00e1nyi k\u00f6vetelm\u00e9nyei: A f\u00e9l\u00e9v elfogad\u00e1s\u00e1nak (a f\u00e9l\u00e9vv\u00e9gi al\u00e1\u00edr\u00e1s megszerz\u00e9s\u00e9nek) felt\u00e9telei: A tantermi el\u0151ad\u00e1sok rendszeres l\u00e1togat\u00e1sa, a f\u00e9l\u00e9v sor\u00e1n max. 3 igazolatlan hi\u00e1nyz\u00e1s. A f\u00e9l\u00e9v sor\u00e1n minden gyakorlat eredm\u00e9nyes teljes\u00edt\u00e9se. A gyakorlatokon megszerezhet\u0151 \u00f6sszpontsz\u00e1m (25 pont) legal\u00e1bb 60%-\u00e1nak (15 pont) megszerz\u00e9se. A f\u00e9l\u00e9v sor\u00e1n \u00edrt z\u00e1rthelyi dolgozaton (ZH), p\u00f3tz\u00e1rthelyi dolgozaton (p\u00f3t ZH)<\/p>\n","protected":false},"author":3837,"featured_media":0,"parent":26573,"menu_order":79,"comment_status":"closed","ping_status":"closed","template":"","meta":{"_acf_changed":false,"footnotes":""},"categories":[],"tags":[],"class_list":["post-26588","page","type-page","status-publish","hentry"],"acf":[],"yoast_head":"<!-- This site is optimized with the Yoast SEO plugin v27.2 - https:\/\/yoast.com\/product\/yoast-seo-wordpress\/ -->\n<title>A f\u00e9l\u00e9v elfogad\u00e1sa - \u00c9lettani \u00e9s Biok\u00e9miai Tansz\u00e9k<\/title>\n<meta name=\"robots\" content=\"index, follow, max-snippet:-1, max-image-preview:large, max-video-preview:-1\" \/>\n<link rel=\"canonical\" href=\"https:\/\/univet.hu\/ebt\/ebt\/biochemvet\/oktatas\/allatorvosi-biokemia\/kovetelmenyrendszer\/a-felev-elfogadasa\/\" \/>\n<meta property=\"og:locale\" content=\"hu_HU\" \/>\n<meta property=\"og:type\" content=\"article\" \/>\n<meta property=\"og:title\" content=\"A f\u00e9l\u00e9v elfogad\u00e1sa - \u00c9lettani \u00e9s Biok\u00e9miai Tansz\u00e9k\" \/>\n<meta property=\"og:description\" content=\"Az \u00c1llatorvosi biok\u00e9mia 1. tanulm\u00e1nyi k\u00f6vetelm\u00e9nyei: A f\u00e9l\u00e9v elfogad\u00e1s\u00e1nak (a f\u00e9l\u00e9vv\u00e9gi al\u00e1\u00edr\u00e1s megszerz\u00e9s\u00e9nek) felt\u00e9telei: A tantermi el\u0151ad\u00e1sok rendszeres l\u00e1togat\u00e1sa, a f\u00e9l\u00e9v sor\u00e1n max. 3 igazolatlan hi\u00e1nyz\u00e1s. A f\u00e9l\u00e9v sor\u00e1n minden gyakorlat eredm\u00e9nyes teljes\u00edt\u00e9se. A gyakorlatokon megszerezhet\u0151 \u00f6sszpontsz\u00e1m (25 pont) legal\u00e1bb 60%-\u00e1nak (15 pont) megszerz\u00e9se. A f\u00e9l\u00e9v sor\u00e1n \u00edrt z\u00e1rthelyi dolgozaton (ZH), p\u00f3tz\u00e1rthelyi dolgozaton (p\u00f3t ZH)\" \/>\n<meta property=\"og:url\" content=\"https:\/\/univet.hu\/ebt\/ebt\/biochemvet\/oktatas\/allatorvosi-biokemia\/kovetelmenyrendszer\/a-felev-elfogadasa\/\" \/>\n<meta property=\"og:site_name\" content=\"\u00c9lettani \u00e9s Biok\u00e9miai Tansz\u00e9k\" \/>\n<meta property=\"article:modified_time\" content=\"2025-02-04T11:32:16+00:00\" \/>\n<meta name=\"twitter:card\" content=\"summary_large_image\" \/>\n<meta name=\"twitter:label1\" content=\"Becs\u00fclt olvas\u00e1si id\u0151\" \/>\n\t<meta name=\"twitter:data1\" content=\"3 perc\" \/>\n<script type=\"application\/ld+json\" class=\"yoast-schema-graph\">{\"@context\":\"https:\/\/schema.org\",\"@graph\":[{\"@type\":\"WebPage\",\"@id\":\"https:\/\/univet.hu\/ebt\/ebt\/biochemvet\/oktatas\/allatorvosi-biokemia\/kovetelmenyrendszer\/a-felev-elfogadasa\/\",\"url\":\"https:\/\/univet.hu\/ebt\/ebt\/biochemvet\/oktatas\/allatorvosi-biokemia\/kovetelmenyrendszer\/a-felev-elfogadasa\/\",\"name\":\"A f\u00e9l\u00e9v elfogad\u00e1sa - \u00c9lettani \u00e9s Biok\u00e9miai Tansz\u00e9k\",\"isPartOf\":{\"@id\":\"https:\/\/univet.hu\/ebt\/#website\"},\"datePublished\":\"2018-09-26T19:27:46+00:00\",\"dateModified\":\"2025-02-04T11:32:16+00:00\",\"breadcrumb\":{\"@id\":\"https:\/\/univet.hu\/ebt\/ebt\/biochemvet\/oktatas\/allatorvosi-biokemia\/kovetelmenyrendszer\/a-felev-elfogadasa\/#breadcrumb\"},\"inLanguage\":\"hu\",\"potentialAction\":[{\"@type\":\"ReadAction\",\"target\":[\"https:\/\/univet.hu\/ebt\/ebt\/biochemvet\/oktatas\/allatorvosi-biokemia\/kovetelmenyrendszer\/a-felev-elfogadasa\/\"]}]},{\"@type\":\"BreadcrumbList\",\"@id\":\"https:\/\/univet.hu\/ebt\/ebt\/biochemvet\/oktatas\/allatorvosi-biokemia\/kovetelmenyrendszer\/a-felev-elfogadasa\/#breadcrumb\",\"itemListElement\":[{\"@type\":\"ListItem\",\"position\":1,\"name\":\"Kezd\u0151lap\",\"item\":\"https:\/\/univet.hu\/ebt\/\"},{\"@type\":\"ListItem\",\"position\":2,\"name\":\"\u00c9lettani \u00e9s Biok\u00e9miai Tansz\u00e9k\",\"item\":\"https:\/\/univet.hu\/ebt\/\"},{\"@type\":\"ListItem\",\"position\":3,\"name\":\"Biok\u00e9miai Oszt\u00e1ly\",\"item\":\"https:\/\/univet.hu\/ebt\/ebt\/biochemvet\/\"},{\"@type\":\"ListItem\",\"position\":4,\"name\":\"Oktat\u00e1s\",\"item\":\"https:\/\/univet.hu\/ebt\/ebt\/biochemvet\/oktatas\/\"},{\"@type\":\"ListItem\",\"position\":5,\"name\":\"\u00c1llatorvosi biok\u00e9mia\",\"item\":\"https:\/\/univet.hu\/ebt\/ebt\/biochemvet\/oktatas\/allatorvosi-biokemia\/\"},{\"@type\":\"ListItem\",\"position\":6,\"name\":\"K\u00f6vetelm\u00e9nyrendszer\",\"item\":\"https:\/\/univet.hu\/ebt\/ebt\/biochemvet\/oktatas\/allatorvosi-biokemia\/kovetelmenyrendszer\/\"},{\"@type\":\"ListItem\",\"position\":7,\"name\":\"A f\u00e9l\u00e9v elfogad\u00e1sa\"}]},{\"@type\":\"WebSite\",\"@id\":\"https:\/\/univet.hu\/ebt\/#website\",\"url\":\"https:\/\/univet.hu\/ebt\/\",\"name\":\"\u00c9lettani \u00e9s Biok\u00e9miai Tansz\u00e9k\",\"description\":\"\",\"potentialAction\":[{\"@type\":\"SearchAction\",\"target\":{\"@type\":\"EntryPoint\",\"urlTemplate\":\"https:\/\/univet.hu\/ebt\/?s={search_term_string}\"},\"query-input\":{\"@type\":\"PropertyValueSpecification\",\"valueRequired\":true,\"valueName\":\"search_term_string\"}}],\"inLanguage\":\"hu\"}]}<\/script>\n<!-- \/ Yoast SEO plugin. -->","yoast_head_json":{"title":"A f\u00e9l\u00e9v elfogad\u00e1sa - \u00c9lettani \u00e9s Biok\u00e9miai Tansz\u00e9k","robots":{"index":"index","follow":"follow","max-snippet":"max-snippet:-1","max-image-preview":"max-image-preview:large","max-video-preview":"max-video-preview:-1"},"canonical":"https:\/\/univet.hu\/ebt\/ebt\/biochemvet\/oktatas\/allatorvosi-biokemia\/kovetelmenyrendszer\/a-felev-elfogadasa\/","og_locale":"hu_HU","og_type":"article","og_title":"A f\u00e9l\u00e9v elfogad\u00e1sa - \u00c9lettani \u00e9s Biok\u00e9miai Tansz\u00e9k","og_description":"Az \u00c1llatorvosi biok\u00e9mia 1. tanulm\u00e1nyi k\u00f6vetelm\u00e9nyei: A f\u00e9l\u00e9v elfogad\u00e1s\u00e1nak (a f\u00e9l\u00e9vv\u00e9gi al\u00e1\u00edr\u00e1s megszerz\u00e9s\u00e9nek) felt\u00e9telei: A tantermi el\u0151ad\u00e1sok rendszeres l\u00e1togat\u00e1sa, a f\u00e9l\u00e9v sor\u00e1n max. 3 igazolatlan hi\u00e1nyz\u00e1s. A f\u00e9l\u00e9v sor\u00e1n minden gyakorlat eredm\u00e9nyes teljes\u00edt\u00e9se. A gyakorlatokon megszerezhet\u0151 \u00f6sszpontsz\u00e1m (25 pont) legal\u00e1bb 60%-\u00e1nak (15 pont) megszerz\u00e9se. A f\u00e9l\u00e9v sor\u00e1n \u00edrt z\u00e1rthelyi dolgozaton (ZH), p\u00f3tz\u00e1rthelyi dolgozaton (p\u00f3t ZH)","og_url":"https:\/\/univet.hu\/ebt\/ebt\/biochemvet\/oktatas\/allatorvosi-biokemia\/kovetelmenyrendszer\/a-felev-elfogadasa\/","og_site_name":"\u00c9lettani \u00e9s Biok\u00e9miai Tansz\u00e9k","article_modified_time":"2025-02-04T11:32:16+00:00","twitter_card":"summary_large_image","twitter_misc":{"Becs\u00fclt olvas\u00e1si id\u0151":"3 perc"},"schema":{"@context":"https:\/\/schema.org","@graph":[{"@type":"WebPage","@id":"https:\/\/univet.hu\/ebt\/ebt\/biochemvet\/oktatas\/allatorvosi-biokemia\/kovetelmenyrendszer\/a-felev-elfogadasa\/","url":"https:\/\/univet.hu\/ebt\/ebt\/biochemvet\/oktatas\/allatorvosi-biokemia\/kovetelmenyrendszer\/a-felev-elfogadasa\/","name":"A f\u00e9l\u00e9v elfogad\u00e1sa - \u00c9lettani \u00e9s Biok\u00e9miai Tansz\u00e9k","isPartOf":{"@id":"https:\/\/univet.hu\/ebt\/#website"},"datePublished":"2018-09-26T19:27:46+00:00","dateModified":"2025-02-04T11:32:16+00:00","breadcrumb":{"@id":"https:\/\/univet.hu\/ebt\/ebt\/biochemvet\/oktatas\/allatorvosi-biokemia\/kovetelmenyrendszer\/a-felev-elfogadasa\/#breadcrumb"},"inLanguage":"hu","potentialAction":[{"@type":"ReadAction","target":["https:\/\/univet.hu\/ebt\/ebt\/biochemvet\/oktatas\/allatorvosi-biokemia\/kovetelmenyrendszer\/a-felev-elfogadasa\/"]}]},{"@type":"BreadcrumbList","@id":"https:\/\/univet.hu\/ebt\/ebt\/biochemvet\/oktatas\/allatorvosi-biokemia\/kovetelmenyrendszer\/a-felev-elfogadasa\/#breadcrumb","itemListElement":[{"@type":"ListItem","position":1,"name":"Kezd\u0151lap","item":"https:\/\/univet.hu\/ebt\/"},{"@type":"ListItem","position":2,"name":"\u00c9lettani \u00e9s Biok\u00e9miai Tansz\u00e9k","item":"https:\/\/univet.hu\/ebt\/"},{"@type":"ListItem","position":3,"name":"Biok\u00e9miai Oszt\u00e1ly","item":"https:\/\/univet.hu\/ebt\/ebt\/biochemvet\/"},{"@type":"ListItem","position":4,"name":"Oktat\u00e1s","item":"https:\/\/univet.hu\/ebt\/ebt\/biochemvet\/oktatas\/"},{"@type":"ListItem","position":5,"name":"\u00c1llatorvosi biok\u00e9mia","item":"https:\/\/univet.hu\/ebt\/ebt\/biochemvet\/oktatas\/allatorvosi-biokemia\/"},{"@type":"ListItem","position":6,"name":"K\u00f6vetelm\u00e9nyrendszer","item":"https:\/\/univet.hu\/ebt\/ebt\/biochemvet\/oktatas\/allatorvosi-biokemia\/kovetelmenyrendszer\/"},{"@type":"ListItem","position":7,"name":"A f\u00e9l\u00e9v elfogad\u00e1sa"}]},{"@type":"WebSite","@id":"https:\/\/univet.hu\/ebt\/#website","url":"https:\/\/univet.hu\/ebt\/","name":"\u00c9lettani \u00e9s Biok\u00e9miai Tansz\u00e9k","description":"","potentialAction":[{"@type":"SearchAction","target":{"@type":"EntryPoint","urlTemplate":"https:\/\/univet.hu\/ebt\/?s={search_term_string}"},"query-input":{"@type":"PropertyValueSpecification","valueRequired":true,"valueName":"search_term_string"}}],"inLanguage":"hu"}]}},"_links":{"self":[{"href":"https:\/\/univet.hu\/ebt\/wp-json\/wp\/v2\/pages\/26588","targetHints":{"allow":["GET"]}}],"collection":[{"href":"https:\/\/univet.hu\/ebt\/wp-json\/wp\/v2\/pages"}],"about":[{"href":"https:\/\/univet.hu\/ebt\/wp-json\/wp\/v2\/types\/page"}],"author":[{"embeddable":true,"href":"https:\/\/univet.hu\/ebt\/wp-json\/wp\/v2\/users\/3837"}],"replies":[{"embeddable":true,"href":"https:\/\/univet.hu\/ebt\/wp-json\/wp\/v2\/comments?post=26588"}],"version-history":[{"count":1,"href":"https:\/\/univet.hu\/ebt\/wp-json\/wp\/v2\/pages\/26588\/revisions"}],"predecessor-version":[{"id":134671,"href":"https:\/\/univet.hu\/ebt\/wp-json\/wp\/v2\/pages\/26588\/revisions\/134671"}],"up":[{"embeddable":true,"href":"https:\/\/univet.hu\/ebt\/wp-json\/wp\/v2\/pages\/26573"}],"wp:attachment":[{"href":"https:\/\/univet.hu\/ebt\/wp-json\/wp\/v2\/media?parent=26588"}],"wp:term":[{"taxonomy":"category","embeddable":true,"href":"https:\/\/univet.hu\/ebt\/wp-json\/wp\/v2\/categories?post=26588"},{"taxonomy":"post_tag","embeddable":true,"href":"https:\/\/univet.hu\/ebt\/wp-json\/wp\/v2\/tags?post=26588"}],"curies":[{"name":"wp","href":"https:\/\/api.w.org\/{rel}","templated":true}]}}