{"id":26619,"date":"2018-09-26T21:39:46","date_gmt":"2018-09-26T19:39:46","guid":{"rendered":"http:\/\/univet.hu\/biochemvet\/oktatas\/fakultativ-tantargyak\/patobiokemia\/patobiokemia-letoltheto-anyagok\/"},"modified":"2025-02-04T12:32:17","modified_gmt":"2025-02-04T11:32:17","slug":"patobiokemia-letoltheto-anyagok","status":"publish","type":"page","link":"https:\/\/univet.hu\/ebt\/ebt\/biochemvet\/oktatas\/fakultativ-tantargyak\/patobiokemia\/patobiokemia-letoltheto-anyagok\/","title":{"rendered":"Patobiok\u00e9mia let\u00f6lthet\u0151 anyagok"},"content":{"rendered":"","protected":true},"excerpt":{"rendered":"","protected":true},"author":3837,"featured_media":0,"parent":26608,"menu_order":77,"comment_status":"closed","ping_status":"closed","template":"","meta":{"_acf_changed":false,"footnotes":""},"categories":[],"tags":[],"class_list":["post-26619","page","type-page","status-publish","post-password-required","hentry"],"acf":[],"yoast_head":"<!-- This site is optimized with the Yoast SEO plugin v27.2 - https:\/\/yoast.com\/product\/yoast-seo-wordpress\/ -->\n<title>Patobiok\u00e9mia let\u00f6lthet\u0151 anyagok - \u00c9lettani \u00e9s Biok\u00e9miai Tansz\u00e9k<\/title>\n<meta name=\"robots\" content=\"index, follow, max-snippet:-1, max-image-preview:large, max-video-preview:-1\" \/>\n<link rel=\"canonical\" href=\"https:\/\/univet.hu\/ebt\/ebt\/biochemvet\/oktatas\/fakultativ-tantargyak\/patobiokemia\/patobiokemia-letoltheto-anyagok\/\" \/>\n<meta property=\"og:locale\" content=\"hu_HU\" \/>\n<meta property=\"og:type\" content=\"article\" \/>\n<meta property=\"og:title\" content=\"Patobiok\u00e9mia let\u00f6lthet\u0151 anyagok - \u00c9lettani \u00e9s Biok\u00e9miai Tansz\u00e9k\" \/>\n<meta property=\"og:description\" content=\"Nincs kivonat, mert ez egy v\u00e9dett tartalm\u00fa bejegyz\u00e9s.\" \/>\n<meta property=\"og:url\" content=\"https:\/\/univet.hu\/ebt\/ebt\/biochemvet\/oktatas\/fakultativ-tantargyak\/patobiokemia\/patobiokemia-letoltheto-anyagok\/\" \/>\n<meta property=\"og:site_name\" content=\"\u00c9lettani \u00e9s Biok\u00e9miai Tansz\u00e9k\" \/>\n<meta property=\"article:modified_time\" content=\"2025-02-04T11:32:17+00:00\" \/>\n<meta name=\"twitter:card\" content=\"summary_large_image\" \/>\n<script type=\"application\/ld+json\" class=\"yoast-schema-graph\">{\"@context\":\"https:\/\/schema.org\",\"@graph\":[{\"@type\":\"WebPage\",\"@id\":\"https:\/\/univet.hu\/ebt\/ebt\/biochemvet\/oktatas\/fakultativ-tantargyak\/patobiokemia\/patobiokemia-letoltheto-anyagok\/\",\"url\":\"https:\/\/univet.hu\/ebt\/ebt\/biochemvet\/oktatas\/fakultativ-tantargyak\/patobiokemia\/patobiokemia-letoltheto-anyagok\/\",\"name\":\"Patobiok\u00e9mia let\u00f6lthet\u0151 anyagok - \u00c9lettani \u00e9s Biok\u00e9miai Tansz\u00e9k\",\"isPartOf\":{\"@id\":\"https:\/\/univet.hu\/ebt\/#website\"},\"datePublished\":\"2018-09-26T19:39:46+00:00\",\"dateModified\":\"2025-02-04T11:32:17+00:00\",\"breadcrumb\":{\"@id\":\"https:\/\/univet.hu\/ebt\/ebt\/biochemvet\/oktatas\/fakultativ-tantargyak\/patobiokemia\/patobiokemia-letoltheto-anyagok\/#breadcrumb\"},\"inLanguage\":\"hu\"},{\"@type\":\"WebSite\",\"@id\":\"https:\/\/univet.hu\/ebt\/#website\",\"url\":\"https:\/\/univet.hu\/ebt\/\",\"name\":\"\u00c9lettani \u00e9s Biok\u00e9miai Tansz\u00e9k\",\"description\":\"\",\"potentialAction\":[{\"@type\":\"SearchAction\",\"target\":{\"@type\":\"EntryPoint\",\"urlTemplate\":\"https:\/\/univet.hu\/ebt\/?s={search_term_string}\"},\"query-input\":{\"@type\":\"PropertyValueSpecification\",\"valueRequired\":true,\"valueName\":\"search_term_string\"}}],\"inLanguage\":\"hu\"}]}<\/script>\n<!-- \/ Yoast SEO plugin. -->","yoast_head_json":{"title":"Patobiok\u00e9mia let\u00f6lthet\u0151 anyagok - \u00c9lettani \u00e9s Biok\u00e9miai Tansz\u00e9k","robots":{"index":"index","follow":"follow","max-snippet":"max-snippet:-1","max-image-preview":"max-image-preview:large","max-video-preview":"max-video-preview:-1"},"canonical":"https:\/\/univet.hu\/ebt\/ebt\/biochemvet\/oktatas\/fakultativ-tantargyak\/patobiokemia\/patobiokemia-letoltheto-anyagok\/","og_locale":"hu_HU","og_type":"article","og_title":"Patobiok\u00e9mia let\u00f6lthet\u0151 anyagok - \u00c9lettani \u00e9s Biok\u00e9miai Tansz\u00e9k","og_description":"Nincs kivonat, mert ez egy v\u00e9dett tartalm\u00fa bejegyz\u00e9s.","og_url":"https:\/\/univet.hu\/ebt\/ebt\/biochemvet\/oktatas\/fakultativ-tantargyak\/patobiokemia\/patobiokemia-letoltheto-anyagok\/","og_site_name":"\u00c9lettani \u00e9s Biok\u00e9miai Tansz\u00e9k","article_modified_time":"2025-02-04T11:32:17+00:00","twitter_card":"summary_large_image","schema":{"@context":"https:\/\/schema.org","@graph":[{"@type":"WebPage","@id":"https:\/\/univet.hu\/ebt\/ebt\/biochemvet\/oktatas\/fakultativ-tantargyak\/patobiokemia\/patobiokemia-letoltheto-anyagok\/","url":"https:\/\/univet.hu\/ebt\/ebt\/biochemvet\/oktatas\/fakultativ-tantargyak\/patobiokemia\/patobiokemia-letoltheto-anyagok\/","name":"Patobiok\u00e9mia let\u00f6lthet\u0151 anyagok - \u00c9lettani \u00e9s Biok\u00e9miai Tansz\u00e9k","isPartOf":{"@id":"https:\/\/univet.hu\/ebt\/#website"},"datePublished":"2018-09-26T19:39:46+00:00","dateModified":"2025-02-04T11:32:17+00:00","breadcrumb":{"@id":"https:\/\/univet.hu\/ebt\/ebt\/biochemvet\/oktatas\/fakultativ-tantargyak\/patobiokemia\/patobiokemia-letoltheto-anyagok\/#breadcrumb"},"inLanguage":"hu"},{"@type":"WebSite","@id":"https:\/\/univet.hu\/ebt\/#website","url":"https:\/\/univet.hu\/ebt\/","name":"\u00c9lettani \u00e9s Biok\u00e9miai Tansz\u00e9k","description":"","potentialAction":[{"@type":"SearchAction","target":{"@type":"EntryPoint","urlTemplate":"https:\/\/univet.hu\/ebt\/?s={search_term_string}"},"query-input":{"@type":"PropertyValueSpecification","valueRequired":true,"valueName":"search_term_string"}}],"inLanguage":"hu"}]}},"_links":{"self":[{"href":"https:\/\/univet.hu\/ebt\/wp-json\/wp\/v2\/pages\/26619","targetHints":{"allow":["GET"]}}],"collection":[{"href":"https:\/\/univet.hu\/ebt\/wp-json\/wp\/v2\/pages"}],"about":[{"href":"https:\/\/univet.hu\/ebt\/wp-json\/wp\/v2\/types\/page"}],"author":[{"embeddable":true,"href":"https:\/\/univet.hu\/ebt\/wp-json\/wp\/v2\/users\/3837"}],"replies":[{"embeddable":true,"href":"https:\/\/univet.hu\/ebt\/wp-json\/wp\/v2\/comments?post=26619"}],"version-history":[{"count":1,"href":"https:\/\/univet.hu\/ebt\/wp-json\/wp\/v2\/pages\/26619\/revisions"}],"predecessor-version":[{"id":134679,"href":"https:\/\/univet.hu\/ebt\/wp-json\/wp\/v2\/pages\/26619\/revisions\/134679"}],"up":[{"embeddable":true,"href":"https:\/\/univet.hu\/ebt\/wp-json\/wp\/v2\/pages\/26608"}],"wp:attachment":[{"href":"https:\/\/univet.hu\/ebt\/wp-json\/wp\/v2\/media?parent=26619"}],"wp:term":[{"taxonomy":"category","embeddable":true,"href":"https:\/\/univet.hu\/ebt\/wp-json\/wp\/v2\/categories?post=26619"},{"taxonomy":"post_tag","embeddable":true,"href":"https:\/\/univet.hu\/ebt\/wp-json\/wp\/v2\/tags?post=26619"}],"curies":[{"name":"wp","href":"https:\/\/api.w.org\/{rel}","templated":true}]}}