{"id":27033,"date":"2018-10-01T22:32:22","date_gmt":"2018-10-01T20:32:22","guid":{"rendered":"http:\/\/univet.hu\/vetphysiol\/biokemia\/"},"modified":"2026-01-29T12:52:44","modified_gmt":"2026-01-29T11:52:44","slug":"oktatas","status":"publish","type":"page","link":"https:\/\/univet.hu\/ebt\/ebt\/vetphysiol\/oktatas\/","title":{"rendered":"Oktat\u00e1s"},"content":{"rendered":"<h2>K\u00f6telez\u0151 tant\u00e1rgyak<\/h2> <ul> <li> <h4><a href=\"https:\/\/univet.hu\/hu\/ebt\/vetphysiol\/elettan\/allatorvosi-elettan\/\"><strong>\u00c1llatorvosi \u00e9lettan I.<\/strong><\/a><\/h4> <\/li> <li> <h4><a href=\"https:\/\/univet.hu\/hu\/oktatas\/kurzusok\/allatorvosi-elettan-2\/\"><strong>\u00c1llatorvosi \u00e9lettan II.<\/strong><\/a><\/h4> <\/li> <\/ul> <h2>Fakultat\u00edv tant\u00e1rgyak<\/h2> <ul> <li> <h4 class=\"entry-title\"><a href=\"https:\/\/univet.hu\/hu\/oktatas\/kurzusok\/kardiologia\/\">A kardiol\u00f3gia \u00e9lettani alapjai<\/a><\/h4> <\/li> <li> <h4><a href=\"https:\/\/univet.hu\/hu\/oktatas\/kurzusok\/kom-elett\/\">A kommunik\u00e1ci\u00f3 \u00e9lettani alapjai<\/a><\/h4> <\/li> <li> <h4><a href=\"https:\/\/univet.hu\/hu\/oktatas\/kurzusok\/a-sejtek-elettana\/\">A sejtek \u00e9lettana<\/a><\/h4> <\/li> <li> <h4><a href=\"https:\/\/univet.hu\/hu\/oktatas\/kurzusok\/stressz_elettan\/\">A stressz \u00e9lettana<\/a><\/h4> <\/li> <li> <h4><a href=\"https:\/\/univet.hu\/hu\/oktatas\/kurzusok\/tanulas-elettana\/\">A tanul\u00e1s \u00e9lettana<\/a><\/h4> <\/li> <li> <h4><a href=\"https:\/\/univet.hu\/hu\/oktatas\/kurzusok\/bioinformatika\/\">Bioinformatika<\/a><\/h4> <\/li> <li> <h4><a href=\"https:\/\/univet.hu\/hu\/oktatas\/kurzusok\/elettan-hallgatoi-lecke\/\">\u00c9lettani hallgat\u00f3i lecke<\/a><\/h4> <\/li> <li> <h4><a href=\"https:\/\/univet.hu\/hu\/oktatas\/kurzusok\/idegelettan\/\">Ideg\u00e9lettan<\/a><\/h4> <\/li> <li> <h4><a href=\"https:\/\/univet.hu\/hu\/oktatas\/kurzusok\/invitrocell\/\"><em>In vitro<\/em> sejttechnol\u00f3gia<\/a><\/h4> <\/li> <li> <h4><a href=\"https:\/\/univet.hu\/hu\/ebt\/vetphysiol\/oktatas\/kornyezetelettan\/\">K\u00f6rnyezet\u00e9lettan<\/a><\/h4> <\/li> <li> <h4><a href=\"https:\/\/univet.hu\/hu\/oktatas\/kurzusok\/osallattan\/\">\u0150sl\u00e9nyek \u00e9lettana<\/a><\/h4> <\/li> <li> <h4><a href=\"https:\/\/univet.hu\/hu\/oktatas\/kurzusok\/sugarbiologia-allatorvosoknak\/\">Sug\u00e1rbiol\u00f3gia \u00e1llatorvosoknak<\/a><\/h4> <\/li> <li> <h4><a href=\"https:\/\/univet.hu\/hu\/oktatas\/kurzusok\/tudasatadas-formai\/\">Tud\u00e1s\u00e1tad\u00e1s form\u00e1i<\/a><\/h4> <\/li> <li> <h4><a href=\"https:\/\/univet.hu\/hu\/oktatas\/kurzusok\/viselkedeselettan\/\"><strong>Viselked\u00e9s\u00e9lettan<\/strong><\/a><\/h4> <\/li> <\/ul>","protected":false},"excerpt":{"rendered":"<p>K\u00f6telez\u0151 tant\u00e1rgyak \u00c1llatorvosi \u00e9lettan I. \u00c1llatorvosi \u00e9lettan II. Fakultat\u00edv tant\u00e1rgyak A kardiol\u00f3gia \u00e9lettani alapjai A kommunik\u00e1ci\u00f3 \u00e9lettani alapjai A sejtek \u00e9lettana A stressz \u00e9lettana A tanul\u00e1s \u00e9lettana Bioinformatika \u00c9lettani hallgat\u00f3i lecke Ideg\u00e9lettan In vitro sejttechnol\u00f3gia K\u00f6rnyezet\u00e9lettan \u0150sl\u00e9nyek \u00e9lettana Sug\u00e1rbiol\u00f3gia \u00e1llatorvosoknak Tud\u00e1s\u00e1tad\u00e1s form\u00e1i Viselked\u00e9s\u00e9lettan<\/p>\n","protected":false},"author":3837,"featured_media":0,"parent":27030,"menu_order":94,"comment_status":"closed","ping_status":"closed","template":"","meta":{"_acf_changed":false,"footnotes":""},"categories":[],"tags":[],"class_list":["post-27033","page","type-page","status-publish","hentry"],"acf":[],"yoast_head":"<!-- This site is optimized with the Yoast SEO plugin v27.2 - https:\/\/yoast.com\/product\/yoast-seo-wordpress\/ -->\n<title>Oktat\u00e1s - \u00c9lettani \u00e9s Biok\u00e9miai Tansz\u00e9k<\/title>\n<meta name=\"robots\" content=\"index, follow, max-snippet:-1, max-image-preview:large, max-video-preview:-1\" \/>\n<link rel=\"canonical\" href=\"https:\/\/univet.hu\/ebt\/ebt\/vetphysiol\/oktatas\/\" \/>\n<meta property=\"og:locale\" content=\"hu_HU\" \/>\n<meta property=\"og:type\" content=\"article\" \/>\n<meta property=\"og:title\" content=\"Oktat\u00e1s - \u00c9lettani \u00e9s Biok\u00e9miai Tansz\u00e9k\" \/>\n<meta property=\"og:description\" content=\"K\u00f6telez\u0151 tant\u00e1rgyak \u00c1llatorvosi \u00e9lettan I. \u00c1llatorvosi \u00e9lettan II. Fakultat\u00edv tant\u00e1rgyak A kardiol\u00f3gia \u00e9lettani alapjai A kommunik\u00e1ci\u00f3 \u00e9lettani alapjai A sejtek \u00e9lettana A stressz \u00e9lettana A tanul\u00e1s \u00e9lettana Bioinformatika \u00c9lettani hallgat\u00f3i lecke Ideg\u00e9lettan In vitro sejttechnol\u00f3gia K\u00f6rnyezet\u00e9lettan \u0150sl\u00e9nyek \u00e9lettana Sug\u00e1rbiol\u00f3gia \u00e1llatorvosoknak Tud\u00e1s\u00e1tad\u00e1s form\u00e1i Viselked\u00e9s\u00e9lettan\" \/>\n<meta property=\"og:url\" content=\"https:\/\/univet.hu\/ebt\/ebt\/vetphysiol\/oktatas\/\" \/>\n<meta property=\"og:site_name\" content=\"\u00c9lettani \u00e9s Biok\u00e9miai Tansz\u00e9k\" \/>\n<meta property=\"article:modified_time\" content=\"2026-01-29T11:52:44+00:00\" \/>\n<meta name=\"twitter:card\" content=\"summary_large_image\" \/>\n<meta name=\"twitter:label1\" content=\"Becs\u00fclt olvas\u00e1si id\u0151\" \/>\n\t<meta name=\"twitter:data1\" content=\"1 perc\" \/>\n<script type=\"application\/ld+json\" class=\"yoast-schema-graph\">{\"@context\":\"https:\/\/schema.org\",\"@graph\":[{\"@type\":\"WebPage\",\"@id\":\"https:\/\/univet.hu\/ebt\/ebt\/vetphysiol\/oktatas\/\",\"url\":\"https:\/\/univet.hu\/ebt\/ebt\/vetphysiol\/oktatas\/\",\"name\":\"Oktat\u00e1s - \u00c9lettani \u00e9s Biok\u00e9miai Tansz\u00e9k\",\"isPartOf\":{\"@id\":\"https:\/\/univet.hu\/ebt\/#website\"},\"datePublished\":\"2018-10-01T20:32:22+00:00\",\"dateModified\":\"2026-01-29T11:52:44+00:00\",\"breadcrumb\":{\"@id\":\"https:\/\/univet.hu\/ebt\/ebt\/vetphysiol\/oktatas\/#breadcrumb\"},\"inLanguage\":\"hu\",\"potentialAction\":[{\"@type\":\"ReadAction\",\"target\":[\"https:\/\/univet.hu\/ebt\/ebt\/vetphysiol\/oktatas\/\"]}]},{\"@type\":\"BreadcrumbList\",\"@id\":\"https:\/\/univet.hu\/ebt\/ebt\/vetphysiol\/oktatas\/#breadcrumb\",\"itemListElement\":[{\"@type\":\"ListItem\",\"position\":1,\"name\":\"Kezd\u0151lap\",\"item\":\"https:\/\/univet.hu\/ebt\/\"},{\"@type\":\"ListItem\",\"position\":2,\"name\":\"\u00c9lettani \u00e9s Biok\u00e9miai Tansz\u00e9k\",\"item\":\"https:\/\/univet.hu\/ebt\/\"},{\"@type\":\"ListItem\",\"position\":3,\"name\":\"\u00c9lettani Oszt\u00e1ly\",\"item\":\"https:\/\/univet.hu\/ebt\/ebt\/vetphysiol\/\"},{\"@type\":\"ListItem\",\"position\":4,\"name\":\"Oktat\u00e1s\"}]},{\"@type\":\"WebSite\",\"@id\":\"https:\/\/univet.hu\/ebt\/#website\",\"url\":\"https:\/\/univet.hu\/ebt\/\",\"name\":\"\u00c9lettani \u00e9s Biok\u00e9miai Tansz\u00e9k\",\"description\":\"\",\"potentialAction\":[{\"@type\":\"SearchAction\",\"target\":{\"@type\":\"EntryPoint\",\"urlTemplate\":\"https:\/\/univet.hu\/ebt\/?s={search_term_string}\"},\"query-input\":{\"@type\":\"PropertyValueSpecification\",\"valueRequired\":true,\"valueName\":\"search_term_string\"}}],\"inLanguage\":\"hu\"}]}<\/script>\n<!-- \/ Yoast SEO plugin. -->","yoast_head_json":{"title":"Oktat\u00e1s - \u00c9lettani \u00e9s Biok\u00e9miai Tansz\u00e9k","robots":{"index":"index","follow":"follow","max-snippet":"max-snippet:-1","max-image-preview":"max-image-preview:large","max-video-preview":"max-video-preview:-1"},"canonical":"https:\/\/univet.hu\/ebt\/ebt\/vetphysiol\/oktatas\/","og_locale":"hu_HU","og_type":"article","og_title":"Oktat\u00e1s - \u00c9lettani \u00e9s Biok\u00e9miai Tansz\u00e9k","og_description":"K\u00f6telez\u0151 tant\u00e1rgyak \u00c1llatorvosi \u00e9lettan I. \u00c1llatorvosi \u00e9lettan II. Fakultat\u00edv tant\u00e1rgyak A kardiol\u00f3gia \u00e9lettani alapjai A kommunik\u00e1ci\u00f3 \u00e9lettani alapjai A sejtek \u00e9lettana A stressz \u00e9lettana A tanul\u00e1s \u00e9lettana Bioinformatika \u00c9lettani hallgat\u00f3i lecke Ideg\u00e9lettan In vitro sejttechnol\u00f3gia K\u00f6rnyezet\u00e9lettan \u0150sl\u00e9nyek \u00e9lettana Sug\u00e1rbiol\u00f3gia \u00e1llatorvosoknak Tud\u00e1s\u00e1tad\u00e1s form\u00e1i Viselked\u00e9s\u00e9lettan","og_url":"https:\/\/univet.hu\/ebt\/ebt\/vetphysiol\/oktatas\/","og_site_name":"\u00c9lettani \u00e9s Biok\u00e9miai Tansz\u00e9k","article_modified_time":"2026-01-29T11:52:44+00:00","twitter_card":"summary_large_image","twitter_misc":{"Becs\u00fclt olvas\u00e1si id\u0151":"1 perc"},"schema":{"@context":"https:\/\/schema.org","@graph":[{"@type":"WebPage","@id":"https:\/\/univet.hu\/ebt\/ebt\/vetphysiol\/oktatas\/","url":"https:\/\/univet.hu\/ebt\/ebt\/vetphysiol\/oktatas\/","name":"Oktat\u00e1s - \u00c9lettani \u00e9s Biok\u00e9miai Tansz\u00e9k","isPartOf":{"@id":"https:\/\/univet.hu\/ebt\/#website"},"datePublished":"2018-10-01T20:32:22+00:00","dateModified":"2026-01-29T11:52:44+00:00","breadcrumb":{"@id":"https:\/\/univet.hu\/ebt\/ebt\/vetphysiol\/oktatas\/#breadcrumb"},"inLanguage":"hu","potentialAction":[{"@type":"ReadAction","target":["https:\/\/univet.hu\/ebt\/ebt\/vetphysiol\/oktatas\/"]}]},{"@type":"BreadcrumbList","@id":"https:\/\/univet.hu\/ebt\/ebt\/vetphysiol\/oktatas\/#breadcrumb","itemListElement":[{"@type":"ListItem","position":1,"name":"Kezd\u0151lap","item":"https:\/\/univet.hu\/ebt\/"},{"@type":"ListItem","position":2,"name":"\u00c9lettani \u00e9s Biok\u00e9miai Tansz\u00e9k","item":"https:\/\/univet.hu\/ebt\/"},{"@type":"ListItem","position":3,"name":"\u00c9lettani Oszt\u00e1ly","item":"https:\/\/univet.hu\/ebt\/ebt\/vetphysiol\/"},{"@type":"ListItem","position":4,"name":"Oktat\u00e1s"}]},{"@type":"WebSite","@id":"https:\/\/univet.hu\/ebt\/#website","url":"https:\/\/univet.hu\/ebt\/","name":"\u00c9lettani \u00e9s Biok\u00e9miai Tansz\u00e9k","description":"","potentialAction":[{"@type":"SearchAction","target":{"@type":"EntryPoint","urlTemplate":"https:\/\/univet.hu\/ebt\/?s={search_term_string}"},"query-input":{"@type":"PropertyValueSpecification","valueRequired":true,"valueName":"search_term_string"}}],"inLanguage":"hu"}]}},"_links":{"self":[{"href":"https:\/\/univet.hu\/ebt\/wp-json\/wp\/v2\/pages\/27033","targetHints":{"allow":["GET"]}}],"collection":[{"href":"https:\/\/univet.hu\/ebt\/wp-json\/wp\/v2\/pages"}],"about":[{"href":"https:\/\/univet.hu\/ebt\/wp-json\/wp\/v2\/types\/page"}],"author":[{"embeddable":true,"href":"https:\/\/univet.hu\/ebt\/wp-json\/wp\/v2\/users\/3837"}],"replies":[{"embeddable":true,"href":"https:\/\/univet.hu\/ebt\/wp-json\/wp\/v2\/comments?post=27033"}],"version-history":[{"count":5,"href":"https:\/\/univet.hu\/ebt\/wp-json\/wp\/v2\/pages\/27033\/revisions"}],"predecessor-version":[{"id":135257,"href":"https:\/\/univet.hu\/ebt\/wp-json\/wp\/v2\/pages\/27033\/revisions\/135257"}],"up":[{"embeddable":true,"href":"https:\/\/univet.hu\/ebt\/wp-json\/wp\/v2\/pages\/27030"}],"wp:attachment":[{"href":"https:\/\/univet.hu\/ebt\/wp-json\/wp\/v2\/media?parent=27033"}],"wp:term":[{"taxonomy":"category","embeddable":true,"href":"https:\/\/univet.hu\/ebt\/wp-json\/wp\/v2\/categories?post=27033"},{"taxonomy":"post_tag","embeddable":true,"href":"https:\/\/univet.hu\/ebt\/wp-json\/wp\/v2\/tags?post=27033"}],"curies":[{"name":"wp","href":"https:\/\/api.w.org\/{rel}","templated":true}]}}