{"id":27106,"date":"2018-10-01T22:53:25","date_gmt":"2018-10-01T20:53:25","guid":{"rendered":"http:\/\/univet.hu\/?page_id=27106"},"modified":"2025-02-04T12:32:17","modified_gmt":"2025-02-04T11:32:17","slug":"eloadas","status":"publish","type":"page","link":"https:\/\/univet.hu\/ebt\/ebt\/vetphysiol\/allatorvosi-elettan\/eloadas\/","title":{"rendered":"El\u0151ad\u00e1sok"},"content":{"rendered":"<p>A\u00a0tananyag<strong>\u00a0<\/strong>v\u00e1z\u00e1t az\u00a0<strong>el\u0151ad\u00e1sokon vet\u00edtett<\/strong>\u00a0Power Point-form\u00e1tum\u00fa anyagok adj\u00e1k, amelyek a tansz\u00e9k honlapj\u00e1nak jelsz\u00f3val v\u00e9dett ter\u00fclet\u00e9r\u0151l <a href=\"http:\/\/www.vetphysiol.hu\/eloletolt.php\">t\u00f6lthet\u0151 le<\/a>. Az\u00a0el\u0151ad\u00e1sok anyaga folyamatosan friss\u00fcl, \u00edgy az el\u0151z\u0151 \u00e9vi anyagokat nem \u00e1ll m\u00f3dunkban elfogadni.\u00a0A let\u00f6lthet\u0151 el\u0151ad\u00e1sok mellett\u00a0sz\u00e1monk\u00e9r\u00e9sekre val\u00f3 felk\u00e9sz\u00fcl\u00e9shez a honlapunkon hivatkozott aj\u00e1nlott szakirodalom\u00a0ny\u00fajt seg\u00edts\u00e9get.<\/p> <p><strong>FONTOS<\/strong>: Az \u00c1llatorvostudom\u00e1nyi Egyetem Tanulm\u00e1nyi \u00e9s Vizsgaszab\u00e1lyzata alapj\u00e1n az el\u0151ad\u00e1sok l\u00e1togat\u00e1sa k\u00f6telez\u0151.\u00a0A hallgat\u00f3k jelenl\u00e9t\u00e9t sz\u00far\u00f3pr\u00f3baszer\u0171 katal\u00f3gussal ellen\u0151rizz\u00fck.\u00a0<strong>H\u00e1romn\u00e1l t\u00f6bb hi\u00e1nyz\u00e1s<\/strong>\u00a0eset\u00e9n a hallgat\u00f3 a f\u00e9l\u00e9v sor\u00e1n gy\u0171jt\u00f6tt\u00a0<strong>pontjait\u00a0<\/strong><strong>elvesz\u00edti<\/strong>, a f\u00e9l\u00e9ve \u00e9rv\u00e9nytelen.<\/p> <p>Az el\u0151ad\u00e1s anyag\u00e1b\u00f3l a\u00a0<strong>sz\u00e1monk\u00e9r\u00e9s\u00a0<\/strong>a tansz\u00e9ki honlapr\u00f3l\u00a0<strong>let\u00f6lthet\u0151 el\u0151ad\u00e1sanyagok\u00a0<\/strong>\u00e9s az\u00a0<strong>el\u0151ad\u00e1son elhangzottak\u00a0<\/strong>alapj\u00e1n t\u00f6rt\u00e9nik.<\/p> <h2><strong>El\u0151ad\u00e1sok \u00fctemez\u00e9se<\/strong><\/h2> <p>Az el\u0151ad\u00e1sok \u00fctemez\u00e9se\u00a0<a href=\"http:\/\/www.vetphysiol.hu\/eloutem.php\">ide kattintva<\/a>\u00a0tekinthet\u0151 meg.<\/p> <h2><strong>El\u0151ad\u00e1sok t\u00e9m\u00e1i<\/strong><\/h2> <table> <tbody> <tr> <td><strong>\u0150szi f\u00e9l\u00e9v<\/strong><\/td> <td><strong>Tavaszi f\u00e9l\u00e9v<\/strong><\/td> <\/tr> <tr> <td>Bevezet\u00e9s az \u00e9lettanba<\/td> <td>Em\u00e9szt\u00e9s \u00e9s felsz\u00edv\u00f3d\u00e1s<\/td> <\/tr> <tr> <td>Bels\u0151 k\u00f6rnyezet, a szervezet folyad\u00e9kterei<\/td> <td>Anyag- \u00e9s energiaforgalom<\/td> <\/tr> <tr> <td>V\u00e9r<\/td> <td>H\u0151forgalom \u00e9s h\u0151szab\u00e1lyoz\u00e1s<\/td> <\/tr> <tr> <td>Immunrendszer<\/td> <td>Csont, \u00e1sv\u00e1nyi anyagok<\/td> <\/tr> <tr> <td>Izomtan<\/td> <td>Endokrinol\u00f3gia<\/td> <\/tr> <tr> <td>Sz\u00edvm\u0171k\u00f6d\u00e9s<\/td> <td>Szaporod\u00e1sbiol\u00f3gia<\/td> <\/tr> <tr> <td>V\u00e9rkering\u00e9s<\/td> <td>Idegrendszer<\/td> <\/tr> <tr> <td>L\u00e9gz\u00e9s<\/td> <td>\u00c9rz\u00e9kszervek<\/td> <\/tr> <tr> <td>Kiv\u00e1laszt\u00e1s<\/td> <td><\/td> <\/tr> <\/tbody> <\/table> <h2><strong>\u00c1llatorvosi \u00e9lettan szakirodalom<\/strong><\/h2> <h3><strong>K\u00f6telez\u0151 szakirodalom<\/strong><\/h3> <ul> <li>A tansz\u00e9ki honlapr\u00f3l let\u00f6lthet\u0151 el\u0151ad\u00e1sanyagok\u00a0<a href=\"http:\/\/www.vetphysiol.hu\/eloletolt.php\">(ppt prezent\u00e1ci\u00f3k)<\/a><\/li> <li>Az el\u0151ad\u00e1son elhangzottak<\/li> <li>Gy\u0151rffy A., R\u00f3nai Zs.: \u00c9lettani gyakorlatok\u00a0<a href=\"http:\/\/www.vetphysiol.hu\/tanszek.php\">(ugr\u00e1s az oldalra)<\/a><\/li> <li>Gy\u0151rffy A., R\u00f3nai Zs.: H\u00e1zi\u00e1llatok \u00e9lettani alap\u00e9rt\u00e9kei\u00a0<a href=\"http:\/\/www.vetphysiol.hu\/tanszek.php\">(ugr\u00e1s az oldalra)<\/a><\/li> <\/ul> <h3><strong>Aj\u00e1nlott szakirodalom az \u00e1llatorvostan-hallgat\u00f3k r\u00e9sz\u00e9re<\/strong><\/h3> <ul> <li>Cunningham J. G. (2007): Textbook of Veterinary Physiology. Philadelphia: W. B. Saunders, Engelhardt W., Breves G. (2005): Physiologie der Haustiere. Stuttgart: Enke<\/li> <li>Fony\u00f3 A., Ligeti E. (2008): Az orvosi \u00e9lettan tank\u00f6nyve. Budapest: Medicina<\/li> <li>Reece W. O. (2004): Dukes&#8217; Physiology of Domestic Animals. Ithaca: Cornell University Press<\/li> <li>Rudas P., Frenyo V. L. (szerk.1995): Az \u00e1llatorvosi \u00e9lettan alapjai. Budapest: Springer Hungarica<\/li> <li>Scheunert A., Trautman A. (1994): Lehrbuch der Veterin\u00e4rphysiologie. Berlin: Hamburg: Paul Parey<\/li> <li>Schmidt R. F., Thews G. (1997): Physiologie des Menschen. Berlin: Springer Verlag<\/li> <li>Silbernagl S., Despopoulos A. (1996): SH atlasz: \u00c9lettan. Budapest: Springer Hungarica<\/li> <li>Sjaastad O. V., Hove K., Sand O. (2010): Physiology of Domestic Animals. Oslo: Scandinavian Veterinary Press<\/li> <\/ul>","protected":false},"excerpt":{"rendered":"<p>A\u00a0tananyag\u00a0v\u00e1z\u00e1t az\u00a0el\u0151ad\u00e1sokon vet\u00edtett\u00a0Power Point-form\u00e1tum\u00fa anyagok adj\u00e1k, amelyek a tansz\u00e9k honlapj\u00e1nak jelsz\u00f3val v\u00e9dett ter\u00fclet\u00e9r\u0151l t\u00f6lthet\u0151 le. Az\u00a0el\u0151ad\u00e1sok anyaga folyamatosan friss\u00fcl, \u00edgy az el\u0151z\u0151 \u00e9vi anyagokat nem \u00e1ll m\u00f3dunkban elfogadni.\u00a0A let\u00f6lthet\u0151 el\u0151ad\u00e1sok mellett\u00a0sz\u00e1monk\u00e9r\u00e9sekre val\u00f3 felk\u00e9sz\u00fcl\u00e9shez a honlapunkon hivatkozott aj\u00e1nlott szakirodalom\u00a0ny\u00fajt seg\u00edts\u00e9get. FONTOS: Az \u00c1llatorvostudom\u00e1nyi Egyetem Tanulm\u00e1nyi \u00e9s Vizsgaszab\u00e1lyzata alapj\u00e1n az el\u0151ad\u00e1sok l\u00e1togat\u00e1sa k\u00f6telez\u0151.\u00a0A hallgat\u00f3k jelenl\u00e9t\u00e9t sz\u00far\u00f3pr\u00f3baszer\u0171 katal\u00f3gussal<\/p>\n","protected":false},"author":3837,"featured_media":0,"parent":27034,"menu_order":77,"comment_status":"closed","ping_status":"closed","template":"","meta":{"_acf_changed":false,"footnotes":""},"categories":[],"tags":[],"class_list":["post-27106","page","type-page","status-publish","hentry"],"acf":[],"yoast_head":"<!-- This site is optimized with the Yoast SEO plugin v27.2 - https:\/\/yoast.com\/product\/yoast-seo-wordpress\/ -->\n<title>El\u0151ad\u00e1sok - \u00c9lettani \u00e9s Biok\u00e9miai Tansz\u00e9k<\/title>\n<meta name=\"robots\" content=\"index, follow, max-snippet:-1, max-image-preview:large, max-video-preview:-1\" \/>\n<link rel=\"canonical\" href=\"https:\/\/univet.hu\/ebt\/ebt\/vetphysiol\/allatorvosi-elettan\/eloadas\/\" \/>\n<meta property=\"og:locale\" content=\"hu_HU\" \/>\n<meta property=\"og:type\" content=\"article\" \/>\n<meta property=\"og:title\" content=\"El\u0151ad\u00e1sok - \u00c9lettani \u00e9s Biok\u00e9miai Tansz\u00e9k\" \/>\n<meta property=\"og:description\" content=\"A\u00a0tananyag\u00a0v\u00e1z\u00e1t az\u00a0el\u0151ad\u00e1sokon vet\u00edtett\u00a0Power Point-form\u00e1tum\u00fa anyagok adj\u00e1k, amelyek a tansz\u00e9k honlapj\u00e1nak jelsz\u00f3val v\u00e9dett ter\u00fclet\u00e9r\u0151l t\u00f6lthet\u0151 le. Az\u00a0el\u0151ad\u00e1sok anyaga folyamatosan friss\u00fcl, \u00edgy az el\u0151z\u0151 \u00e9vi anyagokat nem \u00e1ll m\u00f3dunkban elfogadni.\u00a0A let\u00f6lthet\u0151 el\u0151ad\u00e1sok mellett\u00a0sz\u00e1monk\u00e9r\u00e9sekre val\u00f3 felk\u00e9sz\u00fcl\u00e9shez a honlapunkon hivatkozott aj\u00e1nlott szakirodalom\u00a0ny\u00fajt seg\u00edts\u00e9get. FONTOS: Az \u00c1llatorvostudom\u00e1nyi Egyetem Tanulm\u00e1nyi \u00e9s Vizsgaszab\u00e1lyzata alapj\u00e1n az el\u0151ad\u00e1sok l\u00e1togat\u00e1sa k\u00f6telez\u0151.\u00a0A hallgat\u00f3k jelenl\u00e9t\u00e9t sz\u00far\u00f3pr\u00f3baszer\u0171 katal\u00f3gussal\" \/>\n<meta property=\"og:url\" content=\"https:\/\/univet.hu\/ebt\/ebt\/vetphysiol\/allatorvosi-elettan\/eloadas\/\" \/>\n<meta property=\"og:site_name\" content=\"\u00c9lettani \u00e9s Biok\u00e9miai Tansz\u00e9k\" \/>\n<meta property=\"article:modified_time\" content=\"2025-02-04T11:32:17+00:00\" \/>\n<meta name=\"twitter:card\" content=\"summary_large_image\" \/>\n<meta name=\"twitter:label1\" content=\"Becs\u00fclt olvas\u00e1si id\u0151\" \/>\n\t<meta name=\"twitter:data1\" content=\"2 perc\" \/>\n<script type=\"application\/ld+json\" class=\"yoast-schema-graph\">{\"@context\":\"https:\/\/schema.org\",\"@graph\":[{\"@type\":\"WebPage\",\"@id\":\"https:\/\/univet.hu\/ebt\/ebt\/vetphysiol\/allatorvosi-elettan\/eloadas\/\",\"url\":\"https:\/\/univet.hu\/ebt\/ebt\/vetphysiol\/allatorvosi-elettan\/eloadas\/\",\"name\":\"El\u0151ad\u00e1sok - \u00c9lettani \u00e9s Biok\u00e9miai Tansz\u00e9k\",\"isPartOf\":{\"@id\":\"https:\/\/univet.hu\/ebt\/#website\"},\"datePublished\":\"2018-10-01T20:53:25+00:00\",\"dateModified\":\"2025-02-04T11:32:17+00:00\",\"breadcrumb\":{\"@id\":\"https:\/\/univet.hu\/ebt\/ebt\/vetphysiol\/allatorvosi-elettan\/eloadas\/#breadcrumb\"},\"inLanguage\":\"hu\",\"potentialAction\":[{\"@type\":\"ReadAction\",\"target\":[\"https:\/\/univet.hu\/ebt\/ebt\/vetphysiol\/allatorvosi-elettan\/eloadas\/\"]}]},{\"@type\":\"BreadcrumbList\",\"@id\":\"https:\/\/univet.hu\/ebt\/ebt\/vetphysiol\/allatorvosi-elettan\/eloadas\/#breadcrumb\",\"itemListElement\":[{\"@type\":\"ListItem\",\"position\":1,\"name\":\"Kezd\u0151lap\",\"item\":\"https:\/\/univet.hu\/ebt\/\"},{\"@type\":\"ListItem\",\"position\":2,\"name\":\"\u00c9lettani \u00e9s Biok\u00e9miai Tansz\u00e9k\",\"item\":\"https:\/\/univet.hu\/ebt\/\"},{\"@type\":\"ListItem\",\"position\":3,\"name\":\"\u00c9lettani Oszt\u00e1ly\",\"item\":\"https:\/\/univet.hu\/ebt\/ebt\/vetphysiol\/\"},{\"@type\":\"ListItem\",\"position\":4,\"name\":\"\u00c1llatorvosi \u00e9lettan\",\"item\":\"https:\/\/univet.hu\/ebt\/ebt\/vetphysiol\/allatorvosi-elettan\/\"},{\"@type\":\"ListItem\",\"position\":5,\"name\":\"El\u0151ad\u00e1sok\"}]},{\"@type\":\"WebSite\",\"@id\":\"https:\/\/univet.hu\/ebt\/#website\",\"url\":\"https:\/\/univet.hu\/ebt\/\",\"name\":\"\u00c9lettani \u00e9s Biok\u00e9miai Tansz\u00e9k\",\"description\":\"\",\"potentialAction\":[{\"@type\":\"SearchAction\",\"target\":{\"@type\":\"EntryPoint\",\"urlTemplate\":\"https:\/\/univet.hu\/ebt\/?s={search_term_string}\"},\"query-input\":{\"@type\":\"PropertyValueSpecification\",\"valueRequired\":true,\"valueName\":\"search_term_string\"}}],\"inLanguage\":\"hu\"}]}<\/script>\n<!-- \/ Yoast SEO plugin. -->","yoast_head_json":{"title":"El\u0151ad\u00e1sok - \u00c9lettani \u00e9s Biok\u00e9miai Tansz\u00e9k","robots":{"index":"index","follow":"follow","max-snippet":"max-snippet:-1","max-image-preview":"max-image-preview:large","max-video-preview":"max-video-preview:-1"},"canonical":"https:\/\/univet.hu\/ebt\/ebt\/vetphysiol\/allatorvosi-elettan\/eloadas\/","og_locale":"hu_HU","og_type":"article","og_title":"El\u0151ad\u00e1sok - \u00c9lettani \u00e9s Biok\u00e9miai Tansz\u00e9k","og_description":"A\u00a0tananyag\u00a0v\u00e1z\u00e1t az\u00a0el\u0151ad\u00e1sokon vet\u00edtett\u00a0Power Point-form\u00e1tum\u00fa anyagok adj\u00e1k, amelyek a tansz\u00e9k honlapj\u00e1nak jelsz\u00f3val v\u00e9dett ter\u00fclet\u00e9r\u0151l t\u00f6lthet\u0151 le. Az\u00a0el\u0151ad\u00e1sok anyaga folyamatosan friss\u00fcl, \u00edgy az el\u0151z\u0151 \u00e9vi anyagokat nem \u00e1ll m\u00f3dunkban elfogadni.\u00a0A let\u00f6lthet\u0151 el\u0151ad\u00e1sok mellett\u00a0sz\u00e1monk\u00e9r\u00e9sekre val\u00f3 felk\u00e9sz\u00fcl\u00e9shez a honlapunkon hivatkozott aj\u00e1nlott szakirodalom\u00a0ny\u00fajt seg\u00edts\u00e9get. FONTOS: Az \u00c1llatorvostudom\u00e1nyi Egyetem Tanulm\u00e1nyi \u00e9s Vizsgaszab\u00e1lyzata alapj\u00e1n az el\u0151ad\u00e1sok l\u00e1togat\u00e1sa k\u00f6telez\u0151.\u00a0A hallgat\u00f3k jelenl\u00e9t\u00e9t sz\u00far\u00f3pr\u00f3baszer\u0171 katal\u00f3gussal","og_url":"https:\/\/univet.hu\/ebt\/ebt\/vetphysiol\/allatorvosi-elettan\/eloadas\/","og_site_name":"\u00c9lettani \u00e9s Biok\u00e9miai Tansz\u00e9k","article_modified_time":"2025-02-04T11:32:17+00:00","twitter_card":"summary_large_image","twitter_misc":{"Becs\u00fclt olvas\u00e1si id\u0151":"2 perc"},"schema":{"@context":"https:\/\/schema.org","@graph":[{"@type":"WebPage","@id":"https:\/\/univet.hu\/ebt\/ebt\/vetphysiol\/allatorvosi-elettan\/eloadas\/","url":"https:\/\/univet.hu\/ebt\/ebt\/vetphysiol\/allatorvosi-elettan\/eloadas\/","name":"El\u0151ad\u00e1sok - \u00c9lettani \u00e9s Biok\u00e9miai Tansz\u00e9k","isPartOf":{"@id":"https:\/\/univet.hu\/ebt\/#website"},"datePublished":"2018-10-01T20:53:25+00:00","dateModified":"2025-02-04T11:32:17+00:00","breadcrumb":{"@id":"https:\/\/univet.hu\/ebt\/ebt\/vetphysiol\/allatorvosi-elettan\/eloadas\/#breadcrumb"},"inLanguage":"hu","potentialAction":[{"@type":"ReadAction","target":["https:\/\/univet.hu\/ebt\/ebt\/vetphysiol\/allatorvosi-elettan\/eloadas\/"]}]},{"@type":"BreadcrumbList","@id":"https:\/\/univet.hu\/ebt\/ebt\/vetphysiol\/allatorvosi-elettan\/eloadas\/#breadcrumb","itemListElement":[{"@type":"ListItem","position":1,"name":"Kezd\u0151lap","item":"https:\/\/univet.hu\/ebt\/"},{"@type":"ListItem","position":2,"name":"\u00c9lettani \u00e9s Biok\u00e9miai Tansz\u00e9k","item":"https:\/\/univet.hu\/ebt\/"},{"@type":"ListItem","position":3,"name":"\u00c9lettani Oszt\u00e1ly","item":"https:\/\/univet.hu\/ebt\/ebt\/vetphysiol\/"},{"@type":"ListItem","position":4,"name":"\u00c1llatorvosi \u00e9lettan","item":"https:\/\/univet.hu\/ebt\/ebt\/vetphysiol\/allatorvosi-elettan\/"},{"@type":"ListItem","position":5,"name":"El\u0151ad\u00e1sok"}]},{"@type":"WebSite","@id":"https:\/\/univet.hu\/ebt\/#website","url":"https:\/\/univet.hu\/ebt\/","name":"\u00c9lettani \u00e9s Biok\u00e9miai Tansz\u00e9k","description":"","potentialAction":[{"@type":"SearchAction","target":{"@type":"EntryPoint","urlTemplate":"https:\/\/univet.hu\/ebt\/?s={search_term_string}"},"query-input":{"@type":"PropertyValueSpecification","valueRequired":true,"valueName":"search_term_string"}}],"inLanguage":"hu"}]}},"_links":{"self":[{"href":"https:\/\/univet.hu\/ebt\/wp-json\/wp\/v2\/pages\/27106","targetHints":{"allow":["GET"]}}],"collection":[{"href":"https:\/\/univet.hu\/ebt\/wp-json\/wp\/v2\/pages"}],"about":[{"href":"https:\/\/univet.hu\/ebt\/wp-json\/wp\/v2\/types\/page"}],"author":[{"embeddable":true,"href":"https:\/\/univet.hu\/ebt\/wp-json\/wp\/v2\/users\/3837"}],"replies":[{"embeddable":true,"href":"https:\/\/univet.hu\/ebt\/wp-json\/wp\/v2\/comments?post=27106"}],"version-history":[{"count":1,"href":"https:\/\/univet.hu\/ebt\/wp-json\/wp\/v2\/pages\/27106\/revisions"}],"predecessor-version":[{"id":134683,"href":"https:\/\/univet.hu\/ebt\/wp-json\/wp\/v2\/pages\/27106\/revisions\/134683"}],"up":[{"embeddable":true,"href":"https:\/\/univet.hu\/ebt\/wp-json\/wp\/v2\/pages\/27034"}],"wp:attachment":[{"href":"https:\/\/univet.hu\/ebt\/wp-json\/wp\/v2\/media?parent=27106"}],"wp:term":[{"taxonomy":"category","embeddable":true,"href":"https:\/\/univet.hu\/ebt\/wp-json\/wp\/v2\/categories?post=27106"},{"taxonomy":"post_tag","embeddable":true,"href":"https:\/\/univet.hu\/ebt\/wp-json\/wp\/v2\/tags?post=27106"}],"curies":[{"name":"wp","href":"https:\/\/api.w.org\/{rel}","templated":true}]}}