{"id":29827,"date":"2018-10-14T16:12:09","date_gmt":"2018-10-14T14:12:09","guid":{"rendered":"http:\/\/univet.hu\/vetphysiol\/elettan\/allatorvosi-elettan\/gyakorlat\/letoltheto-anyagok\/"},"modified":"2025-02-04T12:32:18","modified_gmt":"2025-02-04T11:32:18","slug":"zh","status":"publish","type":"page","link":"https:\/\/univet.hu\/ebt\/ebt\/vetphysiol\/allatorvosi-elettan\/zh\/","title":{"rendered":"Z\u00e1rthelyi dolgozatok"},"content":{"rendered":"<p>A hallagt\u00f3k mindk\u00e9t f\u00e9l\u00e9vben t\u00f6bbsz\u00f6r z\u00e1rthelyi dolgozat form\u00e1j\u00e1ban sz\u00e1molnak be a kijel\u00f6lt anyagr\u00e9szekb\u0151l. A z\u00e1rthelyi dolgozatok\u00a0a f\u00e9l\u00e9v v\u00e9gi vizsga egy-egy r\u00e9sz\u00e9t h\u00edvatottak bemutatni, tov\u00e1bb\u00e1 f\u0151\u00a0c\u00e9ljuk, hogy a hallgat\u00f3k az \u00e9lettant folyamatosan tanulva k\u00f6nnyebben \u00e9szrevegy\u00e9k a fejezetek k\u00f6z\u00f6tti \u00f6sszef\u00fcgg\u00e9seket.<\/p> <ul> <li>F\u00e9l\u00e9venk\u00e9nt\u00a0<strong>3 z\u00e1rthelyi\u00a0<\/strong>dolgozatra ker\u00fcl sor <a href=\"http:\/\/www.vetphysiol.hu\/eloutem.php\">el\u0151re meghirdetett<\/a> \u00e9s\u00a0<strong>nem m\u00f3dos\u00edthat\u00f3<\/strong>\u00a0<strong>id\u0151pontban.<\/strong><\/li> <li>Z\u00e1rthelyink\u00e9nt max.\u00a0<strong>20 pont<\/strong>\u00a0\u00e9rhet\u0151 el (10 pont alatt: el\u00e9gtelen; 7 pont alatt: el\u00e9gtelen \u00e9s p\u00f3tolni kell)<\/li> <li>Eredm\u00e9nyek el\u00e9r\u00e9se hallgat\u00f3i k\u00f3dokkal a tansz\u00e9k\u00a0<a href=\"http:\/\/www.vetphysiol.hu\/pontszamok1.php\">honlapj\u00e1n<\/a>\u00a0\u00e9s hirdet\u0151t\u00e1bl\u00e1j\u00e1n lehets\u00e9ges.<\/li> <li>Kijav\u00edtott z\u00e1rthelyi dolgozatok a\u00a0hirdetm\u00e9nyben\u00a0megadott\u00a0<strong>egyetlen id\u0151pontban \u00e9s helyen tekinthet\u0151k<\/strong>\u00a0<strong>meg<\/strong>\u00a0(lehet\u0151s\u00e9g elmulaszt\u00e1sa jogveszt\u0151).<\/li> <\/ul> <h2><strong>A z\u00e1rthelyi dolgozatok fel\u00e9p\u00edt\u00e9se<\/strong><\/h2> <p>Minden z\u00e1rthelyi h\u00e1rom r\u00e9szb\u0151l \u00e1ll:<\/p> <ol> <li><strong>Egyszer\u0171 v\u00e1laszt\u00e1sos teszt:<\/strong> <ul> <li>az anyag r\u00e9szleteire k\u00e9rdez r\u00e1<\/li> <li>a 4 lehet\u0151s\u00e9g k\u00f6z\u00fcl\u00a0<strong>a lehet\u0151 legjobb v\u00e1laszt\u00a0<\/strong>kell megjel\u00f6lni<\/li> <li>a ZH \u00f6sszpontsz\u00e1m\u00e1nak 35 %-\u00e1t adja<\/li> <\/ul> <\/li> <li><strong>\u00c1braelemz\u00e9s:<\/strong> <ul> <li>az adott t\u00e9m\u00e1hoz kapcsol\u00f3d\u00f3 \u00e1bra hi\u00e1nyz\u00f3 elemeinek kieg\u00e9sz\u00edt\u00e9se<\/li> <li>az \u00e1br\u00e1ra vonatkoz\u00f3 k\u00e9rd\u00e9sek megv\u00e1laszol\u00e1sa<\/li> <li>a ZH \u00f6sszpontsz\u00e1m\u00e1nak 15\u00a0%-a<\/li> <\/ul> <\/li> <li><strong>Essz\u00e9:<\/strong> <ul> <li>t\u00e9m\u00e1ja az el\u0151ad\u00e1sanyag adott egys\u00e9g\u00e9t, fejezet\u00e9t \u00f6leli fel (NEM egyezik meg vizsga-essz\u00e9k\u00e9rd\u00e9sek t\u00e9m\u00e1j\u00e1val!)<\/li> <li>az adott t\u00e9mak\u00f6r \u00e1tfog\u00f3 ismertet\u00e9se\u00a0<strong>koherens<\/strong>, <strong>logikus fel\u00e9p\u00edt\u00e9s\u0171<\/strong>,\u00a0<strong>\u00e1ttekinthet\u0151<\/strong>\u00a0sz\u00f6veg \u00f6ssze\u00e1ll\u00edt\u00e1s\u00e1val.\u00a0<strong>Az essz\u00e9t egy j\u00f3l fel\u00e9p\u00edtett v\u00e1zlat pontjainak kell\u0151en r\u00e9szletezett kifejt\u00e9s\u00e9vel c\u00e9lszer\u0171 elk\u00e9sz\u00edteni. <\/strong>Inform\u00e1ci\u00f3 szeg\u00e9ny listaszer\u0171 felsorol\u00e1s illetve indokolatlan &#8222;sz\u00f6veg falak&#8221; b\u00fcntet\u0151pontokat vonhatnak maguk ut\u00e1n.<\/li> <li>a ZH \u00f6sszpontsz\u00e1m\u00e1nak 50\u00a0%-a<\/li> <\/ul> <\/li> <\/ol> <h2><strong>Z\u00e1rthelyi dolgozatok meg\u00edr\u00e1s\u00e1nak szab\u00e1lyai<\/strong><\/h2> <p>A z\u00e1rthelyi dolgozat \u00edr\u00e1sa sor\u00e1n a hallgat\u00f3kra az al\u00e1bbi szab\u00e1lyok vonatkoznak:<\/p> <ul> <li>A hallgat\u00f3nak mag\u00e1n\u00e1l kell tartania az egyik\u00a0<strong>f\u00e9nyk\u00e9pes\u00a0<\/strong>(hat\u00f3s\u00e1gi)<strong>\u00a0igazolv\u00e1ny<\/strong>\u00e1t.<\/li> <li>A dolgozat \u00edr\u00e1s\u00e1hoz kiz\u00e1r\u00f3lag a\u00a0<strong>tansz\u00e9k<\/strong>\u00a0\u00e1ltal biztos\u00edtott\u00a0<strong>goly\u00f3stoll\u00a0<\/strong>haszn\u00e1lhat\u00f3.<\/li> <li>A t\u00e1sk\u00e1k, csomagok, tolltart\u00f3k, a dolgozat\u00edr\u00e1shoz nem sz\u00fcks\u00e9ges ruhadarabok nem maradhatnak a padokban, azokat a terem v\u00e9g\u00e9ben a fogasokon kell elhelyezni.<\/li> <li>A dolgozat\u00edr\u00e1s sor\u00e1n\u00a0<strong>semmilyen seg\u00e9deszk\u00f6z\u00a0<\/strong>(bele\u00e9rtve: elektronikus \u00e9s \u00edrott seg\u00e9deszk\u00f6z, sz\u00f3beli seg\u00edts\u00e9gny\u00fajt\u00e1s, stb.)\u00a0<strong>sem haszn\u00e1lhat\u00f3<\/strong>. Semmilyen seg\u00e9deszk\u00f6zk\u00e9nt haszn\u00e1lhat\u00f3 t\u00e1rgy (pl. m\u00e1s \u00e1ltal otthagyott mobiltelefon, jegyzet, stb.<strong>) nem maradhatnak a hallgat\u00f3k<\/strong>\u00a0<strong>k\u00f6rnyezet\u00e9ben<\/strong>\u00a0(elektronikus eszk\u00f6z\u00f6k vagy tartoz\u00e9kaik m\u00e9g kikapcsolt \u00e1llapotban sem!).<\/li> <li>A hallgat\u00f3k semmilyen\u00a0<strong>\u00e1llatot<\/strong>\u00a0<strong>nem<\/strong>\u00a0hozhatnak be a dolgozat\u00edr\u00e1s idej\u00e9re a tanterembe.<\/li> <li>A ZH-\u00edr\u00e1s ideje alatt a tantermet\u00a0<strong>id\u0151legesen elhagyni<\/strong>\u00a0semmilyen esetben\u00a0<strong>sem<\/strong>\u00a0lehet. (A terem elhagy\u00e1sakor a dolgozatot be kell adni, az vissza nem adhat\u00f3.)<\/li> <\/ul> <p>A fenti szab\u00e1lyok legcsek\u00e9lyebb megs\u00e9rt\u00e9se eset\u00e9n a hallgat\u00f3 dolgozat\u00edr\u00e1s\u00e1t\u00a0<strong>felf\u00fcggesztj\u00fck<\/strong>, a dolgozatra 0 pontot adunk, valamint a t\u00f6rt\u00e9ntekr\u0151l t\u00e1j\u00e9koztatjuk a Tanulm\u00e1nyi Oszt\u00e1lyt.<\/p> <h2><strong>Z\u00e1rthelyi dolgozatok p\u00f3tl\u00e1sa<\/strong><\/h2> <ul> <li>Az elmulasztott \u00e9s a 7 pontosn\u00e1l gyeng\u00e9bb ZH-k p\u00f3tl\u00e1sa k\u00f6telez\u0151.<\/li> <li>Legfeljebb k\u00e9t ZH p\u00f3tolhat\u00f3 a f\u00e9l\u00e9v v\u00e9g\u00e9n, egyetlen, a tansz\u00e9k \u00e1ltal el\u0151re r\u00f6gz\u00edtett id\u0151pontban.<\/li> <li>A p\u00f3t-ZH-ra az azt megel\u0151z\u0151 munkanap d\u00e9lig a hallgat\u00f3i\u00a0<a href=\"http:\/\/www.vetphysiol.hu\/y_login.php\">login<\/a>\u00a0ter\u00fcleten jelentkezni kell!<\/li> <li>A\u00a0<a href=\"http:\/\/www.vetphysiol.hu\/\">p\u00f3t-ZH id\u0151pontja<\/a>\u00a0ut\u00e1n tov\u00e1bbi jav\u00edt\u00e1si lehet\u0151s\u00e9g nem \u00e1ll rendelkez\u00e9sre!<\/li> <\/ul> <p>&nbsp;<\/p> <p>&nbsp;<\/p>","protected":false},"excerpt":{"rendered":"<p>A hallagt\u00f3k mindk\u00e9t f\u00e9l\u00e9vben t\u00f6bbsz\u00f6r z\u00e1rthelyi dolgozat form\u00e1j\u00e1ban sz\u00e1molnak be a kijel\u00f6lt anyagr\u00e9szekb\u0151l. A z\u00e1rthelyi dolgozatok\u00a0a f\u00e9l\u00e9v v\u00e9gi vizsga egy-egy r\u00e9sz\u00e9t h\u00edvatottak bemutatni, tov\u00e1bb\u00e1 f\u0151\u00a0c\u00e9ljuk, hogy a hallgat\u00f3k az \u00e9lettant folyamatosan tanulva k\u00f6nnyebben \u00e9szrevegy\u00e9k a fejezetek k\u00f6z\u00f6tti \u00f6sszef\u00fcgg\u00e9seket. F\u00e9l\u00e9venk\u00e9nt\u00a03 z\u00e1rthelyi\u00a0dolgozatra ker\u00fcl sor el\u0151re meghirdetett \u00e9s\u00a0nem m\u00f3dos\u00edthat\u00f3\u00a0id\u0151pontban. Z\u00e1rthelyink\u00e9nt max.\u00a020 pont\u00a0\u00e9rhet\u0151 el (10 pont alatt: el\u00e9gtelen; 7<\/p>\n","protected":false},"author":3837,"featured_media":0,"parent":27034,"menu_order":77,"comment_status":"closed","ping_status":"closed","template":"","meta":{"_acf_changed":false,"footnotes":""},"categories":[],"tags":[],"class_list":["post-29827","page","type-page","status-publish","hentry"],"acf":[],"yoast_head":"<!-- This site is optimized with the Yoast SEO plugin v27.2 - https:\/\/yoast.com\/product\/yoast-seo-wordpress\/ -->\n<title>Z\u00e1rthelyi dolgozatok - \u00c9lettani \u00e9s Biok\u00e9miai Tansz\u00e9k<\/title>\n<meta name=\"robots\" content=\"index, follow, max-snippet:-1, max-image-preview:large, max-video-preview:-1\" \/>\n<link rel=\"canonical\" href=\"https:\/\/univet.hu\/ebt\/ebt\/vetphysiol\/allatorvosi-elettan\/zh\/\" \/>\n<meta property=\"og:locale\" content=\"hu_HU\" \/>\n<meta property=\"og:type\" content=\"article\" \/>\n<meta property=\"og:title\" content=\"Z\u00e1rthelyi dolgozatok - \u00c9lettani \u00e9s Biok\u00e9miai Tansz\u00e9k\" \/>\n<meta property=\"og:description\" content=\"A hallagt\u00f3k mindk\u00e9t f\u00e9l\u00e9vben t\u00f6bbsz\u00f6r z\u00e1rthelyi dolgozat form\u00e1j\u00e1ban sz\u00e1molnak be a kijel\u00f6lt anyagr\u00e9szekb\u0151l. A z\u00e1rthelyi dolgozatok\u00a0a f\u00e9l\u00e9v v\u00e9gi vizsga egy-egy r\u00e9sz\u00e9t h\u00edvatottak bemutatni, tov\u00e1bb\u00e1 f\u0151\u00a0c\u00e9ljuk, hogy a hallgat\u00f3k az \u00e9lettant folyamatosan tanulva k\u00f6nnyebben \u00e9szrevegy\u00e9k a fejezetek k\u00f6z\u00f6tti \u00f6sszef\u00fcgg\u00e9seket. F\u00e9l\u00e9venk\u00e9nt\u00a03 z\u00e1rthelyi\u00a0dolgozatra ker\u00fcl sor el\u0151re meghirdetett \u00e9s\u00a0nem m\u00f3dos\u00edthat\u00f3\u00a0id\u0151pontban. Z\u00e1rthelyink\u00e9nt max.\u00a020 pont\u00a0\u00e9rhet\u0151 el (10 pont alatt: el\u00e9gtelen; 7\" \/>\n<meta property=\"og:url\" content=\"https:\/\/univet.hu\/ebt\/ebt\/vetphysiol\/allatorvosi-elettan\/zh\/\" \/>\n<meta property=\"og:site_name\" content=\"\u00c9lettani \u00e9s Biok\u00e9miai Tansz\u00e9k\" \/>\n<meta property=\"article:modified_time\" content=\"2025-02-04T11:32:18+00:00\" \/>\n<meta name=\"twitter:card\" content=\"summary_large_image\" \/>\n<meta name=\"twitter:label1\" content=\"Becs\u00fclt olvas\u00e1si id\u0151\" \/>\n\t<meta name=\"twitter:data1\" content=\"3 perc\" \/>\n<script type=\"application\/ld+json\" class=\"yoast-schema-graph\">{\"@context\":\"https:\/\/schema.org\",\"@graph\":[{\"@type\":\"WebPage\",\"@id\":\"https:\/\/univet.hu\/ebt\/ebt\/vetphysiol\/allatorvosi-elettan\/zh\/\",\"url\":\"https:\/\/univet.hu\/ebt\/ebt\/vetphysiol\/allatorvosi-elettan\/zh\/\",\"name\":\"Z\u00e1rthelyi dolgozatok - \u00c9lettani \u00e9s Biok\u00e9miai Tansz\u00e9k\",\"isPartOf\":{\"@id\":\"https:\/\/univet.hu\/ebt\/#website\"},\"datePublished\":\"2018-10-14T14:12:09+00:00\",\"dateModified\":\"2025-02-04T11:32:18+00:00\",\"breadcrumb\":{\"@id\":\"https:\/\/univet.hu\/ebt\/ebt\/vetphysiol\/allatorvosi-elettan\/zh\/#breadcrumb\"},\"inLanguage\":\"hu\",\"potentialAction\":[{\"@type\":\"ReadAction\",\"target\":[\"https:\/\/univet.hu\/ebt\/ebt\/vetphysiol\/allatorvosi-elettan\/zh\/\"]}]},{\"@type\":\"BreadcrumbList\",\"@id\":\"https:\/\/univet.hu\/ebt\/ebt\/vetphysiol\/allatorvosi-elettan\/zh\/#breadcrumb\",\"itemListElement\":[{\"@type\":\"ListItem\",\"position\":1,\"name\":\"Kezd\u0151lap\",\"item\":\"https:\/\/univet.hu\/ebt\/\"},{\"@type\":\"ListItem\",\"position\":2,\"name\":\"\u00c9lettani \u00e9s Biok\u00e9miai Tansz\u00e9k\",\"item\":\"https:\/\/univet.hu\/ebt\/\"},{\"@type\":\"ListItem\",\"position\":3,\"name\":\"\u00c9lettani Oszt\u00e1ly\",\"item\":\"https:\/\/univet.hu\/ebt\/ebt\/vetphysiol\/\"},{\"@type\":\"ListItem\",\"position\":4,\"name\":\"\u00c1llatorvosi \u00e9lettan\",\"item\":\"https:\/\/univet.hu\/ebt\/ebt\/vetphysiol\/allatorvosi-elettan\/\"},{\"@type\":\"ListItem\",\"position\":5,\"name\":\"Z\u00e1rthelyi dolgozatok\"}]},{\"@type\":\"WebSite\",\"@id\":\"https:\/\/univet.hu\/ebt\/#website\",\"url\":\"https:\/\/univet.hu\/ebt\/\",\"name\":\"\u00c9lettani \u00e9s Biok\u00e9miai Tansz\u00e9k\",\"description\":\"\",\"potentialAction\":[{\"@type\":\"SearchAction\",\"target\":{\"@type\":\"EntryPoint\",\"urlTemplate\":\"https:\/\/univet.hu\/ebt\/?s={search_term_string}\"},\"query-input\":{\"@type\":\"PropertyValueSpecification\",\"valueRequired\":true,\"valueName\":\"search_term_string\"}}],\"inLanguage\":\"hu\"}]}<\/script>\n<!-- \/ Yoast SEO plugin. -->","yoast_head_json":{"title":"Z\u00e1rthelyi dolgozatok - \u00c9lettani \u00e9s Biok\u00e9miai Tansz\u00e9k","robots":{"index":"index","follow":"follow","max-snippet":"max-snippet:-1","max-image-preview":"max-image-preview:large","max-video-preview":"max-video-preview:-1"},"canonical":"https:\/\/univet.hu\/ebt\/ebt\/vetphysiol\/allatorvosi-elettan\/zh\/","og_locale":"hu_HU","og_type":"article","og_title":"Z\u00e1rthelyi dolgozatok - \u00c9lettani \u00e9s Biok\u00e9miai Tansz\u00e9k","og_description":"A hallagt\u00f3k mindk\u00e9t f\u00e9l\u00e9vben t\u00f6bbsz\u00f6r z\u00e1rthelyi dolgozat form\u00e1j\u00e1ban sz\u00e1molnak be a kijel\u00f6lt anyagr\u00e9szekb\u0151l. A z\u00e1rthelyi dolgozatok\u00a0a f\u00e9l\u00e9v v\u00e9gi vizsga egy-egy r\u00e9sz\u00e9t h\u00edvatottak bemutatni, tov\u00e1bb\u00e1 f\u0151\u00a0c\u00e9ljuk, hogy a hallgat\u00f3k az \u00e9lettant folyamatosan tanulva k\u00f6nnyebben \u00e9szrevegy\u00e9k a fejezetek k\u00f6z\u00f6tti \u00f6sszef\u00fcgg\u00e9seket. F\u00e9l\u00e9venk\u00e9nt\u00a03 z\u00e1rthelyi\u00a0dolgozatra ker\u00fcl sor el\u0151re meghirdetett \u00e9s\u00a0nem m\u00f3dos\u00edthat\u00f3\u00a0id\u0151pontban. Z\u00e1rthelyink\u00e9nt max.\u00a020 pont\u00a0\u00e9rhet\u0151 el (10 pont alatt: el\u00e9gtelen; 7","og_url":"https:\/\/univet.hu\/ebt\/ebt\/vetphysiol\/allatorvosi-elettan\/zh\/","og_site_name":"\u00c9lettani \u00e9s Biok\u00e9miai Tansz\u00e9k","article_modified_time":"2025-02-04T11:32:18+00:00","twitter_card":"summary_large_image","twitter_misc":{"Becs\u00fclt olvas\u00e1si id\u0151":"3 perc"},"schema":{"@context":"https:\/\/schema.org","@graph":[{"@type":"WebPage","@id":"https:\/\/univet.hu\/ebt\/ebt\/vetphysiol\/allatorvosi-elettan\/zh\/","url":"https:\/\/univet.hu\/ebt\/ebt\/vetphysiol\/allatorvosi-elettan\/zh\/","name":"Z\u00e1rthelyi dolgozatok - \u00c9lettani \u00e9s Biok\u00e9miai Tansz\u00e9k","isPartOf":{"@id":"https:\/\/univet.hu\/ebt\/#website"},"datePublished":"2018-10-14T14:12:09+00:00","dateModified":"2025-02-04T11:32:18+00:00","breadcrumb":{"@id":"https:\/\/univet.hu\/ebt\/ebt\/vetphysiol\/allatorvosi-elettan\/zh\/#breadcrumb"},"inLanguage":"hu","potentialAction":[{"@type":"ReadAction","target":["https:\/\/univet.hu\/ebt\/ebt\/vetphysiol\/allatorvosi-elettan\/zh\/"]}]},{"@type":"BreadcrumbList","@id":"https:\/\/univet.hu\/ebt\/ebt\/vetphysiol\/allatorvosi-elettan\/zh\/#breadcrumb","itemListElement":[{"@type":"ListItem","position":1,"name":"Kezd\u0151lap","item":"https:\/\/univet.hu\/ebt\/"},{"@type":"ListItem","position":2,"name":"\u00c9lettani \u00e9s Biok\u00e9miai Tansz\u00e9k","item":"https:\/\/univet.hu\/ebt\/"},{"@type":"ListItem","position":3,"name":"\u00c9lettani Oszt\u00e1ly","item":"https:\/\/univet.hu\/ebt\/ebt\/vetphysiol\/"},{"@type":"ListItem","position":4,"name":"\u00c1llatorvosi \u00e9lettan","item":"https:\/\/univet.hu\/ebt\/ebt\/vetphysiol\/allatorvosi-elettan\/"},{"@type":"ListItem","position":5,"name":"Z\u00e1rthelyi dolgozatok"}]},{"@type":"WebSite","@id":"https:\/\/univet.hu\/ebt\/#website","url":"https:\/\/univet.hu\/ebt\/","name":"\u00c9lettani \u00e9s Biok\u00e9miai Tansz\u00e9k","description":"","potentialAction":[{"@type":"SearchAction","target":{"@type":"EntryPoint","urlTemplate":"https:\/\/univet.hu\/ebt\/?s={search_term_string}"},"query-input":{"@type":"PropertyValueSpecification","valueRequired":true,"valueName":"search_term_string"}}],"inLanguage":"hu"}]}},"_links":{"self":[{"href":"https:\/\/univet.hu\/ebt\/wp-json\/wp\/v2\/pages\/29827","targetHints":{"allow":["GET"]}}],"collection":[{"href":"https:\/\/univet.hu\/ebt\/wp-json\/wp\/v2\/pages"}],"about":[{"href":"https:\/\/univet.hu\/ebt\/wp-json\/wp\/v2\/types\/page"}],"author":[{"embeddable":true,"href":"https:\/\/univet.hu\/ebt\/wp-json\/wp\/v2\/users\/3837"}],"replies":[{"embeddable":true,"href":"https:\/\/univet.hu\/ebt\/wp-json\/wp\/v2\/comments?post=29827"}],"version-history":[{"count":1,"href":"https:\/\/univet.hu\/ebt\/wp-json\/wp\/v2\/pages\/29827\/revisions"}],"predecessor-version":[{"id":134689,"href":"https:\/\/univet.hu\/ebt\/wp-json\/wp\/v2\/pages\/29827\/revisions\/134689"}],"up":[{"embeddable":true,"href":"https:\/\/univet.hu\/ebt\/wp-json\/wp\/v2\/pages\/27034"}],"wp:attachment":[{"href":"https:\/\/univet.hu\/ebt\/wp-json\/wp\/v2\/media?parent=29827"}],"wp:term":[{"taxonomy":"category","embeddable":true,"href":"https:\/\/univet.hu\/ebt\/wp-json\/wp\/v2\/categories?post=29827"},{"taxonomy":"post_tag","embeddable":true,"href":"https:\/\/univet.hu\/ebt\/wp-json\/wp\/v2\/tags?post=29827"}],"curies":[{"name":"wp","href":"https:\/\/api.w.org\/{rel}","templated":true}]}}