{"id":78498,"date":"2022-09-12T09:50:55","date_gmt":"2022-09-12T07:50:55","guid":{"rendered":"https:\/\/univet.hu\/ebt\/vetphysiol\/kutatas\/tdk-theses\/"},"modified":"2025-03-24T13:22:16","modified_gmt":"2025-03-24T12:22:16","slug":"tdk-theses","status":"publish","type":"page","link":"https:\/\/univet.hu\/ebt\/ebt\/vetphysiol\/kutatas\/tdk-theses\/","title":{"rendered":"TDK &amp; Szakdolgozat"},"content":{"rendered":"<p><span class=\"VIiyi\" lang=\"en\"><span class=\"JLqJ4b ChMk0b\" data-language-for-alternatives=\"en\" data-language-to-translate-into=\"hu\" data-phrase-index=\"0\" data-number-of-phrases=\"1\"><span class=\"Q4iAWc\">Az \u00c9lettani Oszt\u00e1lyhoz kapcsol\u00f3d\u00f3an a szakdolgozat\u00edr\u00e1ssal \u00e9s TDK-val kapcsolatos k\u00e9rd\u00e9sekkel forduljon <a href=\"https:\/\/univet.hu\/hu\/egyetem\/munkatarsak\/kiss-david-sandor\/\">Kiss\u00a0<\/a><\/span><\/span><\/span><a href=\"https:\/\/univet.hu\/hu\/egyetem\/munkatarsak\/kiss-david-sandor\/\">D\u00e1vid S\u00e1ndor<\/a>hoz!<\/p> <p><span class=\"VIiyi\" lang=\"en\"><span class=\"JLqJ4b ChMk0b\" data-language-for-alternatives=\"en\" data-language-to-translate-into=\"hu\" data-phrase-index=\"0\" data-number-of-phrases=\"1\"><span class=\"Q4iAWc\">\u00a0<\/span><\/span><\/span><\/p> <p>&nbsp;<\/p>","protected":false},"excerpt":{"rendered":"<p>Az \u00c9lettani Oszt\u00e1lyhoz kapcsol\u00f3d\u00f3an a szakdolgozat\u00edr\u00e1ssal \u00e9s TDK-val kapcsolatos k\u00e9rd\u00e9sekkel forduljon Kiss\u00a0D\u00e1vid S\u00e1ndorhoz! \u00a0 &nbsp;<\/p>\n","protected":false},"author":4844,"featured_media":0,"parent":27043,"menu_order":0,"comment_status":"closed","ping_status":"closed","template":"","meta":{"_acf_changed":false,"footnotes":""},"categories":[],"tags":[],"class_list":["post-78498","page","type-page","status-publish","hentry"],"acf":[],"yoast_head":"<!-- This site is optimized with the Yoast SEO plugin v27.2 - https:\/\/yoast.com\/product\/yoast-seo-wordpress\/ -->\n<title>TDK &amp; Szakdolgozat - \u00c9lettani \u00e9s Biok\u00e9miai Tansz\u00e9k<\/title>\n<meta name=\"robots\" content=\"index, follow, max-snippet:-1, max-image-preview:large, max-video-preview:-1\" \/>\n<link rel=\"canonical\" href=\"https:\/\/univet.hu\/ebt\/ebt\/vetphysiol\/kutatas\/tdk-theses\/\" \/>\n<meta property=\"og:locale\" content=\"hu_HU\" \/>\n<meta property=\"og:type\" content=\"article\" \/>\n<meta property=\"og:title\" content=\"TDK &amp; Szakdolgozat - \u00c9lettani \u00e9s Biok\u00e9miai Tansz\u00e9k\" \/>\n<meta property=\"og:description\" content=\"Az \u00c9lettani Oszt\u00e1lyhoz kapcsol\u00f3d\u00f3an a szakdolgozat\u00edr\u00e1ssal \u00e9s TDK-val kapcsolatos k\u00e9rd\u00e9sekkel forduljon Kiss\u00a0D\u00e1vid S\u00e1ndorhoz! \u00a0 &nbsp;\" \/>\n<meta property=\"og:url\" content=\"https:\/\/univet.hu\/ebt\/ebt\/vetphysiol\/kutatas\/tdk-theses\/\" \/>\n<meta property=\"og:site_name\" content=\"\u00c9lettani \u00e9s Biok\u00e9miai Tansz\u00e9k\" \/>\n<meta property=\"article:modified_time\" content=\"2025-03-24T12:22:16+00:00\" \/>\n<meta name=\"twitter:card\" content=\"summary_large_image\" \/>\n<meta name=\"twitter:label1\" content=\"Becs\u00fclt olvas\u00e1si id\u0151\" \/>\n\t<meta name=\"twitter:data1\" content=\"1 perc\" \/>\n<script type=\"application\/ld+json\" class=\"yoast-schema-graph\">{\"@context\":\"https:\/\/schema.org\",\"@graph\":[{\"@type\":\"WebPage\",\"@id\":\"https:\/\/univet.hu\/ebt\/ebt\/vetphysiol\/kutatas\/tdk-theses\/\",\"url\":\"https:\/\/univet.hu\/ebt\/ebt\/vetphysiol\/kutatas\/tdk-theses\/\",\"name\":\"TDK &amp; Szakdolgozat - \u00c9lettani \u00e9s Biok\u00e9miai Tansz\u00e9k\",\"isPartOf\":{\"@id\":\"https:\/\/univet.hu\/ebt\/#website\"},\"datePublished\":\"2022-09-12T07:50:55+00:00\",\"dateModified\":\"2025-03-24T12:22:16+00:00\",\"breadcrumb\":{\"@id\":\"https:\/\/univet.hu\/ebt\/ebt\/vetphysiol\/kutatas\/tdk-theses\/#breadcrumb\"},\"inLanguage\":\"hu\",\"potentialAction\":[{\"@type\":\"ReadAction\",\"target\":[\"https:\/\/univet.hu\/ebt\/ebt\/vetphysiol\/kutatas\/tdk-theses\/\"]}]},{\"@type\":\"BreadcrumbList\",\"@id\":\"https:\/\/univet.hu\/ebt\/ebt\/vetphysiol\/kutatas\/tdk-theses\/#breadcrumb\",\"itemListElement\":[{\"@type\":\"ListItem\",\"position\":1,\"name\":\"Kezd\u0151lap\",\"item\":\"https:\/\/univet.hu\/ebt\/\"},{\"@type\":\"ListItem\",\"position\":2,\"name\":\"\u00c9lettani \u00e9s Biok\u00e9miai Tansz\u00e9k\",\"item\":\"https:\/\/univet.hu\/ebt\/\"},{\"@type\":\"ListItem\",\"position\":3,\"name\":\"\u00c9lettani Oszt\u00e1ly\",\"item\":\"https:\/\/univet.hu\/ebt\/ebt\/vetphysiol\/\"},{\"@type\":\"ListItem\",\"position\":4,\"name\":\"Kutat\u00e1s\",\"item\":\"https:\/\/univet.hu\/ebt\/ebt\/vetphysiol\/kutatas\/\"},{\"@type\":\"ListItem\",\"position\":5,\"name\":\"TDK &amp; Szakdolgozat\"}]},{\"@type\":\"WebSite\",\"@id\":\"https:\/\/univet.hu\/ebt\/#website\",\"url\":\"https:\/\/univet.hu\/ebt\/\",\"name\":\"\u00c9lettani \u00e9s Biok\u00e9miai Tansz\u00e9k\",\"description\":\"\",\"potentialAction\":[{\"@type\":\"SearchAction\",\"target\":{\"@type\":\"EntryPoint\",\"urlTemplate\":\"https:\/\/univet.hu\/ebt\/?s={search_term_string}\"},\"query-input\":{\"@type\":\"PropertyValueSpecification\",\"valueRequired\":true,\"valueName\":\"search_term_string\"}}],\"inLanguage\":\"hu\"}]}<\/script>\n<!-- \/ Yoast SEO plugin. -->","yoast_head_json":{"title":"TDK &amp; Szakdolgozat - \u00c9lettani \u00e9s Biok\u00e9miai Tansz\u00e9k","robots":{"index":"index","follow":"follow","max-snippet":"max-snippet:-1","max-image-preview":"max-image-preview:large","max-video-preview":"max-video-preview:-1"},"canonical":"https:\/\/univet.hu\/ebt\/ebt\/vetphysiol\/kutatas\/tdk-theses\/","og_locale":"hu_HU","og_type":"article","og_title":"TDK &amp; Szakdolgozat - \u00c9lettani \u00e9s Biok\u00e9miai Tansz\u00e9k","og_description":"Az \u00c9lettani Oszt\u00e1lyhoz kapcsol\u00f3d\u00f3an a szakdolgozat\u00edr\u00e1ssal \u00e9s TDK-val kapcsolatos k\u00e9rd\u00e9sekkel forduljon Kiss\u00a0D\u00e1vid S\u00e1ndorhoz! \u00a0 &nbsp;","og_url":"https:\/\/univet.hu\/ebt\/ebt\/vetphysiol\/kutatas\/tdk-theses\/","og_site_name":"\u00c9lettani \u00e9s Biok\u00e9miai Tansz\u00e9k","article_modified_time":"2025-03-24T12:22:16+00:00","twitter_card":"summary_large_image","twitter_misc":{"Becs\u00fclt olvas\u00e1si id\u0151":"1 perc"},"schema":{"@context":"https:\/\/schema.org","@graph":[{"@type":"WebPage","@id":"https:\/\/univet.hu\/ebt\/ebt\/vetphysiol\/kutatas\/tdk-theses\/","url":"https:\/\/univet.hu\/ebt\/ebt\/vetphysiol\/kutatas\/tdk-theses\/","name":"TDK &amp; Szakdolgozat - \u00c9lettani \u00e9s Biok\u00e9miai Tansz\u00e9k","isPartOf":{"@id":"https:\/\/univet.hu\/ebt\/#website"},"datePublished":"2022-09-12T07:50:55+00:00","dateModified":"2025-03-24T12:22:16+00:00","breadcrumb":{"@id":"https:\/\/univet.hu\/ebt\/ebt\/vetphysiol\/kutatas\/tdk-theses\/#breadcrumb"},"inLanguage":"hu","potentialAction":[{"@type":"ReadAction","target":["https:\/\/univet.hu\/ebt\/ebt\/vetphysiol\/kutatas\/tdk-theses\/"]}]},{"@type":"BreadcrumbList","@id":"https:\/\/univet.hu\/ebt\/ebt\/vetphysiol\/kutatas\/tdk-theses\/#breadcrumb","itemListElement":[{"@type":"ListItem","position":1,"name":"Kezd\u0151lap","item":"https:\/\/univet.hu\/ebt\/"},{"@type":"ListItem","position":2,"name":"\u00c9lettani \u00e9s Biok\u00e9miai Tansz\u00e9k","item":"https:\/\/univet.hu\/ebt\/"},{"@type":"ListItem","position":3,"name":"\u00c9lettani Oszt\u00e1ly","item":"https:\/\/univet.hu\/ebt\/ebt\/vetphysiol\/"},{"@type":"ListItem","position":4,"name":"Kutat\u00e1s","item":"https:\/\/univet.hu\/ebt\/ebt\/vetphysiol\/kutatas\/"},{"@type":"ListItem","position":5,"name":"TDK &amp; Szakdolgozat"}]},{"@type":"WebSite","@id":"https:\/\/univet.hu\/ebt\/#website","url":"https:\/\/univet.hu\/ebt\/","name":"\u00c9lettani \u00e9s Biok\u00e9miai Tansz\u00e9k","description":"","potentialAction":[{"@type":"SearchAction","target":{"@type":"EntryPoint","urlTemplate":"https:\/\/univet.hu\/ebt\/?s={search_term_string}"},"query-input":{"@type":"PropertyValueSpecification","valueRequired":true,"valueName":"search_term_string"}}],"inLanguage":"hu"}]}},"_links":{"self":[{"href":"https:\/\/univet.hu\/ebt\/wp-json\/wp\/v2\/pages\/78498","targetHints":{"allow":["GET"]}}],"collection":[{"href":"https:\/\/univet.hu\/ebt\/wp-json\/wp\/v2\/pages"}],"about":[{"href":"https:\/\/univet.hu\/ebt\/wp-json\/wp\/v2\/types\/page"}],"author":[{"embeddable":true,"href":"https:\/\/univet.hu\/ebt\/wp-json\/wp\/v2\/users\/4844"}],"replies":[{"embeddable":true,"href":"https:\/\/univet.hu\/ebt\/wp-json\/wp\/v2\/comments?post=78498"}],"version-history":[{"count":3,"href":"https:\/\/univet.hu\/ebt\/wp-json\/wp\/v2\/pages\/78498\/revisions"}],"predecessor-version":[{"id":135010,"href":"https:\/\/univet.hu\/ebt\/wp-json\/wp\/v2\/pages\/78498\/revisions\/135010"}],"up":[{"embeddable":true,"href":"https:\/\/univet.hu\/ebt\/wp-json\/wp\/v2\/pages\/27043"}],"wp:attachment":[{"href":"https:\/\/univet.hu\/ebt\/wp-json\/wp\/v2\/media?parent=78498"}],"wp:term":[{"taxonomy":"category","embeddable":true,"href":"https:\/\/univet.hu\/ebt\/wp-json\/wp\/v2\/categories?post=78498"},{"taxonomy":"post_tag","embeddable":true,"href":"https:\/\/univet.hu\/ebt\/wp-json\/wp\/v2\/tags?post=78498"}],"curies":[{"name":"wp","href":"https:\/\/api.w.org\/{rel}","templated":true}]}}