{"id":10154,"date":"1970-01-01T00:00:00","date_gmt":"1969-12-31T23:00:00","guid":{"rendered":"http:\/\/univet.hu\/education\/courses\/agricultural-economics\/"},"modified":"2026-01-12T16:52:12","modified_gmt":"2026-01-12T15:52:12","slug":"agricultural-economics","status":"publish","type":"page","link":"https:\/\/univet.hu\/en\/education\/courses\/agricultural-economics\/","title":{"rendered":"Agricultural Economics"},"content":{"rendered":"<p>Subject responsibility: Dr. L\u00e1szl\u00f3 \u00d3zsv\u00e1ri<\/p> <p>Gaining knowledge of the basic principles, charactheristics of the agricultural market, agribusiness, food production of animal origin, especially from the veterinarians&#8217; point of view.<\/p> <p>The subject is prerequisite for the Animal Health Economics, management and ethics<\/p> <p><strong>Lecturer: dr. L\u00e1szl\u00f3 \u00d3zsv\u00e1ri<\/strong><\/p> <h4><\/h4> <table style=\"width: 635px\" border=\"1\" cellspacing=\"0\" cellpadding=\"0\"> <tbody> <tr> <td colspan=\"3\">Recommended literature<\/td> <\/tr> <tr> <td>Subject matters given by the lecturers.<\/td> <td colspan=\"2\"><\/td> <\/tr> <tr> <td colspan=\"2\"><\/td> <td><\/td> <\/tr> <tr> <td>Tucker, I.: Economics for Today. Thomson-South-Western, 2005<\/td> <td colspan=\"2\"><\/td> <\/tr> <\/tbody> <\/table> <p>&nbsp;<\/p>","protected":false},"excerpt":{"rendered":"<p>Subject responsibility: Dr. L\u00e1szl\u00f3 \u00d3zsv\u00e1ri Gaining knowledge of the basic principles, charactheristics of the agricultural market, agribusiness, food production of animal origin, especially from the veterinarians&#8217; point of view. The subject is prerequisite for the Animal Health Economics, management and ethics Lecturer: dr. L\u00e1szl\u00f3 \u00d3zsv\u00e1ri Recommended literature Subject matters given by the lecturers. Tucker, I.:<\/p>\n","protected":false},"author":3837,"featured_media":0,"parent":676,"menu_order":165,"comment_status":"closed","ping_status":"closed","template":"","meta":{"_acf_changed":false,"footnotes":""},"categories":[],"tags":[],"class_list":["post-10154","page","type-page","status-publish","hentry"],"acf":[],"_links":{"self":[{"href":"https:\/\/univet.hu\/en\/wp-json\/wp\/v2\/pages\/10154","targetHints":{"allow":["GET"]}}],"collection":[{"href":"https:\/\/univet.hu\/en\/wp-json\/wp\/v2\/pages"}],"about":[{"href":"https:\/\/univet.hu\/en\/wp-json\/wp\/v2\/types\/page"}],"author":[{"embeddable":true,"href":"https:\/\/univet.hu\/en\/wp-json\/wp\/v2\/users\/3837"}],"replies":[{"embeddable":true,"href":"https:\/\/univet.hu\/en\/wp-json\/wp\/v2\/comments?post=10154"}],"version-history":[{"count":5,"href":"https:\/\/univet.hu\/en\/wp-json\/wp\/v2\/pages\/10154\/revisions"}],"predecessor-version":[{"id":197791,"href":"https:\/\/univet.hu\/en\/wp-json\/wp\/v2\/pages\/10154\/revisions\/197791"}],"up":[{"embeddable":true,"href":"https:\/\/univet.hu\/en\/wp-json\/wp\/v2\/pages\/676"}],"wp:attachment":[{"href":"https:\/\/univet.hu\/en\/wp-json\/wp\/v2\/media?parent=10154"}],"wp:term":[{"taxonomy":"category","embeddable":true,"href":"https:\/\/univet.hu\/en\/wp-json\/wp\/v2\/categories?post=10154"},{"taxonomy":"post_tag","embeddable":true,"href":"https:\/\/univet.hu\/en\/wp-json\/wp\/v2\/tags?post=10154"}],"curies":[{"name":"wp","href":"https:\/\/api.w.org\/{rel}","templated":true}]}}