{"id":101617,"date":"2024-07-03T10:45:05","date_gmt":"2024-07-03T08:45:05","guid":{"rendered":"https:\/\/univet.hu\/en\/about\/staff\/new-staff-member-page-4\/"},"modified":"2026-02-10T04:26:00","modified_gmt":"2026-02-10T03:26:00","slug":"kaman-toth-evelin","status":"publish","type":"page","link":"https:\/\/univet.hu\/en\/about\/staff\/kaman-toth-evelin\/","title":{"rendered":"K\u00e1m\u00e1n-T\u00f3th Evelin"},"content":{"rendered":"<p>MSc: Hungarian University of Agriculture an Life Sciences, Agricultural biotechnology, 2013<\/p> <p>PhD: MATE, Doctoral School of Horticultural Sciences<\/p> <p>&nbsp;<\/p> <p><strong><u>Previous research area:<\/u><\/strong><\/p> <p>Monitoring the oxidative changes during infection and examination of enzyme systems which are responsible for the oxidative burst, e.g. NADPH-oxidases, cell wall-peroxidases and polyamine-oxidasis in different plant-pathogene connections.<\/p> <p>&nbsp;<\/p> <p><strong><u>Teaching:<\/u><\/strong><\/p> <p>Veterinary biochemistry laboratory courses (Hungarian, English)<\/p> <p>MTMT: https:\/\/m2.mtmt.hu\/gui2\/?type=authors&amp;mode=browse&amp;sel=10051605<\/p>","protected":false},"excerpt":{"rendered":"<p>MSc: Hungarian University of Agriculture an Life Sciences, Agricultural biotechnology, 2013 PhD: MATE, Doctoral School of Horticultural Sciences &nbsp; Previous research area: Monitoring the oxidative changes during infection and examination of enzyme systems which are responsible for the oxidative burst, e.g. NADPH-oxidases, cell wall-peroxidases and polyamine-oxidasis in different plant-pathogene connections. &nbsp; Teaching: Veterinary biochemistry laboratory<\/p>\n","protected":false},"author":5824,"featured_media":0,"parent":857,"menu_order":0,"comment_status":"open","ping_status":"open","template":"","meta":{"_acf_changed":false,"footnotes":""},"categories":[],"tags":[],"class_list":["post-101617","page","type-page","status-publish","hentry"],"acf":[],"_links":{"self":[{"href":"https:\/\/univet.hu\/en\/wp-json\/wp\/v2\/pages\/101617","targetHints":{"allow":["GET"]}}],"collection":[{"href":"https:\/\/univet.hu\/en\/wp-json\/wp\/v2\/pages"}],"about":[{"href":"https:\/\/univet.hu\/en\/wp-json\/wp\/v2\/types\/page"}],"author":[{"embeddable":true,"href":"https:\/\/univet.hu\/en\/wp-json\/wp\/v2\/users\/5824"}],"replies":[{"embeddable":true,"href":"https:\/\/univet.hu\/en\/wp-json\/wp\/v2\/comments?post=101617"}],"version-history":[{"count":1,"href":"https:\/\/univet.hu\/en\/wp-json\/wp\/v2\/pages\/101617\/revisions"}],"predecessor-version":[{"id":190631,"href":"https:\/\/univet.hu\/en\/wp-json\/wp\/v2\/pages\/101617\/revisions\/190631"}],"up":[{"embeddable":true,"href":"https:\/\/univet.hu\/en\/wp-json\/wp\/v2\/pages\/857"}],"wp:attachment":[{"href":"https:\/\/univet.hu\/en\/wp-json\/wp\/v2\/media?parent=101617"}],"wp:term":[{"taxonomy":"category","embeddable":true,"href":"https:\/\/univet.hu\/en\/wp-json\/wp\/v2\/categories?post=101617"},{"taxonomy":"post_tag","embeddable":true,"href":"https:\/\/univet.hu\/en\/wp-json\/wp\/v2\/tags?post=101617"}],"curies":[{"name":"wp","href":"https:\/\/api.w.org\/{rel}","templated":true}]}}