{"id":10162,"date":"1970-01-01T00:00:00","date_gmt":"1969-12-31T23:00:00","guid":{"rendered":"http:\/\/univet.hu\/education\/courses\/animal-breeding\/"},"modified":"2023-08-31T21:54:55","modified_gmt":"2023-08-31T19:54:55","slug":"animal-breeding-2","status":"publish","type":"page","link":"https:\/\/univet.hu\/en\/education\/courses\/animal-breeding-2\/","title":{"rendered":"Animal Breeding"},"content":{"rendered":"<p>The aim of the subject is to provide the general knowledge about our domestic animals (e.g., breeds, production level, utilization, housing system) necessary to solve the tasks encountered in the practice of future veterinarians.<\/p> <p>Prerequisite: Veterinary genetics<\/p> <p>Husbandry guidelines for farm livestock, major poultry species and pet (dog and cat) animals. An introduction to the characterization and utilization of main domestic animal species. To develop a basic understanding of specific purpose of animals under given cultural, economic, and geographical condition.<\/p> <p>To obtain a signature: attending labs, successful completion of mid-semester test on Basic Data<\/p> <p>Responsible for the course:\u00a0Assoc. Prof. Dr. habil. Andr\u00e1s G\u00c1SP\u00c1RDY, PhD<\/p> <p>Lecturers:<\/p> <p>Z.L.: Prof. L\u00e1szl\u00f3 Z\u00d6LD\u00c1G, PhD, DSc<br \/> G.A.: Assoc. Prof. Dr. habil. Andr\u00e1s G\u00c1SP\u00c1RDY, PhD<br \/> ZP.: Petra Zenke, PhD<br \/> M.\u00c1.: Dr. \u00c1kos MAR\u00d3TI-AG\u00d3TS, DVM, PhD<br \/> Sz.Zs.: Zsolt SZMODITS, DVM<br \/> J.M.: Mikl\u00f3s J\u00c1RMY, DVM<br \/> K.L.: L\u00e1szl\u00f3 K\u0150R\u00d6SI, DVM<\/p> <p style=\"text-align: center\"><strong>Animal Breeding (Study year: 2023\/24)<\/strong><\/p> <p style=\"text-align: center\"><strong>(5th semester, lectures: 42<sup>h<\/sup>, practical: 28<sup>h<\/sup>) 3rd year<\/strong><\/p> <p><strong>\u00a0<\/strong><\/p> <table class=\"aligncenter\" width=\"684\"> <tbody> <tr> <td width=\"30\">&nbsp;<\/td> <td width=\"44\">Week<\/td> <td width=\"52\">Date<\/td> <td colspan=\"2\" width=\"255\"><strong>Lecture <\/strong>(2+1 hours\/week)<\/td> <td width=\"71\">Date<\/td> <td width=\"221\"><strong>Plenary Practical <\/strong><\/td> <td width=\"11\">&nbsp;<\/td> <\/tr> <tr> <td width=\"30\">&nbsp;<\/td> <td width=\"44\">1.<\/td> <td width=\"52\"> <p>06.09.<\/p> <p>&nbsp;<\/td> <td colspan=\"2\" width=\"255\"> <p><strong>G.A.:<\/strong> Horse and ass breeding introduction, evolution, domestication (2<sup>h<\/sup>)<\/p> <p><strong>G.A.:<\/strong> Use of horses (1<sup>h<\/sup>)<\/td> <td width=\"71\"> <p>05.09. 6-10<\/p> <p>06.09. 1-5<\/td> <td width=\"221\"><strong>G.A.:<\/strong> Horse age determination<\/td> <td width=\"11\">&nbsp;<\/td> <\/tr> <tr> <td width=\"30\">&nbsp;<\/td> <td width=\"44\">2.<\/td> <td width=\"52\"> <p>13.09.<\/p> <p>&nbsp;<\/td> <td colspan=\"2\" width=\"255\"> <p><strong>M.\u00c1.:<\/strong> Horse breeds (warm blooded, cold blooded, ponies, types) and ass, horse breeding methods (2<sup>h<\/sup>)<\/p> <p><strong>G.A.:<\/strong> Horse colour inheritance and genotyping (1<sup>h<\/sup>)<\/td> <td width=\"71\"> <p>12.09. 6-10<\/p> <p>13.09. 1-5<\/td> <td width=\"221\"><strong>M.\u00c1.:<\/strong> Dairy cattle breeds and their recognition<\/td> <td width=\"11\">&nbsp;<\/td> <\/tr> <tr> <td width=\"30\">&nbsp;<\/td> <td width=\"44\">3.<\/td> <td width=\"52\"> <p>20.09.<\/p> <p>&nbsp;<\/td> <td colspan=\"2\" width=\"255\"> <p><strong>G.A.:<\/strong> Cattle breeding introduction, Dairy traits (2<sup>h<\/sup>)<\/p> <p><strong>K.O.:<\/strong> Horse important traits, breeding value estimation (1<sup>h<\/sup>)<\/td> <td width=\"71\"> <p>19.09. 6-10<\/p> <p>20.09. 1-5<\/td> <td width=\"221\"><strong>K.O.:<\/strong> Horse breeding, foal\u2019s raising, keeping conditions<\/td> <td width=\"11\">&nbsp;<\/td> <\/tr> <tr> <td width=\"30\">&nbsp;<\/td> <td width=\"44\">4.<\/td> <td width=\"52\"> <p>27.09.<\/p> <p>&nbsp;<\/td> <td colspan=\"2\" width=\"255\"> <p><strong>Dr. Mikl\u00f3s J\u00e1rmy: <\/strong>Sport horse breeding (1<sup>h<\/sup>)<\/p> <p><strong>M.\u00c1.:<\/strong> Beef cattle traits (2<sup>h<\/sup>)<\/td> <td width=\"71\"> <p>26.09. 6-10<\/p> <p>27.09. 1-5<\/td> <td width=\"221\"><strong>M.\u00c1.:<\/strong> Beef and dual purpose cattle breeds and their recognition<\/td> <td width=\"11\">&nbsp;<\/td> <\/tr> <tr> <td width=\"30\">&nbsp;<\/td> <td width=\"44\">5.<\/td> <td width=\"52\"> <p>04.10.<\/p> <p>&nbsp;<\/p> <p><em>\u00a0<\/em><\/td> <td colspan=\"2\" width=\"255\"> <p><strong>G.A.: <\/strong>Breeding value estimation of dairy cattle (2<sup>h<\/sup>)<\/p> <p><strong>G.A.:<\/strong> Dairy traits continued (1<sup>h<\/sup>)<\/td> <td width=\"71\"> <p>03.10. 6-10<\/p> <p>04.10. 1-5<\/td> <td width=\"221\"><strong>G.A.:<\/strong> Dairy cattle technology, milk production and hygiene<\/td> <td width=\"11\">&nbsp;<\/td> <\/tr> <tr> <td width=\"30\">&nbsp;<\/td> <td width=\"44\">6.<\/td> <td width=\"52\"> <p>11.10.<\/p> <p>&nbsp;<\/td> <td colspan=\"2\" width=\"255\"> <p><strong>G.A.:<\/strong> Breeding value estimation of beef cattle (1<sup>h<\/sup>)<\/p> <p><strong>G.A.:<\/strong> Methods of cattle breeding (1<sup>h<\/sup>)<\/td> <td width=\"71\"> <p>10.10. 6-10<\/p> <p>11.10. 1-5<\/td> <td width=\"221\"><strong>M.\u00c1.:<\/strong> Beef cattle technology<\/td> <td width=\"11\">&nbsp;<\/td> <\/tr> <tr> <td width=\"30\">&nbsp;<\/td> <td width=\"44\">7.<\/td> <td width=\"52\"> <p>18.10.<\/p> <p>&nbsp;<\/td> <td colspan=\"2\" width=\"255\"> <p><strong>G.A.<\/strong>: Sheep and goat introduction (2<sup>h<\/sup>)<\/p> <p><strong>G.A.<\/strong>: Sheep and goat traits (1<sup>h<\/sup>)<\/td> <td width=\"71\"> <p>17.10. 6-10<\/p> <p>18.10. 1-5<\/td> <td width=\"221\"><strong>G.A.:<\/strong> Sheep and goat technology (breeds used)<\/td> <td width=\"11\">&nbsp;<\/td> <\/tr> <tr> <td width=\"30\">&nbsp;<\/td> <td width=\"44\">8.<\/td> <td width=\"52\"> <p>25.10.<\/p> <p>&nbsp;<\/td> <td colspan=\"2\" width=\"255\"> <p><strong>G.A.:<\/strong> Cattle, sheep and goat reproduction, and genetic diseases (2<sup>h<\/sup>)<\/p> <p><strong>G.A.:<\/strong> Sheep and goat breeds, breeding methods breeds (1<sup>h<\/sup>)<\/td> <td width=\"71\"> <p>24.10. 6-10<\/p> <p>25.10. 1-5<\/td> <td width=\"221\"><strong>G.A.:<\/strong> Wool classification and evaluation<\/td> <td width=\"11\">&nbsp;<\/td> <\/tr> <tr> <td width=\"30\">&nbsp;<\/td> <td width=\"44\">9.<\/td> <td width=\"52\">30.10-03.11<\/td> <td colspan=\"2\" width=\"255\"><strong>HOLIDAY<\/strong><\/td> <td width=\"71\">&nbsp;<\/td> <td width=\"221\"><strong>HOLIDAY<\/strong><\/td> <td width=\"11\">&nbsp;<\/td> <\/tr> <tr> <td width=\"30\">&nbsp;<\/td> <td width=\"44\">10.<\/td> <td width=\"52\"> <p>08.11.<\/p> <p>&nbsp;<\/td> <td colspan=\"2\" width=\"255\"> <p><strong>G.A.:<\/strong> Pig introduction (2<sup>h<\/sup>)<\/p> <p><strong>G.A.:<\/strong> Pig traits and breeding value estimation (1<sup>h<\/sup>)<\/td> <td width=\"71\"> <p>07.11. 6-10<\/p> <p>08.11. 1-5<\/td> <td width=\"221\"><strong>Z.P.:<\/strong> Pig breeds and their recognition<\/td> <td width=\"11\">&nbsp;<\/td> <\/tr> <tr> <td width=\"30\">&nbsp;<\/td> <td width=\"44\">11.<\/td> <td width=\"52\"> <p>15.11.<\/p> <p>&nbsp;<\/td> <td colspan=\"2\" width=\"255\"> <p><strong>Z.P.:<\/strong> Pig breeds and breeding methods (2<sup>h<\/sup>)<\/p> <p><strong>G.A:<\/strong> Pig reproduction and genetic diseases (1<sup>h<\/sup>)<\/td> <td width=\"71\"> <p>14.11. 6-10<\/p> <p>15.11. 1-5<\/td> <td width=\"221\"><strong>G.A.:<\/strong> Pig technology<\/td> <td width=\"11\">&nbsp;<\/td> <\/tr> <tr> <td width=\"30\">&nbsp;<\/td> <td width=\"44\">12.<\/td> <td width=\"52\"> <p>22.11.<\/p> <p>&nbsp;<\/td> <td colspan=\"2\" width=\"255\"> <p><strong>M.\u00c1.:<\/strong> Dog breeding (1<sup>h<\/sup>)<\/p> <p><strong>Dr. Attila St\u00e1jer : <\/strong>Service dogs at the police(2<sup>h<\/sup>)<\/td> <td width=\"71\"> <p>21.11. 6-10<\/p> <p>22.11. 1-5<\/td> <td width=\"221\"><strong>M.\u00c1.:<\/strong> Dog breeds and their recognition<\/td> <td width=\"11\">&nbsp;<\/td> <\/tr> <tr> <td width=\"30\">&nbsp;<\/td> <td width=\"44\">13.<\/td> <td width=\"52\"> <p>29.11.<\/p> <p>&nbsp;<\/td> <td colspan=\"2\" width=\"255\"> <p><strong>M.\u00c1.:<\/strong> Cat breeding (2<sup>h<\/sup>)<\/p> <p><strong>M.\u00c1.:<\/strong> Cat reproduction and genetic diseases (1<sup>h<\/sup>)<\/td> <td width=\"71\"> <p>28.11. 6-10<\/p> <p>29.11. 1-5<\/td> <td width=\"221\"><strong>M.\u00c1.:<\/strong> Cat breeds and their recognition<\/td> <td width=\"11\">&nbsp;<\/td> <\/tr> <tr> <td width=\"30\">&nbsp;<\/td> <td width=\"44\">14.<\/td> <td width=\"52\"> <p>06.12.<\/p> <p>&nbsp;<\/td> <td colspan=\"2\" width=\"255\"> <p><strong>G.A.:<\/strong> Hen breeding (egg production) (2<sup>h<\/sup>)<\/p> <p><strong>K.L.:<\/strong> Hen breeding (broiler production) (1<sup>h<\/sup>)<\/td> <td width=\"71\"> <p>05.12. 6-10<\/p> <p>06.12. 1-5<\/td> <td width=\"221\"><strong>G.A.:<\/strong> Hen technologies, breeds, hybrids and their recognition<\/td> <td width=\"11\">&nbsp;<\/td> <\/tr> <tr> <td width=\"30\">&nbsp;<\/td> <td width=\"44\">15.<\/td> <td width=\"52\"> <p>13.12.<\/p> <p>&nbsp;<\/td> <td colspan=\"2\" width=\"255\"> <p><strong>Z.P.:<\/strong> Ducks and goose breeding (2<sup>h<\/sup>)<\/p> <p><strong>Z.P.: <\/strong>Turkey and pigeon breeding (1<sup>h<\/sup>)<\/td> <td width=\"71\"> <p>12.12. 6-10<\/p> <p>13.12. 1-5<\/td> <td width=\"221\"><strong>Z.P.:<\/strong> Water poultry, turkey and pigeon technologies, species, breeds, hybrids and their recognition<\/td> <td width=\"11\">&nbsp;<\/td> <\/tr> <tr> <td colspan=\"4\" width=\"326\"> <p><strong>G.A.<\/strong>: Assoc. Prof. Andr\u00e1s G\u00e1sp\u00e1rdy, Head of Department,<\/p> <p><strong>M.\u00c1.<\/strong>: Assoc. Prof. \u00c1kos Mar\u00f3ti-Ag\u00f3ts,<\/p> <p><strong>K.L.:<\/strong> Honorary Assoc. Prof. L\u00e1szl\u00f3 K\u0151r\u00f6si<\/td> <td colspan=\"4\" width=\"358\"> <p><strong>Z.P.<\/strong>: dr. Petra Zenke, senior res. fellow tutor of English course<\/p> <p><strong>K.O.<\/strong>: Assoc. Prof. Orsolya Kutasi<\/td> <\/tr> <tr> <td width=\"30\"><\/td> <td width=\"44\"><\/td> <td width=\"52\"><\/td> <td width=\"201\"><\/td> <td width=\"54\"><\/td> <td width=\"71\"><\/td> <td width=\"221\"><\/td> <td width=\"11\"><\/td> <\/tr> <\/tbody> <\/table> <p style=\"text-align: center\"> <p style=\"text-align: center\">Midterm test on Basic data, 13-16 November 2023, 9:00-14:30, J-III.<\/p>","protected":false},"excerpt":{"rendered":"<p>The aim of the subject is to provide the general knowledge about our domestic animals (e.g., breeds, production level, utilization, housing system) necessary to solve the tasks encountered in the practice of future veterinarians. Prerequisite: Veterinary genetics Husbandry guidelines for farm livestock, major poultry species and pet (dog and cat) animals. An introduction to the<\/p>\n","protected":false},"author":3837,"featured_media":0,"parent":676,"menu_order":164,"comment_status":"closed","ping_status":"closed","template":"","meta":{"_acf_changed":false,"footnotes":""},"categories":[],"tags":[],"class_list":["post-10162","page","type-page","status-publish","hentry"],"acf":[],"_links":{"self":[{"href":"https:\/\/univet.hu\/en\/wp-json\/wp\/v2\/pages\/10162","targetHints":{"allow":["GET"]}}],"collection":[{"href":"https:\/\/univet.hu\/en\/wp-json\/wp\/v2\/pages"}],"about":[{"href":"https:\/\/univet.hu\/en\/wp-json\/wp\/v2\/types\/page"}],"author":[{"embeddable":true,"href":"https:\/\/univet.hu\/en\/wp-json\/wp\/v2\/users\/3837"}],"replies":[{"embeddable":true,"href":"https:\/\/univet.hu\/en\/wp-json\/wp\/v2\/comments?post=10162"}],"version-history":[{"count":1,"href":"https:\/\/univet.hu\/en\/wp-json\/wp\/v2\/pages\/10162\/revisions"}],"predecessor-version":[{"id":174663,"href":"https:\/\/univet.hu\/en\/wp-json\/wp\/v2\/pages\/10162\/revisions\/174663"}],"up":[{"embeddable":true,"href":"https:\/\/univet.hu\/en\/wp-json\/wp\/v2\/pages\/676"}],"wp:attachment":[{"href":"https:\/\/univet.hu\/en\/wp-json\/wp\/v2\/media?parent=10162"}],"wp:term":[{"taxonomy":"category","embeddable":true,"href":"https:\/\/univet.hu\/en\/wp-json\/wp\/v2\/categories?post=10162"},{"taxonomy":"post_tag","embeddable":true,"href":"https:\/\/univet.hu\/en\/wp-json\/wp\/v2\/tags?post=10162"}],"curies":[{"name":"wp","href":"https:\/\/api.w.org\/{rel}","templated":true}]}}