{"id":10171,"date":"1970-01-01T00:00:00","date_gmt":"1969-12-31T23:00:00","guid":{"rendered":"http:\/\/univet.hu\/education\/courses\/applied-clinicopathological-diagnostics\/"},"modified":"2024-02-07T10:28:53","modified_gmt":"2024-02-07T09:28:53","slug":"applied-clinicopathological-diagnostics","status":"publish","type":"page","link":"https:\/\/univet.hu\/en\/education\/courses\/applied-clinicopathological-diagnostics\/","title":{"rendered":"Applied Clinicopathological Diagnostics"},"content":{"rendered":"<p>Prerequisites:\u00a0\u00a0 \u00a0\u201cLaboratory diagnostics\u201d completed<br \/> Place of lectures\/practicals\u00a0\u00a0 \u00a0Vet. Univ. campus (1078 Budapest Istv\u00e1n u. 2) Building O \u2013 laboratory diagnostics practical room<\/p> <p>Name of Department:\u00a0\u00a0 \u00a0Department of Clinical Pathology and Oncology<br \/> Responsible teacher (email):\u00a0\u00a0 \u00a0Dr. P\u00e9ter Vajdovich (<a class=\"decrypt\" rel=\"Wbkepwjdi\/qfufsAvojwfu\/iv\" href=\"javascript:void(0);\">[Click to see email]<\/a>)<br \/> Teacher(s) taking part in teaching:\u00a0\u00a0 \u00a0Department of Clinical Pathology and Oncology:\u00a0 dr. P\u00e9ter Vajdovich, dr. M\u00e1rton M\u00e1rialigeti, dr. Mil\u00e1n Miskolczi, dr. Anna Berta<br \/> Department and Clinic of Equine Medicine: dr. Zolt\u00e1n Bakos<br \/> Aim of subject:\u00a0\u00a0 \u00a0To provide recap, overview and some advanced details about the most important Clinicopathological evaluations of companion animals: methodology and interpretation of blood, urine, faeces, free body cavity fluids and CSF. To improve lab-result interpretation skills with the help of case studies.<\/p>","protected":false},"excerpt":{"rendered":"<p>Prerequisites:\u00a0\u00a0 \u00a0\u201cLaboratory diagnostics\u201d completed Place of lectures\/practicals\u00a0\u00a0 \u00a0Vet. Univ. campus (1078 Budapest Istv\u00e1n u. 2) Building O \u2013 laboratory diagnostics practical room Name of Department:\u00a0\u00a0 \u00a0Department of Clinical Pathology and Oncology Responsible teacher (email):\u00a0\u00a0 \u00a0Dr. P\u00e9ter Vajdovich ([Click to see email]) Teacher(s) taking part in teaching:\u00a0\u00a0 \u00a0Department of Clinical Pathology and Oncology:\u00a0 dr. P\u00e9ter Vajdovich,<\/p>\n","protected":false},"author":3837,"featured_media":0,"parent":676,"menu_order":165,"comment_status":"closed","ping_status":"closed","template":"","meta":{"_acf_changed":false,"footnotes":""},"categories":[],"tags":[],"class_list":["post-10171","page","type-page","status-publish","hentry"],"acf":[],"_links":{"self":[{"href":"https:\/\/univet.hu\/en\/wp-json\/wp\/v2\/pages\/10171","targetHints":{"allow":["GET"]}}],"collection":[{"href":"https:\/\/univet.hu\/en\/wp-json\/wp\/v2\/pages"}],"about":[{"href":"https:\/\/univet.hu\/en\/wp-json\/wp\/v2\/types\/page"}],"author":[{"embeddable":true,"href":"https:\/\/univet.hu\/en\/wp-json\/wp\/v2\/users\/3837"}],"replies":[{"embeddable":true,"href":"https:\/\/univet.hu\/en\/wp-json\/wp\/v2\/comments?post=10171"}],"version-history":[{"count":0,"href":"https:\/\/univet.hu\/en\/wp-json\/wp\/v2\/pages\/10171\/revisions"}],"up":[{"embeddable":true,"href":"https:\/\/univet.hu\/en\/wp-json\/wp\/v2\/pages\/676"}],"wp:attachment":[{"href":"https:\/\/univet.hu\/en\/wp-json\/wp\/v2\/media?parent=10171"}],"wp:term":[{"taxonomy":"category","embeddable":true,"href":"https:\/\/univet.hu\/en\/wp-json\/wp\/v2\/categories?post=10171"},{"taxonomy":"post_tag","embeddable":true,"href":"https:\/\/univet.hu\/en\/wp-json\/wp\/v2\/tags?post=10171"}],"curies":[{"name":"wp","href":"https:\/\/api.w.org\/{rel}","templated":true}]}}