{"id":10200,"date":"1970-01-01T00:00:00","date_gmt":"1969-12-31T23:00:00","guid":{"rendered":"http:\/\/univet.hu\/education\/courses\/dermatology-of-dogs-and-cats\/"},"modified":"2018-09-07T15:32:00","modified_gmt":"2018-09-07T13:32:00","slug":"dermatology-of-dogs-and-cats","status":"publish","type":"page","link":"https:\/\/univet.hu\/en\/education\/courses\/dermatology-of-dogs-and-cats\/","title":{"rendered":"Dermatology of dogs and cats"},"content":{"rendered":"<p>(D) I.2.2. Tant&aacute;rgyle&iacute;r&aacute;s\/Description of the subject<\/p> <p>(D) I.2.2. K&ouml;telez\u0151 tant&aacute;rgy\/Elective subject<\/p> <p>I.2.2.1. A tant&aacute;rgy neve: Name of the subject<\/p> <p>&nbsp;<\/p> <p>A tant&aacute;rgy oktat&aacute;s&aacute;nak helye, &oacute;rasz&aacute;ma, az ismeretek ellen\u0151rz&eacute;s&eacute;nek form&aacute;ja:<\/p> <table border=\"1\" cellpadding=\"0\" cellspacing=\"0\" style=\"width:571px\"> <tbody> <tr> <td colspan=\"2\" style=\"height:66px; width:64px\"> <p><strong>F&eacute;l&eacute;v\/Term<\/strong><\/p> <\/td> <td style=\"height:66px; width:219px\"> <p><strong>T&eacute;mak&ouml;r\/Topic<\/strong><\/p> <\/td> <td style=\"height:66px; width:108px\"> <p><strong>&Oacute;rasz&aacute;m\/ Number of hours<\/strong><\/p> <p>(el\u0151ad&aacute;s\/gyakorlat)<\/p> <\/td> <td style=\"height:66px; width:120px\"> <p><strong>Az &eacute;rt&eacute;kel&eacute;s m&oacute;dja<\/strong><\/p> <p><strong>Evaluation<\/strong><\/p> <p>(gyakorlati jegy, vizsga, szigorlat)<\/p> <\/td> <td style=\"height:66px; width:60px\"> <p><strong>Kredit<\/strong><\/p> <p><strong>Credit<\/strong><\/p> <\/td> <\/tr> <tr> <td style=\"width:55px\"> <p>10.<\/p> <\/td> <td colspan=\"2\" style=\"width:228px\"> <p>Skin diseases of dogs and cats<\/p> <\/td> <td style=\"width:108px\"> <p>20\/0<\/p> <\/td> <td style=\"width:120px\"> <p>vizsga<\/p> <\/td> <td style=\"width:60px\"> <p>2<\/p> <\/td> <\/tr> <tr> <td>&nbsp;<\/td> <td>&nbsp;<\/td> <td>&nbsp;<\/td> <td>&nbsp;<\/td> <td>&nbsp;<\/td> <td>&nbsp;<\/td> <\/tr> <\/tbody> <\/table> <p>&nbsp;<\/p> <p>A tant&aacute;rgy oktat&aacute;s&aacute;nak r&ouml;vid, c&iacute;mszavas tematik&aacute;ja (tant&aacute;rgyank&eacute;nt maximum 10 sor)<\/p> <p>A b\u0151rgy&oacute;gy&aacute;szati k&oacute;rel\u0151zm&eacute;ny, fizik&aacute;lis vizsg&aacute;lat &eacute;s klinikai-, laborat&oacute;riumi kieg&eacute;sz&iacute;t\u0151 vizsg&aacute;latok. B\u0151rgy&oacute;gy&aacute;szati citol&oacute;gia &eacute;s sz&ouml;vettan. Gennyes b\u0151rgyullad&aacute;sok. Gomb&aacute;s b\u0151rbetegs&eacute;gek. Parazit&aacute;s b\u0151rbetegs&eacute;gek. Allergodermatitisek differenci&aacute;l-diagnosztik&aacute;ja. Macsk&aacute;k mili&aacute;ris dermatitis&eacute;nek differenci&aacute;l-diagnosztik&aacute;ja &eacute;s az eosinophil granuloma komplex. Endocrinodermatopathi&aacute;k. Ritka b\u0151rbetegs&eacute;gek. Fiatalkori b\u0151rbetegs&eacute;gek. B\u0151rdaganatok. Autoimmun b\u0151rbetegs&eacute;gek. A b\u0151rgy&oacute;gy&aacute;szati ter&aacute;pia alapelvei.<\/p> <p>&nbsp;<\/p> <p>A tananyag elsaj&aacute;t&iacute;t&aacute;s&aacute;hoz aj&aacute;nlott irodalom:<\/p> <p><a href=\"http:\/\/www.blackwellpublishing.com\/VDE\" data-replaced=\"true\" target=\"_parent\">http:\/\/www.blackwellpublishing.com\/VDE<\/a><\/p> <p>&nbsp;<\/p> <p>Veterinary Dermatology<\/p> <p>Scott, Miller Griffin: Muller &amp; Kirk&rsquo;s Small Animal Dermatology (6th edition, 2001, Saunders)<\/p> <p>Feldman and Gross, Ihrke, Walder, Affolter: Skin diseases of the dog and cat (2nd edition, 2005, Blackwell)<\/p> <p>Nelson: Canine and Feline Endocrinology and Reproduction (3 rd edition, 2004, Saunders)<\/p> <p>Noli, Scarampella: Praktische Dermatologie bei Hund und Katze (2004, Schl&uuml;tersche Verlagsge.)<\/p> <p>Harvey and McKeever: A Colour Handbook of Skin Diseases of the Dog and Cat (2nd edition, 2003, Manson)<\/p> <p>Grant: Skin diseases in the Dog and Cat (2nd 1991, Blackwell)<\/p> <p>Carlotti: Clinical Handbook on Canine Dermatology (Virbac, 2004)<\/p> <p>Gaugu&eacute;re and Pr&eacute;laud: A Practical Guide to Feline Dermatology (Merial, 1999)<\/p> <p>&nbsp;<\/p>","protected":false},"excerpt":{"rendered":"<p>(D) I.2.2. Tant&aacute;rgyle&iacute;r&aacute;s\/Description of the subject (D) I.2.2. K&ouml;telez\u0151 tant&aacute;rgy\/Elective subject I.2.2.1. A tant&aacute;rgy neve: Name of the subject &nbsp; A tant&aacute;rgy oktat&aacute;s&aacute;nak helye, &oacute;rasz&aacute;ma, az ismeretek ellen\u0151rz&eacute;s&eacute;nek form&aacute;ja: F&eacute;l&eacute;v\/Term T&eacute;mak&ouml;r\/Topic &Oacute;rasz&aacute;m\/ Number of hours (el\u0151ad&aacute;s\/gyakorlat) Az &eacute;rt&eacute;kel&eacute;s m&oacute;dja Evaluation (gyakorlati jegy, vizsga, szigorlat) Kredit Credit 10. Skin diseases of dogs and cats 20\/0 vizsga<\/p>\n","protected":false},"author":3837,"featured_media":0,"parent":676,"menu_order":164,"comment_status":"closed","ping_status":"closed","template":"","meta":{"_acf_changed":false,"footnotes":""},"categories":[],"tags":[],"class_list":["post-10200","page","type-page","status-publish","hentry"],"acf":[],"_links":{"self":[{"href":"https:\/\/univet.hu\/en\/wp-json\/wp\/v2\/pages\/10200","targetHints":{"allow":["GET"]}}],"collection":[{"href":"https:\/\/univet.hu\/en\/wp-json\/wp\/v2\/pages"}],"about":[{"href":"https:\/\/univet.hu\/en\/wp-json\/wp\/v2\/types\/page"}],"author":[{"embeddable":true,"href":"https:\/\/univet.hu\/en\/wp-json\/wp\/v2\/users\/3837"}],"replies":[{"embeddable":true,"href":"https:\/\/univet.hu\/en\/wp-json\/wp\/v2\/comments?post=10200"}],"version-history":[{"count":0,"href":"https:\/\/univet.hu\/en\/wp-json\/wp\/v2\/pages\/10200\/revisions"}],"up":[{"embeddable":true,"href":"https:\/\/univet.hu\/en\/wp-json\/wp\/v2\/pages\/676"}],"wp:attachment":[{"href":"https:\/\/univet.hu\/en\/wp-json\/wp\/v2\/media?parent=10200"}],"wp:term":[{"taxonomy":"category","embeddable":true,"href":"https:\/\/univet.hu\/en\/wp-json\/wp\/v2\/categories?post=10200"},{"taxonomy":"post_tag","embeddable":true,"href":"https:\/\/univet.hu\/en\/wp-json\/wp\/v2\/tags?post=10200"}],"curies":[{"name":"wp","href":"https:\/\/api.w.org\/{rel}","templated":true}]}}