{"id":10210,"date":"1970-01-01T00:00:00","date_gmt":"1969-12-31T23:00:00","guid":{"rendered":"http:\/\/univet.hu\/education\/courses\/food-hygiene-ii\/"},"modified":"2025-02-04T15:14:53","modified_gmt":"2025-02-04T14:14:53","slug":"food-hygiene-ii","status":"publish","type":"page","link":"https:\/\/univet.hu\/en\/education\/courses\/food-hygiene-ii\/","title":{"rendered":"Food hygiene II"},"content":{"rendered":"<p>&nbsp;<\/p> <p><span style=\"font-size: 14pt;color: #000000\"><strong>1.1. Characteristics of the curriculum<\/strong><\/span><\/p> <p><span style=\"color: #000000\">Feature: obligatory subject<\/span><\/p> <p><span style=\"color: #000000\">Timing in the curriculum: Semester 10<\/span><\/p> <p><span style=\"color: #000000\">Lectures\/practical: 60\/30<\/span><\/p> <p><span style=\"color: #000000\">Credit: 6<\/span><\/p> <p>&nbsp;<\/p> <p><span style=\"font-size: 14pt;color: #000000\"><strong>1.2. Topics<\/strong><\/span><\/p> <p><span style=\"color: #000000\"><u>Lectures<\/u><\/span><\/p> <p><span style=\"color: #000000\">In the framework of lectures the theoretical basis of the complex knowledge of hygiene conditions and legal requirements of production, processing and trade of wholesome foodstuffs are presented to develop the thinking and skill of Veterinary Public Health.<\/span><\/p> <p><span style=\"color: #000000\">In <strong>Semester 10<\/strong> the food chain safety tasks with a one health approach will be presented, focusing on production chains. Initially, the ruminant production chain will be discussed including milk hygiene (production and processing) built on the previous fundamentals, then during the topics of meat hygiene the different production chains &#8211; cattle and other ruminants, swine, poultry, fish and other animals production chain &#8211; will be summarized, furthermore the processing hygiene and safety aspects of foodstuffs of plant origin, alcoholic and non-alcoholic beverages and meat substitutes will be summarized. Special attention will be paid to meat inspection, animal welfare of food-producing animals, to present the food processing technology of foods of animal and plant origin, and to make known the processing hygiene aspects of them.<\/span><\/p> <p><span style=\"color: #000000\"><u>Practicals<\/u><\/span><\/p> <p><span style=\"color: #000000\">The purpose of food hygiene practicals is to demonstrate the practical aspects of the theoretical knowledge discussed in the lectures as well as to carry out the manual exercise of certain technological processes, and to develop the practical skills necessary to develop a complex way of thinking about the safety of the food chain.<\/span><\/p> <p><span style=\"color: #000000\"><strong><em>\u00a0<\/em><\/strong><\/span><\/p> <p><span style=\"color: #000000\"><strong><span style=\"font-size: 14pt\">1.3. How to be prepared for and how execute the practicals<\/span><\/strong><\/span><\/p> <p><span style=\"color: #000000\">The base of group division is the list given by the secretariat of International Study Program. The total number of one group cannot exceed 18 students. The student should be arrived in time, in clean white-coat and well-prepared to the site of practicals.<\/span><\/p> <p><span style=\"color: #000000\">Due to the actual pandemic situation of COVID-19 or other infectious diseases, all students must keep the actual regulations\/rules (e. g. disinfection of hands direct prior to start of practicals, wearing masks covering both nose and mouth during the whole practical time etc.). In case of symptoms suggestive of fever or suspected Covid disease, the student should not participate in the exercises.<\/span><\/p> <p>&nbsp;<\/p> <p><span style=\"font-size: 14pt;color: #000000\"><strong>1.4. The way of check of knowledge during the practicals<\/strong><\/span><\/p> <p><span style=\"color: #000000\">It may be performed in oral or written forms. It is primarily directed to the check of knowledge related to the given week-topic, but the topics of the previous weeks are also interrogated continuously.<\/span><\/p> <p>&nbsp;<\/p> <p><span style=\"font-size: 14pt;color: #000000\"><strong>1.5. How to supplement the practicals<\/strong><\/span><\/p> <p><span style=\"color: #000000\">If somebody is not able to participate on the practical in the right time, the supplementation is possible during the semester at a time point agreed upon with the instructor of the given practical in advance in written form (via e-mail). Supplementation of missing because of the obligatory clinical practice (2 weeks) is not needed. It is certified directly towards the Department by the given clinical department. The number of the missed practicals can be max. four (4) practicals (including the 2 weeks obligatory clinical practice), above this the signature by the end of the semester will be denied.<\/span><\/p> <p><span style=\"color: #000000\"><em>The participation in practicals and the rules of retake are subjected to change based on the actual pandemic situation of COVID-19 or another infectious pandemic situation.<\/em><\/span><\/p> <p>&nbsp;<\/p> <p><span style=\"font-size: 14pt;color: #000000\"><strong>1.6. Midterm tests, their evaluation, and their supplementation if necessary<\/strong><\/span><\/p> <p><span style=\"color: #000000\">During <strong>Semester 10<\/strong>, there will be two written midterm tests, as well based on the topics of the lectures and the practicals up to the time of tests. A minimum of 60% should be reached to pass the tests. If any of the midterm tests is failed or the student was not able to participate, he\/she must write a supplementary midterm test at least up to the end of the semester. Altogether, there are two additional chances for retake. If someone fails to meet the minimum requirement of 60% in case of any of the midterm tests, the signature at the end of the semester will be denied.<\/span><\/p> <p>&nbsp;<\/p> <p><span style=\"font-size: 14pt;color: #000000\"><strong>1.7. Signature by the end of the Semester, conditions of having a practical mark<\/strong><\/span><\/p> <p><span style=\"color: #000000\">Participation on the lectures is obligatory (according to the University\u2019s SOP). Occasionally, the participation is checked by the lecturers. In the case of more than 3 missing lectures that are not certified, the signature of the semester will be refused. Requirements for signature by the end of both semesters (Semester 9 and 10) are the participation in all the practicals and appropriate results of the two written midterm tests. The condition of having the signature is the participation in the lectures and the practicals, and the minimum 60% fulfillment of both midterm tests.<\/span><\/p> <p><span style=\"color: #000000\"><em>The participation in practicals and the rules of retake are subjected to change based on the actual pandemic situation of COVID-19 or another infectious pandemic situation.<\/em><\/span><\/p> <p>&nbsp;<\/p> <p><span style=\"font-size: 14pt;color: #000000\"><strong>1.8. Exam requirements<\/strong><\/span><\/p> <p><span style=\"color: #000000\"><strong><em>Semester 10:<\/em><\/strong> final exam based on the materials of Semesters 9 and 10.<\/span><\/p> <p>&nbsp;<\/p> <p><span style=\"font-size: 14pt;color: #000000\"><strong>1.9. Semester 10 final exam<br \/> <\/strong><\/span><\/p> <p><span style=\"color: #000000\">The final exam consists of two parts. The first one is a written exam that includes the materials of the lectures and practices of both semesters 9 and 10, whereas the second, oral exam is focused on the most important topics of the one-day competence. Both part-exams will be assessed with marks between 1 and 5 the average of which gives the final mark of the exam. The written part of the exam will be evaluated as follows: 60-69,9% = 2, passing, 70-79,9% = 3, fair, 80-89,9% = 4, good, 90-100% = 5, excellent. Both the written and the oral parts of the exam must be passed. If the written part is failed, the student cannot follow the exam with the oral part, i. e. the precondition of the oral exam is to pass the written part. However, if the oral part is unsatisfactory, only this part should be retaken. If the result of the written and\/or oral exam is unsatisfactory, the next exam is considered as a retake exam.<\/span><\/p> <p><span style=\"color: #000000\">The oral part of the exam is evaluated as unsatisfactory (1=failed) if there are significant gaps in the knowledge of the student on the topic in relation to the one-day competence. At the oral exam, students draw two questions from the previously published list of questions:<\/span><\/p> <p>&nbsp;<\/p> <p><span style=\"color: #000000\"><strong>QUESTIONS OF THE FINAL ORAL EXAM<\/strong><\/span><\/p> <p style=\"text-align: left\"><span style=\"color: #000000\"><strong>2025<\/strong><\/span><\/p> <p>&nbsp;<\/p> <p><span style=\"font-size: 14pt;color: #000000\"><strong>1.10. Learning materials<\/strong><\/span><\/p> <p><span style=\"color: #000000\">Materials of lectures and practicals.<\/span><\/p> <p><span style=\"color: #000000\">Laczay, P: Food hygiene, food chain safety. Textbook, Budapest, 2014.<\/span><\/p> <p><span style=\"color: #000000\">Erd\u0151si, O.-L\u00e1nyi, K.-Lehel, J.-Szili, Zs.: Food hygiene practicals I. A\/3 Nyomdaipari \u00e9s Kiad\u00f3i Szolg\u00e1ltat\u00f3 Kft., Budapest, 2016.<\/span><\/p> <p><span style=\"color: #000000\">Erd\u0151si, O.-L\u00e1nyi, K.-Lehel, J.-Szili, Zs.: Food hygiene practicals II. A\/3 Nyomdaipari \u00e9s Kiad\u00f3i Szolg\u00e1ltat\u00f3 Kft., Budapest, 2017.<\/span><\/p> <p>&nbsp;<\/p> <p><span style=\"font-size: 14pt;color: #000000\"><strong>1.11. Lectures and practicals of the department<\/strong><\/span><\/p> <p><span style=\"color: #000000\"><img loading=\"lazy\" decoding=\"async\" class=\"aligncenter wp-image-175409 size-full\" src=\"https:\/\/univet.hu\/wp-content\/uploads\/2025\/02\/tIMETABLE.jpg\" alt=\"\" width=\"981\" height=\"587\" srcset=\"https:\/\/univet.hu\/wp-content\/uploads\/2025\/02\/tIMETABLE.jpg 981w, https:\/\/univet.hu\/wp-content\/uploads\/2025\/02\/tIMETABLE-320x191.jpg 320w, https:\/\/univet.hu\/wp-content\/uploads\/2025\/02\/tIMETABLE-960x574.jpg 960w, https:\/\/univet.hu\/wp-content\/uploads\/2025\/02\/tIMETABLE-768x460.jpg 768w\" sizes=\"auto, (max-width: 981px) 100vw, 981px\" \/><\/span><\/p>","protected":false},"excerpt":{"rendered":"<p>&nbsp; 1.1. Characteristics of the curriculum Feature: obligatory subject Timing in the curriculum: Semester 10 Lectures\/practical: 60\/30 Credit: 6 &nbsp; 1.2. Topics Lectures In the framework of lectures the theoretical basis of the complex knowledge of hygiene conditions and legal requirements of production, processing and trade of wholesome foodstuffs are presented to develop the thinking<\/p>\n","protected":false},"author":3837,"featured_media":0,"parent":676,"menu_order":164,"comment_status":"closed","ping_status":"closed","template":"","meta":{"_acf_changed":false,"footnotes":""},"categories":[],"tags":[],"class_list":["post-10210","page","type-page","status-publish","hentry"],"acf":[],"_links":{"self":[{"href":"https:\/\/univet.hu\/en\/wp-json\/wp\/v2\/pages\/10210","targetHints":{"allow":["GET"]}}],"collection":[{"href":"https:\/\/univet.hu\/en\/wp-json\/wp\/v2\/pages"}],"about":[{"href":"https:\/\/univet.hu\/en\/wp-json\/wp\/v2\/types\/page"}],"author":[{"embeddable":true,"href":"https:\/\/univet.hu\/en\/wp-json\/wp\/v2\/users\/3837"}],"replies":[{"embeddable":true,"href":"https:\/\/univet.hu\/en\/wp-json\/wp\/v2\/comments?post=10210"}],"version-history":[{"count":3,"href":"https:\/\/univet.hu\/en\/wp-json\/wp\/v2\/pages\/10210\/revisions"}],"predecessor-version":[{"id":175427,"href":"https:\/\/univet.hu\/en\/wp-json\/wp\/v2\/pages\/10210\/revisions\/175427"}],"up":[{"embeddable":true,"href":"https:\/\/univet.hu\/en\/wp-json\/wp\/v2\/pages\/676"}],"wp:attachment":[{"href":"https:\/\/univet.hu\/en\/wp-json\/wp\/v2\/media?parent=10210"}],"wp:term":[{"taxonomy":"category","embeddable":true,"href":"https:\/\/univet.hu\/en\/wp-json\/wp\/v2\/categories?post=10210"},{"taxonomy":"post_tag","embeddable":true,"href":"https:\/\/univet.hu\/en\/wp-json\/wp\/v2\/tags?post=10210"}],"curies":[{"name":"wp","href":"https:\/\/api.w.org\/{rel}","templated":true}]}}