{"id":10211,"date":"1970-01-01T00:00:00","date_gmt":"1969-12-31T23:00:00","guid":{"rendered":"http:\/\/univet.hu\/education\/courses\/forensic-animal-genetics\/"},"modified":"2023-08-29T20:10:17","modified_gmt":"2023-08-29T18:10:17","slug":"forensic-animal-genetics","status":"publish","type":"page","link":"https:\/\/univet.hu\/en\/education\/courses\/forensic-animal-genetics\/","title":{"rendered":"Forensic Animal Genetics"},"content":{"rendered":"<table width=\"101%\"> <tbody> <tr> <td width=\"47%\"><strong>Topics<\/strong><\/td> <\/tr> <tr> <td width=\"47%\">Comparative forensic medicine and forensic genetics, historical, legal and ethical background, animal rights, animal related crimes, crime and crime scene, scientific crime scene investigation + case studies<\/td> <\/tr> <tr> <td width=\"47%\">Wildlife DNA forensics in raptors: case studies with hawks and eagles<\/td> <\/tr> <tr> <td width=\"47%\">Type of evidence, samples, logic trees, recognition, identification, individualization, genetic background, genetic polymorphisms at nuclear and mitochondrial genome, technology and methodology, presumptive and confirmative examinations + case studies<\/td> <\/tr> <tr> <td width=\"47%\">Basic population genetics and statistics, genetic profile, individualization and parentage control. Wildlife forensics. Forensic genetics in practice, expert activities and data processing + case studies<\/td> <\/tr> <tr> <td width=\"47%\">Introduction to Mindset of Forensics, Comparative Forensic Medicine, Case reports<\/td> <\/tr> <tr> <td width=\"47%\">Consultation, exam<\/td> <\/tr> <\/tbody> <\/table> <p>Lecturer: Dr.\u00a0 Petra Zenke<\/p> <p>Aim of the course: An up-to-date overview of forensic genetics in the field of animal species and its practical applications.<\/p> <p>Prerequisites: Veterinary Genetics, Animal Breeding (from the 6th semester).<\/p> <p>Speakers:\u00a0Dr. Zenke Petra, Dr. P\u00e1d\u00e1r Zsolt, Dr. Szab\u00f3 Kriszti\u00e1n, Zork\u00f3czy Orsolya<\/p> <p>&nbsp;<\/p> <pre class=\"AlapText\"><\/pre>","protected":false},"excerpt":{"rendered":"<p>Topics Comparative forensic medicine and forensic genetics, historical, legal and ethical background, animal rights, animal related crimes, crime and crime scene, scientific crime scene investigation + case studies Wildlife DNA forensics in raptors: case studies with hawks and eagles Type of evidence, samples, logic trees, recognition, identification, individualization, genetic background, genetic polymorphisms at nuclear and<\/p>\n","protected":false},"author":3837,"featured_media":0,"parent":676,"menu_order":164,"comment_status":"closed","ping_status":"closed","template":"","meta":{"_acf_changed":false,"footnotes":""},"categories":[],"tags":[],"class_list":["post-10211","page","type-page","status-publish","hentry"],"acf":[],"_links":{"self":[{"href":"https:\/\/univet.hu\/en\/wp-json\/wp\/v2\/pages\/10211","targetHints":{"allow":["GET"]}}],"collection":[{"href":"https:\/\/univet.hu\/en\/wp-json\/wp\/v2\/pages"}],"about":[{"href":"https:\/\/univet.hu\/en\/wp-json\/wp\/v2\/types\/page"}],"author":[{"embeddable":true,"href":"https:\/\/univet.hu\/en\/wp-json\/wp\/v2\/users\/3837"}],"replies":[{"embeddable":true,"href":"https:\/\/univet.hu\/en\/wp-json\/wp\/v2\/comments?post=10211"}],"version-history":[{"count":0,"href":"https:\/\/univet.hu\/en\/wp-json\/wp\/v2\/pages\/10211\/revisions"}],"up":[{"embeddable":true,"href":"https:\/\/univet.hu\/en\/wp-json\/wp\/v2\/pages\/676"}],"wp:attachment":[{"href":"https:\/\/univet.hu\/en\/wp-json\/wp\/v2\/media?parent=10211"}],"wp:term":[{"taxonomy":"category","embeddable":true,"href":"https:\/\/univet.hu\/en\/wp-json\/wp\/v2\/categories?post=10211"},{"taxonomy":"post_tag","embeddable":true,"href":"https:\/\/univet.hu\/en\/wp-json\/wp\/v2\/tags?post=10211"}],"curies":[{"name":"wp","href":"https:\/\/api.w.org\/{rel}","templated":true}]}}