{"id":10222,"date":"1970-01-01T00:00:00","date_gmt":"1969-12-31T23:00:00","guid":{"rendered":"http:\/\/univet.hu\/education\/courses\/horse-breeding\/"},"modified":"2023-09-01T20:25:23","modified_gmt":"2023-09-01T18:25:23","slug":"horse-breeding","status":"publish","type":"page","link":"https:\/\/univet.hu\/en\/education\/courses\/horse-breeding\/","title":{"rendered":"Horse Breeding"},"content":{"rendered":"<p><span style=\"font-family: tahoma, arial, helvetica, sans-serif\">Prerequisites: Veterinary Genetics, Animal Breeding (from the 6th semester).<\/span><\/p> <p><span style=\"font-family: tahoma, arial, helvetica, sans-serif\">Lectures: 15 hours\/semester<\/span><\/p> <p><span style=\"font-family: tahoma, arial, helvetica, sans-serif\">Responsible lecturer: Dr. Z\u00f6ld\u00e1g L\u00e1szl\u00f3 professor<\/span><\/p> <p><span style=\"font-family: tahoma, arial, helvetica, sans-serif\">Aim of the course is to present some of the current research developments in modern horse breeding, and equine genomics. Emphasis is given to the colour genetics and the most significant hereditary diseases.<\/span><\/p> <p><span style=\"font-family: tahoma, arial, helvetica, sans-serif\">Held in 5 modules (lectures 5 times 3 hours, spring semester)<\/span><\/p> <p>Lectures:<\/p> <p>1-2-3 lessons: Coat colour genetics and colour genotyping.<\/p> <p>3-4-5 lessons:\u00a0Coat colour genetics and colour genotyping.<\/p> <p>7-8-9 lessons: Equine genomics and most relevant hereditary diseases.<\/p> <p>10-11-12 lessons:\u00a0Equine genomics and most relevant hereditary diseases.<\/p> <p>13-14-15 lessons: Exam (assay).<\/p> <pre><\/pre>","protected":false},"excerpt":{"rendered":"<p>Prerequisites: Veterinary Genetics, Animal Breeding (from the 6th semester). Lectures: 15 hours\/semester Responsible lecturer: Dr. Z\u00f6ld\u00e1g L\u00e1szl\u00f3 professor Aim of the course is to present some of the current research developments in modern horse breeding, and equine genomics. Emphasis is given to the colour genetics and the most significant hereditary diseases. Held in 5 modules<\/p>\n","protected":false},"author":3837,"featured_media":0,"parent":676,"menu_order":113,"comment_status":"closed","ping_status":"closed","template":"","meta":{"_acf_changed":false,"footnotes":""},"categories":[],"tags":[],"class_list":["post-10222","page","type-page","status-publish","hentry"],"acf":[],"_links":{"self":[{"href":"https:\/\/univet.hu\/en\/wp-json\/wp\/v2\/pages\/10222","targetHints":{"allow":["GET"]}}],"collection":[{"href":"https:\/\/univet.hu\/en\/wp-json\/wp\/v2\/pages"}],"about":[{"href":"https:\/\/univet.hu\/en\/wp-json\/wp\/v2\/types\/page"}],"author":[{"embeddable":true,"href":"https:\/\/univet.hu\/en\/wp-json\/wp\/v2\/users\/3837"}],"replies":[{"embeddable":true,"href":"https:\/\/univet.hu\/en\/wp-json\/wp\/v2\/comments?post=10222"}],"version-history":[{"count":1,"href":"https:\/\/univet.hu\/en\/wp-json\/wp\/v2\/pages\/10222\/revisions"}],"predecessor-version":[{"id":174599,"href":"https:\/\/univet.hu\/en\/wp-json\/wp\/v2\/pages\/10222\/revisions\/174599"}],"up":[{"embeddable":true,"href":"https:\/\/univet.hu\/en\/wp-json\/wp\/v2\/pages\/676"}],"wp:attachment":[{"href":"https:\/\/univet.hu\/en\/wp-json\/wp\/v2\/media?parent=10222"}],"wp:term":[{"taxonomy":"category","embeddable":true,"href":"https:\/\/univet.hu\/en\/wp-json\/wp\/v2\/categories?post=10222"},{"taxonomy":"post_tag","embeddable":true,"href":"https:\/\/univet.hu\/en\/wp-json\/wp\/v2\/tags?post=10222"}],"curies":[{"name":"wp","href":"https:\/\/api.w.org\/{rel}","templated":true}]}}