{"id":10230,"date":"1970-01-01T00:00:00","date_gmt":"1969-12-31T23:00:00","guid":{"rendered":"http:\/\/univet.hu\/education\/courses\/laboratory-animal-science-and-bioethics\/"},"modified":"2023-08-31T16:09:38","modified_gmt":"2023-08-31T14:09:38","slug":"laboratory-animal-science-and-bioethics","status":"publish","type":"page","link":"https:\/\/univet.hu\/en\/education\/courses\/laboratory-animal-science-and-bioethics\/","title":{"rendered":"Laboratory  Animal Science and Bioethics"},"content":{"rendered":"<p>lectures: 1 hour\/week<br \/> 2&#215;4 hours of plenary practicals<\/p> <p>Basic purpose: To give theoretical and practical knowledge about the choice of experimental model, the biology, genetics, feeding and husbandry of laboratory animals, their welfare<br \/> requirements, practical handling, alternatives and ethical aspects.<\/p> <p>&nbsp;<\/p> <p>Responsible teacher:<br \/> dr. Kinga Fodor, associate professor<\/p> <p>Lecturers:<br \/> dr. Gabriella Kors\u00f3s<br \/> dr. Andr\u00e1s Bers\u00e9nyi<br \/> dr. Annam\u00e1ria Kiss<\/p> <p>Secretary: Krisztina S\u00e9nyi<\/p>","protected":false},"excerpt":{"rendered":"<p>lectures: 1 hour\/week 2&#215;4 hours of plenary practicals Basic purpose: To give theoretical and practical knowledge about the choice of experimental model, the biology, genetics, feeding and husbandry of laboratory animals, their welfare requirements, practical handling, alternatives and ethical aspects. &nbsp; Responsible teacher: dr. Kinga Fodor, associate professor Lecturers: dr. Gabriella Kors\u00f3s dr. Andr\u00e1s Bers\u00e9nyi<\/p>\n","protected":false},"author":3837,"featured_media":0,"parent":676,"menu_order":112,"comment_status":"closed","ping_status":"closed","template":"","meta":{"_acf_changed":false,"footnotes":""},"categories":[],"tags":[],"class_list":["post-10230","page","type-page","status-publish","hentry"],"acf":[],"_links":{"self":[{"href":"https:\/\/univet.hu\/en\/wp-json\/wp\/v2\/pages\/10230","targetHints":{"allow":["GET"]}}],"collection":[{"href":"https:\/\/univet.hu\/en\/wp-json\/wp\/v2\/pages"}],"about":[{"href":"https:\/\/univet.hu\/en\/wp-json\/wp\/v2\/types\/page"}],"author":[{"embeddable":true,"href":"https:\/\/univet.hu\/en\/wp-json\/wp\/v2\/users\/3837"}],"replies":[{"embeddable":true,"href":"https:\/\/univet.hu\/en\/wp-json\/wp\/v2\/comments?post=10230"}],"version-history":[{"count":1,"href":"https:\/\/univet.hu\/en\/wp-json\/wp\/v2\/pages\/10230\/revisions"}],"predecessor-version":[{"id":174594,"href":"https:\/\/univet.hu\/en\/wp-json\/wp\/v2\/pages\/10230\/revisions\/174594"}],"up":[{"embeddable":true,"href":"https:\/\/univet.hu\/en\/wp-json\/wp\/v2\/pages\/676"}],"wp:attachment":[{"href":"https:\/\/univet.hu\/en\/wp-json\/wp\/v2\/media?parent=10230"}],"wp:term":[{"taxonomy":"category","embeddable":true,"href":"https:\/\/univet.hu\/en\/wp-json\/wp\/v2\/categories?post=10230"},{"taxonomy":"post_tag","embeddable":true,"href":"https:\/\/univet.hu\/en\/wp-json\/wp\/v2\/tags?post=10230"}],"curies":[{"name":"wp","href":"https:\/\/api.w.org\/{rel}","templated":true}]}}