{"id":10236,"date":"1970-01-01T00:00:00","date_gmt":"1969-12-31T23:00:00","guid":{"rendered":"http:\/\/univet.hu\/education\/courses\/modern-dog-and-cat-breeding\/"},"modified":"2023-07-28T12:40:43","modified_gmt":"2023-07-28T10:40:43","slug":"modern-dog-and-cat-breeding","status":"publish","type":"page","link":"https:\/\/univet.hu\/en\/education\/courses\/modern-dog-and-cat-breeding\/","title":{"rendered":"Modern Dog and Cat Breeding"},"content":{"rendered":"<p align=\"center\">A N N O U N C E M E N T &#8211; ELECTIVE COURSE<\/p> <p align=\"center\">For inactive and active 3<sup>rd<\/sup>, 4<sup>th<\/sup> and 5<sup>th<\/sup> year students in veterinary medicine<\/p> <p align=\"center\">MODERN DOG AND CAT BREEDING<\/p> <p align=\"center\">(15 lectures \/ 2 credits)<\/p> <p>Aim of this course is to present some of the latest developments in canine and feline breeding and genetics, including colour diversity and inheritance, breeding and mating systems, genomics and revealed molecular genetic diseases.<\/p> <p>&nbsp;<\/p> <p style=\"text-align: center;\">Prof. L\u00e1szl\u00f3 Z\u00d6LD\u00c1G<\/p> <p class=\"AlapText\">","protected":false},"excerpt":{"rendered":"<p>A N N O U N C E M E N T &#8211; ELECTIVE COURSE For inactive and active 3rd, 4th and 5th year students in veterinary medicine MODERN DOG AND CAT BREEDING (15 lectures \/ 2 credits) Aim of this course is to present some of the latest developments in canine and feline breeding<\/p>\n","protected":false},"author":3837,"featured_media":0,"parent":676,"menu_order":164,"comment_status":"closed","ping_status":"closed","template":"","meta":{"_acf_changed":false,"footnotes":""},"categories":[],"tags":[],"class_list":["post-10236","page","type-page","status-publish","hentry"],"acf":[],"_links":{"self":[{"href":"https:\/\/univet.hu\/en\/wp-json\/wp\/v2\/pages\/10236","targetHints":{"allow":["GET"]}}],"collection":[{"href":"https:\/\/univet.hu\/en\/wp-json\/wp\/v2\/pages"}],"about":[{"href":"https:\/\/univet.hu\/en\/wp-json\/wp\/v2\/types\/page"}],"author":[{"embeddable":true,"href":"https:\/\/univet.hu\/en\/wp-json\/wp\/v2\/users\/3837"}],"replies":[{"embeddable":true,"href":"https:\/\/univet.hu\/en\/wp-json\/wp\/v2\/comments?post=10236"}],"version-history":[{"count":0,"href":"https:\/\/univet.hu\/en\/wp-json\/wp\/v2\/pages\/10236\/revisions"}],"up":[{"embeddable":true,"href":"https:\/\/univet.hu\/en\/wp-json\/wp\/v2\/pages\/676"}],"wp:attachment":[{"href":"https:\/\/univet.hu\/en\/wp-json\/wp\/v2\/media?parent=10236"}],"wp:term":[{"taxonomy":"category","embeddable":true,"href":"https:\/\/univet.hu\/en\/wp-json\/wp\/v2\/categories?post=10236"},{"taxonomy":"post_tag","embeddable":true,"href":"https:\/\/univet.hu\/en\/wp-json\/wp\/v2\/tags?post=10236"}],"curies":[{"name":"wp","href":"https:\/\/api.w.org\/{rel}","templated":true}]}}