{"id":10258,"date":"1970-01-01T00:00:00","date_gmt":"1969-12-31T23:00:00","guid":{"rendered":"http:\/\/univet.hu\/education\/courses\/psychopharmacology-drug-therapy-of-behavioural-disorders-and-other-psychological-disturbances\/"},"modified":"2020-10-30T14:14:11","modified_gmt":"2020-10-30T13:14:11","slug":"psychopharmacology-drug-therapy-of-behavioural-disorders-and-other-psychological-disturbances","status":"publish","type":"page","link":"https:\/\/univet.hu\/en\/education\/courses\/psychopharmacology-drug-therapy-of-behavioural-disorders-and-other-psychological-disturbances\/","title":{"rendered":"Psychopharmacology: drug therapy of behavioural disorders and other psychological disturbances"},"content":{"rendered":"<p><strong>Description of the course:<\/strong><\/p> <p>Psychopharmacology: drug therapy of behavioural disorders and other psychological disturbances<\/p> <p>Aims of the course is to present currently available drug- and alternative therapies of mental illnesses and behavioral disorders with case studies. The course includes new treatment guidelines how to alleviate symptoms of anxiety, drug and behavioural addictions, insomnia and those of other CNS disorders.<\/p> <p>&nbsp;<\/p> <ul> <li>Mental disorders in animals, the role of stress, the alternative options of stress reduction, drug therapy for anxiety<\/li> <li>Behavioural disturbances with case studies, therapy alternatives. Human and veterinary aspects.<\/li> <li>Mood swings and their biochemical background. The types of depression, symptoms, causes, clinical aspects and treatment options in humans and in companion animals. The animal models of depression.<\/li> <li>Presentation of neurodegenerative diseases: Parkinson and Alzheimer-diseases. Cognitive disorders in animals and available drug therapies.<\/li> <li>The role of companion animals in psychotherapy. Drug and behavioral addictions. The presentation of newly introduced drugs in the field of psychopharmacology.<\/li> <\/ul> <p>&nbsp;<\/p> <p>Written exam<\/p> <p>Erzs\u00e9bet P\u00e1sztin\u00e9 Gere PhD<\/p> <p>Budapest, 08-09-2020<\/p>","protected":false},"excerpt":{"rendered":"<p>Description of the course: Psychopharmacology: drug therapy of behavioural disorders and other psychological disturbances Aims of the course is to present currently available drug- and alternative therapies of mental illnesses and behavioral disorders with case studies. The course includes new treatment guidelines how to alleviate symptoms of anxiety, drug and behavioural addictions, insomnia and those<\/p>\n","protected":false},"author":3837,"featured_media":0,"parent":676,"menu_order":165,"comment_status":"closed","ping_status":"closed","template":"","meta":{"_acf_changed":false,"footnotes":""},"categories":[],"tags":[],"class_list":["post-10258","page","type-page","status-publish","hentry"],"acf":[],"_links":{"self":[{"href":"https:\/\/univet.hu\/en\/wp-json\/wp\/v2\/pages\/10258","targetHints":{"allow":["GET"]}}],"collection":[{"href":"https:\/\/univet.hu\/en\/wp-json\/wp\/v2\/pages"}],"about":[{"href":"https:\/\/univet.hu\/en\/wp-json\/wp\/v2\/types\/page"}],"author":[{"embeddable":true,"href":"https:\/\/univet.hu\/en\/wp-json\/wp\/v2\/users\/3837"}],"replies":[{"embeddable":true,"href":"https:\/\/univet.hu\/en\/wp-json\/wp\/v2\/comments?post=10258"}],"version-history":[{"count":1,"href":"https:\/\/univet.hu\/en\/wp-json\/wp\/v2\/pages\/10258\/revisions"}],"predecessor-version":[{"id":174619,"href":"https:\/\/univet.hu\/en\/wp-json\/wp\/v2\/pages\/10258\/revisions\/174619"}],"up":[{"embeddable":true,"href":"https:\/\/univet.hu\/en\/wp-json\/wp\/v2\/pages\/676"}],"wp:attachment":[{"href":"https:\/\/univet.hu\/en\/wp-json\/wp\/v2\/media?parent=10258"}],"wp:term":[{"taxonomy":"category","embeddable":true,"href":"https:\/\/univet.hu\/en\/wp-json\/wp\/v2\/categories?post=10258"},{"taxonomy":"post_tag","embeddable":true,"href":"https:\/\/univet.hu\/en\/wp-json\/wp\/v2\/tags?post=10258"}],"curies":[{"name":"wp","href":"https:\/\/api.w.org\/{rel}","templated":true}]}}