{"id":10265,"date":"1970-01-01T00:00:00","date_gmt":"1969-12-31T23:00:00","guid":{"rendered":"http:\/\/univet.hu\/education\/courses\/sportpharmacology\/"},"modified":"2020-10-30T14:12:03","modified_gmt":"2020-10-30T13:12:03","slug":"sportpharmacology","status":"publish","type":"page","link":"https:\/\/univet.hu\/en\/education\/courses\/sportpharmacology\/","title":{"rendered":"Sportpharmacology"},"content":{"rendered":"<p><strong>Description of the course:<\/strong><\/p> <p>Sportpharmacology<\/p> <ul> <li>Sport physiology, the importance of fluid and eletrolyte homeostasis, prevention of dehyration, composition of optimal diet<\/li> <li>Pain killers and antiinflammatory agents in sport injury. Non-steroidal antiinflammatory drugs and corticosteroids in joint pains.<\/li> <li>The cardioprotective effect of physical excercise, the prevention and supplemental therapy of hyperlipidaemia<\/li> <li>The role of physical excercise in prevention of metabolic diseases. The supplemental treatment of II. type diabetes mellitus<\/li> <li>Case studies of application for cardiovascular drugs, hormonal substances and agents responsible for modulation of metabolism<\/li> <li>Physical and mental performance enhancers, development of dependency in case of psychostimulants\u2019 application, prohibited list (WADA), veterinary aspects.<\/li> <li>The effects and adverse effects of nutrition, drugs, dietary supplements and herbal products on general health conditions and amateur\/professional human and animal sport performance.<\/li> <\/ul> <p>&nbsp;<\/p> <p>Written exam<\/p> <p>Erzs\u00e9bet P\u00e1sztin\u00e9 Gere PhD<\/p> <p>Budapest, 08-09-2020<\/p> <p>&nbsp;<\/p>","protected":false},"excerpt":{"rendered":"<p>Description of the course: Sportpharmacology Sport physiology, the importance of fluid and eletrolyte homeostasis, prevention of dehyration, composition of optimal diet Pain killers and antiinflammatory agents in sport injury. Non-steroidal antiinflammatory drugs and corticosteroids in joint pains. The cardioprotective effect of physical excercise, the prevention and supplemental therapy of hyperlipidaemia The role of physical excercise<\/p>\n","protected":false},"author":3837,"featured_media":0,"parent":676,"menu_order":165,"comment_status":"closed","ping_status":"closed","template":"","meta":{"_acf_changed":false,"footnotes":""},"categories":[],"tags":[],"class_list":["post-10265","page","type-page","status-publish","hentry"],"acf":[],"_links":{"self":[{"href":"https:\/\/univet.hu\/en\/wp-json\/wp\/v2\/pages\/10265","targetHints":{"allow":["GET"]}}],"collection":[{"href":"https:\/\/univet.hu\/en\/wp-json\/wp\/v2\/pages"}],"about":[{"href":"https:\/\/univet.hu\/en\/wp-json\/wp\/v2\/types\/page"}],"author":[{"embeddable":true,"href":"https:\/\/univet.hu\/en\/wp-json\/wp\/v2\/users\/3837"}],"replies":[{"embeddable":true,"href":"https:\/\/univet.hu\/en\/wp-json\/wp\/v2\/comments?post=10265"}],"version-history":[{"count":1,"href":"https:\/\/univet.hu\/en\/wp-json\/wp\/v2\/pages\/10265\/revisions"}],"predecessor-version":[{"id":174623,"href":"https:\/\/univet.hu\/en\/wp-json\/wp\/v2\/pages\/10265\/revisions\/174623"}],"up":[{"embeddable":true,"href":"https:\/\/univet.hu\/en\/wp-json\/wp\/v2\/pages\/676"}],"wp:attachment":[{"href":"https:\/\/univet.hu\/en\/wp-json\/wp\/v2\/media?parent=10265"}],"wp:term":[{"taxonomy":"category","embeddable":true,"href":"https:\/\/univet.hu\/en\/wp-json\/wp\/v2\/categories?post=10265"},{"taxonomy":"post_tag","embeddable":true,"href":"https:\/\/univet.hu\/en\/wp-json\/wp\/v2\/tags?post=10265"}],"curies":[{"name":"wp","href":"https:\/\/api.w.org\/{rel}","templated":true}]}}