{"id":102665,"date":"2024-09-03T15:27:06","date_gmt":"2024-09-03T13:27:06","guid":{"rendered":"https:\/\/univet.hu\/en\/education\/courses\/botany1\/"},"modified":"2024-09-03T15:28:29","modified_gmt":"2024-09-03T13:28:29","slug":"botany1","status":"publish","type":"page","link":"https:\/\/univet.hu\/en\/education\/courses\/botany1\/","title":{"rendered":"Botany1"},"content":{"rendered":"<h3><span style=\"color: #339966; font-size: 14pt;\"><strong>Specialization:\u00a0zoologist<\/strong><\/span><\/h3> <p><strong><em>Subject leader (e-mail):<\/em>\u00a0Dr. Cserhalmi D\u00e1niel (<a class=\"decrypt\" rel=\"Dtfsibmnj\/EbojfmAvojwfu\/iv\" href=\"javascript:void(0);\">[Click to see email]<\/a>)<\/strong><\/p> <p><strong><em>Participating teachers:<\/em>\u00a0Dr. P\u00e9li Evelin, Dr. H\u00e1zi Judit, Dr. Kutszegi Gergely J\u00f3zsef<\/strong><\/p> <p>The main goal of the course is to provide the fundamentals of botanical disciplines for zoologist students. The course starts with an introduction to plant anatomy covering the essence of cytology and histology and emphasizing plant morphology to help understand plant taxonomy. In the second part of the semester the course introduces the essence of plant physiology, followed by a short introduction of taxonomy, including the most important fungal and lichen species, followed by algae, bryophytes, ferns and gymnosperms.<\/p> <p><strong>Literature<\/strong><\/p> <p><strong>Mandatory:\u00a0Lecture notes,\u00a0Lecture slides<\/strong><\/p> <p><strong>Recommended:\u00a0<\/strong><\/p> <p>James D. Mauseth: Botany &#8211; an introduction top lant biology, Jones &amp; Bartlett Learning; 4th edition, 2008<\/p> <p>Julius Sachs: A text-book of botany, Cambridge University Press, 2012<\/p> <p>Peter H. Raven: Biology of plants,, W.H. Freeman, 2013<\/p>","protected":false},"excerpt":{"rendered":"<p>Specialization:\u00a0zoologist Subject leader (e-mail):\u00a0Dr. Cserhalmi D\u00e1niel ([Click to see email]) Participating teachers:\u00a0Dr. P\u00e9li Evelin, Dr. H\u00e1zi Judit, Dr. Kutszegi Gergely J\u00f3zsef The main goal of the course is to provide the fundamentals of botanical disciplines for zoologist students. The course starts with an introduction to plant anatomy covering the essence of cytology and histology and<\/p>\n","protected":false},"author":3837,"featured_media":0,"parent":676,"menu_order":0,"comment_status":"open","ping_status":"open","template":"","meta":{"_acf_changed":false,"footnotes":""},"categories":[],"tags":[],"class_list":["post-102665","page","type-page","status-publish","hentry"],"acf":[],"_links":{"self":[{"href":"https:\/\/univet.hu\/en\/wp-json\/wp\/v2\/pages\/102665","targetHints":{"allow":["GET"]}}],"collection":[{"href":"https:\/\/univet.hu\/en\/wp-json\/wp\/v2\/pages"}],"about":[{"href":"https:\/\/univet.hu\/en\/wp-json\/wp\/v2\/types\/page"}],"author":[{"embeddable":true,"href":"https:\/\/univet.hu\/en\/wp-json\/wp\/v2\/users\/3837"}],"replies":[{"embeddable":true,"href":"https:\/\/univet.hu\/en\/wp-json\/wp\/v2\/comments?post=102665"}],"version-history":[{"count":0,"href":"https:\/\/univet.hu\/en\/wp-json\/wp\/v2\/pages\/102665\/revisions"}],"up":[{"embeddable":true,"href":"https:\/\/univet.hu\/en\/wp-json\/wp\/v2\/pages\/676"}],"wp:attachment":[{"href":"https:\/\/univet.hu\/en\/wp-json\/wp\/v2\/media?parent=102665"}],"wp:term":[{"taxonomy":"category","embeddable":true,"href":"https:\/\/univet.hu\/en\/wp-json\/wp\/v2\/categories?post=102665"},{"taxonomy":"post_tag","embeddable":true,"href":"https:\/\/univet.hu\/en\/wp-json\/wp\/v2\/tags?post=102665"}],"curies":[{"name":"wp","href":"https:\/\/api.w.org\/{rel}","templated":true}]}}