{"id":10279,"date":"1970-01-01T00:00:00","date_gmt":"1969-12-31T23:00:00","guid":{"rendered":"http:\/\/univet.hu\/education\/courses\/veterinary-companion-animal-clinical-oncology-diagnostics-and-therapy\/"},"modified":"2024-05-08T12:29:40","modified_gmt":"2024-05-08T10:29:40","slug":"veterinary-companion-animal-clinical-oncology-diagnostics-and-therapy","status":"publish","type":"page","link":"https:\/\/univet.hu\/en\/education\/courses\/veterinary-companion-animal-clinical-oncology-diagnostics-and-therapy\/","title":{"rendered":"Clinical oncology"},"content":{"rendered":"<table width=\"621\"> <tbody> <tr> <td width=\"168\"><strong>Name of the course:<\/strong><\/td> <td width=\"454\"><strong>\u00a0Clinical oncology<br \/> <\/strong><\/td> <\/tr> <tr> <td width=\"168\"><strong>Specialization:<\/strong><\/td> <td width=\"454\"><strong>Veterinary<\/strong><\/td> <\/tr> <tr> <td width=\"168\"><strong>Term of the subject:<\/strong><\/td> <td width=\"454\"><strong>Elective: 8<sup>th<\/sup> semester<\/strong><\/td> <\/tr> <tr> <td width=\"168\"> <p><strong>Number of lectures\/semester <\/strong><\/p> <p><strong>practicals\/semester<\/strong><\/td> <td width=\"454\"> <p><strong>18 hours of lectures<\/strong><\/p> <p><strong>16 hours of\u00a0 practicals<br \/> <\/strong><\/td> <\/tr> <tr> <td width=\"168\"><strong>Credit:<\/strong><\/td> <td width=\"454\"><strong>2<\/strong><\/td> <\/tr> <tr> <td width=\"168\"><strong>Prerequisites:<\/strong><\/td> <td width=\"454\"><strong>Veterinary Pathophysiology, Laboratory diagnostics, Clinical diagnostics<\/strong><\/td> <\/tr> <tr> <td width=\"168\"><strong>Place of lectures\/ semesters, practicals<\/strong><\/td> <td width=\"454\"> <p><strong>See detailed schedule for actual year<\/strong><\/p> <p><strong>Preliminary: <\/strong>Marek lecture hall bldg O, internal medicine practical room<\/p> <p><strong>Field practice: Veterinary Haematology and Oncology Center (1148 Budapest, Bolg\u00e1rkert\u00e9sz u. 31.)<\/strong><\/td> <\/tr> <\/tbody> <\/table> <p>&nbsp;<\/p> <table width=\"635\"> <tbody> <tr> <td width=\"247\"><strong>Name of Department:<\/strong><\/td> <td width=\"388\"><strong>Department of Clinical Pathology and Oncology<\/strong><\/td> <\/tr> <tr> <td width=\"247\"><strong>Responsible teacher (email):<\/strong><\/td> <td width=\"388\"><strong>Dr. P\u00e9ter Vajdovich (<a class=\"decrypt\" rel=\"wbkepwjdi\/qfufsAvojwfu\/iv\" href=\"javascript:void(0);\">[Click to see email]<\/a>)<\/strong><\/td> <\/tr> <tr> <td width=\"247\"><strong>Teacher(s) take part in teaching:<\/strong><\/td> <td width=\"388\"> <p><strong>Department of Clinical Pathology and Oncology: <\/strong>dr. Mil\u00e1n Miskolczi, dr. M\u00e1rton M\u00e1rialigeti, dr. Anna Berta, dr. P\u00e9ter Vajdovich<\/p> <p><strong>Guest lecturers<\/strong>: dr. Judit Benczik, dr. Val\u00e9ria D\u00e9kay, dr. P\u00e9ter Paz\u00e1r<\/p> <p><strong>\u00a0<\/strong><\/td> <\/tr> <tr> <td width=\"247\"><strong>Aim of subject:<\/strong><\/td> <td width=\"388\"><strong>To provide overview about the most important neoplastic diseases of dogs and cats, including the imaging techniques, laboratory testing and therapeutic options. To emphasize the interdisciplinary character of oncology. To provide case studies and field practice.<\/strong><\/td> <\/tr> <\/tbody> <\/table> <p>&nbsp;<\/p>","protected":false},"excerpt":{"rendered":"<p>Name of the course: \u00a0Clinical oncology Specialization: Veterinary Term of the subject: Elective: 8th semester Number of lectures\/semester practicals\/semester 18 hours of lectures 16 hours of\u00a0 practicals Credit: 2 Prerequisites: Veterinary Pathophysiology, Laboratory diagnostics, Clinical diagnostics Place of lectures\/ semesters, practicals See detailed schedule for actual year Preliminary: Marek lecture hall bldg O, internal medicine<\/p>\n","protected":false},"author":3837,"featured_media":0,"parent":676,"menu_order":165,"comment_status":"closed","ping_status":"closed","template":"","meta":{"_acf_changed":false,"footnotes":""},"categories":[],"tags":[],"class_list":["post-10279","page","type-page","status-publish","hentry"],"acf":[],"_links":{"self":[{"href":"https:\/\/univet.hu\/en\/wp-json\/wp\/v2\/pages\/10279","targetHints":{"allow":["GET"]}}],"collection":[{"href":"https:\/\/univet.hu\/en\/wp-json\/wp\/v2\/pages"}],"about":[{"href":"https:\/\/univet.hu\/en\/wp-json\/wp\/v2\/types\/page"}],"author":[{"embeddable":true,"href":"https:\/\/univet.hu\/en\/wp-json\/wp\/v2\/users\/3837"}],"replies":[{"embeddable":true,"href":"https:\/\/univet.hu\/en\/wp-json\/wp\/v2\/comments?post=10279"}],"version-history":[{"count":1,"href":"https:\/\/univet.hu\/en\/wp-json\/wp\/v2\/pages\/10279\/revisions"}],"predecessor-version":[{"id":174632,"href":"https:\/\/univet.hu\/en\/wp-json\/wp\/v2\/pages\/10279\/revisions\/174632"}],"up":[{"embeddable":true,"href":"https:\/\/univet.hu\/en\/wp-json\/wp\/v2\/pages\/676"}],"wp:attachment":[{"href":"https:\/\/univet.hu\/en\/wp-json\/wp\/v2\/media?parent=10279"}],"wp:term":[{"taxonomy":"category","embeddable":true,"href":"https:\/\/univet.hu\/en\/wp-json\/wp\/v2\/categories?post=10279"},{"taxonomy":"post_tag","embeddable":true,"href":"https:\/\/univet.hu\/en\/wp-json\/wp\/v2\/tags?post=10279"}],"curies":[{"name":"wp","href":"https:\/\/api.w.org\/{rel}","templated":true}]}}