{"id":10281,"date":"1970-01-01T00:00:00","date_gmt":"1969-12-31T23:00:00","guid":{"rendered":"http:\/\/univet.hu\/education\/courses\/veterinary-genetics\/"},"modified":"2020-09-15T07:33:42","modified_gmt":"2020-09-15T05:33:42","slug":"veterinary-genetics","status":"publish","type":"page","link":"https:\/\/univet.hu\/en\/education\/courses\/veterinary-genetics\/","title":{"rendered":"Veterinary Genetics"},"content":{"rendered":"<p>&nbsp;<\/p> <p>DEPARTMENT FOR ANIMAL BREEDING,<br \/> NUTRITION AND LABORATORY ANIMAL SCIENCE<br \/> Teaching starts on the first week of semester. Altogether three absences from the practical are allowed, but the re-take of them is compulsory. The presence is controlled on every occasion. On the course of a re-take student have to account for the knowledge of the missed practical by the lecturer who kept the practical\/lab before exam period.<\/p> <p>COURSE CONTENT: This subject, putting a special emphasis on Mendelian, immuno-, clinical (hereditary diseases), population and molecular genetics, furthermore biotechnology and preservation of genetic resources. The methods of breeding value evaluation, selection, breeding improvement, and breeding systems are also synthesized, using the classical and up to date scientific knowledge of Mendelian, population and molecular genetics.<\/p> <p>Person responsible for subject: Assoc. Prof. Dr. habil. Andr\u00e1s G\u00c1SP\u00c1RDY, PhD<\/p> <p>LECTURERS:<\/p> <p>Z.L.: Prof. L\u00e1szl\u00f3 Z\u00d6LD\u00c1G, PhD, DSc professor emeritus<\/p> <p>G.A.: Assoc. Prof. Dr. habil. Andr\u00e1s G\u00c1SP\u00c1RDY, PhD assoc. prof.<\/p> <p>M.\u00c1. Dr\u00a0 \u00c1kos MAR\u00d3TI\u00a0 AG\u00d3TS PhD assoc prof.<\/p> <p>Z.P. Petra ZENKE, PhD research fellow\u00a0 &#8211; Tutor for English course;<\/p> <p>&nbsp;<\/p>","protected":false},"excerpt":{"rendered":"<p>&nbsp; DEPARTMENT FOR ANIMAL BREEDING, NUTRITION AND LABORATORY ANIMAL SCIENCE Teaching starts on the first week of semester. Altogether three absences from the practical are allowed, but the re-take of them is compulsory. The presence is controlled on every occasion. On the course of a re-take student have to account for the knowledge of the<\/p>\n","protected":false},"author":3837,"featured_media":0,"parent":676,"menu_order":165,"comment_status":"closed","ping_status":"closed","template":"","meta":{"_acf_changed":false,"footnotes":""},"categories":[],"tags":[],"class_list":["post-10281","page","type-page","status-publish","hentry"],"acf":[],"_links":{"self":[{"href":"https:\/\/univet.hu\/en\/wp-json\/wp\/v2\/pages\/10281","targetHints":{"allow":["GET"]}}],"collection":[{"href":"https:\/\/univet.hu\/en\/wp-json\/wp\/v2\/pages"}],"about":[{"href":"https:\/\/univet.hu\/en\/wp-json\/wp\/v2\/types\/page"}],"author":[{"embeddable":true,"href":"https:\/\/univet.hu\/en\/wp-json\/wp\/v2\/users\/3837"}],"replies":[{"embeddable":true,"href":"https:\/\/univet.hu\/en\/wp-json\/wp\/v2\/comments?post=10281"}],"version-history":[{"count":1,"href":"https:\/\/univet.hu\/en\/wp-json\/wp\/v2\/pages\/10281\/revisions"}],"predecessor-version":[{"id":174634,"href":"https:\/\/univet.hu\/en\/wp-json\/wp\/v2\/pages\/10281\/revisions\/174634"}],"up":[{"embeddable":true,"href":"https:\/\/univet.hu\/en\/wp-json\/wp\/v2\/pages\/676"}],"wp:attachment":[{"href":"https:\/\/univet.hu\/en\/wp-json\/wp\/v2\/media?parent=10281"}],"wp:term":[{"taxonomy":"category","embeddable":true,"href":"https:\/\/univet.hu\/en\/wp-json\/wp\/v2\/categories?post=10281"},{"taxonomy":"post_tag","embeddable":true,"href":"https:\/\/univet.hu\/en\/wp-json\/wp\/v2\/tags?post=10281"}],"curies":[{"name":"wp","href":"https:\/\/api.w.org\/{rel}","templated":true}]}}