{"id":10282,"date":"1970-01-01T00:00:00","date_gmt":"1969-12-31T23:00:00","guid":{"rendered":"http:\/\/univet.hu\/education\/courses\/veterinary-immunology\/"},"modified":"2021-01-12T13:40:49","modified_gmt":"2021-01-12T12:40:49","slug":"veterinary-immunology","status":"publish","type":"page","link":"https:\/\/univet.hu\/en\/education\/courses\/veterinary-immunology\/","title":{"rendered":"Veterinary Immunology"},"content":{"rendered":"<p>Course description<\/p> <p>The subject of veterinary immunology summarizes basic immunology and important veterinary aspects.<\/p> <p>Lectures discuss the innate and adaptive immune system in mammals and other animals in detail after a general introduction.<\/p> <p>Students can learn during practical lessons about immune prophylaxis, autoimmune diseases and various deficiencies or malfunctions of the immune system, which are essential in veterinary practice.<\/p> <p>&nbsp;<\/p> <p>The laboratory practices introduce the commonly used, mainly <em>in vitro<\/em> diagnostic procedures and the evaluation of the obtained results.<\/p> <p>&nbsp;<\/p> <p>Language: English<\/p> <p>Year: 3rd<\/p> <p>Term (semester): 6th<\/p> <p>Lectures: 30<\/p> <p>Practical lessons: 16<\/p> <p>Practices: 12<\/p> <p>Structure of the subject: immunology lectures, immunology practicals<\/p> <p>Credits: 4<\/p> <p>Examination: oral or written exam at the end of the semester<\/p> <p>Teaching staff: M\u00e1rta L\u0151rincz, \u00c9va Sz\u00fccs-Somly\u00f3, Anna Valk\u00f3, Guly\u00e1s Dominik<\/p> <p>Please use the <span style=\"color: #ff0000\"><strong><a class=\"decrypt\" rel=\"JnnvopmphzAvojwfu\/iv\" href=\"javascript:void(0);\">[Click to see email]<\/a><\/strong><\/span> e-mail addres to contact with us!<\/p> <p>Recommended literature:<\/p> <p>\u2013 Valk\u00f3 A. and L\u0151rincz M.: Illustrated Book of Immunology. A\/3 Nyomdaipari \u00e9s Kiad\u00f3i Szolg\u00e1ltat\u00f3 Kft, 2020.<\/p> <p>\u2013 Ian Tizzard: Veterinary Immunology: An introduction. 10th Edition, Elsevier, 2018.<\/p> <p>\u2013 Janeway Jr., Travers C. A., P., Walport M., and Shlomchik M. J.: Immunobiology: the immune system in health and disease. Garland Publishing, 2001.<\/p> <p>&nbsp;<\/p> <p>&nbsp;<\/p>","protected":false},"excerpt":{"rendered":"<p>Course description The subject of veterinary immunology summarizes basic immunology and important veterinary aspects. Lectures discuss the innate and adaptive immune system in mammals and other animals in detail after a general introduction. Students can learn during practical lessons about immune prophylaxis, autoimmune diseases and various deficiencies or malfunctions of the immune system, which are<\/p>\n","protected":false},"author":3837,"featured_media":0,"parent":676,"menu_order":165,"comment_status":"closed","ping_status":"closed","template":"","meta":{"_acf_changed":false,"footnotes":""},"categories":[],"tags":[],"class_list":["post-10282","page","type-page","status-publish","hentry"],"acf":[],"_links":{"self":[{"href":"https:\/\/univet.hu\/en\/wp-json\/wp\/v2\/pages\/10282","targetHints":{"allow":["GET"]}}],"collection":[{"href":"https:\/\/univet.hu\/en\/wp-json\/wp\/v2\/pages"}],"about":[{"href":"https:\/\/univet.hu\/en\/wp-json\/wp\/v2\/types\/page"}],"author":[{"embeddable":true,"href":"https:\/\/univet.hu\/en\/wp-json\/wp\/v2\/users\/3837"}],"replies":[{"embeddable":true,"href":"https:\/\/univet.hu\/en\/wp-json\/wp\/v2\/comments?post=10282"}],"version-history":[{"count":1,"href":"https:\/\/univet.hu\/en\/wp-json\/wp\/v2\/pages\/10282\/revisions"}],"predecessor-version":[{"id":174635,"href":"https:\/\/univet.hu\/en\/wp-json\/wp\/v2\/pages\/10282\/revisions\/174635"}],"up":[{"embeddable":true,"href":"https:\/\/univet.hu\/en\/wp-json\/wp\/v2\/pages\/676"}],"wp:attachment":[{"href":"https:\/\/univet.hu\/en\/wp-json\/wp\/v2\/media?parent=10282"}],"wp:term":[{"taxonomy":"category","embeddable":true,"href":"https:\/\/univet.hu\/en\/wp-json\/wp\/v2\/categories?post=10282"},{"taxonomy":"post_tag","embeddable":true,"href":"https:\/\/univet.hu\/en\/wp-json\/wp\/v2\/tags?post=10282"}],"curies":[{"name":"wp","href":"https:\/\/api.w.org\/{rel}","templated":true}]}}