{"id":103818,"date":"2024-09-26T19:14:37","date_gmt":"2024-09-26T17:14:37","guid":{"rendered":"https:\/\/univet.hu\/?page_id=103818"},"modified":"2026-03-06T08:33:30","modified_gmt":"2026-03-06T07:33:30","slug":"whistleblowing","status":"publish","type":"page","link":"https:\/\/univet.hu\/en\/whistleblowing\/","title":{"rendered":"Whistleblowing"},"content":{"rendered":"<p><strong>Students&#8217; and employees&#8217; grievances: Dr. Varga Krist\u00f3f Attila, lawyer<\/strong><\/p> <p>Contact: 1078 Budapest, Istv\u00e1n street 2., Building H, 2nd floor, office 202,<\/p> <p>email: <a class=\"decrypt\" rel=\"dpnqmbjouAvojwfu\/iv\" href=\"javascript:void(0);\">[Click to see email]<\/a>,<\/p> <p>phone: +36 30 202 8021<\/p> <p>Panaszkezel\u00e9si munkat\u00e1rsak:<\/p> <p>&nbsp;<\/p> <p>Appointment:<\/p> <p><a href=\"https:\/\/univet.hu\/wp-content\/uploads\/2024\/09\/img-912123322-0001.pdf\">Appointing documents<\/a><\/p>","protected":false},"excerpt":{"rendered":"<p>Students&#8217; and employees&#8217; grievances: Dr. Varga Krist\u00f3f Attila, lawyer Contact: 1078 Budapest, Istv\u00e1n street 2., Building H, 2nd floor, office 202, email: [Click to see email], phone: +36 30 202 8021 Panaszkezel\u00e9si munkat\u00e1rsak: &nbsp; Appointment: Appointing documents<\/p>\n","protected":false},"author":4844,"featured_media":0,"parent":0,"menu_order":0,"comment_status":"closed","ping_status":"closed","template":"","meta":{"_acf_changed":false,"footnotes":""},"categories":[],"tags":[],"class_list":["post-103818","page","type-page","status-publish","hentry"],"acf":[],"_links":{"self":[{"href":"https:\/\/univet.hu\/en\/wp-json\/wp\/v2\/pages\/103818","targetHints":{"allow":["GET"]}}],"collection":[{"href":"https:\/\/univet.hu\/en\/wp-json\/wp\/v2\/pages"}],"about":[{"href":"https:\/\/univet.hu\/en\/wp-json\/wp\/v2\/types\/page"}],"author":[{"embeddable":true,"href":"https:\/\/univet.hu\/en\/wp-json\/wp\/v2\/users\/4844"}],"replies":[{"embeddable":true,"href":"https:\/\/univet.hu\/en\/wp-json\/wp\/v2\/comments?post=103818"}],"version-history":[{"count":2,"href":"https:\/\/univet.hu\/en\/wp-json\/wp\/v2\/pages\/103818\/revisions"}],"predecessor-version":[{"id":202405,"href":"https:\/\/univet.hu\/en\/wp-json\/wp\/v2\/pages\/103818\/revisions\/202405"}],"wp:attachment":[{"href":"https:\/\/univet.hu\/en\/wp-json\/wp\/v2\/media?parent=103818"}],"wp:term":[{"taxonomy":"category","embeddable":true,"href":"https:\/\/univet.hu\/en\/wp-json\/wp\/v2\/categories?post=103818"},{"taxonomy":"post_tag","embeddable":true,"href":"https:\/\/univet.hu\/en\/wp-json\/wp\/v2\/tags?post=103818"}],"curies":[{"name":"wp","href":"https:\/\/api.w.org\/{rel}","templated":true}]}}