{"id":104134,"date":"2022-12-07T16:40:52","date_gmt":"2022-12-07T15:40:52","guid":{"rendered":"https:\/\/univet.hu\/about\/staff\/balogh-emese-2\/"},"modified":"2026-02-10T04:25:37","modified_gmt":"2026-02-10T03:25:37","slug":"balogh-emese-2","status":"publish","type":"page","link":"https:\/\/univet.hu\/en\/about\/staff\/balogh-emese-2\/","title":{"rendered":"Emese Balogh"},"content":{"rendered":"<p><strong>Introduction:<\/strong><\/p> <p><span class=\"HwtZe\" lang=\"en\"><span class=\"jCAhz ChMk0b\"><span class=\"ryNqvb\">I am Emese Balogh, a PhD student at the Department of Zoology.<\/span><\/span> <span class=\"jCAhz ChMk0b\"><span class=\"ryNqvb\">I graduated from the University of Veterinary Medicine as a biologist in 2022.<\/span><\/span> <span class=\"jCAhz ChMk0b\"><span class=\"ryNqvb\">I completed my undergraduate studies at the Faculty of Horticultural Engineering of Szent Istv\u00e1n University, where my main research area was the study of the molecular system that determines self-sterility in the Rosaceae family. <\/span><\/span><span class=\"jCAhz ChMk0b\"><span class=\"ryNqvb\">In 2020, I joined the <span data-olk-copy-source=\"MessageBody\">Evolutionary Ecology Department of the Centre for Agricultural Research <\/span>as a master student.<\/span><\/span> <span class=\"jCAhz ChMk0b\"><span class=\"ryNqvb\">Since then, I have mainly been investigating the molecular mechanisms of sex reversal in amphibians.<\/span><\/span><\/span><\/p> <p>&nbsp;<\/p> <p><strong>Main research fields:<\/strong><\/p> <ul> <li>Molecular ecology<\/li> <li>Evolution biology<\/li> <li>Evolution of sex determination systems<\/li> <li>Conservation genetics<\/li> <\/ul> <p>&nbsp;<\/p> <p><strong>Proceeds:<\/strong><\/p> <p>2023 \u2013 Biologist at Department of Zoology at University of Veternary Medicine Budapest<\/p> <p>2022 \u2013 PhD Student at Department of Zoology at University of Veternary Medicine Budapest<\/p> <p>2020-2022\u00a0\u2013 Biologist MSc, University of Veternary Medicine Budapest<\/p> <p><span style=\"font-size: 12pt\">2016-2019<\/span> \u2013 Szent Istv\u00e1n University, <span class=\"HwtZe\" lang=\"en\"><span class=\"jCAhz ChMk0b\"><span class=\"ryNqvb\">horticultural engineer<\/span><\/span><\/span><\/p> <p>&nbsp;<\/p> <p><strong>Publication list: <\/strong><\/p> <p data-olk-copy-source=\"MessageBody\"><strong>Balogh, E.<\/strong>, H\u00f3cza, S., Ujhegyi, N., K\u00e1sler, A., Holly, D., Herczeg, D., \u2026 &amp; Mik\u00f3, Z. (2025). Effects of pyrethroid insecticides on sex ratios in agile frogs (Rana dalmatina). <i>Aquatic Toxicology<\/i>, 107624.<\/p> <p data-olk-copy-source=\"MessageBody\">B\u00f3kony, V., <strong>Balogh, E.<\/strong>, Mik\u00f3, Z., K\u00e1sler, A., \u00d6rk\u00e9nyi, Z., &amp; Ujhegyi, N. (2025). Higher Sex\u2010Reversal Rate of Urban Frogs in a Common\u2010Garden Experiment Suggests Adaptive Microevolution. <i>Evolutionary Applications<\/i>, <i>18<\/i>(4), e70093.<\/p> <p data-olk-copy-source=\"MessageBody\">Ujszegi J., Ujhegyi N., <strong>Balogh E.<\/strong>, Mik\u00f3 Z., K\u00e1sler A., Hettyey A., B\u00f3kony V. 2024. No sex-dependent mortality in an amphibian upon infection with the chytrid fungus, Batrachochytrium dendrobatidis. <b>Ecology and Evolution <\/b>14: e70219.<\/p> <p data-olk-copy-source=\"MessageBody\">B\u00f3kony V., <strong>Balogh E.<\/strong>, Ujszegi J., Ujhegyi N., Szederk\u00e9nyi M., Hettyey A. 2024. Tadpoles develop elevated heat tolerance in urban heat islands regardless of sex. Evolutionary Biology\u00a051: 209-216.<\/p> <p data-olk-copy-source=\"MessageBody\">Nemesh\u00e1zi E., Sramk\u00f3 G., Laczk\u00f3 L., <strong>Balogh E<\/strong>., Szatm\u00e1ri L., Vili N,, Ujhegyi N., \u00dcveges B., B\u00f3kony V. 2022. Novel genetic sex markers reveal unexpected lack of, and similar susceptibility to, sex reversal in free-living common toads in both natural and anthropogenic habitats. Molecular Ecology 31: 2032-2043.<\/p> <p data-olk-copy-source=\"MessageBody\">Hal\u00e1sz J., <strong>Balogh E<\/strong>., Makovics-Zsoh\u00e1r N. Heged\u0171s A. 2019. S-genotyping of Hungarian sour cherry cultivars. Acta Horticulturae 1231: 161-166. https:\/\/doi.org\/10.17660\/ActaHortic.2019.1231.27<\/p> <p data-olk-copy-source=\"MessageBody\"><a href=\"https:\/\/m2.mtmt.hu\/gui2\/?type=authors&amp;mode=browse&amp;sel=authors10082375\">MTMT2<\/a> | <a href=\"https:\/\/scholar.google.com\/citations?user=RQVbSO8AAAAJ&amp;hl=hu\">Google Scholar<\/a> | <a href=\"https:\/\/orcid.org\/0009-0003-9274-4591\">ORCID<\/a><\/p>","protected":false},"excerpt":{"rendered":"<p>Introduction: I am Emese Balogh, a PhD student at the Department of Zoology. I graduated from the University of Veterinary Medicine as a biologist in 2022. I completed my undergraduate studies at the Faculty of Horticultural Engineering of Szent Istv\u00e1n University, where my main research area was the study of the molecular system that determines<\/p>\n","protected":false},"author":5824,"featured_media":0,"parent":857,"menu_order":0,"comment_status":"open","ping_status":"open","template":"","meta":{"_acf_changed":false,"footnotes":""},"categories":[],"tags":[],"class_list":["post-104134","page","type-page","status-publish","hentry"],"acf":[],"_links":{"self":[{"href":"https:\/\/univet.hu\/en\/wp-json\/wp\/v2\/pages\/104134","targetHints":{"allow":["GET"]}}],"collection":[{"href":"https:\/\/univet.hu\/en\/wp-json\/wp\/v2\/pages"}],"about":[{"href":"https:\/\/univet.hu\/en\/wp-json\/wp\/v2\/types\/page"}],"author":[{"embeddable":true,"href":"https:\/\/univet.hu\/en\/wp-json\/wp\/v2\/users\/5824"}],"replies":[{"embeddable":true,"href":"https:\/\/univet.hu\/en\/wp-json\/wp\/v2\/comments?post=104134"}],"version-history":[{"count":5,"href":"https:\/\/univet.hu\/en\/wp-json\/wp\/v2\/pages\/104134\/revisions"}],"predecessor-version":[{"id":197641,"href":"https:\/\/univet.hu\/en\/wp-json\/wp\/v2\/pages\/104134\/revisions\/197641"}],"up":[{"embeddable":true,"href":"https:\/\/univet.hu\/en\/wp-json\/wp\/v2\/pages\/857"}],"wp:attachment":[{"href":"https:\/\/univet.hu\/en\/wp-json\/wp\/v2\/media?parent=104134"}],"wp:term":[{"taxonomy":"category","embeddable":true,"href":"https:\/\/univet.hu\/en\/wp-json\/wp\/v2\/categories?post=104134"},{"taxonomy":"post_tag","embeddable":true,"href":"https:\/\/univet.hu\/en\/wp-json\/wp\/v2\/tags?post=104134"}],"curies":[{"name":"wp","href":"https:\/\/api.w.org\/{rel}","templated":true}]}}