{"id":104429,"date":"2024-10-10T12:11:29","date_gmt":"2024-10-10T10:11:29","guid":{"rendered":"https:\/\/univet.hu\/?page_id=104429"},"modified":"2026-02-10T04:28:41","modified_gmt":"2026-02-10T03:28:41","slug":"tisza-adam","status":"publish","type":"page","link":"https:\/\/univet.hu\/en\/about\/staff\/tisza-adam\/","title":{"rendered":"Tisza \u00c1d\u00e1m"},"content":{"rendered":"<p><strong>Introduction:<\/strong><\/p> <p>My name is \u00c1d\u00e1m Tisza, I am a PhD student at the Department of Zoology. I completed my bachelor\u2019s degree in biology at the University of Veterinary Medicine Budapest in 2022, where I studied snake-raptor interactions in Hungarian meadow viper habitats. I completed my master\u2019s in biology at E\u00f6tv\u00f6s Lor\u00e1nd University in 2024, specializing in ecology, evolution, and conservation biology. The topic of my thesis was the genetic diversity and structure of Eurasian eastern imperial eagle populations, which I prepared at the Molecular Ecology Research Group of our department. My current research also focuses on contributing to raptor conservation through the implementation of molecular methods.<\/p> <p><strong>Main research fields:<\/strong><\/p> <ul> <li>Genetic diversity and structure of eastern imperial eagle populations<\/li> <li>Dependence of eastern imperial eagle chick ratio on ecological variables<\/li> <li>Turnover rate of saker falcon parents based on chick genotypes<\/li> <\/ul> <p><strong>Progress:<\/strong><\/p> <p>2024 \u2013 PhD student at the Department of Zoology, University of Veterinary Medicine Budapest<\/p> <p>2022-2024 \u2013 Biologist MSc at E\u00f6tv\u00f6s Lor\u00e1nd Science University<\/p> <p>2019-2022 \u2013 Biologist BSc at the University of Veterinary Medicine Budapest<\/p> <p>Publication list:<\/p> <p>M\u00f3r\u00e9, A., \u00dcveges, B., Simics, J., Radovics, D., Kov\u00e1cs, G., Bancsik, B., Wenner, B., Budai, M.,\u00a0<strong>Tisza, \u00c1.<\/strong>, Vad\u00e1sz, Cs., Mizser, Sz., T\u00f3thm\u00e9r\u00e9sz, B. &amp; Mizsei, E. (2024). Predation on the Endangered Hungarian Meadow Viper in Pastures and Hayfields: Insights From Plasticine Models.\u00a0Rangeland Ecology &amp; Management,\u00a095, 68-76.<\/p> <p><strong>Tisza, \u00c1.<\/strong>, M\u00f3r\u00e9, A., Turny, Z., Bereczky, A., Szentesi, Z., Kors\u00f3s, Z., &amp; Mizsei, E. (2024). A geometric morphometric approach to identify uncomplete snake vertebrae from raptor bird feeding remains.\u00a0Food Webs,\u00a038, e00334.<\/p> <p>Mizsei, E., Budai, M., Wenner, B., R\u00e1k, G., Radovics, D., Bancsik, B., Kov\u00e1cs, G.,\u00a0<strong>Tisza, \u00c1.<\/strong>, Simics, J., Szabolcs, M., Vad\u00e1sz, Cs., M\u00f3r\u00e9, A. (2023). Before\u2010after\u2010control\u2010impact field experiment shows anti\u2010predator netting enhances occupancy of the threatened Hungarian meadow viper (Vipera ursinii rakosiensis).\u00a0Wildlife Biology, e01147.<\/p> <p>Schmid, P. L., Gr\u00fcnewald, J., Gloor, R., Francioli, Y.,\u00a0<strong>Tisza, \u00c1.<\/strong>, Mizsei, E., &amp; Mebert, K. (2023). First illustrated record of melanism in Dinnik\u2019s Viper, Vipera dinniki Nikolsky, 1913 in Georgia.\u00a0Herpetology Notes,\u00a016, 87-89.<\/p>","protected":false},"excerpt":{"rendered":"<p>Introduction: My name is \u00c1d\u00e1m Tisza, I am a PhD student at the Department of Zoology. I completed my bachelor\u2019s degree in biology at the University of Veterinary Medicine Budapest in 2022, where I studied snake-raptor interactions in Hungarian meadow viper habitats. I completed my master\u2019s in biology at E\u00f6tv\u00f6s Lor\u00e1nd University in 2024, specializing<\/p>\n","protected":false},"author":5824,"featured_media":0,"parent":857,"menu_order":37,"comment_status":"closed","ping_status":"closed","template":"","meta":{"_acf_changed":false,"footnotes":""},"categories":[],"tags":[],"class_list":["post-104429","page","type-page","status-publish","hentry"],"acf":[],"_links":{"self":[{"href":"https:\/\/univet.hu\/en\/wp-json\/wp\/v2\/pages\/104429","targetHints":{"allow":["GET"]}}],"collection":[{"href":"https:\/\/univet.hu\/en\/wp-json\/wp\/v2\/pages"}],"about":[{"href":"https:\/\/univet.hu\/en\/wp-json\/wp\/v2\/types\/page"}],"author":[{"embeddable":true,"href":"https:\/\/univet.hu\/en\/wp-json\/wp\/v2\/users\/5824"}],"replies":[{"embeddable":true,"href":"https:\/\/univet.hu\/en\/wp-json\/wp\/v2\/comments?post=104429"}],"version-history":[{"count":1,"href":"https:\/\/univet.hu\/en\/wp-json\/wp\/v2\/pages\/104429\/revisions"}],"predecessor-version":[{"id":199962,"href":"https:\/\/univet.hu\/en\/wp-json\/wp\/v2\/pages\/104429\/revisions\/199962"}],"up":[{"embeddable":true,"href":"https:\/\/univet.hu\/en\/wp-json\/wp\/v2\/pages\/857"}],"wp:attachment":[{"href":"https:\/\/univet.hu\/en\/wp-json\/wp\/v2\/media?parent=104429"}],"wp:term":[{"taxonomy":"category","embeddable":true,"href":"https:\/\/univet.hu\/en\/wp-json\/wp\/v2\/categories?post=104429"},{"taxonomy":"post_tag","embeddable":true,"href":"https:\/\/univet.hu\/en\/wp-json\/wp\/v2\/tags?post=104429"}],"curies":[{"name":"wp","href":"https:\/\/api.w.org\/{rel}","templated":true}]}}