{"id":11040,"date":"2016-02-04T16:00:00","date_gmt":"2016-02-04T15:00:00","guid":{"rendered":"http:\/\/univet.hu\/research\/topics\/comparative-examination-of-actinobacillus-pleuropneumoniae-strains\/"},"modified":"2016-02-04T16:00:00","modified_gmt":"2016-02-04T15:00:00","slug":"comparative-examination-of-actinobacillus-pleuropneumoniae-strains","status":"publish","type":"page","link":"https:\/\/univet.hu\/en\/research\/topics\/comparative-examination-of-actinobacillus-pleuropneumoniae-strains\/","title":{"rendered":"Comparative examination of Actinobacillus pleuropneumoniae strains"},"content":{"rendered":"<p>Actinobacillus pneumoniae strains are responsible for severe respiratory diseases of swine and have high economic impact. The aim of the examinations is to compare A. pleuropneumoniae strains isolated from pneumonia of swine and from carrier animals on the basis of their metabolic profile, antigen structure and genotype.<br \/>Contact persons: Rita S\u00e1rk\u00f6zi Rita, L\u00e1szl\u00f3 Fodor<\/p>","protected":false},"excerpt":{"rendered":"<p>Actinobacillus pneumoniae strains are responsible for severe respiratory diseases of swine and have high economic impact. The aim of the examinations is to compare A. pleuropneumoniae strains isolated from pneumonia of swine and from carrier animals on the basis of their metabolic profile, antigen structure and genotype.Contact persons: Rita S\u00e1rk\u00f6zi Rita, L\u00e1szl\u00f3 Fodor<\/p>\n","protected":false},"author":6022,"featured_media":0,"parent":873,"menu_order":154,"comment_status":"closed","ping_status":"closed","template":"","meta":{"_acf_changed":false,"footnotes":""},"categories":[],"tags":[],"class_list":["post-11040","page","type-page","status-publish","hentry"],"acf":[],"_links":{"self":[{"href":"https:\/\/univet.hu\/en\/wp-json\/wp\/v2\/pages\/11040","targetHints":{"allow":["GET"]}}],"collection":[{"href":"https:\/\/univet.hu\/en\/wp-json\/wp\/v2\/pages"}],"about":[{"href":"https:\/\/univet.hu\/en\/wp-json\/wp\/v2\/types\/page"}],"author":[{"embeddable":true,"href":"https:\/\/univet.hu\/en\/wp-json\/wp\/v2\/users\/6022"}],"replies":[{"embeddable":true,"href":"https:\/\/univet.hu\/en\/wp-json\/wp\/v2\/comments?post=11040"}],"version-history":[{"count":0,"href":"https:\/\/univet.hu\/en\/wp-json\/wp\/v2\/pages\/11040\/revisions"}],"up":[{"embeddable":true,"href":"https:\/\/univet.hu\/en\/wp-json\/wp\/v2\/pages\/873"}],"wp:attachment":[{"href":"https:\/\/univet.hu\/en\/wp-json\/wp\/v2\/media?parent=11040"}],"wp:term":[{"taxonomy":"category","embeddable":true,"href":"https:\/\/univet.hu\/en\/wp-json\/wp\/v2\/categories?post=11040"},{"taxonomy":"post_tag","embeddable":true,"href":"https:\/\/univet.hu\/en\/wp-json\/wp\/v2\/tags?post=11040"}],"curies":[{"name":"wp","href":"https:\/\/api.w.org\/{rel}","templated":true}]}}