{"id":11043,"date":"2016-02-04T16:00:00","date_gmt":"2016-02-04T15:00:00","guid":{"rendered":"http:\/\/univet.hu\/research\/topics\/comparative-study-on-the-kinetics-of-different-forms-of-oral-butyrate-application\/"},"modified":"2016-02-04T16:00:00","modified_gmt":"2016-02-04T15:00:00","slug":"comparative-study-on-the-kinetics-of-different-forms-of-oral-butyrate-application","status":"publish","type":"page","link":"https:\/\/univet.hu\/en\/research\/topics\/comparative-study-on-the-kinetics-of-different-forms-of-oral-butyrate-application\/","title":{"rendered":"Comparative study on the kinetics of different forms of oral butyrate application"},"content":{"rendered":"<p>The main goal of this project is to study the intestinal distribution and absorption kinetics of orally applied butyrate in broilers, administered either in a protected (encapsulated) or in a free form. Examination of various diets with different NSP <span>(non-starch polysaccharide)<\/span>\u00a0content. Cooperation with Georgikon Faculty, Pannonia University <span>(Prof. Ferenc Husv\u00e9th, Dr. L\u00e1szl\u00f3 W\u00e1gner)<\/span>.<\/p> <p>Staff: Anna Kulcs\u00e1r, Dr. G\u00e1bor M\u00e1tis, Dr. Janka Kulcs\u00e1r-Petrilla, Dr. Zsuzsanna Neogr\u00e1dy<\/p>","protected":false},"excerpt":{"rendered":"<p>The main goal of this project is to study the intestinal distribution and absorption kinetics of orally applied butyrate in broilers, administered either in a protected (encapsulated) or in a free form. Examination of various diets with different NSP (non-starch polysaccharide)\u00a0content. Cooperation with Georgikon Faculty, Pannonia University (Prof. Ferenc Husv\u00e9th, Dr. L\u00e1szl\u00f3 W\u00e1gner). Staff: Anna<\/p>\n","protected":false},"author":6022,"featured_media":0,"parent":873,"menu_order":154,"comment_status":"closed","ping_status":"closed","template":"","meta":{"_acf_changed":false,"footnotes":""},"categories":[],"tags":[],"class_list":["post-11043","page","type-page","status-publish","hentry"],"acf":[],"_links":{"self":[{"href":"https:\/\/univet.hu\/en\/wp-json\/wp\/v2\/pages\/11043","targetHints":{"allow":["GET"]}}],"collection":[{"href":"https:\/\/univet.hu\/en\/wp-json\/wp\/v2\/pages"}],"about":[{"href":"https:\/\/univet.hu\/en\/wp-json\/wp\/v2\/types\/page"}],"author":[{"embeddable":true,"href":"https:\/\/univet.hu\/en\/wp-json\/wp\/v2\/users\/6022"}],"replies":[{"embeddable":true,"href":"https:\/\/univet.hu\/en\/wp-json\/wp\/v2\/comments?post=11043"}],"version-history":[{"count":0,"href":"https:\/\/univet.hu\/en\/wp-json\/wp\/v2\/pages\/11043\/revisions"}],"up":[{"embeddable":true,"href":"https:\/\/univet.hu\/en\/wp-json\/wp\/v2\/pages\/873"}],"wp:attachment":[{"href":"https:\/\/univet.hu\/en\/wp-json\/wp\/v2\/media?parent=11043"}],"wp:term":[{"taxonomy":"category","embeddable":true,"href":"https:\/\/univet.hu\/en\/wp-json\/wp\/v2\/categories?post=11043"},{"taxonomy":"post_tag","embeddable":true,"href":"https:\/\/univet.hu\/en\/wp-json\/wp\/v2\/tags?post=11043"}],"curies":[{"name":"wp","href":"https:\/\/api.w.org\/{rel}","templated":true}]}}