{"id":11067,"date":"2016-02-04T16:00:00","date_gmt":"2016-02-04T15:00:00","guid":{"rendered":"http:\/\/univet.hu\/research\/topics\/effects-of-butyrate-on-enteral-and-hepatic-microsomal-drug-metabolizing-cytochrome-p450-cyp-enzymes-in-chicken-and-rat\/"},"modified":"2016-02-04T16:00:00","modified_gmt":"2016-02-04T15:00:00","slug":"effects-of-butyrate-on-enteral-and-hepatic-microsomal-drug-metabolizing-cytochrome-p450-cyp-enzymes-in-chicken-and-rat","status":"publish","type":"page","link":"https:\/\/univet.hu\/en\/research\/topics\/effects-of-butyrate-on-enteral-and-hepatic-microsomal-drug-metabolizing-cytochrome-p450-cyp-enzymes-in-chicken-and-rat\/","title":{"rendered":"Effects of butyrate on enteral and hepatic microsomal drug-metabolizing cytochrome P450 (CYP) enzymes in chicken and rat"},"content":{"rendered":"<p>It is of special importance to examine the effects of the epigenetically active butyrate in intestinal and hepatic microsomal drug-metabolizing CYP enzymes. Beyond the hepatic drug-metabolizing system, intestinal CYPs are also highly involved in the biotransformation of xenobiotics taken up orally. Cooperation with the Department of Pharmacology and Toxicology (Dr. Gy\u00f6rgy Csik\u00f3).<\/p> <p>Staff: Anna Kulcs\u00e1r, Dr. G\u00e1bor M\u00e1tis, Dr. Zsuzsanna Neogr\u00e1dy<\/p>","protected":false},"excerpt":{"rendered":"<p>It is of special importance to examine the effects of the epigenetically active butyrate in intestinal and hepatic microsomal drug-metabolizing CYP enzymes. Beyond the hepatic drug-metabolizing system, intestinal CYPs are also highly involved in the biotransformation of xenobiotics taken up orally. Cooperation with the Department of Pharmacology and Toxicology (Dr. Gy\u00f6rgy Csik\u00f3). Staff: Anna Kulcs\u00e1r,<\/p>\n","protected":false},"author":6022,"featured_media":0,"parent":873,"menu_order":154,"comment_status":"closed","ping_status":"closed","template":"","meta":{"_acf_changed":false,"footnotes":""},"categories":[],"tags":[],"class_list":["post-11067","page","type-page","status-publish","hentry"],"acf":[],"_links":{"self":[{"href":"https:\/\/univet.hu\/en\/wp-json\/wp\/v2\/pages\/11067","targetHints":{"allow":["GET"]}}],"collection":[{"href":"https:\/\/univet.hu\/en\/wp-json\/wp\/v2\/pages"}],"about":[{"href":"https:\/\/univet.hu\/en\/wp-json\/wp\/v2\/types\/page"}],"author":[{"embeddable":true,"href":"https:\/\/univet.hu\/en\/wp-json\/wp\/v2\/users\/6022"}],"replies":[{"embeddable":true,"href":"https:\/\/univet.hu\/en\/wp-json\/wp\/v2\/comments?post=11067"}],"version-history":[{"count":0,"href":"https:\/\/univet.hu\/en\/wp-json\/wp\/v2\/pages\/11067\/revisions"}],"up":[{"embeddable":true,"href":"https:\/\/univet.hu\/en\/wp-json\/wp\/v2\/pages\/873"}],"wp:attachment":[{"href":"https:\/\/univet.hu\/en\/wp-json\/wp\/v2\/media?parent=11067"}],"wp:term":[{"taxonomy":"category","embeddable":true,"href":"https:\/\/univet.hu\/en\/wp-json\/wp\/v2\/categories?post=11067"},{"taxonomy":"post_tag","embeddable":true,"href":"https:\/\/univet.hu\/en\/wp-json\/wp\/v2\/tags?post=11067"}],"curies":[{"name":"wp","href":"https:\/\/api.w.org\/{rel}","templated":true}]}}