{"id":11068,"date":"2016-02-04T16:00:00","date_gmt":"2016-02-04T15:00:00","guid":{"rendered":"http:\/\/univet.hu\/research\/topics\/effects-of-various-biologically-active-molecules-and-metabolites-on-hte-insulin-signaling-in-chicken\/"},"modified":"2016-02-04T16:00:00","modified_gmt":"2016-02-04T15:00:00","slug":"effects-of-various-biologically-active-molecules-and-metabolites-on-hte-insulin-signaling-in-chicken","status":"publish","type":"page","link":"https:\/\/univet.hu\/en\/research\/topics\/effects-of-various-biologically-active-molecules-and-metabolites-on-hte-insulin-signaling-in-chicken\/","title":{"rendered":"Effects of various biologically active molecules and metabolites on hte insulin signaling in chicken"},"content":{"rendered":"<p>The aim of this project is to study the effects of various biologically active molecules (e.g. butyrate) on the insulin signaling pathway in chicken.\u00a0Studying butyrate\u2019s possible influence on insulin cascade in chicken has a special importance, because this pathway in birds has some not fully elucidated differences from that in mammals. Cooperation with Prof. Korinna Huber (University of Veterinary Medicine, Hannover, Germany) and Prof. Hedvig F\u00e9bel (Research Institute for Animal Nutrition, Herceghalom, Hungary).<\/p> <p>Staff:\u00a0Dr. G\u00e1bor M\u00e1tis, Anna Kulcs\u00e1r, Dr. Zsuzsanna Neogr\u00e1dy<\/p>","protected":false},"excerpt":{"rendered":"<p>The aim of this project is to study the effects of various biologically active molecules (e.g. butyrate) on the insulin signaling pathway in chicken.\u00a0Studying butyrate\u2019s possible influence on insulin cascade in chicken has a special importance, because this pathway in birds has some not fully elucidated differences from that in mammals. Cooperation with Prof. Korinna<\/p>\n","protected":false},"author":6022,"featured_media":0,"parent":873,"menu_order":154,"comment_status":"closed","ping_status":"closed","template":"","meta":{"_acf_changed":false,"footnotes":""},"categories":[],"tags":[],"class_list":["post-11068","page","type-page","status-publish","hentry"],"acf":[],"_links":{"self":[{"href":"https:\/\/univet.hu\/en\/wp-json\/wp\/v2\/pages\/11068","targetHints":{"allow":["GET"]}}],"collection":[{"href":"https:\/\/univet.hu\/en\/wp-json\/wp\/v2\/pages"}],"about":[{"href":"https:\/\/univet.hu\/en\/wp-json\/wp\/v2\/types\/page"}],"author":[{"embeddable":true,"href":"https:\/\/univet.hu\/en\/wp-json\/wp\/v2\/users\/6022"}],"replies":[{"embeddable":true,"href":"https:\/\/univet.hu\/en\/wp-json\/wp\/v2\/comments?post=11068"}],"version-history":[{"count":0,"href":"https:\/\/univet.hu\/en\/wp-json\/wp\/v2\/pages\/11068\/revisions"}],"up":[{"embeddable":true,"href":"https:\/\/univet.hu\/en\/wp-json\/wp\/v2\/pages\/873"}],"wp:attachment":[{"href":"https:\/\/univet.hu\/en\/wp-json\/wp\/v2\/media?parent=11068"}],"wp:term":[{"taxonomy":"category","embeddable":true,"href":"https:\/\/univet.hu\/en\/wp-json\/wp\/v2\/categories?post=11068"},{"taxonomy":"post_tag","embeddable":true,"href":"https:\/\/univet.hu\/en\/wp-json\/wp\/v2\/tags?post=11068"}],"curies":[{"name":"wp","href":"https:\/\/api.w.org\/{rel}","templated":true}]}}