{"id":11073,"date":"2016-02-04T16:00:00","date_gmt":"2016-02-04T15:00:00","guid":{"rendered":"http:\/\/univet.hu\/research\/topics\/evolution-of-porcine-circovirus\/"},"modified":"2016-02-04T16:00:00","modified_gmt":"2016-02-04T15:00:00","slug":"evolution-of-porcine-circovirus","status":"publish","type":"page","link":"https:\/\/univet.hu\/en\/research\/topics\/evolution-of-porcine-circovirus\/","title":{"rendered":"Evolution of porcine circovirus"},"content":{"rendered":"<p>There are still many unresolved questions concerning the evolution of porcine circoviruses. The object of this research is to study porcine circovirus evolution, with an emphasis on the exploration of natural host species and the determination of a possible common ancestor.<br \/>Contacts: dr. M\u00e1rta L\u0151rincz, dr. Attila Cs\u00e1gola, dr. Tam\u00e1s Tuboly<\/p>","protected":false},"excerpt":{"rendered":"<p>There are still many unresolved questions concerning the evolution of porcine circoviruses. The object of this research is to study porcine circovirus evolution, with an emphasis on the exploration of natural host species and the determination of a possible common ancestor.Contacts: dr. M\u00e1rta L\u0151rincz, dr. Attila Cs\u00e1gola, dr. Tam\u00e1s Tuboly<\/p>\n","protected":false},"author":6022,"featured_media":0,"parent":873,"menu_order":154,"comment_status":"closed","ping_status":"closed","template":"","meta":{"_acf_changed":false,"footnotes":""},"categories":[],"tags":[],"class_list":["post-11073","page","type-page","status-publish","hentry"],"acf":[],"_links":{"self":[{"href":"https:\/\/univet.hu\/en\/wp-json\/wp\/v2\/pages\/11073","targetHints":{"allow":["GET"]}}],"collection":[{"href":"https:\/\/univet.hu\/en\/wp-json\/wp\/v2\/pages"}],"about":[{"href":"https:\/\/univet.hu\/en\/wp-json\/wp\/v2\/types\/page"}],"author":[{"embeddable":true,"href":"https:\/\/univet.hu\/en\/wp-json\/wp\/v2\/users\/6022"}],"replies":[{"embeddable":true,"href":"https:\/\/univet.hu\/en\/wp-json\/wp\/v2\/comments?post=11073"}],"version-history":[{"count":0,"href":"https:\/\/univet.hu\/en\/wp-json\/wp\/v2\/pages\/11073\/revisions"}],"up":[{"embeddable":true,"href":"https:\/\/univet.hu\/en\/wp-json\/wp\/v2\/pages\/873"}],"wp:attachment":[{"href":"https:\/\/univet.hu\/en\/wp-json\/wp\/v2\/media?parent=11073"}],"wp:term":[{"taxonomy":"category","embeddable":true,"href":"https:\/\/univet.hu\/en\/wp-json\/wp\/v2\/categories?post=11073"},{"taxonomy":"post_tag","embeddable":true,"href":"https:\/\/univet.hu\/en\/wp-json\/wp\/v2\/tags?post=11073"}],"curies":[{"name":"wp","href":"https:\/\/api.w.org\/{rel}","templated":true}]}}