{"id":11101,"date":"2016-02-04T16:00:00","date_gmt":"2016-02-04T15:00:00","guid":{"rendered":"http:\/\/univet.hu\/research\/topics\/preparation-of-primary-cultures-of-hepatocytes-from-different-species-pig-chicken-rat-establishing-novel-in-vitro-models\/"},"modified":"2016-02-04T16:00:00","modified_gmt":"2016-02-04T15:00:00","slug":"preparation-of-primary-cultures-of-hepatocytes-from-different-species-pig-chicken-rat-establishing-novel-in-vitro-models","status":"publish","type":"page","link":"https:\/\/univet.hu\/en\/research\/topics\/preparation-of-primary-cultures-of-hepatocytes-from-different-species-pig-chicken-rat-establishing-novel-in-vitro-models\/","title":{"rendered":"Preparation of primary cultures of hepatocytes from different species (pig, chicken, rat): establishing novel in vitro models"},"content":{"rendered":"<p>Preparation of primary hepatocyte cultures from pig, chicken and rat. Characterization of the cultures by immunohistochemistry and ELISA, determination of the ratio of Kupffer cells. Establishment of novel in vitro models for inflammatory and metabolic studies: preparation of co-cultures comprised of hepatocytes and Kupffer cells, improvement of gut-liver co-culture models. Cooperation with the\u00a0<span>Micromol GmbH-val (Karlsruhe, Germany), Dr. Wolfgang Rudy and Dagmara Schulte.<\/span><\/p> <p>Staff:\u00a0Dr. G\u00e1bor M\u00e1tis, Dr. Zsuzsanna Neogr\u00e1dy<\/p>","protected":false},"excerpt":{"rendered":"<p>Preparation of primary hepatocyte cultures from pig, chicken and rat. Characterization of the cultures by immunohistochemistry and ELISA, determination of the ratio of Kupffer cells. Establishment of novel in vitro models for inflammatory and metabolic studies: preparation of co-cultures comprised of hepatocytes and Kupffer cells, improvement of gut-liver co-culture models. Cooperation with the\u00a0Micromol GmbH-val (Karlsruhe,<\/p>\n","protected":false},"author":6022,"featured_media":0,"parent":873,"menu_order":154,"comment_status":"closed","ping_status":"closed","template":"","meta":{"_acf_changed":false,"footnotes":""},"categories":[],"tags":[],"class_list":["post-11101","page","type-page","status-publish","hentry"],"acf":[],"_links":{"self":[{"href":"https:\/\/univet.hu\/en\/wp-json\/wp\/v2\/pages\/11101","targetHints":{"allow":["GET"]}}],"collection":[{"href":"https:\/\/univet.hu\/en\/wp-json\/wp\/v2\/pages"}],"about":[{"href":"https:\/\/univet.hu\/en\/wp-json\/wp\/v2\/types\/page"}],"author":[{"embeddable":true,"href":"https:\/\/univet.hu\/en\/wp-json\/wp\/v2\/users\/6022"}],"replies":[{"embeddable":true,"href":"https:\/\/univet.hu\/en\/wp-json\/wp\/v2\/comments?post=11101"}],"version-history":[{"count":0,"href":"https:\/\/univet.hu\/en\/wp-json\/wp\/v2\/pages\/11101\/revisions"}],"up":[{"embeddable":true,"href":"https:\/\/univet.hu\/en\/wp-json\/wp\/v2\/pages\/873"}],"wp:attachment":[{"href":"https:\/\/univet.hu\/en\/wp-json\/wp\/v2\/media?parent=11101"}],"wp:term":[{"taxonomy":"category","embeddable":true,"href":"https:\/\/univet.hu\/en\/wp-json\/wp\/v2\/categories?post=11101"},{"taxonomy":"post_tag","embeddable":true,"href":"https:\/\/univet.hu\/en\/wp-json\/wp\/v2\/tags?post=11101"}],"curies":[{"name":"wp","href":"https:\/\/api.w.org\/{rel}","templated":true}]}}