{"id":12188,"date":"2018-04-12T15:54:00","date_gmt":"2018-04-12T13:54:00","guid":{"rendered":"http:\/\/univet.hu\/arculati-eloirasok\/"},"modified":"2018-04-12T15:54:00","modified_gmt":"2018-04-12T13:54:00","slug":"arculati-eloirasok","status":"publish","type":"page","link":"https:\/\/univet.hu\/en\/arculati-eloirasok\/","title":{"rendered":"Arculati el\u0151\u00edr\u00e1sok"},"content":{"rendered":"<p><a href=\"\/files\/subpages\/448\/files\/UNIVET%20arculat%20171201(1).pdf\"><img decoding=\"async\" style=\"border-style: solid; border-width: 1px; float: left; height: 263px; margin: 25px; width: 400px;\" src=\"https:\/\/univet.hu\/files\/subpages\/448\/images\/Arculat1%281%29.png\" data-replaced=\"true\" alt=\"\" \/><\/a><br \/> <strong><a href=\"\/files\/subpages\/448\/files\/UNIVET%20arculat%20171201(1).pdf\" target=\"_blank\" rel=\"noopener\">Arculati k\u00e9zik\u00f6nyv<\/a><\/strong><\/p> <p><strong>Let\u00f6lthet\u0151 form\u00e1tumok:<\/strong><\/p> <ul> <li><a href=\"https:\/\/univet.hu\/intranet\/dokumentumok\/arculati-eloirasok\/logok\" target=\"_blank\" rel=\"noopener\">Log\u00f3verzi\u00f3k<\/a>\u00a0(sz\u00ednes, inverz, t\u00f6bbf\u00e9le f\u00e1jlform\u00e1tumban)<a href=\"\/files\/subpages\/448\/files\/UNIVET%20logo%202017%20cmyk.jpg\">\u200b<\/a><\/li> <li><a href=\"https:\/\/univet.hu\/intranet\/dokumentumok\/arculati-eloirasok\/illusztraciok\" target=\"_blank\" rel=\"noopener\">Illusztr\u00e1ci\u00f3k <\/a>(kopony\u00e1k, testr\u00e9szek, stb.)<\/li> <li><a href=\"https:\/\/univet.hu\/intranet\/dokumentumok\/arculati-eloirasok\/levelpapirok\" target=\"_blank\" rel=\"noopener\">Lev\u00e9lpap\u00edrok <\/a>(magyar, angol, n\u00e9met)<\/li> <li><a href=\"https:\/\/univet.hu\/intranet\/dokumentumok\/arculati-eloirasok\/prezentacios-sablonok\" target=\"_blank\" rel=\"noopener\">Prezent\u00e1ci\u00f3s sablonok<\/a> (ppt, magyar, angol \u00e9s n\u00e9met)<\/li> <li><a href=\"https:\/\/univet.hu\/intranet\/dokumentumok\/arculati-eloirasok\/nevjegykartya\" target=\"_blank\" rel=\"noopener\">N\u00e9vjegyk\u00e1rtya<\/a><\/li> <li><a href=\"https:\/\/univet.hu\/intranet\/dokumentumok\/arculati-eloirasok\/poszterek\" target=\"_blank\" rel=\"noopener\">Poszter sablon <\/a>(magyar, angol, n\u00e9met)<\/li> <li><a href=\"https:\/\/univet.hu\/intranet\/dokumentumok\/arculati-eloirasok\/megallito-tabla\">Meg\u00e1ll\u00edt\u00f3 t\u00e1bla<\/a> (magyar, angol, n\u00e9met)<\/li> <\/ul>","protected":false},"excerpt":{"rendered":"<p>Arculati k\u00e9zik\u00f6nyv Let\u00f6lthet\u0151 form\u00e1tumok: Log\u00f3verzi\u00f3k\u00a0(sz\u00ednes, inverz, t\u00f6bbf\u00e9le f\u00e1jlform\u00e1tumban)\u200b Illusztr\u00e1ci\u00f3k (kopony\u00e1k, testr\u00e9szek, stb.) Lev\u00e9lpap\u00edrok (magyar, angol, n\u00e9met) Prezent\u00e1ci\u00f3s sablonok (ppt, magyar, angol \u00e9s n\u00e9met) N\u00e9vjegyk\u00e1rtya Poszter sablon (magyar, angol, n\u00e9met) Meg\u00e1ll\u00edt\u00f3 t\u00e1bla (magyar, angol, n\u00e9met)<\/p>\n","protected":false},"author":1,"featured_media":0,"parent":0,"menu_order":172,"comment_status":"closed","ping_status":"closed","template":"page-templates\/page-column-grid.php","meta":{"_acf_changed":false,"footnotes":""},"categories":[],"tags":[],"class_list":["post-12188","page","type-page","status-publish","hentry"],"acf":[],"_links":{"self":[{"href":"https:\/\/univet.hu\/en\/wp-json\/wp\/v2\/pages\/12188","targetHints":{"allow":["GET"]}}],"collection":[{"href":"https:\/\/univet.hu\/en\/wp-json\/wp\/v2\/pages"}],"about":[{"href":"https:\/\/univet.hu\/en\/wp-json\/wp\/v2\/types\/page"}],"author":[{"embeddable":true,"href":"https:\/\/univet.hu\/en\/wp-json\/wp\/v2\/users\/1"}],"replies":[{"embeddable":true,"href":"https:\/\/univet.hu\/en\/wp-json\/wp\/v2\/comments?post=12188"}],"version-history":[{"count":0,"href":"https:\/\/univet.hu\/en\/wp-json\/wp\/v2\/pages\/12188\/revisions"}],"wp:attachment":[{"href":"https:\/\/univet.hu\/en\/wp-json\/wp\/v2\/media?parent=12188"}],"wp:term":[{"taxonomy":"category","embeddable":true,"href":"https:\/\/univet.hu\/en\/wp-json\/wp\/v2\/categories?post=12188"},{"taxonomy":"post_tag","embeddable":true,"href":"https:\/\/univet.hu\/en\/wp-json\/wp\/v2\/tags?post=12188"}],"curies":[{"name":"wp","href":"https:\/\/api.w.org\/{rel}","templated":true}]}}