{"id":13449,"date":"1970-01-01T01:00:00","date_gmt":"1970-01-01T00:00:00","guid":{"rendered":"http:\/\/univet.hu\/egyetem\/szervezeti-egysegek\/elelmiszerhigieniai-tanszek\/konzultacios-orak\/"},"modified":"2025-02-04T13:18:53","modified_gmt":"2025-02-04T12:18:53","slug":"consultation-hours","status":"publish","type":"page","link":"https:\/\/univet.hu\/en\/about\/units\/institute-of-food-chain-science-ifcs\/departments\/department-of-food-hygiene\/consultation-hours\/","title":{"rendered":"Consultation hours"},"content":{"rendered":"<p style=\"text-align: center\"><strong>DEPARTMENT OF FOOD HYGIENE<\/strong><\/p> <p style=\"text-align: center\"><strong>Consultation hours<\/strong><\/p> <p style=\"text-align: center\"><strong>2024\/2025 Semester 10.<\/strong><\/p> <table class=\"aligncenter\" width=\"652\"> <tbody> <tr> <td rowspan=\"2\" width=\"25\"><strong>\u00a0<\/strong><\/td> <td width=\"234\"> <p><strong>Mikl\u00f3s S\u00fcth DVM, PhD<\/strong><\/p> <p>Head of Institute, Head of \u00a0Department, Associate Professor<\/td> <td width=\"207\"> <p><a class=\"decrypt\" rel=\"tvui\/njlmptAvojwfu\/iv\" href=\"javascript:void(0);\">[Click to see email]<\/a><\/p> <p>&nbsp;<\/td> <td width=\"106\">Wednesday<\/td> <td width=\"80\">11<sup>15<\/sup>-12<sup>00<\/sup><\/td> <\/tr> <tr> <td width=\"234\"> <p><strong>J\u00f3zsef Lehel DVM, PhD<\/strong><\/p> <p>Associate Professor<\/td> <td width=\"207\"><a class=\"decrypt\" rel=\"mfifm\/kp{tfgAvojwfu\/iv\" href=\"javascript:void(0);\">[Click to see email]<\/a><\/td> <td width=\"106\">Tuesday<\/td> <td width=\"80\">11<sup>15<\/sup>-12<sup>00<\/sup><\/td> <\/tr> <tr> <td width=\"25\"><strong>\u00a0<\/strong><\/td> <td width=\"234\"> <p><strong>Tibor Kocsner<\/strong><\/p> <p>master instructor<\/td> <td width=\"207\"><a class=\"decrypt\" rel=\"lpdtofs\/ujcpsAvojwfu\/iv\" href=\"javascript:void(0);\">[Click to see email]<\/a><\/td> <td width=\"106\">Tuesday<\/td> <td width=\"80\">10<sup>00<\/sup>-11<sup>00<\/sup><\/td> <\/tr> <tr> <td width=\"25\"><strong>\u00a0<\/strong><\/td> <td width=\"234\"> <p><strong>\u00c1kos J\u00f3zwiak DVM, PhD<\/strong><\/p> <p>Head of Department<\/td> <td width=\"207\"><a class=\"decrypt\" rel=\"kp{xjbl\/blptAvojwfu\/iv\" href=\"javascript:void(0);\">[Click to see email]<\/a><\/td> <td width=\"106\">Tuesday<\/td> <td width=\"80\">9<sup>15<\/sup>-10<sup>00<\/sup><\/td> <\/tr> <tr> <td width=\"25\"><strong>\u00a0<\/strong><\/td> <td width=\"234\"> <p><strong>Gyula KaszaPhD<\/strong><\/p> <p>associate professor<\/td> <td width=\"207\"><a class=\"decrypt\" rel=\"lbt{b\/hzvmbAvojwfu\/iv\" href=\"javascript:void(0);\">[Click to see email]<\/a><\/td> <td width=\"106\">Thursday<\/td> <td width=\"80\">10<sup>15<\/sup>-11<sup>00<\/sup><\/td> <\/tr> <tr> <td width=\"25\"><strong>\u00a0<\/strong><\/td> <td width=\"234\"> <p><strong>Andr\u00e1s Bitts\u00e1nszky<\/strong><\/p> <p>Senior Lecturer<\/td> <td width=\"207\"><a class=\"decrypt\" rel=\"cjuutbot{lz\/boesbtAvojwfu\/iv\" href=\"javascript:void(0);\">[Click to see email]<\/a><\/td> <td width=\"106\">Friday<\/td> <td width=\"80\">9<sup>00<\/sup>-10<sup>00<\/sup><\/td> <\/tr> <tr> <td width=\"25\"><strong>\u00a0<\/strong><\/td> <td width=\"234\"> <p><strong>L\u00e1szl\u00f3 B\u00faza DVM<\/strong><\/p> <p>Senior Lecturer<\/td> <td width=\"207\"><a class=\"decrypt\" rel=\"cv{b\/mbt{mpAvojwfu\/iv\" href=\"javascript:void(0);\">[Click to see email]<\/a><\/td> <td width=\"106\">Thursday<\/td> <td width=\"80\">15<sup>15<\/sup>-16<sup>00<\/sup><\/td> <\/tr> <tr> <td width=\"25\"><strong>\u00a0<\/strong><\/td> <td width=\"234\"> <p><strong>L\u00edvia Darnay PhD<\/strong><\/p> <p>Senior Lecturer<\/td> <td width=\"207\"><a class=\"decrypt\" rel=\"ebsobz\/mjwjbAvojwfu\/iv\" href=\"javascript:void(0);\">[Click to see email]<\/a><\/td> <td width=\"106\">Tuesday<\/td> <td width=\"80\">14<sup>15<\/sup>-15<sup>00<\/sup><\/td> <\/tr> <tr> <td width=\"25\"><strong>\u00a0<\/strong><\/td> <td width=\"234\"> <p><strong>Tekla Engelhardt PhD<\/strong><\/p> <p>Research Fellow<\/td> <td width=\"207\"><a class=\"decrypt\" rel=\"fohfmibseu\/uflmbAvojwfu\/iv\" href=\"javascript:void(0);\">[Click to see email]<\/a><\/td> <td width=\"106\">Tuesday<\/td> <td width=\"80\">9<sup>00<\/sup>-10<sup>00<\/sup><\/td> <\/tr> <tr> <td width=\"25\"><strong>\u00a0<\/strong><\/td> <td width=\"234\"> <p><strong>M\u00e1t\u00e9 Farkas DVM<\/strong><\/p> <p>PhD-student<\/td> <td width=\"207\"><a class=\"decrypt\" rel=\"gbslbt\/nbufAvojwfu\/iv\" href=\"javascript:void(0);\">[Click to see email]<\/a><\/td> <td width=\"106\">Wednesday<\/td> <td width=\"80\">10<sup>15<\/sup>-11<sup>00<\/sup><\/td> <\/tr> <tr> <td width=\"25\"><strong>\u00a0<\/strong><\/td> <td width=\"234\"> <p><strong>Kunszab\u00f3 Atilla<\/strong><\/p> <p>Junior Research Fellow<\/td> <td width=\"207\"><a class=\"decrypt\" rel=\"lvot{bcp\/bujmmbAvojwfu\/iv\" href=\"javascript:void(0);\">[Click to see email]<\/a><\/td> <td width=\"106\">Thursday<\/td> <td width=\"80\">10<sup>15<\/sup>-11<sup>00<\/sup><\/td> <\/tr> <tr> <td width=\"25\"><strong>\u00a0<\/strong><\/td> <td width=\"234\"> <p><strong>Katalin L\u00e1nyi PhD<\/strong><\/p> <p>Senior Research Fellow<\/td> <td width=\"207\"><a class=\"decrypt\" rel=\"mbozj\/lbubmjoAvojwfu\/iv\" href=\"javascript:void(0);\">[Click to see email]<\/a><\/td> <td width=\"106\">Wednesday<\/td> <td width=\"80\">11<sup>15<\/sup>-12<sup>00<\/sup><\/td> <\/tr> <tr> <td width=\"25\"><strong>\u00a0<\/strong><\/td> <td width=\"234\"> <p><strong>D\u00e1vid Szakos PhD<\/strong><\/p> <p>Research Fellow<\/td> <td width=\"207\"><a class=\"decrypt\" rel=\"t{blpt\/ebwjeAvojwfu\/iv\" href=\"javascript:void(0);\">[Click to see email]<\/a><\/td> <td width=\"106\">Thursday<\/td> <td width=\"80\">11<sup>15<\/sup>-12<sup>00<\/sup><\/td> <\/tr> <tr> <td width=\"25\"><strong>\u00a0<\/strong><\/td> <td width=\"234\"> <p><strong>Andr\u00e1s J\u00f3zsef T\u00f3th PhD<\/strong><\/p> <p>Senior Lecturer<\/td> <td width=\"207\"><a class=\"decrypt\" rel=\"upui\/boesbt\/kp{tfgAvojwfu\/iv\" href=\"javascript:void(0);\">[Click to see email]<\/a><\/td> <td width=\"106\">Tuesday<\/td> <td width=\"80\"> <p style=\"text-align: center\">15<sup>10<\/sup>-15<sup>45<\/sup><\/p> <\/td> <\/tr> <\/tbody> <\/table> <p style=\"text-align: center\"> <p>&nbsp;<\/p>","protected":false},"excerpt":{"rendered":"<p>DEPARTMENT OF FOOD HYGIENE Consultation hours 2024\/2025 Semester 10. \u00a0 Mikl\u00f3s S\u00fcth DVM, PhD Head of Institute, Head of \u00a0Department, Associate Professor [Click to see email] &nbsp; Wednesday 1115-1200 J\u00f3zsef Lehel DVM, PhD Associate Professor [Click to see email] Tuesday 1115-1200 \u00a0 Tibor Kocsner master instructor [Click to see email] Tuesday 1000-1100 \u00a0 \u00c1kos J\u00f3zwiak<\/p>\n","protected":false},"author":3837,"featured_media":0,"parent":3320,"menu_order":0,"comment_status":"closed","ping_status":"closed","template":"","meta":{"_acf_changed":false,"footnotes":""},"categories":[],"tags":[],"class_list":["post-13449","page","type-page","status-publish","hentry"],"acf":[],"_links":{"self":[{"href":"https:\/\/univet.hu\/en\/wp-json\/wp\/v2\/pages\/13449","targetHints":{"allow":["GET"]}}],"collection":[{"href":"https:\/\/univet.hu\/en\/wp-json\/wp\/v2\/pages"}],"about":[{"href":"https:\/\/univet.hu\/en\/wp-json\/wp\/v2\/types\/page"}],"author":[{"embeddable":true,"href":"https:\/\/univet.hu\/en\/wp-json\/wp\/v2\/users\/3837"}],"replies":[{"embeddable":true,"href":"https:\/\/univet.hu\/en\/wp-json\/wp\/v2\/comments?post=13449"}],"version-history":[{"count":2,"href":"https:\/\/univet.hu\/en\/wp-json\/wp\/v2\/pages\/13449\/revisions"}],"predecessor-version":[{"id":175206,"href":"https:\/\/univet.hu\/en\/wp-json\/wp\/v2\/pages\/13449\/revisions\/175206"}],"up":[{"embeddable":true,"href":"https:\/\/univet.hu\/en\/wp-json\/wp\/v2\/pages\/3320"}],"wp:attachment":[{"href":"https:\/\/univet.hu\/en\/wp-json\/wp\/v2\/media?parent=13449"}],"wp:term":[{"taxonomy":"category","embeddable":true,"href":"https:\/\/univet.hu\/en\/wp-json\/wp\/v2\/categories?post=13449"},{"taxonomy":"post_tag","embeddable":true,"href":"https:\/\/univet.hu\/en\/wp-json\/wp\/v2\/tags?post=13449"}],"curies":[{"name":"wp","href":"https:\/\/api.w.org\/{rel}","templated":true}]}}