{"id":13450,"date":"1970-01-01T01:00:00","date_gmt":"1970-01-01T00:00:00","guid":{"rendered":"http:\/\/univet.hu\/egyetem\/szervezeti-egysegek\/elelmiszerhigieniai-tanszek\/szakdolgozat\/"},"modified":"2026-05-04T09:54:27","modified_gmt":"2026-05-04T07:54:27","slug":"thesis","status":"publish","type":"page","link":"https:\/\/univet.hu\/en\/about\/units\/institute-of-food-chain-science-ifcs\/departments\/department-of-food-hygiene\/thesis\/","title":{"rendered":"Thesis &#8211; Scientific Student Circle"},"content":{"rendered":"<p>&nbsp;<\/p> <p>New topics are expected to be announced in autumn of 2026.<\/p> <pre id=\"tw-target-text\" class=\"tw-data-text tw-text-large tw-ta\" dir=\"ltr\" role=\"text\" data-placeholder=\"Ford\u00edt\u00e1s\" data-ved=\"2ahUKEwjV77yYhZWUAxX70wIHHZbdNPYQ3ewLegQIDBAV\" aria-label=\"Leford\u00edtott sz\u00f6veg: New topics are expected to be announced in the fall of 2026.\"><\/pre> <p style=\"text-align: center\"><span style=\"font-size: 18pt\"><strong>Current Thesis<\/strong><\/span><\/p> <table style=\"width: 98.5841%;height: 1310px\" width=\"718\"> <tbody> <tr style=\"height: 104px\"> <td style=\"width: 19.4986%;text-align: center;height: 104px\" width=\"149\"><span style=\"font-size: 14pt\"><strong>Supervisor<\/strong><\/span><\/td> <td style=\"width: 30.3621%;text-align: center;height: 104px\" width=\"207\"> <p><span style=\"font-size: 14pt\"><strong>Contact<\/strong><\/span><\/p> <p><span style=\"font-size: 14pt\"><strong>(e-mail)<\/strong><\/span><\/td> <td style=\"width: 30.2228%;text-align: center;height: 104px\" width=\"241\"><span style=\"font-size: 14pt\"><strong>Title of topic<\/strong><\/span><\/td> <td style=\"width: 107.799%;text-align: center;height: 104px\" width=\"122\"><span style=\"font-size: 14pt\"><strong>Status (Free\/Reserved)<\/strong><\/span><\/td> <\/tr> <tr style=\"height: 78px\"> <td style=\"width: 19.4986%;height: 78px\" width=\"149\"> <p><strong>Bitts\u00e1nszky Andr\u00e1s<\/strong><\/p> <p><strong>T\u00f3th Andr\u00e1s<\/strong><\/td> <td style=\"width: 30.3621%;height: 78px\" width=\"207\"><a class=\"decrypt\" rel=\"cjuutbot{lz\/boesbtAvojwfu\/iv\" href=\"javascript:void(0);\">[Click to see email]<\/a><\/td> <td style=\"width: 30.2228%;text-align: justify;height: 78px\" width=\"241\"><strong>Analysis of food safety risks and consumption habits related to heat-treated foods among students aged 10\u201318 years<\/strong><\/td> <td style=\"width: 107.799%;text-align: center;height: 78px\" width=\"122\"><strong>Reserved<\/strong><\/td> <\/tr> <tr style=\"height: 53px\"> <td style=\"width: 19.4986%;height: 53px\" width=\"149\"> <p><strong>Bitts\u00e1nszky Andr\u00e1s<\/strong><\/p> <p><strong>S\u00fcth Mikl\u00f3s<\/strong><\/td> <td style=\"width: 30.3621%;height: 53px\" width=\"207\"><a class=\"decrypt\" rel=\"cjuutbot{lz\/boesbtAvojwfu\/iv\" href=\"javascript:void(0);\">[Click to see email]<\/a><\/td> <td style=\"width: 30.2228%;text-align: justify;height: 53px\" width=\"241\"><strong>Survey and analysis of <em>E. coli<\/em> contamination in food transport containers used in public catering<\/strong><\/td> <td style=\"width: 107.799%;text-align: center;height: 53px\" width=\"122\"><strong>Reserved<\/strong><\/td> <\/tr> <tr style=\"height: 106px\"> <td style=\"width: 19.4986%;height: 106px\" width=\"149\"> <p><strong>Bitts\u00e1nszky Andr\u00e1s<\/strong><\/p> <p><strong>T\u00f3th Andr\u00e1s<\/strong><\/td> <td style=\"width: 30.3621%;height: 106px\" width=\"207\"> <p><a class=\"decrypt\" rel=\"cjuutbot{lz\/boesbtAvojwfu\/iv\" href=\"javascript:void(0);\">[Click to see email]<\/a><\/p> <p>&nbsp;<\/td> <td style=\"width: 30.2228%;text-align: justify;height: 106px\" width=\"241\"><strong>The role of small-scale producer and farmers\u2019 market regulations in preventing food safety risks at farmers\u2019 markets: a Central European comparative analysis<\/strong><\/td> <td style=\"width: 107.799%;text-align: center;height: 106px\" width=\"122\"><strong>Reserved<\/strong><\/td> <\/tr> <tr style=\"height: 104px\"> <td style=\"width: 19.4986%;height: 104px\" width=\"151\"><strong>M\u00e1t\u00e9 Farkas<\/strong><\/td> <td style=\"width: 30.3621%;height: 104px\" width=\"113\"><a class=\"decrypt\" rel=\"gbslbt\/nbufAvojwfu\/iv\" href=\"javascript:void(0);\">[Click to see email]<\/a><\/td> <td style=\"width: 30.2228%;height: 104px\" width=\"189\"> <p style=\"text-align: justify\"><strong>Behavioral responses of cattle to Uncrewed Aerial Vehicle (UAV) presence: Stress, adaptation, and practical implications<\/strong><\/p> <\/td> <td style=\"width: 107.799%;height: 104px\" width=\"151\"> <p style=\"text-align: center\"><strong>Reserved<\/strong><\/p> <\/td> <\/tr> <tr style=\"height: 96px\"> <td style=\"width: 19.4986%;height: 96px\" width=\"149\"><strong>J\u00f3zsef Lehel<\/strong><\/td> <td style=\"width: 30.3621%;height: 96px\" width=\"207\"><a class=\"decrypt\" rel=\"mfifm\/kp{tfgAvojwfu\/iv\" href=\"javascript:void(0);\">[Click to see email]<\/a><\/td> <td style=\"width: 30.2228%;text-align: justify;height: 96px\" width=\"241\"><strong>Food safety evaluation of potentially toxic metals in salmon species<\/strong><\/td> <td style=\"width: 107.799%;text-align: center;height: 96px\" width=\"122\"> <p><strong>Reserved<\/strong><\/p> <p><strong>\/Elise Ramberg\/<\/strong><\/td> <\/tr> <tr style=\"height: 96px\"> <td style=\"width: 19.4986%;height: 96px\" width=\"149\"><strong>J\u00f3zsef Lehel<\/strong><\/td> <td style=\"width: 30.3621%;height: 96px\" width=\"207\"><a class=\"decrypt\" rel=\"mfifm\/kp{tfgAvojwfu\/iv\" href=\"javascript:void(0);\">[Click to see email]<\/a><\/td> <td style=\"width: 30.2228%;text-align: justify;height: 96px\" width=\"241\"><strong>Potentially toxic chemicals in seafood &#8211; food safety hazard to consumers<\/strong><\/td> <td style=\"width: 107.799%;text-align: center;height: 96px\" width=\"122\"> <p><strong>Reserved<\/strong><\/p> <p><strong>\/Katie Nixon\/<\/strong><\/td> <\/tr> <tr style=\"height: 96px\"> <td style=\"width: 19.4986%;height: 96px\" width=\"149\"> <p><strong>T\u00f3th Andr\u00e1s<\/strong><\/p> <p><strong>Bitts\u00e1nszky Andr\u00e1s<\/strong><\/td> <td style=\"width: 30.3621%;height: 96px\" width=\"207\"><a class=\"decrypt\" rel=\"upui\/boesbt\/kp{tfgAvojwfu\/iv\" href=\"javascript:void(0);\">[Click to see email]<\/a><\/td> <td style=\"width: 30.2228%;text-align: justify;height: 96px\" width=\"241\"><strong>Food safety risks in public catering: analysis of surface microbiological testing results<\/strong><\/td> <td style=\"width: 107.799%;text-align: center;height: 96px\" width=\"122\"><strong>Reserved<\/strong><\/td> <\/tr> <tr style=\"height: 96px\"> <td style=\"width: 19.4986%;height: 96px\" width=\"149\"> <p><strong>T\u00f3th Andr\u00e1s<\/strong><\/p> <p><strong>S\u00fcth Mikl\u00f3s<\/strong><\/td> <td style=\"width: 30.3621%;height: 96px\" width=\"207\"> <p><a class=\"decrypt\" rel=\"upui\/boesbt\/kp{tfgAvojwfu\/iv\" href=\"javascript:void(0);\">[Click to see email]<\/a><\/p> <p>&nbsp;<\/td> <td style=\"width: 30.2228%;text-align: justify;height: 96px\" width=\"241\"><strong>The role of plant proteins as meat substitutes in the sustainability of public catering<\/strong><\/td> <td style=\"width: 107.799%;text-align: center;height: 96px\" width=\"122\"><strong>Reserved<\/strong><\/td> <\/tr> <tr style=\"height: 136px\"> <td style=\"width: 19.4986%;height: 136px\" width=\"149\"> <p><strong>T\u00f3th Andr\u00e1s<\/strong><\/p> <p><strong>Bitts\u00e1nszky Andr\u00e1s<\/strong><\/p> <p>&nbsp;<\/td> <td style=\"width: 30.3621%;height: 136px\" width=\"207\"> <p><a class=\"decrypt\" rel=\"upui\/boesbt\/kp{tfgAvojwfu\/iv\" href=\"javascript:void(0);\">[Click to see email]<\/a><\/p> <p>&nbsp;<\/td> <td style=\"width: 30.2228%;text-align: justify;height: 136px\" width=\"241\"><strong>Potential applications of artificial intelligence in food safety assessment systems: comparing the information content of checklist-based and free-text evaluations<\/strong><\/td> <td style=\"width: 107.799%;text-align: center;height: 136px\" width=\"122\"><strong>Reserved<\/strong><\/td> <\/tr> <tr style=\"height: 136px\"> <td style=\"width: 19.4986%;height: 136px\" width=\"149\"> <p><strong>T\u00f3th Andr\u00e1s<\/strong><\/p> <p><strong>Bitts\u00e1nszky Andr\u00e1s<\/strong><\/p> <p>&nbsp;<\/td> <td style=\"width: 30.3621%;height: 136px\" width=\"207\"> <p><a class=\"decrypt\" rel=\"upui\/boesbt\/kp{tfgAvojwfu\/iv\" href=\"javascript:void(0);\">[Click to see email]<\/a><\/p> <p>&nbsp;<\/td> <td style=\"width: 30.2228%;text-align: justify;height: 136px\" width=\"241\"><strong>Food safety assessment of the hot-holding chain of ready-to-eat meals served in public catering: associations between temperature compliance, microbiological risk, and charitable food rescue potential<\/strong><\/td> <td style=\"width: 107.799%;text-align: center;height: 136px\" width=\"122\"><strong>Reserved<\/strong><\/td> <\/tr> <tr style=\"height: 96px\"> <td style=\"width: 19.4986%;height: 96px\" width=\"149\"> <p><strong>T\u00f3th Andr\u00e1s<\/strong><\/p> <p><strong>Bitts\u00e1nszky Andr\u00e1s<\/strong><\/td> <td style=\"width: 30.3621%;height: 96px\" width=\"207\"><a class=\"decrypt\" rel=\"upui\/boesbt\/kp{tfgAvojwfu\/iv\" href=\"javascript:void(0);\">[Click to see email]<\/a><\/td> <td style=\"width: 30.2228%;text-align: justify;height: 96px\" width=\"241\"><strong>Sustainability of food service systems: the quantity and environmental impact of food waste generated in Hungarian child catering<\/strong><\/td> <td style=\"width: 107.799%;text-align: center;height: 96px\" width=\"122\"><strong>Reserved<\/strong><\/td> <\/tr> <tr style=\"height: 113px\"> <td style=\"width: 19.4986%;height: 113px\" width=\"149\"> <p><strong>T\u00f3th Andr\u00e1s<\/strong><\/p> <p><strong>Bitts\u00e1nszky Andr\u00e1s<\/strong><\/td> <td style=\"width: 30.3621%;height: 113px\" width=\"207\"><a class=\"decrypt\" rel=\"upui\/boesbt\/kp{tfgAvojwfu\/iv\" href=\"javascript:void(0);\">[Click to see email]<\/a><\/td> <td style=\"width: 30.2228%;text-align: justify;height: 113px\" width=\"241\"><strong>The food safety situation of institutional catering for older adults: a risk-based longitudinal analysis of food safety self-monitoring and corrective actions<\/strong><\/td> <td style=\"width: 107.799%;text-align: center;height: 113px\" width=\"122\"><strong>Free<\/strong><\/td> <\/tr> <\/tbody> <\/table> <p>&nbsp;<\/p> <p style=\"text-align: center\"><span style=\"font-size: 18pt\"><strong>Previous Thesis<\/strong><\/span><\/p> <table style=\"width: 98.1922%\"> <tbody> <tr style=\"height: 104px\"> <td style=\"text-align: center;width: 20.8466%;height: 104px\" width=\"187\"><span style=\"font-size: 14pt\"><strong>Supervisor<\/strong><\/span><\/td> <td style=\"text-align: center;width: 16.2045%;height: 104px\" width=\"172\"><span style=\"font-size: 14pt\"><strong>Contact<\/strong><\/span><\/td> <td style=\"text-align: center;width: 41.3078%;height: 104px\" width=\"343\"><span style=\"font-size: 14pt\"><strong>Title of the topic<\/strong><\/span><\/td> <td style=\"text-align: center;width: 67.4566%;height: 104px\" width=\"218\"><span style=\"font-size: 14pt\"><strong>Name of student<\/strong><\/span><\/td> <\/tr> <tr style=\"height: 24px\"> <td style=\"width: 20.8466%;text-align: left;height: 24px\" width=\"187\"><strong>J\u00f3zsef <\/strong><strong>Lehel DVM\u00a0<\/strong><\/td> <td style=\"width: 16.2045%;height: 24px;text-align: left\" width=\"172\"><a class=\"decrypt\" rel=\"mfifm\/kp{tfgAvojwfu\/iv\" href=\"javascript:void(0);\">[Click to see email]<\/a><\/td> <td style=\"width: 41.3078%;height: 24px;text-align: justify\" width=\"343\"><strong>Food safety aspects of possible chemical contamination in fish<\/strong><\/td> <td style=\"text-align: center;width: 67.4566%;height: 24px\" width=\"218\"><strong>Keisuke Machida<\/strong><\/td> <\/tr> <tr style=\"height: 96px\"> <td style=\"width: 20.8466%;text-align: left;height: 96px\" width=\"187\"> <p><strong>J\u00f3zsef <\/strong><strong style=\"font-family: inherit;font-size: inherit\">Lehel DVM<\/strong><\/p> <p><strong>Tibor <\/strong><strong style=\"font-family: inherit;font-size: inherit\">Kocsner DVM\u00a0<\/strong><\/td> <td style=\"width: 16.2045%;height: 96px;text-align: left\" width=\"172\"> <p><a class=\"decrypt\" rel=\"mfifm\/kp{tfgAvojwfu\/iv\" href=\"javascript:void(0);\">[Click to see email]<\/a><\/p> <p><strong><a class=\"decrypt\" rel=\"lpdtofs\/ujcpsAvojwfu\/iv\" href=\"javascript:void(0);\">[Click to see email]<\/a> <\/strong><\/td> <td style=\"width: 41.3078%;height: 96px;text-align: justify\" width=\"343\"><strong>Hunting of large game in Norway &#8211; Hygiene principle and regulation<\/strong><\/td> <td style=\"text-align: center;width: 67.4566%;height: 96px\" width=\"218\"><strong>Hannah Nummedal<\/strong><\/td> <\/tr> <tr style=\"height: 24px\"> <td style=\"width: 20.8466%;text-align: left;height: 24px\" width=\"187\"><strong>J\u00f3zsef <\/strong><strong>Lehel DVM<\/strong><\/td> <td style=\"width: 16.2045%;height: 24px;text-align: left\" width=\"172\"><a class=\"decrypt\" rel=\"mfifm\/kp{tfgAvojwfu\/iv\" href=\"javascript:void(0);\">[Click to see email]<\/a><\/td> <td style=\"width: 41.3078%;height: 24px;text-align: justify\" width=\"343\"><strong>Eat or not to eat: Potentially toxic elements in marine fish &#8211; food safety aspects<\/strong><\/td> <td style=\"text-align: center;width: 67.4566%;height: 24px\" width=\"218\"><strong>Mih\u00e1ly N\u00e9meth<\/strong><\/td> <\/tr> <tr style=\"height: 24px\"> <td style=\"width: 20.8466%;text-align: left;height: 24px\" width=\"187\"><strong>J\u00f3zsef <\/strong><strong>Lehel DVM<\/strong><\/td> <td style=\"width: 16.2045%;height: 24px;text-align: left\" width=\"172\"><a class=\"decrypt\" rel=\"mfifm\/kp{tfgAvojwfu\/iv\" href=\"javascript:void(0);\">[Click to see email]<\/a><\/td> <td style=\"width: 41.3078%;height: 24px;text-align: justify\" width=\"343\"><strong>Preclinical toxicology of antimetabolite drugs used in cancer therapy.<\/strong><\/td> <td style=\"text-align: center;width: 67.4566%;height: 24px\" width=\"218\"><strong>Zainab Murtuza Balaiyawala<\/strong><\/td> <\/tr> <tr style=\"height: 24px\"> <td style=\"width: 20.8466%;text-align: left;height: 24px\" width=\"187\"><strong>Katalin <\/strong><strong>L\u00e1nyi PhD\u00a0<\/strong><\/td> <td style=\"width: 16.2045%;height: 24px;text-align: left\" width=\"172\"><a class=\"decrypt\" rel=\"m\u0122ozj\/lbubmjoAvojwfu\/iv\" href=\"javascript:void(0);\">[Click to see email]<\/a><\/td> <td style=\"width: 41.3078%;height: 24px;text-align: justify\" width=\"343\"><strong>The effect of cow milk on human health<\/strong><\/td> <td style=\"text-align: center;width: 67.4566%;height: 24px\" width=\"218\"><strong>Laura Bel\u00e9n Ebster P\u00e9rez<\/strong><\/td> <\/tr> <tr style=\"height: 24px\"> <td style=\"width: 20.8466%;text-align: left;height: 24px\"><\/td> <td style=\"width: 16.2045%;height: 24px;text-align: left\"><\/td> <td style=\"width: 41.3078%;height: 24px;text-align: left\"><\/td> <td style=\"text-align: center;width: 67.4566%;height: 24px\"><\/td> <\/tr> <tr style=\"height: 24px\"> <td style=\"width: 20.8466%;text-align: left;height: 24px\"><\/td> <td style=\"width: 16.2045%;height: 24px;text-align: left\"><\/td> <td style=\"width: 41.3078%;height: 24px;text-align: left\"><\/td> <td style=\"text-align: center;width: 67.4566%;height: 24px\"><\/td> <\/tr> <\/tbody> <\/table> <p>&nbsp;<\/p>","protected":false},"excerpt":{"rendered":"<p>&nbsp; New topics are expected to be announced in autumn of 2026. Current Thesis Supervisor Contact (e-mail) Title of topic Status (Free\/Reserved) Bitts\u00e1nszky Andr\u00e1s T\u00f3th Andr\u00e1s [Click to see email] Analysis of food safety risks and consumption habits related to heat-treated foods among students aged 10\u201318 years Reserved Bitts\u00e1nszky Andr\u00e1s S\u00fcth Mikl\u00f3s [Click to see<\/p>\n","protected":false},"author":3837,"featured_media":0,"parent":3320,"menu_order":0,"comment_status":"closed","ping_status":"closed","template":"","meta":{"_acf_changed":false,"footnotes":""},"categories":[],"tags":[],"class_list":["post-13450","page","type-page","status-publish","hentry"],"acf":[],"_links":{"self":[{"href":"https:\/\/univet.hu\/en\/wp-json\/wp\/v2\/pages\/13450","targetHints":{"allow":["GET"]}}],"collection":[{"href":"https:\/\/univet.hu\/en\/wp-json\/wp\/v2\/pages"}],"about":[{"href":"https:\/\/univet.hu\/en\/wp-json\/wp\/v2\/types\/page"}],"author":[{"embeddable":true,"href":"https:\/\/univet.hu\/en\/wp-json\/wp\/v2\/users\/3837"}],"replies":[{"embeddable":true,"href":"https:\/\/univet.hu\/en\/wp-json\/wp\/v2\/comments?post=13450"}],"version-history":[{"count":5,"href":"https:\/\/univet.hu\/en\/wp-json\/wp\/v2\/pages\/13450\/revisions"}],"predecessor-version":[{"id":206606,"href":"https:\/\/univet.hu\/en\/wp-json\/wp\/v2\/pages\/13450\/revisions\/206606"}],"up":[{"embeddable":true,"href":"https:\/\/univet.hu\/en\/wp-json\/wp\/v2\/pages\/3320"}],"wp:attachment":[{"href":"https:\/\/univet.hu\/en\/wp-json\/wp\/v2\/media?parent=13450"}],"wp:term":[{"taxonomy":"category","embeddable":true,"href":"https:\/\/univet.hu\/en\/wp-json\/wp\/v2\/categories?post=13450"},{"taxonomy":"post_tag","embeddable":true,"href":"https:\/\/univet.hu\/en\/wp-json\/wp\/v2\/tags?post=13450"}],"curies":[{"name":"wp","href":"https:\/\/api.w.org\/{rel}","templated":true}]}}