{"id":13599,"date":"1970-01-01T01:00:00","date_gmt":"1970-01-01T00:00:00","guid":{"rendered":"http:\/\/univet.hu\/egyetem\/szervezeti-egysegek\/jarvanytani-es-mikrobiologiai-tanszek\/kutatocsoportok\/bakteriologia\/"},"modified":"2020-11-24T12:30:34","modified_gmt":"2020-11-24T11:30:34","slug":"bacteriology","status":"publish","type":"page","link":"https:\/\/univet.hu\/en\/about\/units\/department-of-microbiology-and-infectious-diseases\/research-groups\/bacteriology\/","title":{"rendered":"Bacteriology"},"content":{"rendered":"<p><strong>Bacteriology<\/strong><\/p> <p><strong>RESEARCH GROUP LEADER:<\/strong>\u00a0L\u00e1szl\u00f3 Fodor CSc., professor<\/p> <p><strong>CONTACT:<\/strong> [Click to see email]<\/p> <p><strong>RESEARCH GROUP MEMBERS:\u00a0<\/strong><br \/> Professor: 2<br \/> Associate professor: 1<br \/> Assistant professor: 2<br \/> Laboratory assistant: 2<br \/> PhD student: 2<\/p> <p><strong>RESEARCH AREAS:<\/strong><\/p> <p>Pathogenic bacteria in animals, Pathogenic fungi in animals, Zoonoses, Veterinary bacteriology, Infectious diseases in domestic animals, Bacteriological diagnostics, Development of diagnostic methods, Antibiotics, Vaccines and farm specific vaccines<\/p> <p><strong>\u00a0<\/strong><\/p> <p><strong>MEMBERSHIPS:<\/strong><\/p> <p>Hungarian Society for Microbiology<\/p> <p>Hungarian Society on Zoonoses<\/p> <p>&nbsp;<\/p> <p><strong>LONG-TERM COLLABORATIONS:<\/strong><\/p> <p>Centre for Agricultural Research, Institute for Veterinary Medical Research of ELRN, Hungary<\/p> <p>E\u00f6tv\u00f6s Lor\u00e1nd University, Faculty of Science, Hungary<\/p> <p>Imperial College London, Department of Medicine, Section of Paediatrics<\/p> <p>National Centre for Public Health, Hungary<\/p> <p>National Food Chain Safety Office, Veterinary Diagnostic Directorate, Hungary<\/p> <p>University of Debrecen, Institute of Medical Microbiology<\/p> <p><strong>SERVICES:<\/strong><\/p> <p>bacteriological diagnostics<\/p> <p>development and production of farm specific vaccines<\/p> <p>testing and development of vaccines and antibacterial drugs<\/p> <p>development of eradication programmes<\/p> <p>isolation of bacteria<\/p> <p>polymerase chain reaction (PCR methods)<\/p> <p>genetic characterization of strains<\/p> <p><strong>GRANTS:<\/strong><\/p> <table width=\"637\"> <tbody> <tr> <td>OTKA<\/td> <td>Comparative analysis of selected Pasteurellaceae bacterium species (2019)<\/td> <\/tr> <tr> <td>OTKA<\/td> <td>Characterisation of <em>Actinobacillus pleuropneumoniae<\/em> strains isolated in Hungary (2015)<\/td> <\/tr> <tr> <td>OTKA<\/td> <td>Examination of antibiotic susceptibility and its genetic background in Pasteurellaceae species of veterinary importance (2011)<\/td> <\/tr> <tr> <td>OTKA<\/td> <td>Comparative examination of Francisella tularensis strains isolated from different species in Hungary (2009)<\/td> <\/tr> <tr> <td>NKTH T\u00c9T<\/td> <td>Protein production of animal origin (2008)<\/td> <\/tr> <tr> <td>OTKA<\/td> <td>Comparative examination of some mammal pathogens of the Family Pasteurellaceae (2006)<\/td> <\/tr> <\/tbody> <\/table> <p><strong>CONTRACTS:<\/strong><\/p> <p>Manufacturers of pharmaceutical products (since 2008), Animal farms of agricultural companies (since 1970)<\/p> <p>&nbsp;<\/p>","protected":false},"excerpt":{"rendered":"<p>Bacteriology RESEARCH GROUP LEADER:\u00a0L\u00e1szl\u00f3 Fodor CSc., professor CONTACT: [Click to see email] RESEARCH GROUP MEMBERS:\u00a0 Professor: 2 Associate professor: 1 Assistant professor: 2 Laboratory assistant: 2 PhD student: 2 RESEARCH AREAS: Pathogenic bacteria in animals, Pathogenic fungi in animals, Zoonoses, Veterinary bacteriology, Infectious diseases in domestic animals, Bacteriological diagnostics, Development of diagnostic methods, Antibiotics, Vaccines<\/p>\n","protected":false},"author":1,"featured_media":0,"parent":13598,"menu_order":0,"comment_status":"closed","ping_status":"closed","template":"","meta":{"_acf_changed":false,"footnotes":""},"categories":[],"tags":[],"class_list":["post-13599","page","type-page","status-publish","hentry"],"acf":[],"_links":{"self":[{"href":"https:\/\/univet.hu\/en\/wp-json\/wp\/v2\/pages\/13599","targetHints":{"allow":["GET"]}}],"collection":[{"href":"https:\/\/univet.hu\/en\/wp-json\/wp\/v2\/pages"}],"about":[{"href":"https:\/\/univet.hu\/en\/wp-json\/wp\/v2\/types\/page"}],"author":[{"embeddable":true,"href":"https:\/\/univet.hu\/en\/wp-json\/wp\/v2\/users\/1"}],"replies":[{"embeddable":true,"href":"https:\/\/univet.hu\/en\/wp-json\/wp\/v2\/comments?post=13599"}],"version-history":[{"count":0,"href":"https:\/\/univet.hu\/en\/wp-json\/wp\/v2\/pages\/13599\/revisions"}],"up":[{"embeddable":true,"href":"https:\/\/univet.hu\/en\/wp-json\/wp\/v2\/pages\/13598"}],"wp:attachment":[{"href":"https:\/\/univet.hu\/en\/wp-json\/wp\/v2\/media?parent=13599"}],"wp:term":[{"taxonomy":"category","embeddable":true,"href":"https:\/\/univet.hu\/en\/wp-json\/wp\/v2\/categories?post=13599"},{"taxonomy":"post_tag","embeddable":true,"href":"https:\/\/univet.hu\/en\/wp-json\/wp\/v2\/tags?post=13599"}],"curies":[{"name":"wp","href":"https:\/\/api.w.org\/{rel}","templated":true}]}}