{"id":13654,"date":"2018-09-04T12:04:36","date_gmt":"2018-09-04T10:04:36","guid":{"rendered":"http:\/\/univet.hu\/about\/units\/department-of-clinical-pathology-and-oncology\/research\/"},"modified":"2026-03-24T09:16:27","modified_gmt":"2026-03-24T08:16:27","slug":"research","status":"publish","type":"page","link":"https:\/\/univet.hu\/en\/about\/units\/department-of-clinical-pathology-and-oncology\/research\/","title":{"rendered":"Research"},"content":{"rendered":"<p>Research topics of the Department of Clinical Pathology and Oncology<\/p> <p>&nbsp;<\/p> <p>Immunotherapy of canine tumors. Topic leader: Dr. Vajdovich P\u00e9ter Participants: Dr. Mil\u00e1n Miskolczi, Dr. M\u00e1rton M\u00e1rialigeti, Dr. Anna Berta External partner: R\u00e1kvakcina BVM Kft.<\/p> <p>Improving the treatment efficacy of dogs with mammary tumors Topic leader: Dr. P\u00e9ter Vajdovich Participants: Dr. Mil\u00e1n Miskolczi, Dr. M\u00e1rton M\u00e1rialigeti External partner: Boehringer Ingelheim<\/p> <p>Comparison of histological and cytological examination of mastocytoma. Application of the AgNOR method. Increasing the efficacy of cytological examinations Topic leader: Dr. Vajdovich P\u00e9ter Participant: Dr. Berta Anna External partner: University of Veterinary Medicine and \u00c1HOK Kft.<\/p> <p>Examination of canine mastocytoma with possible allergic background with histological and clinical examinations. Topic manager: Dr. Vajdovich P\u00e9ter Participants: Dr. Mil\u00e1n Miskolczi, Dr. M\u00e1r\u00edaligeti M\u00e1rton, Dr. Anna Berta External partner: University of Veterinary Medicine and \u00c1HOK Kft.<\/p> <p>Results of the treatment of mastocytoma in dogs with the help of a hypoallergenic diet. Topic leader: Dr. P\u00e9ter Vajdovich Participants: Dr. Mil\u00e1n Miskolczi, Dr. M\u00e1rton M\u00e1rialigeti External partner: University of Veterinary Medicine and \u00c1HOK Kft.<\/p> <p>Application of laser blood cell counter ADVIA system in the diagnosis of septic inflammation using the MPX parameter. Head of topic: Bernadett Szab\u00f3 Participant: Dr. M\u00e1r\u00edaligeti M\u00e1rton, Dr. Anna Berta External partner: \u00c1llatorvostudom\u00e1nyi University and \u00c1HOK Kft.<\/p> <p>Automation and validation of avian blood cell counting with the ADVIA 2120 machine. Head of topic: Bernadett Szab\u00f3 Participant: Dr. M\u00e1rton M\u00e1rialigeti, Dr. Anna Berta External partner: University of Veterinary Medicine and \u00c1HOK Kft.<\/p> <p>Examination of canine lymphoma from the carbohydrate metabolism point of view (&#8220;Wartburg effect&#8221;) and free radical reactions. Topic leader: Dr. Judit Jakus Participant: , Dr. P\u00e9ter Vajdovich External partner: University of Veterinary Medicine and \u00c1HOK Kft.<\/p> <p>Examination of serum amyloid A in dogs and cats. \u00a0Subject leader: Dr. M\u00e1rton M\u00e1rialigeti. Participants: Dr. P\u00e9ter Vajdovich, Bernadett Szab\u00f3 External partner: University of Veterinary Medicine and \u00c1HOK Kft.<\/p> <p>Examination of D-dimer in dogs Subject leader: Dr. M\u00e1rton M\u00e1rialigeti, Participants: Dr. P\u00e9ter Vajdovich, Bernadett Szab\u00f3 External partner: University of Veterinary Medicine and \u00c1HOK Kft.<\/p> <p>Treatment of solid tumors in dogs with electrochemotherapy. Topic leader: Dr. P\u00e9ter Vajdovich Participants: Dr. P\u00e9ter Vajdovich, dr. Mil\u00e1n Miskolczi, dr. M\u00e1rton M\u00e1rialigeti External partner: University of Veterinary Medicine and \u00c1HOK Kft<\/p> <p>Application of Sysmex CELLAVISION VET, XN-VET for hematological examination of animals Subject leader: Dr. P\u00e9ter Vajdovich. Participants: Dr. M\u00e1rton M\u00e1rialigeti, Bernadett Szab\u00f3, Zsolt P\u00e9ter, Orsolya Szab\u00f3 External partner: University of Veterinary Medicine and \u00c1HOK Kft.<\/p> <p>&nbsp;<\/p> <p><span style=\"font-size: 12pt\">Our research areas, for which we are looking for students applying for a thesis or a TDK.<br \/> Treatment of mastocytoma in dogs with electrochemotherapy<br \/> Treatment of sarcoma in dogs with electrochemotherapy<br \/> Treatment of solid tumors in dogs with microwave ablation.<br \/> Blood testing of dogs infected with Babesia spp. by flow cytometry.<br \/> Examination of mastocytoma in dogs in terms of clonality.<br \/> Examination of mastocytoma in dogs in terms of expression of Fc-epsilon receptors.<br \/> Treatment of prostate carcinoma in dogs with celecoxib and local chemotherapy.<br \/> Examination of the presence of bacteria in tumors in dogs.<br \/> Examination of stress sensitivity in cats and the effect of gabapentin on stress status.<br \/> Examination of the effect of celecoxib in the treatment of solid tumors in dogs.<br \/> Examination of the tumor-immunity modulating effect of electrochemotherapy.<br \/> Investigation of the tumor immunity-modulating effect of microwave ablation technique.<br \/> Investigation of the effect of celecoxib in the treatment of B- and T-cell lymphoma in dogs.<br \/> Investigation of the blood creatinine and SDMA concentrations measured enzymatically and by the Jaff\u00e9 method in a larger number of patient materials.<br \/> Difficulties in blood testing of birds, reptiles, amphibians and fish, and analysis of blood smears based on the examination of various healthy and diseased individuals.<\/span><\/p>","protected":false},"excerpt":{"rendered":"<p>Research topics of the Department of Clinical Pathology and Oncology &nbsp; Immunotherapy of canine tumors. Topic leader: Dr. Vajdovich P\u00e9ter Participants: Dr. Mil\u00e1n Miskolczi, Dr. M\u00e1rton M\u00e1rialigeti, Dr. Anna Berta External partner: R\u00e1kvakcina BVM Kft. Improving the treatment efficacy of dogs with mammary tumors Topic leader: Dr. P\u00e9ter Vajdovich Participants: Dr. Mil\u00e1n Miskolczi, Dr. M\u00e1rton<\/p>\n","protected":false},"author":3837,"featured_media":0,"parent":3356,"menu_order":0,"comment_status":"closed","ping_status":"closed","template":"","meta":{"_acf_changed":false,"footnotes":""},"categories":[],"tags":[],"class_list":["post-13654","page","type-page","status-publish","hentry"],"acf":[],"_links":{"self":[{"href":"https:\/\/univet.hu\/en\/wp-json\/wp\/v2\/pages\/13654","targetHints":{"allow":["GET"]}}],"collection":[{"href":"https:\/\/univet.hu\/en\/wp-json\/wp\/v2\/pages"}],"about":[{"href":"https:\/\/univet.hu\/en\/wp-json\/wp\/v2\/types\/page"}],"author":[{"embeddable":true,"href":"https:\/\/univet.hu\/en\/wp-json\/wp\/v2\/users\/3837"}],"replies":[{"embeddable":true,"href":"https:\/\/univet.hu\/en\/wp-json\/wp\/v2\/comments?post=13654"}],"version-history":[{"count":1,"href":"https:\/\/univet.hu\/en\/wp-json\/wp\/v2\/pages\/13654\/revisions"}],"predecessor-version":[{"id":203799,"href":"https:\/\/univet.hu\/en\/wp-json\/wp\/v2\/pages\/13654\/revisions\/203799"}],"up":[{"embeddable":true,"href":"https:\/\/univet.hu\/en\/wp-json\/wp\/v2\/pages\/3356"}],"wp:attachment":[{"href":"https:\/\/univet.hu\/en\/wp-json\/wp\/v2\/media?parent=13654"}],"wp:term":[{"taxonomy":"category","embeddable":true,"href":"https:\/\/univet.hu\/en\/wp-json\/wp\/v2\/categories?post=13654"},{"taxonomy":"post_tag","embeddable":true,"href":"https:\/\/univet.hu\/en\/wp-json\/wp\/v2\/tags?post=13654"}],"curies":[{"name":"wp","href":"https:\/\/api.w.org\/{rel}","templated":true}]}}