{"id":14318,"date":"1970-01-01T01:00:00","date_gmt":"1970-01-01T00:00:00","guid":{"rendered":"http:\/\/univet.hu\/egyetem\/szervezeti-egysegek\/szuleszeti-es-szaporodasbiologiai-tanszek-es-klinika\/oktatas\/oktatasi-tajekoztatok\/"},"modified":"2023-08-29T10:59:32","modified_gmt":"2023-08-29T08:59:32","slug":"teaching-guides","status":"publish","type":"page","link":"https:\/\/univet.hu\/en\/about\/units\/department-and-clinic-of-reproduction\/education\/teaching-guides\/","title":{"rendered":"Teaching informations"},"content":{"rendered":"<p><a href=\"https:\/\/univet.hu\/wp-content\/uploads\/2023\/08\/Practical-exam-2023.pdf\">Practical exam questions- small animal obstetrics 2023<\/a><\/p> <p><a href=\"https:\/\/univet.hu\/wp-content\/uploads\/2023\/02\/kovrendszer-angol-2023-tavasz.pdf\">Requirements of Reproduction and biotechnology<\/a><\/p> <p><a href=\"https:\/\/univet.hu\/wp-content\/uploads\/2021\/09\/kovrendsz-haszonallat_angol-2021osz-.pdf\">Requirements of Production Animal Medicine<\/a><\/p> <p><a href=\"https:\/\/univet.hu\/wp-content\/uploads\/2021\/09\/thesis-agreement-2021fall.pdf\">Thesis agreement<\/a><\/p> <p><a href=\"https:\/\/univet.hu\/wp-content\/uploads\/2022\/09\/ProdAn_topics_2022.pdf\">Production Animal Medicine final exam topic list<\/a><\/p> <p><a href=\"https:\/\/univet.hu\/wp-content\/uploads\/2018\/09\/11.f\u00e9l\u00e9v-sz\u00fcl\u00e9szet-protokoll-2018-EN.pdf\" target=\"_blank\" rel=\"noopener\" data-replaced=\"true\">Requirements of small animal reproduction protocols for the 11th semester<\/a><\/p> <p><a href=\"https:\/\/univet.hu\/en\/education\/courses\/summer-clinical-practice\/\">website of the <strong>Summer polyclinical practice<\/strong> course<\/a><\/p> <p>&nbsp;<\/p> <p>&nbsp;<\/p> <p>&nbsp;<\/p> <p>&nbsp;<\/p>","protected":false},"excerpt":{"rendered":"<p>Practical exam questions- small animal obstetrics 2023 Requirements of Reproduction and biotechnology Requirements of Production Animal Medicine Thesis agreement Production Animal Medicine final exam topic list Requirements of small animal reproduction protocols for the 11th semester website of the Summer polyclinical practice course &nbsp; &nbsp; &nbsp; &nbsp;<\/p>\n","protected":false},"author":3837,"featured_media":0,"parent":14317,"menu_order":0,"comment_status":"closed","ping_status":"closed","template":"","meta":{"_acf_changed":false,"footnotes":""},"categories":[],"tags":[],"class_list":["post-14318","page","type-page","status-publish","hentry"],"acf":[],"_links":{"self":[{"href":"https:\/\/univet.hu\/en\/wp-json\/wp\/v2\/pages\/14318","targetHints":{"allow":["GET"]}}],"collection":[{"href":"https:\/\/univet.hu\/en\/wp-json\/wp\/v2\/pages"}],"about":[{"href":"https:\/\/univet.hu\/en\/wp-json\/wp\/v2\/types\/page"}],"author":[{"embeddable":true,"href":"https:\/\/univet.hu\/en\/wp-json\/wp\/v2\/users\/3837"}],"replies":[{"embeddable":true,"href":"https:\/\/univet.hu\/en\/wp-json\/wp\/v2\/comments?post=14318"}],"version-history":[{"count":0,"href":"https:\/\/univet.hu\/en\/wp-json\/wp\/v2\/pages\/14318\/revisions"}],"up":[{"embeddable":true,"href":"https:\/\/univet.hu\/en\/wp-json\/wp\/v2\/pages\/14317"}],"wp:attachment":[{"href":"https:\/\/univet.hu\/en\/wp-json\/wp\/v2\/media?parent=14318"}],"wp:term":[{"taxonomy":"category","embeddable":true,"href":"https:\/\/univet.hu\/en\/wp-json\/wp\/v2\/categories?post=14318"},{"taxonomy":"post_tag","embeddable":true,"href":"https:\/\/univet.hu\/en\/wp-json\/wp\/v2\/tags?post=14318"}],"curies":[{"name":"wp","href":"https:\/\/api.w.org\/{rel}","templated":true}]}}