{"id":1568,"date":"2018-03-21T12:01:34","date_gmt":"2018-03-21T11:01:34","guid":{"rendered":"http:\/\/univet.hu\/about\/library\/staff\/"},"modified":"2018-03-21T14:20:30","modified_gmt":"2018-03-21T13:20:30","slug":"staff","status":"publish","type":"page","link":"https:\/\/univet.hu\/en\/about\/library\/info\/staff\/","title":{"rendered":"Staff"},"content":{"rendered":"<p><strong>Winkler Bea \u2013\u00a0<\/strong>director<br \/> E-mail: winkler.bea(at)univet.hu<br \/> Tel.: +36-1-478-4226<\/p> <p><strong>Boz\u00f3 Bence<\/strong> \u2013 archivist<br \/> E-mail: bozo.bence(at)univet.hu<br \/> Tel.: +36-1-478-4226<\/p> <p><strong>Bik\u00e1di Katalin<\/strong> \u2013 librarian<br \/> E-mail: bikadi.katalin(at)univet.hu<br \/> Tel.: +36-1-478-4226\/8808<\/p> <p><strong>Kiss J\u00f3zsefn\u00e9 Ol\u00e1h Edit<\/strong> \u2013 librarian, information specialist<br \/> interlibrary loan<br \/> E-mail: olah.edit(at)univet.hu<br \/> Tel.: +36-1-478-4259<\/p> <p><strong>Knoll Petra \u2013\u00a0<\/strong>librarian<br \/> E-mail: knoll.petra(at)univet.hu<br \/> Tel.: +36-1-478-4226<\/p> <div> <p><strong>Miszori Kata<\/strong> (On leave for a longer period of time.) \u2013 librarian, information specialist<br \/> E-mail: miszori.katalin(at)univet.hu<br \/> Tel.: +36-1-478-4226\/8812<\/p> <p><strong>Mudri Di\u00e1na \u2013\u00a0<\/strong>librarian<br \/> E-mail: mudri.diana(at)univet.hu<br \/> Tel.: +36-1-478-4226\/8808<\/p> <p><strong>P\u00e1lfyn\u00e9 Varga Orsolya \u2013\u00a0<\/strong>librarian<br \/> E-mail: varga.orsolya(at)univet.hu<br \/> Tel.: +36-1-478-4226\/8812<\/p> <p><strong>S\u00e1rk\u00e1ny Laura \u2013\u00a0<\/strong>stack assistant<br \/> Email: sarkany.laura(at)univet.hu<br \/> Tel.: +36-1-478-4226\/8806<\/p> <p><strong>V\u00e1radi Ad\u00e9l \u2013\u00a0<\/strong>museologist<br \/> Email: varadi.adel(at)univet.hu<br \/> Tel.: +36-1-478-4226\/8808<\/p> <p><strong>G\u00f6rbe Attil\u00e1n\u00e9 \u2013 Anik\u00f3<\/strong><br \/> Tel.: +36-1-478-4226\/8811<\/p> <\/div> <p><!-- .entry-content --><\/p>","protected":false},"excerpt":{"rendered":"<p>Winkler Bea \u2013\u00a0director E-mail: winkler.bea(at)univet.hu Tel.: +36-1-478-4226 Boz\u00f3 Bence \u2013 archivist E-mail: bozo.bence(at)univet.hu Tel.: +36-1-478-4226 Bik\u00e1di Katalin \u2013 librarian E-mail: bikadi.katalin(at)univet.hu Tel.: +36-1-478-4226\/8808 Kiss J\u00f3zsefn\u00e9 Ol\u00e1h Edit \u2013 librarian, information specialist interlibrary loan E-mail: olah.edit(at)univet.hu Tel.: +36-1-478-4259 Knoll Petra \u2013\u00a0librarian E-mail: knoll.petra(at)univet.hu Tel.: +36-1-478-4226 Miszori Kata (On leave for a longer period of time.) \u2013<\/p>\n","protected":false},"author":1,"featured_media":0,"parent":1683,"menu_order":258,"comment_status":"closed","ping_status":"closed","template":"","meta":{"_acf_changed":false,"footnotes":""},"categories":[],"tags":[],"class_list":["post-1568","page","type-page","status-publish","hentry"],"acf":[],"_links":{"self":[{"href":"https:\/\/univet.hu\/en\/wp-json\/wp\/v2\/pages\/1568","targetHints":{"allow":["GET"]}}],"collection":[{"href":"https:\/\/univet.hu\/en\/wp-json\/wp\/v2\/pages"}],"about":[{"href":"https:\/\/univet.hu\/en\/wp-json\/wp\/v2\/types\/page"}],"author":[{"embeddable":true,"href":"https:\/\/univet.hu\/en\/wp-json\/wp\/v2\/users\/1"}],"replies":[{"embeddable":true,"href":"https:\/\/univet.hu\/en\/wp-json\/wp\/v2\/comments?post=1568"}],"version-history":[{"count":0,"href":"https:\/\/univet.hu\/en\/wp-json\/wp\/v2\/pages\/1568\/revisions"}],"up":[{"embeddable":true,"href":"https:\/\/univet.hu\/en\/wp-json\/wp\/v2\/pages\/1683"}],"wp:attachment":[{"href":"https:\/\/univet.hu\/en\/wp-json\/wp\/v2\/media?parent=1568"}],"wp:term":[{"taxonomy":"category","embeddable":true,"href":"https:\/\/univet.hu\/en\/wp-json\/wp\/v2\/categories?post=1568"},{"taxonomy":"post_tag","embeddable":true,"href":"https:\/\/univet.hu\/en\/wp-json\/wp\/v2\/tags?post=1568"}],"curies":[{"name":"wp","href":"https:\/\/api.w.org\/{rel}","templated":true}]}}